{"id":69809,"date":"2012-07-12T23:52:11","date_gmt":"2012-07-13T04:52:11","guid":{"rendered":"https:\/\/www.bjultrasonic.com\/shop\/cylinder-piezoelectric-ceramics\/"},"modified":"2026-03-28T20:17:02","modified_gmt":"2026-03-29T01:17:02","slug":"cylinder-piezoelectric-ceramics","status":"publish","type":"product","link":"https:\/\/www.bjultrasonic.com\/nl\/shop\/cylinder-piezoelectric-ceramics\/","title":{"rendered":"Piezokeramische cilinder"},"content":{"rendered":"<p><iframe loading=\"lazy\" title=\"Piezoelectric Ceramics | Piezoceramics\" width=\"500\" height=\"281\" src=\"https:\/\/www.youtube.com\/embed\/1Z8-9WdJKhQ?feature=oembed\" frameborder=\"0\" allow=\"accelerometer; autoplay; clipboard-write; encrypted-media; gyroscope; picture-in-picture; web-share\" referrerpolicy=\"strict-origin-when-cross-origin\" allowfullscreen><\/iframe><\/p>\n<h3>We kunnen verschillende pi\u00ebzo-elektrische keramiek naar wens aanpassen.<\/h3>\n<p>Het materiaal van Pi\u00ebzo Keramische Cilinder: PZT4, PZT5, PZT8 of ander vereist pi\u00ebzo-elektrisch materiaal.<\/p>\n<p><img loading=\"lazy\" decoding=\"async\" class=\"alignnone size-full wp-image-23760\" src=\"https:\/\/www.bjultrasonic.com\/wp-content\/uploads\/2012\/07\/Piezoceramic-Cylinder.jpg\" alt=\"Piezoceramic Cylinder\" width=\"700\" height=\"700\" srcset=\"https:\/\/www.bjultrasonic.com\/wp-content\/uploads\/2012\/07\/Piezoceramic-Cylinder.jpg 700w, https:\/\/www.bjultrasonic.com\/wp-content\/uploads\/2012\/07\/Piezoceramic-Cylinder-600x600.jpg 600w, https:\/\/www.bjultrasonic.com\/wp-content\/uploads\/2012\/07\/Piezoceramic-Cylinder-100x100.jpg 100w\" sizes=\"auto, (max-width: 700px) 100vw, 700px\" \/><\/p>\n<h2>De Toepassingen van Pi\u00ebzo-elektrische Keramische Cilinder<\/h2>\n<table id=\"wp-table-reloaded-id-117-no-1\" class=\"table table-striped table-bordered\">\n<tbody>\n<tr>\n<td>Hydrofoon<\/td>\n<td>Ultrasone Sensor<\/td>\n<td>Druksensor<\/td>\n<\/tr>\n<tr>\n<td>biomedische sonar,<\/td>\n<td>Trillingssensor<\/td>\n<td>actuatoren<\/td>\n<\/tr>\n<tr>\n<td>stoffendispersie<\/td>\n<td>Druksensor<\/td>\n<td>Ultrasoon mengen<\/td>\n<\/tr>\n<tr>\n<td>Ultrasoon druksensor<\/td>\n<td>Hoogvermogen actuatoren<\/td>\n<td>meer andere toepassingen<\/td>\n<\/tr>\n<\/tbody>\n<\/table>\n<p>Groottebereik van Cilinder Pi\u00ebzo-elektrische Keramiek:<\/p>\n<ul>\n<li>Diameterbereik: 2mm&#8212;20mm<\/li>\n<li>Hoogtebereik: 3mm\u201440mm<\/li>\n<\/ul>\n<h3>Betaling<\/h3>\n<p>We accepteren nu PayPal, T\/T &amp; Western Union.<\/p>\n<h3 class=\"shipping-methods\">Verzending<\/h3>\n<p>Goederen worden verzonden binnen 48 uur na ontvangst van de volledige betaling.<\/p>\n<ul>\n<li>We verzenden de goederen naar het adres dat in de PayPal-betaling is opgegeven. Zorg ervoor dat het adres in PayPal correct is.<\/li>\n<li>we geven u het trackingnummer nadat we de goederen hebben verzonden, over het algemeen ontvangt u de goederen binnen vijf dagen.<\/li>\n<li>Als u vragen heeft, neem dan contact met ons op via e-mail (ons e-mailadres is <a href=\"mailto:support@bjultrasonic.com\">support@bjultrasonic.com<\/a>)<\/li>\n<\/ul>\n<h3>Productgarantie<\/h3>\n<p>De productgarantieperiode is \u00e9\u00e9n jaar. Binnen de garantieperiode kunnen gekochte producten gratis onderhoud of vervanging krijgen.<\/p>\n","protected":false},"excerpt":{"rendered":"<p>We kunnen verschillende pi\u00ebzo-elektrische keramiek naar wens aanpassen. Het materiaal van Pi\u00ebzo Keramische Cilinder: PZT4, PZT5, PZT8 of ander vereist pi\u00ebzo-elektrisch materiaal. De Toepassingen van Pi\u00ebzo-elektrische Keramische Cilinder Hydrofoon Ultrasone Sensor Druksensor biomedische sonar, Trillingssensor actuatoren stoffendispersie Druksensor Ultrasoon mengen Ultrasoon druksensor Hoogvermogen actuatoren meer andere toepassingen Groottebereik van Cilinder Pi\u00ebzo-elektrische Keramiek: Diameterbereik: 2mm&#8212;20mm Hoogtebereik:<\/p>\n","protected":false},"featured_media":23760,"comment_status":"open","ping_status":"closed","template":"","meta":[],"product_brand":[],"product_cat":[5649,5689],"product_tag":[],"class_list":{"0":"post-69809","1":"product","2":"type-product","3":"status-publish","4":"has-post-thumbnail","6":"product_cat-piezoelectric-ceramic-nl","7":"product_cat-cylinder-piezoelectric-ceramics-nl","9":"first","10":"instock","11":"shipping-taxable","12":"product-type-external","13":"prodpage-classic"},"aioseo_notices":[],"_links":{"self":[{"href":"https:\/\/www.bjultrasonic.com\/nl\/wp-json\/wp\/v2\/product\/69809","targetHints":{"allow":["GET"]}}],"collection":[{"href":"https:\/\/www.bjultrasonic.com\/nl\/wp-json\/wp\/v2\/product"}],"about":[{"href":"https:\/\/www.bjultrasonic.com\/nl\/wp-json\/wp\/v2\/types\/product"}],"replies":[{"embeddable":true,"href":"https:\/\/www.bjultrasonic.com\/nl\/wp-json\/wp\/v2\/comments?post=69809"}],"wp:featuredmedia":[{"embeddable":true,"href":"https:\/\/www.bjultrasonic.com\/nl\/wp-json\/wp\/v2\/media\/23760"}],"wp:attachment":[{"href":"https:\/\/www.bjultrasonic.com\/nl\/wp-json\/wp\/v2\/media?parent=69809"}],"wp:term":[{"taxonomy":"product_brand","embeddable":true,"href":"https:\/\/www.bjultrasonic.com\/nl\/wp-json\/wp\/v2\/product_brand?post=69809"},{"taxonomy":"product_cat","embeddable":true,"href":"https:\/\/www.bjultrasonic.com\/nl\/wp-json\/wp\/v2\/product_cat?post=69809"},{"taxonomy":"product_tag","embeddable":true,"href":"https:\/\/www.bjultrasonic.com\/nl\/wp-json\/wp\/v2\/product_tag?post=69809"}],"curies":[{"name":"wp","href":"https:\/\/api.w.org\/{rel}","templated":true}]}}