{"id":69869,"date":"2012-07-12T22:20:52","date_gmt":"2012-07-13T03:20:52","guid":{"rendered":"https:\/\/www.bjultrasonic.com\/shop\/tube-piezoelectric-ceramics\/"},"modified":"2026-03-28T20:16:11","modified_gmt":"2026-03-29T01:16:11","slug":"tube-piezoelectric-ceramics","status":"publish","type":"product","link":"https:\/\/www.bjultrasonic.com\/nl\/shop\/tube-piezoelectric-ceramics\/","title":{"rendered":"Piezokeramische buis"},"content":{"rendered":"<p><iframe loading=\"lazy\" title=\"Piezoceramic Tube\" width=\"500\" height=\"281\" src=\"https:\/\/www.youtube.com\/embed\/m1kSZ7ICcOQ?feature=oembed\" frameborder=\"0\" allow=\"accelerometer; autoplay; clipboard-write; encrypted-media; gyroscope; picture-in-picture; web-share\" referrerpolicy=\"strict-origin-when-cross-origin\" allowfullscreen><\/iframe><\/p>\n<h3>We kunnen verschillende pi\u00ebzo-elektrische keramieken op maat maken volgens vereisten.<\/h3>\n<p>Het materiaal van Pi\u00ebzo-elektrische Keramische Buizen: PZT4, PZT5, PZT8 of ander vereist pi\u00ebzo-elektrisch materiaal<\/p>\n<p><img loading=\"lazy\" decoding=\"async\" class=\" wp-image-1238 alignnone\" title=\"Tube Piezoelectric Ceramics\" src=\"\/\/www.bjultrasonic.com\/wp-content\/uploads\/2012\/07\/tube-piezoelectric-ceramics.jpg\" alt=\"Tube Piezoelectric Ceramics\" width=\"601\" height=\"459\" \/><\/p>\n<h2>Toepassingen van Pi\u00ebzo-elektrische Keramische Buizen<\/h2>\n<table id=\"wp-table-reloaded-id-111-no-1\" class=\"table table-striped table-bordered\">\n<tbody>\n<tr>\n<td>Pi\u00ebzo-transducer trilling<\/td>\n<td>akoestiek<\/td>\n<td>materiaalverspreiding<\/td>\n<\/tr>\n<tr>\n<td>vloeistofoverdrachtsmedium<\/td>\n<td>gasoverdrachtsmedium<\/td>\n<td>wanddiktesensor<\/td>\n<\/tr>\n<tr>\n<td>materiaalspanningssensor<\/td>\n<td>olieputontslibber<\/td>\n<td>biomedische sonde<\/td>\n<\/tr>\n<tr>\n<td>pi\u00ebzo-elektrische energieoogst<\/td>\n<td>vissensor transducer<\/td>\n<td>compressiesensor<\/td>\n<\/tr>\n<tr>\n<td>onderwaterluidspreker<\/td>\n<td>sonoboei<\/td>\n<td>passief sonar array<\/td>\n<\/tr>\n<tr>\n<td>torpedo<\/td>\n<td>olieputdetector<\/td>\n<td>Meer andere toepassingen<\/td>\n<\/tr>\n<\/tbody>\n<\/table>\n<h3>Buis Pi\u00ebzokeramiek Video<\/h3>\n<p><iframe loading=\"lazy\" title=\"Piezoelectric Ceramic Tube | Piezoceramic Tube\" width=\"500\" height=\"281\" src=\"https:\/\/www.youtube.com\/embed\/ETIEN0YGcL8?feature=oembed\" frameborder=\"0\" allow=\"accelerometer; autoplay; clipboard-write; encrypted-media; gyroscope; picture-in-picture; web-share\" referrerpolicy=\"strict-origin-when-cross-origin\" allowfullscreen><\/iframe><\/p>\n<h2>Standaard Specificaties van Pi\u00ebzo-elektrische Keramische Buizen<\/h2>\n<table id=\"wp-table-reloaded-id-112-no-1\" class=\"table table-striped table-bordered\">\n<tbody>\n<tr>\n<td>Afmeting (mm) ODx ID xH<\/td>\n<td>fm (KHz)<\/td>\n<td>fn (KHz)<\/td>\n<td>capaciteit (pf)<\/td>\n<td>tg\u03b4 (%)<\/td>\n<\/tr>\n<tr>\n<td>12*9*6<\/td>\n<td>70<\/td>\n<td>72<\/td>\n<td>5860<\/td>\n<td>0.3<\/td>\n<\/tr>\n<tr>\n<td>15*13*3.2<\/td>\n<td>64<\/td>\n<td>68<\/td>\n<td>3700<\/td>\n<td>1.7<\/td>\n<\/tr>\n<tr>\n<td>18*15*15<\/td>\n<td>63<\/td>\n<td>64<\/td>\n<td>5940<\/td>\n<td>0.2<\/td>\n<\/tr>\n<tr>\n<td>18*15*20<\/td>\n<td>63<\/td>\n<td>64<\/td>\n<td>5836<\/td>\n<td>0.2<\/td>\n<\/tr>\n<tr>\n<td>20*17*15<\/td>\n<td>46.9<\/td>\n<td>50<\/td>\n<td>14109<\/td>\n<td>1.5<\/td>\n<\/tr>\n<tr>\n<td>24*20*20<\/td>\n<td>47<\/td>\n<td>49<\/td>\n<td>12830<\/td>\n<td>2.0<\/td>\n<\/tr>\n<tr>\n<td>34*30*20<\/td>\n<td>30<\/td>\n<td>32<\/td>\n<td>1510<\/td>\n<td>0.2<\/td>\n<\/tr>\n<tr>\n<td>40*32*37<\/td>\n<td>25<\/td>\n<td>25.3<\/td>\n<td>21200<\/td>\n<td>1.5<\/td>\n<\/tr>\n<tr>\n<td>44*38*29<\/td>\n<td>22.1<\/td>\n<td>24<\/td>\n<td>23120<\/td>\n<td>1.5<\/td>\n<\/tr>\n<tr>\n<td>51*45*36<\/td>\n<td>20<\/td>\n<td>20.5<\/td>\n<td>18010<\/td>\n<td>1.5<\/td>\n<\/tr>\n<tr>\n<td>53*45*41<\/td>\n<td>18<\/td>\n<td>22<\/td>\n<td>3060<\/td>\n<td>0.2<\/td>\n<\/tr>\n<tr>\n<td>69*63*25<\/td>\n<td>16<\/td>\n<td>18<\/td>\n<td>16040<\/td>\n<td>0.5<\/td>\n<\/tr>\n<tr>\n<td>76*68*40<\/td>\n<td>15<\/td>\n<td>15<\/td>\n<td>19730<\/td>\n<td>0.5<\/td>\n<\/tr>\n<tr>\n<td>80*60*150<\/td>\n<td>17<\/td>\n<td>18.5<\/td>\n<td>34420<\/td>\n<td>0.25<\/td>\n<\/tr>\n<tr>\n<td>142*132*80<\/td>\n<td>8<\/td>\n<td>8<\/td>\n<td>8636<\/td>\n<td>0.35<\/td>\n<\/tr>\n<tr>\n<td>Buitendiameter bereik: 6mm\u2014150mm<br \/>\nBinnendiameter bereik: 5mm\u2014130mm<br \/>\nLengte bereik: 5mm\u2014100mm<br \/>\nOpmerking:<br \/>\nWe kunnen verschillende maten Buis Pi\u00ebzo-elektrische Keramiek ontwerpen en op maat maken volgens vereisten.<\/td>\n<td><\/td>\n<td><\/td>\n<td><\/td>\n<td><\/td>\n<\/tr>\n<\/tbody>\n<\/table>\n<h3>Betaling<\/h3>\n<p>We accepteren nu PayPal, T\/T &#038; Western Union.<\/p>\n<h3 class=\"shipping-methods\">Verzending<\/h3>\n<p>Goederen worden verzonden binnen 48 uur na ontvangst van de volledige betaling.<\/p>\n<ul>\n<li>We verzenden de goederen naar het adres dat in de PayPal-betaling is opgegeven. Zorg ervoor dat het adres in PayPal correct is.<\/li>\n<li>we geven u het trackingnummer nadat we de goederen hebben verzonden, over het algemeen ontvangt u de goederen binnen vijf dagen.<\/li>\n<li>Als u vragen heeft, neem dan contact met ons op via e-mail (ons e-mailadres is <a href=\"mailto:support@bjultrasonic.com\">support@bjultrasonic.com<\/a>)<\/li>\n<\/ul>\n<h3>Productgarantie<\/h3>\n<p>De productgarantieperiode is \u00e9\u00e9n jaar. Binnen de garantieperiode kunnen gekochte producten gratis onderhoud of vervanging krijgen.<\/p>\n","protected":false},"excerpt":{"rendered":"<p>We kunnen verschillende pi\u00ebzo-elektrische keramieken op maat maken volgens vereisten. Het materiaal van Pi\u00ebzo-elektrische Keramische Buizen: PZT4, PZT5, PZT8 of ander vereist pi\u00ebzo-elektrisch materiaal Toepassingen van Pi\u00ebzo-elektrische Keramische Buizen Pi\u00ebzo-transducer trilling akoestiek materiaalverspreiding vloeistofoverdrachtsmedium gasoverdrachtsmedium wanddiktesensor materiaalspanningssensor olieputontslibber biomedische sonde pi\u00ebzo-elektrische energieoogst vissensor transducer compressiesensor onderwaterluidspreker sonoboei passief sonar array torpedo olieputdetector Meer andere toepassingen<\/p>\n","protected":false},"featured_media":23756,"comment_status":"open","ping_status":"closed","template":"","meta":[],"product_brand":[],"product_cat":[5649,5783],"product_tag":[],"class_list":{"0":"post-69869","1":"product","2":"type-product","3":"status-publish","4":"has-post-thumbnail","6":"product_cat-piezoelectric-ceramic-nl","7":"product_cat-tube-piezoelectric-ceramics-nl","9":"first","10":"instock","11":"shipping-taxable","12":"product-type-external","13":"prodpage-classic"},"aioseo_notices":[],"_links":{"self":[{"href":"https:\/\/www.bjultrasonic.com\/nl\/wp-json\/wp\/v2\/product\/69869","targetHints":{"allow":["GET"]}}],"collection":[{"href":"https:\/\/www.bjultrasonic.com\/nl\/wp-json\/wp\/v2\/product"}],"about":[{"href":"https:\/\/www.bjultrasonic.com\/nl\/wp-json\/wp\/v2\/types\/product"}],"replies":[{"embeddable":true,"href":"https:\/\/www.bjultrasonic.com\/nl\/wp-json\/wp\/v2\/comments?post=69869"}],"wp:featuredmedia":[{"embeddable":true,"href":"https:\/\/www.bjultrasonic.com\/nl\/wp-json\/wp\/v2\/media\/23756"}],"wp:attachment":[{"href":"https:\/\/www.bjultrasonic.com\/nl\/wp-json\/wp\/v2\/media?parent=69869"}],"wp:term":[{"taxonomy":"product_brand","embeddable":true,"href":"https:\/\/www.bjultrasonic.com\/nl\/wp-json\/wp\/v2\/product_brand?post=69869"},{"taxonomy":"product_cat","embeddable":true,"href":"https:\/\/www.bjultrasonic.com\/nl\/wp-json\/wp\/v2\/product_cat?post=69869"},{"taxonomy":"product_tag","embeddable":true,"href":"https:\/\/www.bjultrasonic.com\/nl\/wp-json\/wp\/v2\/product_tag?post=69869"}],"curies":[{"name":"wp","href":"https:\/\/api.w.org\/{rel}","templated":true}]}}