{"id":70209,"date":"2012-04-30T02:56:43","date_gmt":"2012-04-30T07:56:43","guid":{"rendered":"https:\/\/www.bjultrasonic.com\/shop\/13l-digital-ultrasonic-cleaner-with-timer\/"},"modified":"2026-03-28T20:13:13","modified_gmt":"2026-03-29T01:13:13","slug":"13l-digital-ultrasonic-cleaner-with-timer","status":"publish","type":"product","link":"https:\/\/www.bjultrasonic.com\/nl\/shop\/13l-digital-ultrasonic-cleaner-with-timer\/","title":{"rendered":"13L Digitale Ultrasone Reiniger met Timer"},"content":{"rendered":"<h2>Specificatie van 13L Digitale Ultrasone Reiniger met Timer<\/h2>\n<table class=\"table table-striped table-bordered\"   id=\"wp-table-reloaded-id-94-no-1\">\n<tbody>\n<tr>\n<td>Type<\/td>\n<td>BJUCDT13<\/td>\n<\/tr>\n<tr>\n<td>Tankcapaciteit<\/td>\n<td>13L<\/td>\n<\/tr>\n<tr>\n<td>Vermogen<\/td>\n<td>360W<\/td>\n<\/tr>\n<tr>\n<td>Frequentie<\/td>\n<td>40kHz<\/td>\n<\/tr>\n<tr>\n<td>Tankafmetingen (mm)<\/td>\n<td>355*325*150 (L*B*H)<\/td>\n<\/tr>\n<tr>\n<td>Machineafmetingen (mm)<\/td>\n<td>360*330*310 (L*B*H)<\/td>\n<\/tr>\n<tr>\n<td>Spanning<\/td>\n<td>110VAC\u2014240VAC<\/td>\n<\/tr>\n<tr>\n<td>Functies<\/td>\n<td>Timer (1-99 minuten),<\/td>\n<\/tr>\n<tr>\n<td>Mandje<\/td>\n<td>RVS mandje<\/td>\n<\/tr>\n<tr>\n<td>Eenheid gewicht<\/td>\n<td>11,2 kg<\/td>\n<\/tr>\n<\/tbody>\n<\/table>\n<h3>Beschrijving Digitale Ultrasone Reiniger<\/h3>\n<ul>\n<li>De gehele ultrasone reiniger heeft een volledig roestvrijstalen structuur, esthetisch en praktisch.<\/li>\n<li>Gebruikt hoogwaardige ultrasone transducers met een sterk vermogen.<\/li>\n<li>Hoge kwaliteit van het verlijmingsproces. De ultrasone transducer wordt vastgezet met epoxy lijm.<\/li>\n<li>De tijd kan naar behoefte worden aangepast.<\/li>\n<\/ul>\n<h3>Video Digitale Ultrasone Reiniger met Timer en Verwarming<\/h3>\n<p><iframe loading=\"lazy\" title=\"Digital Ultrasonic Cleaner with Timer and Heater\" width=\"500\" height=\"281\" src=\"https:\/\/www.youtube.com\/embed\/SdW_EZ2X140?feature=oembed\" frameborder=\"0\" allow=\"accelerometer; autoplay; clipboard-write; encrypted-media; gyroscope; picture-in-picture; web-share\" referrerpolicy=\"strict-origin-when-cross-origin\" allowfullscreen><\/iframe><\/p>\n<h3>Toepassing Ultrasone Reiniger<\/h3>\n<ul>\n<li><strong>Machine-industrie<\/strong>: verwijderen van roestwerende olie; Reinigen van meetgereedschap; Reinigen van machineonderdelen, motor, carburateur en auto-onderdelen;<\/li>\n<li><strong>Oppervlaktebehandelingsindustrie<\/strong>: v\u00f3\u00f3r galvaniseren verwijderen van olie en roest; Reinigen v\u00f3\u00f3r ionenbedekking; Fosfatering; Ontkolen; Verwijderen oxidelagen; Verwijderen polijstpasta; Activeringsbehandeling van metaaloppervlak van werkstuk, enz.<\/li>\n<li><strong>Instrumentenindustrie<\/strong>: hoogwaardige reiniging van precisie-onderdelen v\u00f3\u00f3r montage.<\/li>\n<li><strong>Elektronische industrie<\/strong>: printplaten reinigen van hars, soldeerresten; Hoge-druk contacten en reinigen van andere mechanische en elektronische componenten, enz.<\/li>\n<li><strong>Medische industrie<\/strong>: reinigen, desinfecteren, steriliseren van medische apparatuur, reinigen van laboratoriumvaten, enz.<\/li>\n<li><strong>Halfgeleiderindustrie<\/strong>: hoogwaardige reiniging van halfgeleiderwafers.<\/li>\n<li><strong>Klokken- en juwelenindustrie<\/strong>: verwijderen van olie, vuil, oxidatielagen, polijstpasta, enz.<\/li>\n<li><strong>Chemische, Biologische industrie<\/strong>: Reinigen van laboratoriumvaten.<\/li>\n<li> <strong>Optische industrie<\/strong>: verwijderen van olie, zweet, stof, enz. van optische apparaten.<\/li>\n<li> <strong>Textiel- en drukindustrie<\/strong>: reinigen van textielspindels, spinkoppen, enz.<\/li>\n<li> <strong>Olie- en chemische industrie<\/strong>: reinigen en ontstopping van metalen gaas, chemische containers, schakelaars, enz.<\/li>\n<\/ul>\n<h3>Betaling<\/h3>\n<p>Wij accepteren PayPal, T\/T &#038; Western Union.<\/p>\n<h3 class=\"shipping-methods\">Verzending<\/h3>\n<p>Goederen worden verzonden binnen 48 uur na ontvangst van de volledige betaling.<\/p>\n<ul>\n<li>Wij verzenden de goederen naar het adres dat in de PayPal-betaling is opgegeven. Zorg ervoor dat het adres in PayPal correct is.<\/li>\n<li>Wij geven u het trackingnummer nadat we de goederen hebben verzonden, over het algemeen ontvangt u de goederen binnen vijf dagen.<\/li>\n<li>Als u vragen heeft, neem dan contact met ons op via e-mail (ons e-mailadres is <a href=\"mailto:support@bjultrasonic.com\">support@bjultrasonic.com<\/a>)<\/li>\n<\/ul>\n<h3>Productgarantie<\/h3>\n<p>De productgarantieperiode is \u00e9\u00e9n jaar. Binnen de garantieperiode kunnen gekochte producten gratis onderhoud of vervanging krijgen.<\/p>\n","protected":false},"excerpt":{"rendered":"<p><a href=\"https:\/\/www.bjultrasonic.com\/nl\/category\/ultrasonic-cleaning-system-nl\/digital-ultrasonic-cleaner-nl\/\">Digitale ultrasone reinigers<\/a> worden veel gebruikt voor het reinigen van sieraden, horloges, kettingen, oorbellen, ringen, armbanden, munten, horlogebandjes, brillen, zonnebrillen, accessoires voor contactlenzen, kunstgebitten, kammen, tandenborstels, tafelgerei enzovoort.<\/p>\n","protected":false},"featured_media":1129,"comment_status":"open","ping_status":"closed","template":"","meta":[],"product_brand":[],"product_cat":[5832],"product_tag":[],"class_list":{"0":"post-70209","1":"product","2":"type-product","3":"status-publish","4":"has-post-thumbnail","6":"product_cat-digital-ultrasonic-cleaner-nl","8":"first","9":"outofstock","10":"shipping-taxable","11":"purchasable","12":"product-type-simple","13":"prodpage-classic"},"aioseo_notices":[],"_links":{"self":[{"href":"https:\/\/www.bjultrasonic.com\/nl\/wp-json\/wp\/v2\/product\/70209","targetHints":{"allow":["GET"]}}],"collection":[{"href":"https:\/\/www.bjultrasonic.com\/nl\/wp-json\/wp\/v2\/product"}],"about":[{"href":"https:\/\/www.bjultrasonic.com\/nl\/wp-json\/wp\/v2\/types\/product"}],"replies":[{"embeddable":true,"href":"https:\/\/www.bjultrasonic.com\/nl\/wp-json\/wp\/v2\/comments?post=70209"}],"wp:featuredmedia":[{"embeddable":true,"href":"https:\/\/www.bjultrasonic.com\/nl\/wp-json\/wp\/v2\/media\/1129"}],"wp:attachment":[{"href":"https:\/\/www.bjultrasonic.com\/nl\/wp-json\/wp\/v2\/media?parent=70209"}],"wp:term":[{"taxonomy":"product_brand","embeddable":true,"href":"https:\/\/www.bjultrasonic.com\/nl\/wp-json\/wp\/v2\/product_brand?post=70209"},{"taxonomy":"product_cat","embeddable":true,"href":"https:\/\/www.bjultrasonic.com\/nl\/wp-json\/wp\/v2\/product_cat?post=70209"},{"taxonomy":"product_tag","embeddable":true,"href":"https:\/\/www.bjultrasonic.com\/nl\/wp-json\/wp\/v2\/product_tag?post=70209"}],"curies":[{"name":"wp","href":"https:\/\/api.w.org\/{rel}","templated":true}]}}