{"id":70409,"date":"2012-04-30T02:19:42","date_gmt":"2012-04-30T07:19:42","guid":{"rendered":"https:\/\/www.bjultrasonic.com\/shop\/3l-digital-ultrasonic-cleaner-with-timer\/"},"modified":"2026-03-28T20:11:22","modified_gmt":"2026-03-29T01:11:22","slug":"3l-digital-ultrasonic-cleaner-with-timer","status":"publish","type":"product","link":"https:\/\/www.bjultrasonic.com\/nl\/shop\/3l-digital-ultrasonic-cleaner-with-timer\/","title":{"rendered":"3L Digitale Ultrasone Reiniger met Timer"},"content":{"rendered":"<h2>Specificatie van 3L Digitale Ultrasone Reiniger met Timer<\/h2>\n<table class=\"table table-striped table-bordered\"   id=\"wp-table-reloaded-id-84-no-1\">\n<tbody>\n<tr>\n<td>Type<\/td>\n<td>BJUCDT3<\/td>\n<\/tr>\n<tr>\n<td>Tank capaciteit<\/td>\n<td>3L<\/td>\n<\/tr>\n<tr>\n<td>Vermogen<\/td>\n<td>120W<\/td>\n<\/tr>\n<tr>\n<td>Frequentie<\/td>\n<td>40khz<\/td>\n<\/tr>\n<tr>\n<td>Afmetingen tank (mm)<\/td>\n<td>240*140*100(L*B*H)<\/td>\n<\/tr>\n<tr>\n<td>Afmetingen apparaat (mm)<\/td>\n<td>270*170*240(L*B*H)<\/td>\n<\/tr>\n<tr>\n<td>Spanning<\/td>\n<td>110VAC\u2014240VAC<\/td>\n<\/tr>\n<tr>\n<td>Functies<\/td>\n<td>Timer(1-99 minuten),<\/td>\n<\/tr>\n<tr>\n<td>Mandje<\/td>\n<td>Rvs mandje<\/td>\n<\/tr>\n<tr>\n<td>Gewicht per stuk<\/td>\n<td>3.8kg<\/td>\n<\/tr>\n<\/tbody>\n<\/table>\n<h3>Beschrijving Digitale Ultrasone Reiniger<\/h3>\n<ul>\n<li>De gehele ultrasone reiniger heeft een volledig roestvrijstalen structuur, esthetisch en praktisch.<\/li>\n<li>Gebruikt High-Q ultrasone transducer. Sterk vermogen.<\/li>\n<li>Hoge kwaliteit van het lijmproces. De ultrasone transducer wordt vastgezet met epoxy lijm.<\/li>\n<li>De tijd kan naar behoefte worden ingesteld.<\/li>\n<\/ul>\n<h3>Toepassing Ultrasone Reiniger<\/h3>\n<ul>\n<li><strong>Machinebouw<\/strong>: verwijderen van roestwerende olie; Reinigen van meetgereedschap; Reinigen van machineonderdelen, motor, carburateur en auto-onderdelen;<\/li>\n<li><strong>Oppervlaktebehandelingsindustrie<\/strong>: verwijderen van olie\/roest v\u00f3\u00f3r galvaniseren; Reinigen v\u00f3\u00f3r ionenbelaging; Fosfatering; Ontkolen; Verwijderen van oxidatielaag; Verwijderen van polijstmiddel; Activering van metaaloppervlak werkstukken, etc.<\/li>\n<li><strong>Instrumentenindustrie<\/strong>: hoogwaardige reiniging van precisie-onderdelen v\u00f3\u00f3r montage.<\/li>\n<li><strong>Elektronica-industrie<\/strong>: verwijderen van colofonium op printplaten, soldeerpunten; Reinigen van hoogspanningscontacten en andere mechanische en elektronische componenten, etc.<\/li>\n<li><strong>Medische industrie<\/strong>: reiniging en desinfectie, sterilisatie van medische apparatuur, reinigen van laboratoriumvaten, etc.<\/li>\n<li><strong>Halfgeleiderindustrie<\/strong>: hoogwaardige reiniging van halfgeleiderwafers.<\/li>\n<li><strong>Klokken- en sieradenindustrie<\/strong>: verwijderen van olie, vuil, oxidatielaag, polijstmiddel, etc.<\/li>\n<li><strong>Chemische, Biologische Industrie<\/strong>: Reinigen van laboratoriumvaten.<\/li>\n<li> <strong>Optische industrie<\/strong>: verwijderen van olie, zweet, as, etc. van optische apparaten.<\/li>\n<li> <strong>Textiel- en verfindustrie<\/strong>: reinigen van textielspindels, spindop, etc.<\/li>\n<li> <strong>Olie- en chemische industrie<\/strong>: reinigen en doorspoelen van metalen netten, chemische containers, schakelaars, etc.<\/li>\n<\/ul>\n<h3>Video Digitale Ultrasone Reiniger met Timer en Verwarming<\/h3>\n<p><iframe loading=\"lazy\" title=\"Digital Ultrasonic Cleaner with Timer and Heater\" width=\"500\" height=\"281\" src=\"https:\/\/www.youtube.com\/embed\/SdW_EZ2X140?feature=oembed\" frameborder=\"0\" allow=\"accelerometer; autoplay; clipboard-write; encrypted-media; gyroscope; picture-in-picture; web-share\" referrerpolicy=\"strict-origin-when-cross-origin\" allowfullscreen><\/iframe><\/p>\n<h3>Betaling<\/h3>\n<p>We accepteren nu PayPal, T\/T &#038; Western Union.<\/p>\n<h3 class=\"shipping-methods\">Verzending<\/h3>\n<p>Goederen worden verzonden binnen 48 uur na ontvangst van de volledige betaling.<\/p>\n<ul>\n<li>We verzenden de goederen naar het adres dat is opgegeven in de PayPal betaling. Zorg ervoor dat het adres in PayPal correct is.<\/li>\n<li>We geven u het trackingnummer nadat we de goederen hebben verzonden, over het algemeen ontvangt u de goederen binnen vijf dagen.<\/li>\n<li>Als u vragen heeft, neem dan contact met ons op via e-mail (ons e-mailadres is <a href=\"mailto:support@bjultrasonic.com\">support@bjultrasonic.com<\/a>)<\/li>\n<\/ul>\n<h3>Productgarantie<\/h3>\n<p>De productgarantieperiode is \u00e9\u00e9n jaar. Binnen de garantieperiode kunnen gekochte producten gratis worden gerepareerd of vervangen.<\/p>\n","protected":false},"excerpt":{"rendered":"<p><a href=\"https:\/\/www.bjultrasonic.com\/nl\/category\/ultrasonic-cleaning-system-nl\/digital-ultrasonic-cleaner-nl\/\">Digitale ultrasone reinigers<\/a> worden veel gebruikt voor het reinigen van sieraden, horloges, kettingen, oorbellen, ringen, armbanden, munten, horlogebanden, brillen, zonnebrillen, contactlensaccessoires, kunstgebitten, kammen, tandenborstels, tafelgerei enzovoort.<\/p>\n","protected":false},"featured_media":1075,"comment_status":"open","ping_status":"closed","template":"","meta":[],"product_brand":[],"product_cat":[5832],"product_tag":[],"class_list":{"0":"post-70409","1":"product","2":"type-product","3":"status-publish","4":"has-post-thumbnail","6":"product_cat-digital-ultrasonic-cleaner-nl","8":"first","9":"outofstock","10":"shipping-taxable","11":"purchasable","12":"product-type-simple","13":"prodpage-classic"},"aioseo_notices":[],"_links":{"self":[{"href":"https:\/\/www.bjultrasonic.com\/nl\/wp-json\/wp\/v2\/product\/70409","targetHints":{"allow":["GET"]}}],"collection":[{"href":"https:\/\/www.bjultrasonic.com\/nl\/wp-json\/wp\/v2\/product"}],"about":[{"href":"https:\/\/www.bjultrasonic.com\/nl\/wp-json\/wp\/v2\/types\/product"}],"replies":[{"embeddable":true,"href":"https:\/\/www.bjultrasonic.com\/nl\/wp-json\/wp\/v2\/comments?post=70409"}],"wp:featuredmedia":[{"embeddable":true,"href":"https:\/\/www.bjultrasonic.com\/nl\/wp-json\/wp\/v2\/media\/1075"}],"wp:attachment":[{"href":"https:\/\/www.bjultrasonic.com\/nl\/wp-json\/wp\/v2\/media?parent=70409"}],"wp:term":[{"taxonomy":"product_brand","embeddable":true,"href":"https:\/\/www.bjultrasonic.com\/nl\/wp-json\/wp\/v2\/product_brand?post=70409"},{"taxonomy":"product_cat","embeddable":true,"href":"https:\/\/www.bjultrasonic.com\/nl\/wp-json\/wp\/v2\/product_cat?post=70409"},{"taxonomy":"product_tag","embeddable":true,"href":"https:\/\/www.bjultrasonic.com\/nl\/wp-json\/wp\/v2\/product_tag?post=70409"}],"curies":[{"name":"wp","href":"https:\/\/api.w.org\/{rel}","templated":true}]}}