{"id":70729,"date":"2012-04-28T10:54:20","date_gmt":"2012-04-28T15:54:20","guid":{"rendered":"https:\/\/www.bjultrasonic.com\/shop\/20l-480w-mechanical-ultrasonic-cleaner-with-timer-and-heating\/"},"modified":"2026-03-28T20:08:13","modified_gmt":"2026-03-29T01:08:13","slug":"20l-480w-mechanical-ultrasonic-cleaner-with-timer-and-heating","status":"publish","type":"product","link":"https:\/\/www.bjultrasonic.com\/nl\/shop\/20l-480w-mechanical-ultrasonic-cleaner-with-timer-and-heating\/","title":{"rendered":"20L 480W Ultrasone Reiniger met Mechanische Timer en Verwarming"},"content":{"rendered":"<h2>Specificatie van 20L 480W Ultrasoonreiniger met mechanische timer en verwarming<\/h2>\n<table class=\"table table-striped table-bordered\"   id=\"wp-table-reloaded-id-68-no-1\">\n<tbody>\n<tr>\n<td>Type<\/td>\n<td>BJUCMTH20<\/td>\n<\/tr>\n<tr>\n<td>Tankcapaciteit<\/td>\n<td>20L<\/td>\n<\/tr>\n<tr>\n<td>Vermogen<\/td>\n<td>480W<\/td>\n<\/tr>\n<tr>\n<td>Frequentie<\/td>\n<td>40KHz<\/td>\n<\/tr>\n<tr>\n<td>Tankafmetingen (mm)<\/td>\n<td>530*325*150 (L*B*H)<\/td>\n<\/tr>\n<tr>\n<td>Machineafmetingen (mm)<\/td>\n<td>550*330*310 (L*B*H)<\/td>\n<\/tr>\n<tr>\n<td>Spanning<\/td>\n<td>110VAC\u2014240VAC<\/td>\n<\/tr>\n<tr>\n<td>Functies<\/td>\n<td>Timer, Verwarming<\/td>\n<\/tr>\n<tr>\n<td>Mandje<\/td>\n<td>RVS mandje<\/td>\n<\/tr>\n<tr>\n<td>Gewicht per stuk<\/td>\n<td>14kg<\/td>\n<\/tr>\n<\/tbody>\n<\/table>\n<h3>Opmerkingen<\/h3>\n<p>Laat ons bij het plaatsen van uw bestelling weten welke spanning u nodig heeft.<\/p>\n<h3>Video Ultrasoonreiniger met mechanische timer<\/h3>\n<p><iframe loading=\"lazy\" title=\"Ultrasonic Cleaner with Mechanical Timer - Beijing Ultrasonic\" width=\"500\" height=\"281\" src=\"https:\/\/www.youtube.com\/embed\/UJRL1Qg9sgo?feature=oembed\" frameborder=\"0\" allow=\"accelerometer; autoplay; clipboard-write; encrypted-media; gyroscope; picture-in-picture; web-share\" referrerpolicy=\"strict-origin-when-cross-origin\" allowfullscreen><\/iframe><\/p>\n<h3>Beschrijving mechanische ultrasoonreiniger<\/h3>\n<ul>\n<li>De volledige ultrasoonreinigingsmachine is van roestvrijstalen constructie, esthetisch en praktisch.<\/li>\n<li>Gebruik van hoogwaardige <a href=\"https:\/\/www.bjultrasonic.com\/nl\/category\/ultrasonic-transducer-nl\/\">ultrasoontransducers<\/a>. Sterk vermogen.<\/li>\n<li>Hoogwaardige verlijming. De ultrasoontransducers worden vastgezet met epoxylijm.<\/li>\n<li>De tijd en verwarming kunnen naar wens worden ingesteld.<\/li>\n<\/ul>\n<h3>Toepassing ultrasoonreiniger<\/h3>\n<ul>\n<li><strong>Machine-industrie<\/strong>: verwijdering van roestwerende olie; Reiniging van meetgereedschap; Reiniging van machineonderdelen, motor, carburateur en auto-onderdelen;<\/li>\n<li><strong>Oppervlaktebehandelingsindustrie<\/strong>: verwijdering van olie\/roest v\u00f3\u00f3r galvaniseren; Reiniging v\u00f3\u00f3r ionencoating; Fosfatering; Ontkolen; Verwijderen van oxidelagen; Verwijderen van polijstmiddel; Activeringsbehandeling van metaaloppervlakken van werkstukken, enz.<\/li>\n<li><strong>Instrumentenindustrie<\/strong>: reiniging van precisieonderdelen met hoge zuiverheidsgraad v\u00f3\u00f3r montage.<\/li>\n<li><strong>Elektronica-industrie<\/strong>: verwijdering van hars van printplaten, soldeerverbindingen; Reiniging van hoogspanningscontacten en andere mechanische en elektronische componenten, enz.<\/li>\n<li><strong>Medische industrie<\/strong>: reiniging en desinfectie, sterilisatie van medische apparatuur, reiniging van laboratoriumvaten, enz.<\/li>\n<li><strong>Halfgeleiderindustrie<\/strong>: reiniging van halfgeleiderwafers met hoge zuiverheidsgraad.<\/li>\n<li><strong>Klokken- en sieradenindustrie<\/strong>: verwijdering van olie, vuil, oxidatielagen, polijstmiddel, enz.<\/li>\n<li><strong>Chemische, biologische industrie<\/strong>: Reiniging van laboratoriumvaten.<\/li>\n<li> <strong>Optische industrie<\/strong>: verwijdering van olie, zweet, stof, enz. van optische apparaten.<\/li>\n<li> <strong>Textiel- en verfindustrie<\/strong>: reiniging van textielspindels, spinkoppen, enz.<\/li>\n<li> <strong>Olie- en chemische industrie<\/strong>: reiniging en doorspoelen van metalen gaas, chemische containers, schakelaars, enz.<\/li>\n<\/ul>\n<h3>Betaling<\/h3>\n<p>Wij accepteren momenteel PayPal, T\/T &#038; Western Union.<\/p>\n<h3 class=\"shipping-methods\">Verzending<\/h3>\n<p>Goederen worden binnen 48 uur na ontvangst van de volledige betaling verzonden.<\/p>\n<ul>\n<li>Wij verzenden de goederen naar het adres dat in de PayPal-betaling is opgegeven. Zorg ervoor dat het adres in PayPal correct is.<\/li>\n<li>Wij geven u het trackingnummer nadat wij de goederen hebben verzonden; over het algemeen ontvangt u de goederen binnen vijf dagen.<\/li>\n<li>Als u vragen heeft, neem dan vriendelijk contact met ons op via e-mail (ons e-mailadres is <a href=\"mailto:support@bjultrasonic.com\">support@bjultrasonic.com<\/a>)<\/li>\n<\/ul>\n<h3 align=\"left\">Productgarantie<\/h3>\n<p>De productgarantieperiode bedraagt \u00e9\u00e9n jaar. Binnen de garantieperiode kunnen gekochte producten gratis worden gerepareerd of omgeruild.<\/p>\n","protected":false},"excerpt":{"rendered":"<p><a href=\"https:\/\/www.bjultrasonic.com\/nl\/category\/ultrasonic-cleaning-system-nl\/mechanical-ultrasonic-cleaner-nl\/\">Ultrasoonreiniger met mechanische timer<\/a> vervaardigd door Beijing Ultrasonic. Hoogwaardig roestvrijstalen behuizing, instelbare timer en verwarmingselement.<\/p>\n","protected":false},"featured_media":5002,"comment_status":"open","ping_status":"closed","template":"","meta":[],"product_brand":[],"product_cat":[5973],"product_tag":[],"class_list":{"0":"post-70729","1":"product","2":"type-product","3":"status-publish","4":"has-post-thumbnail","6":"product_cat-mechanical-ultrasonic-cleaner-nl","8":"first","9":"outofstock","10":"shipping-taxable","11":"purchasable","12":"product-type-simple","13":"prodpage-classic"},"aioseo_notices":[],"_links":{"self":[{"href":"https:\/\/www.bjultrasonic.com\/nl\/wp-json\/wp\/v2\/product\/70729","targetHints":{"allow":["GET"]}}],"collection":[{"href":"https:\/\/www.bjultrasonic.com\/nl\/wp-json\/wp\/v2\/product"}],"about":[{"href":"https:\/\/www.bjultrasonic.com\/nl\/wp-json\/wp\/v2\/types\/product"}],"replies":[{"embeddable":true,"href":"https:\/\/www.bjultrasonic.com\/nl\/wp-json\/wp\/v2\/comments?post=70729"}],"wp:featuredmedia":[{"embeddable":true,"href":"https:\/\/www.bjultrasonic.com\/nl\/wp-json\/wp\/v2\/media\/5002"}],"wp:attachment":[{"href":"https:\/\/www.bjultrasonic.com\/nl\/wp-json\/wp\/v2\/media?parent=70729"}],"wp:term":[{"taxonomy":"product_brand","embeddable":true,"href":"https:\/\/www.bjultrasonic.com\/nl\/wp-json\/wp\/v2\/product_brand?post=70729"},{"taxonomy":"product_cat","embeddable":true,"href":"https:\/\/www.bjultrasonic.com\/nl\/wp-json\/wp\/v2\/product_cat?post=70729"},{"taxonomy":"product_tag","embeddable":true,"href":"https:\/\/www.bjultrasonic.com\/nl\/wp-json\/wp\/v2\/product_tag?post=70729"}],"curies":[{"name":"wp","href":"https:\/\/api.w.org\/{rel}","templated":true}]}}