{"id":71989,"date":"2012-03-27T04:51:43","date_gmt":"2012-03-27T09:51:43","guid":{"rendered":"https:\/\/www.bjultrasonic.com\/shop\/100w-220v-ultrasonic-pcb-generator\/"},"modified":"2026-03-28T19:56:41","modified_gmt":"2026-03-29T00:56:41","slug":"100w-220v-ultrasonic-pcb-generator","status":"publish","type":"product","link":"https:\/\/www.bjultrasonic.com\/nl\/shop\/100w-220v-ultrasonic-pcb-generator\/","title":{"rendered":"220V 100W Ultrasone Generator Circuit"},"content":{"rendered":"<h2>Specificatie van 100W\/220V Ultrasonische Generator PCB<\/h2>\n<table id=\"wp-table-reloaded-id-26-no-1\" class=\"table table-striped table-bordered\">\n<tbody>\n<tr>\n<td>Frequentie<\/td>\n<td>40 KHz.28khz.25khz<\/td>\n<\/tr>\n<tr>\n<td>Vermogen<\/td>\n<td>100w<\/td>\n<\/tr>\n<tr>\n<td>Aandrijftransducer<\/td>\n<td>1, E\u00e9n 50w transducer 2, \u00e9\u00e9n 60w transducer 3, \u00e9\u00e9n 100w transducer 4, twee 50w transducers<\/td>\n<\/tr>\n<tr>\n<td>Voeding<\/td>\n<td>Input: 200V~230V AC<\/td>\n<\/tr>\n<tr>\n<td>Gewicht<\/td>\n<td>300g\/stuk<\/td>\n<\/tr>\n<\/tbody>\n<\/table>\n<p><strong>Ultrasonisch Printplaat voor Ultrasonische Transducer<\/strong><br \/>\n<strong>Let op: vertel ons bij aankoop van de ultrasonische PCB-generator alstublieft welke frequentie u nodig heeft<\/strong><\/p>\n<ul>\n<li>De <a href=\"https:\/\/www.bjultrasonic.com\/nl\/category\/ultrasonic-generator-nl\/\">ultrasonische generator<\/a> kan niet worden ingeschakeld onder onbelaste conditie<\/li>\n<li>Na installatie mogen we niet inschakelen voordat reinigingsvloeistof is aangebracht<\/li>\n<li><a href=\"https:\/\/www.bjultrasonic.com\/nl\/category\/ultrasonic-transducer-nl\/\">Ultrasonische transducer<\/a> heeft twee aansluitpunten. De positieve bevindt zich in het midden tussen de twee keramische stukken. De negatieve bevindt zich nabij de onderste metalen kolom. Maak de bedrading alstublieft niet verkeerd.<\/li>\n<li>De grotere zijde met schroefgat in de keramische transducer, die een trillingsfunctie heeft, kan worden vastgezet in de bodem van de reinigingsmachine. Zorg ervoor dat de reinigingsmachine veilig is geaard.<\/li>\n<li>De keramische transducer moet worden vastgelijmd aan de bodem van de reinigingsmachine met transducer-specialisatielijm of met AB-lijmstift, maar het effect is iets minder goed, of gebruik epoxyhars in een verhouding van 10:4.<\/li>\n<li>De werkende printplaatspanning is 600V. De uitgangsspanning naar de transducer is 1100V. Zorg ervoor dat de reinigingsmachine veilig is geaard. Zorg ervoor dat een lekstroomschakelaar is ge\u00efnstalleerd op de voeding om de veiligheid te garanderen.<\/li>\n<\/ul>\n<h3>Betaling<\/h3>\n<p>We accepteren momenteel Paypal, T\/T &#038; Western Union.<\/p>\n<h3 class=\"shipping-methods\">Verzending<\/h3>\n<p>Goederen worden verzonden binnen 48 uur na ontvangst van de volledige betaling.<\/p>\n<ul>\n<li>We verzenden de goederen naar het adres dat in de PayPal-betaling is opgegeven. Zorg ervoor dat het adres in PayPal correct is.<\/li>\n<li>We geven u het trackingnummer nadat we de goederen hebben verzonden; over het algemeen ontvangt u de goederen binnen vijf dagen.<\/li>\n<li>Als u vragen heeft, neem dan alstublieft contact met ons op via e-mail (ons e-mailadres is <a href=\"mailto:support@bjultrasonic.com\">support@bjultrasonic.com<\/a>)<\/li>\n<\/ul>\n<h3 align=\"left\">Productgarantie<\/h3>\n<p>De productgarantieperiode is \u00e9\u00e9n jaar. Binnen de garantieperiode genieten gekochte producten gratis onderhoud of vervanging.<\/p>\n<h3>Video Afspeellijst: Ultrasonische Transducer Aandrijving<\/h3>\n<p><iframe loading=\"lazy\" width=\"560\" height=\"315\" src=\"https:\/\/www.youtube.com\/embed\/videoseries?list=PLLrjMYkO0_NG56zqmQN9W9F1Xf9eev6dc\" frameborder=\"0\" allow=\"autoplay; encrypted-media\" allowfullscreen><\/iframe><\/p>\n","protected":false},"excerpt":{"rendered":"<p>Ultrasonische generatorcircuit, ook wel <a href=\"https:\/\/www.bjultrasonic.com\/nl\/category\/ultrasonic-transducer-nl\/\">ultrasonische transducer<\/a> aandrijvingscircuit of <a href=\"https:\/\/www.bjultrasonic.com\/nl\/category\/ultrasonic-generator-nl\/ultrasonic-generator-circuits-nl\/\">ultrasonische reiniger stroomaandrijvingsbord<\/a> genoemd. Het biedt een <a href=\"https:\/\/www.bjultrasonic.com\/nl\/category\/ultrasonic-generator-nl\/\">ultrasonische frequentie<\/a> om de ultrasonische transducers in <a href=\"https:\/\/www.bjultrasonic.com\/nl\/category\/ultrasonic-cleaning-system-nl\/\">ultrasonische reinigers<\/a> aan te drijven.<\/p>\n","protected":false},"featured_media":19278,"comment_status":"open","ping_status":"closed","template":"","meta":[],"product_brand":[],"product_cat":[6105],"product_tag":[],"class_list":{"0":"post-71989","1":"product","2":"type-product","3":"status-publish","4":"has-post-thumbnail","6":"product_cat-ultrasonic-generator-circuits-nl","8":"first","9":"instock","10":"shipping-taxable","11":"purchasable","12":"product-type-simple","13":"prodpage-classic"},"aioseo_notices":[],"_links":{"self":[{"href":"https:\/\/www.bjultrasonic.com\/nl\/wp-json\/wp\/v2\/product\/71989","targetHints":{"allow":["GET"]}}],"collection":[{"href":"https:\/\/www.bjultrasonic.com\/nl\/wp-json\/wp\/v2\/product"}],"about":[{"href":"https:\/\/www.bjultrasonic.com\/nl\/wp-json\/wp\/v2\/types\/product"}],"replies":[{"embeddable":true,"href":"https:\/\/www.bjultrasonic.com\/nl\/wp-json\/wp\/v2\/comments?post=71989"}],"wp:featuredmedia":[{"embeddable":true,"href":"https:\/\/www.bjultrasonic.com\/nl\/wp-json\/wp\/v2\/media\/19278"}],"wp:attachment":[{"href":"https:\/\/www.bjultrasonic.com\/nl\/wp-json\/wp\/v2\/media?parent=71989"}],"wp:term":[{"taxonomy":"product_brand","embeddable":true,"href":"https:\/\/www.bjultrasonic.com\/nl\/wp-json\/wp\/v2\/product_brand?post=71989"},{"taxonomy":"product_cat","embeddable":true,"href":"https:\/\/www.bjultrasonic.com\/nl\/wp-json\/wp\/v2\/product_cat?post=71989"},{"taxonomy":"product_tag","embeddable":true,"href":"https:\/\/www.bjultrasonic.com\/nl\/wp-json\/wp\/v2\/product_tag?post=71989"}],"curies":[{"name":"wp","href":"https:\/\/api.w.org\/{rel}","templated":true}]}}