{"id":72009,"date":"2012-03-27T04:48:20","date_gmt":"2012-03-27T09:48:20","guid":{"rendered":"https:\/\/www.bjultrasonic.com\/shop\/60w-220v-ultrasonic-pcb-generator\/"},"modified":"2026-03-28T19:56:40","modified_gmt":"2026-03-29T00:56:40","slug":"60w-220v-ultrasonic-pcb-generator","status":"publish","type":"product","link":"https:\/\/www.bjultrasonic.com\/nl\/shop\/60w-220v-ultrasonic-pcb-generator\/","title":{"rendered":"220V 60W Ultrasone Piezo-transducer Driver Circuit"},"content":{"rendered":"<h2>Specificatie van 60W\/220V Ultrasone Generator Printplaat<\/h2>\n<table id=\"wp-table-reloaded-id-25-no-1\" class=\"table table-striped table-bordered\">\n<tbody>\n<tr>\n<td>Frequentie<\/td>\n<td>40 KHz.28khz.25khz<\/td>\n<\/tr>\n<tr>\n<td>Vermogen<\/td>\n<td>60w<\/td>\n<\/tr>\n<tr>\n<td>Aandrijftransducer<\/td>\n<td>E\u00e9n 50w transducer of \u00e9\u00e9n 60w transducer<\/td>\n<\/tr>\n<tr>\n<td>Voeding<\/td>\n<td>Ingang: 200V~230V AC<\/td>\n<\/tr>\n<tr>\n<td>Gewicht<\/td>\n<td>300g\/stuk<\/td>\n<\/tr>\n<\/tbody>\n<\/table>\n<p><strong>Ultrasone Printplaat voor Ultrasone Transducer<\/strong><\/p>\n<p><strong>Let op: geef alstublieft aan welke frequentie u nodig heeft.<\/strong><\/p>\n<ul>\n<li>De <a href=\"https:\/\/www.bjultrasonic.com\/nl\/category\/ultrasonic-generator-nl\/\">ultrasone generator<\/a> kan niet worden ingeschakeld onder onbelaste conditie<\/li>\n<li>Na installatie mogen we niet inschakelen voordat er reinigingsvloeistof is aangebracht<\/li>\n<li>De <a href=\"https:\/\/www.bjultrasonic.com\/nl\/category\/ultrasonic-transducer-nl\/\">ultrasone transducer<\/a> heeft twee aansluitpunten. De positieve zit in het midden tussen de twee keramische stukken. De negatieve zit dicht bij de lagere metalen kolom. Maak de bedrading alstublieft niet verkeerd.<\/li>\n<li>De grotere zijde met schroefgat in de keramische transducer, die een trillingsfunctie heeft, kan worden vastgeklemd in de bodem van de reinigingsmachine. En zorg ervoor dat de reinigingsmachine veilig is geaard.<\/li>\n<li>De keramische transducer moet op de bodem van de reinigingsmachine worden geplakt met speciale transducerlijm of met AB-lijmstift, maar het effect is iets minder goed, of gebruik epoxyhars met een verhouding van 10:4.<\/li>\n<li>De werkende printplaatspanning is 600V. De uitgangsspanning naar de transducer is 1100 V. Zorg ervoor dat de reinigingsmachine veilig is geaard. Zorg ervoor dat er een lekstroomschakelaar is ge\u00efnstalleerd op de voeding om de veiligheid te garanderen.<\/li>\n<\/ul>\n<h3>Betaling<\/h3>\n<p>We accepteren momenteel paypal, T\/T &#038; Western Union.<\/p>\n<h3 class=\"shipping-methods\">Verzending<\/h3>\n<p>Goederen worden verzonden binnen 48 uur na ontvangst van de volledige betaling.<\/p>\n<ul>\n<li>We verzenden de goederen naar het adres dat in de PayPal-betaling is opgegeven. Zorg ervoor dat het adres in PayPal correct is.<\/li>\n<li>We geven u het trackingnummer nadat we de goederen hebben verzonden, over het algemeen ontvangt u de goederen binnen vijf dagen.<\/li>\n<li>Als u vragen heeft, neem dan alstublieft contact met ons op via e-mail (ons e-mailadres is <a href=\"mailto:support@bjultrasonic.com\">support@bjultrasonic.com<\/a>)<\/li>\n<\/ul>\n<h3 align=\"left\">Productgarantie<\/h3>\n<p>De productgarantieperiode is \u00e9\u00e9n jaar. Binnen de garantieperiode genieten gekochte producten gratis onderhoud of vervanging.<\/p>\n<h3>Video-afspeellijst: Ultrasone Transducer Aandrijving<\/h3>\n<p><iframe loading=\"lazy\" width=\"560\" height=\"315\" src=\"https:\/\/www.youtube.com\/embed\/videoseries?list=PLLrjMYkO0_NG56zqmQN9W9F1Xf9eev6dc\" frameborder=\"0\" allow=\"autoplay; encrypted-media\" allowfullscreen><\/iframe><\/p>\n","protected":false},"excerpt":{"rendered":"<p>Ultrasone generatorcircuit, ook wel ultrasone transducer-aandrijvingscircuit of ultrasone reiniger voeding aandrijvingsbord genoemd. Het levert een ultrasone frequentie om de ultrasone transducers in ultrasone reinigers aan te drijven.<\/p>\n","protected":false},"featured_media":19274,"comment_status":"open","ping_status":"closed","template":"","meta":[],"product_brand":[],"product_cat":[6105],"product_tag":[],"class_list":{"0":"post-72009","1":"product","2":"type-product","3":"status-publish","4":"has-post-thumbnail","6":"product_cat-ultrasonic-generator-circuits-nl","8":"first","9":"instock","10":"shipping-taxable","11":"purchasable","12":"product-type-simple","13":"prodpage-classic"},"aioseo_notices":[],"_links":{"self":[{"href":"https:\/\/www.bjultrasonic.com\/nl\/wp-json\/wp\/v2\/product\/72009","targetHints":{"allow":["GET"]}}],"collection":[{"href":"https:\/\/www.bjultrasonic.com\/nl\/wp-json\/wp\/v2\/product"}],"about":[{"href":"https:\/\/www.bjultrasonic.com\/nl\/wp-json\/wp\/v2\/types\/product"}],"replies":[{"embeddable":true,"href":"https:\/\/www.bjultrasonic.com\/nl\/wp-json\/wp\/v2\/comments?post=72009"}],"wp:featuredmedia":[{"embeddable":true,"href":"https:\/\/www.bjultrasonic.com\/nl\/wp-json\/wp\/v2\/media\/19274"}],"wp:attachment":[{"href":"https:\/\/www.bjultrasonic.com\/nl\/wp-json\/wp\/v2\/media?parent=72009"}],"wp:term":[{"taxonomy":"product_brand","embeddable":true,"href":"https:\/\/www.bjultrasonic.com\/nl\/wp-json\/wp\/v2\/product_brand?post=72009"},{"taxonomy":"product_cat","embeddable":true,"href":"https:\/\/www.bjultrasonic.com\/nl\/wp-json\/wp\/v2\/product_cat?post=72009"},{"taxonomy":"product_tag","embeddable":true,"href":"https:\/\/www.bjultrasonic.com\/nl\/wp-json\/wp\/v2\/product_tag?post=72009"}],"curies":[{"name":"wp","href":"https:\/\/api.w.org\/{rel}","templated":true}]}}