{"id":72089,"date":"2012-03-27T04:15:13","date_gmt":"2012-03-27T09:15:13","guid":{"rendered":"https:\/\/www.bjultrasonic.com\/shop\/60w-110v-ultrasonic-pcb-generator\/"},"modified":"2026-03-28T19:55:48","modified_gmt":"2026-03-29T00:55:48","slug":"60w-110v-ultrasonic-pcb-generator","status":"publish","type":"product","link":"https:\/\/www.bjultrasonic.com\/nl\/shop\/60w-110v-ultrasonic-pcb-generator\/","title":{"rendered":"110V 60W Ultrasone Generator Circuit"},"content":{"rendered":"<h2>Specificatie van 60W\/110V Ultrasoon Generator Printplaat<\/h2>\n<table id=\"wp-table-reloaded-id-21-no-1\" class=\"table table-striped table-bordered\">\n<tbody>\n<tr>\n<td>Frequentie<\/td>\n<td>40 KHz, 25khz en 28khz.<\/td>\n<\/tr>\n<tr>\n<td>Vermogen<\/td>\n<td>60w<\/td>\n<\/tr>\n<tr>\n<td>Aandrijftransducer<\/td>\n<td>E\u00e9n 50w transducer of \u00e9\u00e9n 60w transducer<\/td>\n<\/tr>\n<tr>\n<td>Voeding<\/td>\n<td>Ingang: 100V~120V AC<\/td>\n<\/tr>\n<tr>\n<td>Gewicht<\/td>\n<td>300g\/stuk<\/td>\n<\/tr>\n<\/tbody>\n<\/table>\n<h3>Hoe Ultrasoon Transducer te Verbinden met Ultrasoon Generator Circuit<\/h3>\n<p><img loading=\"lazy\" decoding=\"async\" class=\"alignnone size-full wp-image-19267\" src=\"https:\/\/www.bjultrasonic.com\/wp-content\/uploads\/2012\/03\/How-to-Connect-Ultrasonic-Transducer-with-Ultrasonic-Generator-Circuit.jpg\" alt=\"\" width=\"700\" height=\"412\" \/><\/p>\n<ul>\n<li>De <a href=\"https:\/\/www.bjultrasonic.com\/nl\/category\/ultrasonic-generator-nl\/\">ultrasoon generator<\/a> mag niet worden ingeschakeld onder onbelaste omstandigheden<\/li>\n<li>Na installatie mogen we niet inschakelen voordat de reinigingsvloeistof is aangebracht<\/li>\n<li><a href=\"https:\/\/www.bjultrasonic.com\/nl\/category\/ultrasonic-transducer-nl\/\">Ultrasoon transducer<\/a> heeft twee aansluitpunten. De positieve zit in het midden van de twee keramische stukken. De negatieve zit nabij de onderste metalen kolom. Maak geen fout bij het aansluiten.<\/li>\n<li>De grotere kant met schroefgat in de keramische transducer, die een trillingsfunctie heeft, kan worden vastgezet aan de bodem van de reinigingsmachine. En zorg ervoor dat de reinigingsmachine veilig is geaard.<\/li>\n<li>De keramische transducer moet aan de bodem van de reinigingsmachine worden gelijmd met speciale transducerlijm of AB-lijmstift, maar het effect is iets minder goed, of gebruik epoxyhars in een verhouding van 10:4.<\/li>\n<li>De werkspanning van de printplaat is 600V. De uitgangsspanning naar de transducer is 1100 V. Zorg ervoor dat de reinigingsmachine veilig is geaard. Zorg ervoor dat een aardlekschakelaar is ge\u00efnstalleerd op de voeding om de veiligheid te waarborgen.<\/li>\n<\/ul>\n<h3>Betaling<\/h3>\n<p>We accepteren nu PayPal, T\/T &#038; Western Union.<\/p>\n<h3 class=\"shipping-methods\">Verzending<\/h3>\n<p>Goederen worden binnen 48 uur na ontvangst van de volledige betaling verzonden.<\/p>\n<ul>\n<li>We verzenden de goederen naar het adres dat in de PayPal-betaling is opgegeven. Zorg ervoor dat het adres in PayPal correct is.<\/li>\n<li>We geven u het trackingnummer nadat we de goederen hebben verzonden; over het algemeen ontvangt u de goederen binnen vijf dagen.<\/li>\n<li>Als u vragen heeft, neem dan vriendelijk contact met ons op via e-mail (ons e-mailadres is <a href=\"mailto:support@bjultrasonic.com\">support@bjultrasonic.com<\/a>)<\/li>\n<\/ul>\n<h3 align=\"left\">Productgarantie<\/h3>\n<p>De productgarantieperiode is \u00e9\u00e9n jaar. Binnen de garantieperiode kunnen gekochte producten gratis worden gerepareerd of omgeruild.<\/p>\n<h3>Video Afspeellijst: Ultrasoon Transducer Aandrijving<\/h3>\n<p><iframe loading=\"lazy\" width=\"560\" height=\"315\" src=\"https:\/\/www.youtube.com\/embed\/videoseries?list=PLLrjMYkO0_NG56zqmQN9W9F1Xf9eev6dc\" frameborder=\"0\" allow=\"autoplay; encrypted-media\" allowfullscreen><\/iframe><\/p>\n","protected":false},"excerpt":{"rendered":"<p>Ultrasone generatorcircuit, ook wel <a href=\"https:\/\/www.bjultrasonic.com\/nl\/category\/ultrasonic-transducer-nl\/\">ultrasone transducer<\/a> besturingscircuit of <a href=\"https:\/\/www.bjultrasonic.com\/nl\/category\/ultrasonic-generator-nl\/ultrasonic-generator-circuits-nl\/\">ultrasoon reiniger stroomaandrijfbord<\/a> genoemd. Het biedt een <a href=\"https:\/\/www.bjultrasonic.com\/nl\/category\/ultrasonic-generator-nl\/\">ultrasone frequentie<\/a> om de ultrasone transducers in <a href=\"https:\/\/www.bjultrasonic.com\/nl\/category\/ultrasonic-cleaning-system-nl\/\">ultrasone reinigers<\/a> aan te drijven.<\/p>\n","protected":false},"featured_media":19261,"comment_status":"open","ping_status":"closed","template":"","meta":[],"product_brand":[],"product_cat":[6105],"product_tag":[],"class_list":{"0":"post-72089","1":"product","2":"type-product","3":"status-publish","4":"has-post-thumbnail","6":"product_cat-ultrasonic-generator-circuits-nl","8":"first","9":"instock","10":"shipping-taxable","11":"purchasable","12":"product-type-simple","13":"prodpage-classic"},"aioseo_notices":[],"_links":{"self":[{"href":"https:\/\/www.bjultrasonic.com\/nl\/wp-json\/wp\/v2\/product\/72089","targetHints":{"allow":["GET"]}}],"collection":[{"href":"https:\/\/www.bjultrasonic.com\/nl\/wp-json\/wp\/v2\/product"}],"about":[{"href":"https:\/\/www.bjultrasonic.com\/nl\/wp-json\/wp\/v2\/types\/product"}],"replies":[{"embeddable":true,"href":"https:\/\/www.bjultrasonic.com\/nl\/wp-json\/wp\/v2\/comments?post=72089"}],"wp:featuredmedia":[{"embeddable":true,"href":"https:\/\/www.bjultrasonic.com\/nl\/wp-json\/wp\/v2\/media\/19261"}],"wp:attachment":[{"href":"https:\/\/www.bjultrasonic.com\/nl\/wp-json\/wp\/v2\/media?parent=72089"}],"wp:term":[{"taxonomy":"product_brand","embeddable":true,"href":"https:\/\/www.bjultrasonic.com\/nl\/wp-json\/wp\/v2\/product_brand?post=72089"},{"taxonomy":"product_cat","embeddable":true,"href":"https:\/\/www.bjultrasonic.com\/nl\/wp-json\/wp\/v2\/product_cat?post=72089"},{"taxonomy":"product_tag","embeddable":true,"href":"https:\/\/www.bjultrasonic.com\/nl\/wp-json\/wp\/v2\/product_tag?post=72089"}],"curies":[{"name":"wp","href":"https:\/\/api.w.org\/{rel}","templated":true}]}}