{"id":72626,"date":"2013-05-23T19:30:17","date_gmt":"2013-05-23T11:30:17","guid":{"rendered":"https:\/\/www.bjultrasonic.com\/piezoelectric-ultrasonic-transducers-faqs\/"},"modified":"2026-03-12T09:34:07","modified_gmt":"2026-03-12T14:34:07","slug":"piezoelectric-ultrasonic-transducers-faqs","status":"publish","type":"page","link":"https:\/\/www.bjultrasonic.com\/pl\/piezoelectric-ultrasonic-transducers-faqs\/","title":{"rendered":"Cz\u0119sto zadawane pytania dotycz\u0105ce przetwornik\u00f3w ultrad\u017awi\u0119kowych"},"content":{"rendered":"<p><a href=\"https:\/\/www.bjultrasonic.com\/pl\/category\/ultrasonic-transducer-pl\/\">Piezoelektryczny przetwornik ultrad\u017awi\u0119kowy<\/a> to urz\u0105dzenie, kt\u00f3re zamienia energi\u0119 elektryczn\u0105 na drgania mechaniczne, konkretnie fale ultrad\u017awi\u0119kowe, i odwrotnie. Konwersja ta opiera si\u0119 na efekcie piezoelektrycznym, zjawisku polegaj\u0105cym na tym, \u017ce niekt\u00f3re materia\u0142y generuj\u0105 \u0142adunek elektryczny pod wp\u0142ywem napr\u0119\u017ce\u0144 mechanicznych lub odwrotnie, odkszta\u0142caj\u0105 si\u0119 pod wp\u0142ywem przy\u0142o\u017conego pola elektrycznego. Te przetworniki s\u0105 podstawowymi komponentami w szerokim spektrum zastosowa\u0144, od obrazowania medycznego i kontroli przemys\u0142owej po czyszczenie i obr\u00f3bk\u0119 materia\u0142\u00f3w.<\/p>\n<h3>1. Czy posiadacie katalog przetwornik\u00f3w ultrad\u017awi\u0119kowych?<\/h3>\n<p>Tak, katalog produkt\u00f3w jest dost\u0119pny do pobrania, prezentuj\u0105c gam\u0119 produkowanych przez nas przetwornik\u00f3w ultrad\u017awi\u0119kowych. Katalog ten zawiera specyfikacje i szczeg\u00f3\u0142y istotne dla r\u00f3\u017cnych zastosowa\u0144.<\/p>\n<div class=\"textwidget custom-html-widget\"><a href=\"https:\/\/drive.google.com\/file\/d\/1pXEpP5HbetTukpQtZKV4hyTdlMm0aYkt\/view\" target=\"_blank\" rel=\"noopener noreferrer\"><img loading=\"lazy\" decoding=\"async\" class=\"alignnone size-full wp-image-5493\" src=\"https:\/\/www.bjultrasonic.com\/wp-content\/uploads\/2014\/03\/Beijing-Ultrasonic-Product-Catalog.png\" alt=\"Beijing-Ultrasonic-Product-Catalog\" width=\"148\" height=\"39\" \/><\/a><\/div>\n<h3>2. Czy mo\u017cecie produkowa\u0107 przetworniki ultrad\u017awi\u0119kowe zgodnie z potrzebami klient\u00f3w?<\/h3>\n<p>Oczywi\u015bcie. Nasze mo\u017cliwo\u015bci produkcyjne s\u0105 bardzo elastyczne, co pozwala nam wytwarza\u0107 niestandardowe projekty dostarczone przez klient\u00f3w, w tym te wykorzystuj\u0105ce konwencjonalne elementy kompozytowe piezoelektryczne. Specjalizujemy si\u0119 w przetwornikach ultrad\u017awi\u0119kowych, dlatego nasza zdolno\u015b\u0107 do spe\u0142niania niestandardowych wymaga\u0144 produkcyjnych, termin\u00f3w i bud\u017cet\u00f3w kosztowych jest lepsza ni\u017c u wielu innych producent\u00f3w. Oferujemy r\u00f3wnie\u017c pakiety sprzeda\u017cowe oparte na ekonomii skali, obni\u017caj\u0105c koszty dla naszych klient\u00f3w. Aktywnie anga\u017cujemy klient\u00f3w w nasze projekty nowej generacji, aby zapewni\u0107, \u017ce nasze przysz\u0142e linie produkt\u00f3w skutecznie spe\u0142ni\u0105 ich potrzeby.<\/p>\n<h3>3. Jakie zakresy cz\u0119stotliwo\u015bci pracy zalecacie?<\/h3>\n<p>Chocia\u017c przetworniki ultrad\u017awi\u0119kowe mog\u0105 zazwyczaj pracowa\u0107 w zakresie cz\u0119stotliwo\u015bci od 17 kHz do 2 MHz, dla optymalnej wydajno\u015bci zalecamy prac\u0119 w zakresie od 50 kHz do 1 MHz. Ten zakres zapewnia dobr\u0105 r\u00f3wnowag\u0119 mi\u0119dzy rozdzielczo\u015bci\u0105 a penetracj\u0105 dla wi\u0119kszo\u015bci typowych zastosowa\u0144.<\/p>\n<h3>4. Jakie s\u0105 cz\u0119stotliwo\u015bci czyszczenia przetwornik\u00f3w ultrad\u017awi\u0119kowych?<\/h3>\n<p>Odpowiednia cz\u0119stotliwo\u015b\u0107 czyszczenia zale\u017cy od konkretnych wymaga\u0144 czyszczenia. Ni\u017csze cz\u0119stotliwo\u015bci s\u0105 skuteczniejsze w usuwaniu du\u017cych zanieczyszcze\u0144 z odpornych komponent\u00f3w, podczas gdy wy\u017csze cz\u0119stotliwo\u015bci s\u0105 lepsze dla delikatnych cz\u0119\u015bci z mniejszymi zanieczyszczeniami.<\/p>\n<table class=\"table table-striped table-bordered\">\n<thead>\n<tr>\n<th>Zakres cz\u0119stotliwo\u015bci<\/th>\n<th>Zastosowanie<\/th>\n<\/tr>\n<\/thead>\n<tbody>\n<tr>\n<td>Poni\u017cej 80 kHz<\/td>\n<td>Wytrzyma\u0142e komponenty z du\u017cymi zanieczyszczeniami<\/td>\n<\/tr>\n<tr>\n<td>Powy\u017cej 80 kHz<\/td>\n<td>Delikatne komponenty z mniejszymi zanieczyszczeniami<\/td>\n<\/tr>\n<\/tbody>\n<\/table>\n<p>Mo\u017cliwe jest r\u00f3wnie\u017c sekwencyjne stosowanie r\u00f3\u017cnych cz\u0119stotliwo\u015bci dla optymalnych wynik\u00f3w czyszczenia, z ni\u017cszymi cz\u0119stotliwo\u015bciami do rozbijania du\u017cych zanieczyszcze\u0144 i wy\u017cszymi do usuwania mniejszych cz\u0105stek. Nale\u017cy jednak zawsze upewni\u0107 si\u0119, \u017ce komponenty mog\u0105 wytrzyma\u0107 wybrane cz\u0119stotliwo\u015bci, aby unikn\u0105\u0107 uszkodze\u0144. Do czyszczenia szerokopasmowego zalecamy po\u0142\u0105czenie ni\u017cszych cz\u0119stotliwo\u015bci (40 kHz do 72 kHz) przez kr\u00f3tkie okresy i wy\u017cszych cz\u0119stotliwo\u015bci (104 kHz do 170 kHz) przez d\u0142u\u017csze okresy.<\/p>\n<h3>5. Jak po\u0142\u0105czy\u0107 wiele przetwornik\u00f3w ultrad\u017awi\u0119kowych?<\/h3>\n<p>Przetworniki ultrad\u017awi\u0119kowe nale\u017cy \u0142\u0105czy\u0107 r\u00f3wnolegle. Ta konfiguracja zapewnia, \u017ce ka\u017cdy przetwornik otrzymuje to samo napi\u0119cie, optymalizuj\u0105c ich wydajno\u015b\u0107.<\/p>\n<h3>6. Proces klejenia przetwornika ultrad\u017awi\u0119kowego<\/h3>\n<p>Proces klejenia jest kluczowy dla niezawodno\u015bci i wydajno\u015bci przetwornika. Oto podzia\u0142:<\/p>\n<ol>\n<li><strong>Klej epoksydowy:<\/strong> U\u017cyj kleju epoksydowego o minimalnych w\u0142a\u015bciwo\u015bciach kurczenia si\u0119 i rozszerzalno\u015bci cieplnej, aby zmniejszy\u0107 napr\u0119\u017cenia i poprawi\u0107 niezawodno\u015b\u0107 oscylatora. Epoksyd A i B s\u0105 odpowiednimi opcjami.<\/li>\n<li><strong>Przygotowanie powierzchni:<\/strong> Piaskowanie powierzchni klejonej znacznie zwi\u0119ksza wytrzyma\u0142o\u015b\u0107 klejenia.<\/li>\n<li><strong>Czyszczenie:<\/strong> Oczy\u015b\u0107 sklejan\u0105 powierzchni\u0119 rozpuszczalnikiem, takim jak alkohol absolutny lub aceton.<\/li>\n<li><strong>Korekta pionowa:<\/strong> Podczas klejenia gwo\u017adziem nale\u017cy zachowa\u0107 ostro\u017cno\u015b\u0107 przy korekcie pionowej podczas jego umieszczania.<\/li>\n<li><strong>Utwardzanie kleju:<\/strong> Kontroluj napr\u0119\u017cenia wst\u0119pne i konsystencj\u0119 podczas utwardzania kleju.<\/li>\n<li><strong>Kontrola impedancji:<\/strong> Ustan\u00f3w kontrol\u0119 impedancji podczas procesu klejenia, aby zmniejszy\u0107 impedancj\u0119 i zwi\u0119kszy\u0107 wyj\u015bcie elektroakustyczne.<\/li>\n<li><strong>Rozk\u0142ad obci\u0105\u017cenia:<\/strong> Popraw rozk\u0142ad obci\u0105\u017cenia energetycznego za pomoc\u0105 test\u00f3w impedancji po klejeniu.<\/li>\n<li><strong>Okablowanie:<\/strong> Upewnij si\u0119, \u017ce okablowanie jest elastyczne, izolacja mocna, a lutowanie niezawodne.<\/li>\n<li><strong>Test izolacji:<\/strong> Przetestuj izolacj\u0119 po okablowaniu, aby sprawdzi\u0107 ewentualne wady.<\/li>\n<li><strong>Debugowanie:<\/strong> Przeprowad\u017a debugowanie w temperaturze 40-50 \u2103, ale utrzymuj temperatur\u0119 pracy poni\u017cej 80 \u2103.<\/li>\n<\/ol>\n<p><img loading=\"lazy\" decoding=\"async\" class=\"alignnone size-full wp-image-5528\" src=\"https:\/\/www.bjultrasonic.com\/wp-content\/uploads\/2012\/04\/Bonding-Process-of-Piezoelectric-Ultrasonic-Transducer-Glue.jpg\" alt=\"Bonding Process of Piezoelectric Ultrasonic Transducer \" width=\"620\" height=\"465\" \/><\/p>\n<h3>7. Czym jest efekt piezoelektryczny?<\/h3>\n<p>Efekt piezoelektryczny to zdolno\u015b\u0107 niekt\u00f3rych materia\u0142\u00f3w do generowania \u0142adunku elektrycznego w odpowiedzi na przy\u0142o\u017cone napr\u0119\u017cenia mechaniczne lub odwrotnie, do wytwarzania odkszta\u0142ce\u0144 mechanicznych pod wp\u0142ywem przy\u0142o\u017conego pola elektrycznego. Zjawisko to jest fundamentalne dla dzia\u0142ania piezoelektrycznych przetwornik\u00f3w ultrad\u017awi\u0119kowych. Materia\u0142y takie jak kwarc, tytanian cyrkonianu o\u0142owiu (PZT) i r\u00f3\u017cne ceramiki wykazuj\u0105 ten efekt.<\/p>\n<h3>8. Jak dzia\u0142a piezoelektryczny przetwornik ultrad\u017awi\u0119kowy?<\/h3>\n<p>Piezoelektryczny przetwornik ultrad\u017awi\u0119kowy dzia\u0142a w oparciu o odwrotny efekt piezoelektryczny. Oto jak to dzia\u0142a:<\/p>\n<ol>\n<li><strong>Wzbudzenie elektryczne<\/strong>: Na element piezoelektryczny przy\u0142o\u017cony jest przemienny sygna\u0142 elektryczny.<\/li>\n<li><strong>Drgania mechaniczne<\/strong>: Materia\u0142 piezoelektryczny rozszerza si\u0119 i kurczy w odpowiedzi na oscyluj\u0105ce pole elektryczne.<\/li>\n<li><strong>Generowanie fali d\u017awi\u0119kowej<\/strong>: Te drgania tworz\u0105 fale ci\u015bnienia, czyli ultrad\u017awi\u0119ki, w o\u015brodku sprz\u0119gaj\u0105cym, takim jak powietrze, ciecz lub cia\u0142o sta\u0142e.<\/li>\n<li><strong>Odbieranie sygna\u0142u<\/strong>: Przetwornik mo\u017ce r\u00f3wnie\u017c dzia\u0142a\u0107 jako odbiornik, przekszta\u0142caj\u0105c drgania mechaniczne z nadchodz\u0105cych fal ultrad\u017awi\u0119kowych w sygna\u0142 elektryczny.<\/li>\n<\/ol>\n<h3>9. Jakie s\u0105 kluczowe komponenty piezoelektrycznego przetwornika ultrad\u017awi\u0119kowego?<\/h3>\n<p>Kluczowe komponenty obejmuj\u0105:<\/p>\n<ul>\n<li><strong>Element piezoelektryczny<\/strong>: Serce przetwornika, wykonane z materia\u0142u piezoelektrycznego.<\/li>\n<li><strong>Elektrody<\/strong>: Warstwy przewodz\u0105ce u\u0142atwiaj\u0105ce przy\u0142o\u017cenie p\u00f3l elektrycznych i zbieranie sygna\u0142u.<\/li>\n<li><strong>Obudowa<\/strong>: Os\u0142ona chroni\u0105ca element piezoelektryczny.<\/li>\n<li><strong>Warstwa(y) dopasowuj\u0105ca(e)<\/strong>: Poprawia dopasowanie impedancji dla efektywnego transferu energii.<\/li>\n<li><strong>Materia\u0142 t\u0142umi\u0105cy<\/strong>: Absorbuje tylne fale ultrad\u017awi\u0119kowe, aby zapobiec zak\u0142\u00f3ceniom.<\/li>\n<\/ul>\n<h3>10. Jakie s\u0105 charakterystyki serii PZT i ich zastosowania?<\/h3>\n<p>Materia\u0142y PZT s\u0105 szeroko stosowane w przetwornikach ultrad\u017awi\u0119kowych:<\/p>\n<ul>\n<li><strong>PZT8:<\/strong> Stosowany w aplikacjach wysokiej mocy, takich jak czyszczenie i spawanie, ze wzgl\u0119du na stabilno\u015b\u0107 termiczn\u0105 i mniejsze nagrzewanie.<\/li>\n<li><strong>PZT4:<\/strong> Odpowiedni, gdy wymagana jest stabilno\u015b\u0107 termiczna, oferuje wy\u017csz\u0105 temperatur\u0119 Curie, lepsz\u0105 stabilno\u015b\u0107 i kontrol\u0119 temperatury.<\/li>\n<\/ul>\n<h3>11. Jakie rodzaje materia\u0142\u00f3w piezoelektrycznych s\u0105 powszechnie stosowane?<\/h3>\n<p>Wyb\u00f3r materia\u0142u piezoelektrycznego wp\u0142ywa na charakterystyki wydajno\u015bciowe. Powszechne materia\u0142y obejmuj\u0105:<\/p>\n<table class=\"table table-striped table-bordered\">\n<thead>\n<tr>\n<th align=\"left\">Materia\u0142<\/th>\n<th align=\"left\">Zalety<\/th>\n<th align=\"left\">Wady<\/th>\n<th align=\"left\">Typowe zastosowania<\/th>\n<\/tr>\n<\/thead>\n<tbody>\n<tr>\n<td align=\"left\">Tytanian cyrkonianu o\u0142owiu (PZT)<\/td>\n<td align=\"left\">Wysokie wsp\u00f3\u0142czynniki piezoelektryczne, wszechstronny, szeroko dost\u0119pny, op\u0142acalny<\/td>\n<td align=\"left\">Zawiera o\u0142\u00f3w (kwestie \u015brodowiskowe), ni\u017csza temperatura pracy ni\u017c inne<\/td>\n<td align=\"left\">Zastosowania og\u00f3lne, obrazowanie medyczne, aplikacje przemys\u0142owe<\/td>\n<\/tr>\n<tr>\n<td align=\"left\">Kwarc<\/td>\n<td align=\"left\">Wysoka stabilno\u015b\u0107, dobre w\u0142a\u015bciwo\u015bci mechaniczne, wysoka precyzja<\/td>\n<td align=\"left\">Ni\u017cszy wsp\u00f3\u0142czynnik piezoelektryczny, kruchy, stosunkowo drogi<\/td>\n<td align=\"left\">Wysokoprecyzyjne pomiary, kontrola cz\u0119stotliwo\u015bci, linie op\u00f3\u017aniaj\u0105ce<\/td>\n<\/tr>\n<tr>\n<td align=\"left\">Niobian litu<\/td>\n<td align=\"left\">Stabilno\u015b\u0107 w wysokich temperaturach, dobra wydajno\u015b\u0107 akustyczna<\/td>\n<td align=\"left\">Wy\u017cszy koszt, nieodpowiedni do wszystkich zastosowa\u0144<\/td>\n<td align=\"left\">Ultrad\u017awi\u0119kowe aplikacje wysokotemperaturowe<\/td>\n<\/tr>\n<tr>\n<td align=\"left\">Piezoelektryk monokrystaliczny<\/td>\n<td align=\"left\">Najlepsze w\u0142a\u015bciwo\u015bci piezoelektryczne, wysoka czu\u0142o\u015b\u0107 i szeroko\u015b\u0107 pasma, ma\u0142a histereza<\/td>\n<td align=\"left\">Drogi, ograniczenia w produkcji<\/td>\n<td align=\"left\">Aplikacje wysokoprecyzyjne, medyczne i przemys\u0142owe aplikacje bada\u0144 nieniszcz\u0105cych (NDT), takie jak szyki fazowane<\/td>\n<\/tr>\n<tr>\n<td align=\"left\">Polimer piezoelektryczny<\/td>\n<td align=\"left\">Elastyczny, lekki, niski koszt, \u0142atwo\u015b\u0107 wytwarzania, dobre dopasowanie akustyczne z tkank\u0105<\/td>\n<td align=\"left\">Ni\u017cszy wsp\u00f3\u0142czynnik piezoelektryczny, ograniczony zakres temperatur<\/td>\n<td align=\"left\">Urz\u0105dzenia medyczne, badania nieniszcz\u0105ce (NDT), czujniki noszone (wearable) i elastyczne czujniki<\/td>\n<\/tr>\n<\/tbody>\n<\/table>\n<h3>12. Jakie s\u0105 kluczowe parametry wydajno\u015bciowe przetwornika?<\/h3>\n<p>Kluczowe parametry obejmuj\u0105:<\/p>\n<ul>\n<li><strong>Cz\u0119stotliwo\u015b\u0107<\/strong>: Liczba drga\u0144 na sekund\u0119 (Hz), okre\u015blaj\u0105ca rozdzielczo\u015b\u0107 i penetracj\u0119.<\/li>\n<li><strong>Szeroko\u015b\u0107 pasma<\/strong>: Zakres cz\u0119stotliwo\u015bci, w kt\u00f3rym przetwornik dzia\u0142a efektywnie.<\/li>\n<li><strong>Czu\u0142o\u015b\u0107<\/strong>: Wydajno\u015b\u0107 konwersji mi\u0119dzy energi\u0105 elektryczn\u0105 a akustyczn\u0105.<\/li>\n<li><strong>Impedancja<\/strong>: Op\u00f3r dla przep\u0142ywu energii elektrycznej\/akustycznej; w\u0142a\u015bciwe dopasowanie jest kluczowe.<\/li>\n<li><strong>Sprawno\u015b\u0107<\/strong>: Stosunek mocy wyj\u015bciowej akustycznej do mocy wej\u015bciowej elektrycznej.<\/li>\n<li><strong>Profil wi\u0105zki<\/strong>: Przestrzenny rozk\u0142ad pola ultrad\u017awi\u0119kowego.<\/li>\n<\/ul>\n<h3>13. Jakie s\u0105 powszechne zastosowania piezoelektrycznych przetwornik\u00f3w ultrad\u017awi\u0119kowych?<\/h3>\n<p>S\u0105 one szeroko stosowane w:<\/p>\n<ul>\n<li><strong>Obrazowaniu medycznym<\/strong>: Obrazowanie ultrad\u017awi\u0119kowe do diagnostyki, monitorowania i naprowadzania procedur.<\/li>\n<li><strong>Przemys\u0142owych badaniach nieniszcz\u0105cych (NDT)<\/strong>: Wykrywanie wad w materia\u0142ach bez ich uszkadzania.<\/li>\n<li><strong>Czyszczeniu przemys\u0142owym<\/strong>: Usuwanie zanieczyszcze\u0144 z cz\u0119\u015bci i materia\u0142\u00f3w.<\/li>\n<li><strong>Pomiarze odleg\u0142o\u015bci i detekcji<\/strong>: Czujniki zbli\u017ceniowe, detektory poziomu, pomiar odleg\u0142o\u015bci.<\/li>\n<li><strong>Pomiarze przep\u0142ywu<\/strong>: Pomiar nat\u0119\u017cenia przep\u0142ywu cieczy i gaz\u00f3w.<\/li>\n<li><strong>Atomizacji i nebulizacji<\/strong>: Wytwarzanie drobnej mgie\u0142ki w nawil\u017caczach i nebulizatorach.<\/li>\n<\/ul>\n<h3>14. Jakie kwestie nale\u017cy wzi\u0105\u0107 pod uwag\u0119 przy wyborze przetwornika ultrad\u017awi\u0119kowego?<\/h3>\n<p>Kluczowe kwestie obejmuj\u0105:<\/p>\n<ul>\n<li><strong>Cz\u0119stotliwo\u015b\u0107 pracy:<\/strong> Wybierana na podstawie po\u017c\u0105danej rozdzielczo\u015bci i g\u0142\u0119boko\u015bci penetracji.<\/li>\n<li><strong>Rozmiar i kszta\u0142t przetwornika:<\/strong> Okre\u015blany przez przestrze\u0144 aplikacyjn\u0105 i miejsce monta\u017cu.<\/li>\n<li><strong>Materia\u0142 piezoelektryczny:<\/strong> Dobierany w zale\u017cno\u015bci od wymaga\u0144 wydajno\u015bciowych i koszt\u00f3w.<\/li>\n<li><strong>Szeroko\u015b\u0107 pasma:<\/strong> Nale\u017cy wzi\u0105\u0107 pod uwag\u0119, czy u\u017cywane s\u0105 fale impulsowe czy ci\u0105g\u0142e.<\/li>\n<li><strong>Dopasowanie impedancji:<\/strong> Maksymalizacja transferu energii mi\u0119dzy przetwornikiem a o\u015brodkiem.<\/li>\n<li><strong>Czynniki \u015brodowiskowe:<\/strong> Odporno\u015b\u0107 na temperatur\u0119, wilgotno\u015b\u0107 i dzia\u0142anie chemikali\u00f3w.<\/li>\n<li><strong>Specyficzne potrzeby aplikacji:<\/strong> Dost\u0119pne projekty niestandardowe dla specjalistycznych zastosowa\u0144.<\/li>\n<li><strong>Bud\u017cet:<\/strong> Nale\u017cy rozwa\u017cy\u0107 wydajno\u015b\u0107, trwa\u0142o\u015b\u0107 i solidno\u015b\u0107.<\/li>\n<\/ul>\n<h3>15. Jaka jest \u017cywotno\u015b\u0107 przetwornika?<\/h3>\n<p>Na \u017cywotno\u015b\u0107 wp\u0142ywaj\u0105:<\/p>\n<ul>\n<li><strong>Warunki pracy:<\/strong> Ekstremalne temperatury, wysoka wilgotno\u015b\u0107 i chemikalia mog\u0105 skr\u00f3ci\u0107 \u017cywotno\u015b\u0107.<\/li>\n<li><strong>Moc wej\u015bciowa:<\/strong> D\u0142ugotrwa\u0142a praca z wysok\u0105 moc\u0105 mo\u017ce powodowa\u0107 zm\u0119czenie materia\u0142u.<\/li>\n<li><strong>Obs\u0142uga fizyczna:<\/strong> Uderzenia i nieprawid\u0142owe obchodzenie si\u0119 powoduj\u0105 uszkodzenia.<\/li>\n<li><strong>W\u0142a\u015bciwo\u015bci materia\u0142u:<\/strong> Wrodzona trwa\u0142o\u015b\u0107 i stabilno\u015b\u0107 chemiczna materia\u0142u wp\u0142ywaj\u0105 na d\u0142ugowieczno\u015b\u0107.<\/li>\n<li><strong>Jako\u015b\u0107 projektu i wykonania:<\/strong> Dobrze zaprojektowane i prawid\u0142owo wykonane przetworniki maj\u0105 d\u0142u\u017csz\u0105 \u017cywotno\u015b\u0107.<\/li>\n<\/ul>\n<h3>16. Jak mo\u017cna konserwowa\u0107 przetworniki?<\/h3>\n<p>Prawid\u0142owa konserwacja wyd\u0142u\u017ca \u017cywotno\u015b\u0107:<\/p>\n<ul>\n<li><strong>Przechowywanie:<\/strong> Przechowuj przetworniki w suchym, klimatyzowanym \u015brodowisku.<\/li>\n<li><strong>Czyszczenie:<\/strong> Delikatnie czy\u015b\u0107 powierzchni\u0119 mi\u0119kk\u0105, bezpy\u0142ow\u0105 szmatk\u0105, unikaj\u0105c agresywnych \u015brodk\u00f3w czyszcz\u0105cych i rozpuszczalnik\u00f3w.<\/li>\n<li><strong>Inspekcja:<\/strong> Regularnie sprawdzaj obecno\u015b\u0107 p\u0119kni\u0119\u0107, uszkodze\u0144 i problem\u00f3w z po\u0142\u0105czeniami.<\/li>\n<li><strong>Prawid\u0142owa obs\u0142uga:<\/strong> Obchod\u017a si\u0119 z przetwornikami ostro\u017cnie, aby unikn\u0105\u0107 obci\u0105\u017ce\u0144 fizycznych.<\/li>\n<li><strong>Ochrona \u015brodowiskowa:<\/strong> Chro\u0144 przetworniki przed agresywnymi chemikaliami i \u015brodowiskami.<\/li>\n<li><strong>Regularna kalibracja:<\/strong> Okresowa rekali brania mo\u017ce by\u0107 potrzebna do dok\u0142adnych pomiar\u00f3w.<\/li>\n<\/ul>\n<p>Podsumowuj\u0105c, piezoelektryczne przetworniki ultrad\u017awi\u0119kowe s\u0105 niezb\u0119dne w szerokim spektrum zastosowa\u0144 dzi\u0119ki swoim unikalnym w\u0142a\u015bciwo\u015bciom. Prawid\u0142owy dob\u00f3r, eksploatacja i konserwacja s\u0105 kluczowe dla optymalnej wydajno\u015bci i trwa\u0142o\u015bci. Firmy takie jak Beijing Ultrasonic s\u0105 w czo\u0142\u00f3wce tej technologii, dostarczaj\u0105c niezawodne i wysokiej jako\u015bci rozwi\u0105zania dostosowane do r\u00f3\u017cnorodnych zastosowa\u0144.<\/p>\n","protected":false},"excerpt":{"rendered":"<p>Piezoelektryczny przetwornik ultrad\u017awi\u0119kowy to urz\u0105dzenie, kt\u00f3re zamienia energi\u0119 elektryczn\u0105 na drgania mechaniczne, konkretnie fale ultrad\u017awi\u0119kowe, i odwrotnie. Konwersja ta opiera si\u0119 na efekcie piezoelektrycznym, zjawisku polegaj\u0105cym na tym, \u017ce niekt\u00f3re materia\u0142y generuj\u0105 \u0142adunek elektryczny pod wp\u0142ywem napr\u0119\u017ce\u0144 mechanicznych lub odwrotnie, odkszta\u0142caj\u0105 si\u0119 pod wp\u0142ywem przy\u0142o\u017conego pola elektrycznego. Te przetworniki s\u0105 podstawowymi komponentami w szerokim spektrum<\/p>\n","protected":false},"author":1,"featured_media":23744,"parent":0,"menu_order":16,"comment_status":"closed","ping_status":"closed","template":"","meta":{"footnotes":""},"class_list":["post-72626","page","type-page","status-publish","has-post-thumbnail","hentry","prodpage-classic"],"aioseo_notices":[],"_links":{"self":[{"href":"https:\/\/www.bjultrasonic.com\/pl\/wp-json\/wp\/v2\/pages\/72626","targetHints":{"allow":["GET"]}}],"collection":[{"href":"https:\/\/www.bjultrasonic.com\/pl\/wp-json\/wp\/v2\/pages"}],"about":[{"href":"https:\/\/www.bjultrasonic.com\/pl\/wp-json\/wp\/v2\/types\/page"}],"author":[{"embeddable":true,"href":"https:\/\/www.bjultrasonic.com\/pl\/wp-json\/wp\/v2\/users\/1"}],"replies":[{"embeddable":true,"href":"https:\/\/www.bjultrasonic.com\/pl\/wp-json\/wp\/v2\/comments?post=72626"}],"version-history":[{"count":0,"href":"https:\/\/www.bjultrasonic.com\/pl\/wp-json\/wp\/v2\/pages\/72626\/revisions"}],"wp:featuredmedia":[{"embeddable":true,"href":"https:\/\/www.bjultrasonic.com\/pl\/wp-json\/wp\/v2\/media\/23744"}],"wp:attachment":[{"href":"https:\/\/www.bjultrasonic.com\/pl\/wp-json\/wp\/v2\/media?parent=72626"}],"curies":[{"name":"wp","href":"https:\/\/api.w.org\/{rel}","templated":true}]}}