{"id":72646,"date":"2013-05-20T11:24:37","date_gmt":"2013-05-20T03:24:37","guid":{"rendered":"https:\/\/www.bjultrasonic.com\/piezoceramics-faqs\/"},"modified":"2026-03-12T09:33:29","modified_gmt":"2026-03-12T14:33:29","slug":"piezoceramics-faqs","status":"publish","type":"page","link":"https:\/\/www.bjultrasonic.com\/pl\/piezoceramics-faqs\/","title":{"rendered":"Cz\u0119sto zadawane pytania dotycz\u0105ce piezoceramiki"},"content":{"rendered":"<p><a href=\"https:\/\/www.bjultrasonic.com\/pl\/category\/piezoelectric-ceramic-pl\/\">Piezoceramika<\/a>, znana r\u00f3wnie\u017c jako ceramika piezoelektryczna, to klasa materia\u0142\u00f3w funkcjonalnych wykazuj\u0105cych efekt piezoelektryczny. Oznacza to, \u017ce mog\u0105 wytwarza\u0107 \u0142adunek elektryczny pod wp\u0142ywem napr\u0119\u017cenia mechanicznego (bezpo\u015bredni efekt piezoelektryczny) i odwrotnie, mog\u0105 si\u0119 odkszta\u0142ca\u0107, gdy przy\u0142o\u017cone zostanie do nich pole elektryczne (odwrotny efekt piezoelektryczny). Te unikalne w\u0142a\u015bciwo\u015bci doprowadzi\u0142y do ich powszechnego zastosowania w r\u00f3\u017cnych aplikacjach, od czujnik\u00f3w i si\u0142ownik\u00f3w po przetworniki i urz\u0105dzenia do pozyskiwania energii. Zrozumienie piezoceramiki jest niezb\u0119dne dla ka\u017cdego, kto pracuje w tych dziedzinach. Niniejszy artyku\u0142 ma na celu odpowied\u017a na niekt\u00f3re z najcz\u0119\u015bciej zadawanych pyta\u0144 dotycz\u0105cych piezoceramiki.<\/p>\n<h3>1. Czym dok\u0142adnie jest piezoceramika?<\/h3>\n<p>Piezoceramika to polikrystaliczne materia\u0142y ceramiczne posiadaj\u0105ce specyficzn\u0105 struktur\u0119 krystaliczn\u0105, kt\u00f3ra pozwala im wykazywa\u0107 efekt piezoelektryczny. W przeciwie\u0144stwie do monokryszta\u0142\u00f3w, kt\u00f3re mog\u0105 by\u0107 drogie i trudne w produkcji, piezoceramik\u0119 mo\u017cna wytwarza\u0107 w r\u00f3\u017cnych kszta\u0142tach i rozmiarach, co czyni j\u0105 bardziej wszechstronn\u0105 w zastosowaniach przemys\u0142owych. Najcz\u0119stsze piezoceramiki oparte s\u0105 na tytanianie cyrkonianiu o\u0142owiu (PZT), chocia\u017c ze wzgl\u0119d\u00f3w \u015brodowiskowych coraz cz\u0119\u015bciej opracowuje si\u0119 alternatywy bezo\u0142owiowe. Materia\u0142y te maj\u0105 zdolno\u015b\u0107 przetwarzania energii mechanicznej na energi\u0119 elektryczn\u0105 i odwrotnie, co czyni je kluczowym komponentem w r\u00f3\u017cnych nowoczesnych technologiach.<\/p>\n<h3>2. Jak dzia\u0142a piezoceramika?<\/h3>\n<p>Funkcjonalno\u015b\u0107 piezoceramiki wynika z jej unikalnej struktury krystalicznej, zazwyczaj typu perowskitu. W stanie naturalnym te kryszta\u0142y maj\u0105 losowo zorientowane dipole elektryczne, wi\u0119c nie wykazuj\u0105 znacz\u0105cego efektu piezoelektrycznego. Jednak podczas procesu zwanego &#8222;polaryzacj\u0105&#8221;, materia\u0142 jest poddawany dzia\u0142aniu silnego pola elektrycznego w podwy\u017cszonej temperaturze, co powoduje wyr\u00f3wnanie tych dipoli. Po sch\u0142odzeniu to wyr\u00f3wnanie jest utrzymywane. Gdy na spolaryzowan\u0105 piezoceramik\u0119 dzia\u0142a napr\u0119\u017cenie mechaniczne, struktura krystaliczna ulega deformacji, zmieniaj\u0105c orientacj\u0119 dipoli, co skutkuje wytworzeniem \u0142adunku elektrycznego. Odwrotnie, gdy przy\u0142o\u017cone zostanie pole elektryczne, dzia\u0142a ono si\u0142owo na dipole, powoduj\u0105c ich przemieszczenie i prowadz\u0105c do fizycznego odkszta\u0142cenia ceramiki.<\/p>\n<p><a href=\"https:\/\/www.bjultrasonic.com\/pl\/category\/piezoelectric-ceramic-pl\/\"><img loading=\"lazy\" decoding=\"async\" class=\"alignnone size-full wp-image-23778\" src=\"https:\/\/www.bjultrasonic.com\/wp-content\/uploads\/2012\/04\/32115-Piezoceramic-Ring.jpg\" alt=\"32*11*5 Piezoceramic Ring\" width=\"700\" height=\"700\" srcset=\"https:\/\/www.bjultrasonic.com\/wp-content\/uploads\/2012\/04\/32115-Piezoceramic-Ring.jpg 700w, https:\/\/www.bjultrasonic.com\/wp-content\/uploads\/2012\/04\/32115-Piezoceramic-Ring-600x600.jpg 600w, https:\/\/www.bjultrasonic.com\/wp-content\/uploads\/2012\/04\/32115-Piezoceramic-Ring-100x100.jpg 100w\" sizes=\"auto, (max-width: 700px) 100vw, 700px\" \/><\/a><\/p>\n<h3>3. Jakie s\u0105 kluczowe w\u0142a\u015bciwo\u015bci piezoceramiki?<\/h3>\n<p>Kluczowe w\u0142a\u015bciwo\u015bci charakteryzuj\u0105 wydajno\u015b\u0107 piezoceramiki. Zrozumienie tych w\u0142a\u015bciwo\u015bci ma kluczowe znaczenie dla doboru odpowiedniego materia\u0142u do danej aplikacji. Do g\u0142\u00f3wnych w\u0142a\u015bciwo\u015bci nale\u017c\u0105:<\/p>\n<table class=\"table table-striped table-bordered\">\n<thead>\n<tr>\n<th align=\"left\">W\u0142a\u015bciwo\u015b\u0107<\/th>\n<th align=\"left\">Opis<\/th>\n<\/tr>\n<\/thead>\n<tbody>\n<tr>\n<td align=\"left\">Wsp\u00f3\u0142czynnik piezoelektryczny<\/td>\n<td align=\"left\">Ilo\u015b\u0107 \u0142adunku elektrycznego generowanego na jednostk\u0119 napr\u0119\u017cenia (sta\u0142a d) lub ilo\u015b\u0107 odkszta\u0142cenia wytworzonego na jednostk\u0119 pola elektrycznego (sta\u0142a g). Wy\u017csze warto\u015bci oznaczaj\u0105 lepsz\u0105 wydajno\u015b\u0107.<\/td>\n<\/tr>\n<tr>\n<td align=\"left\">Sta\u0142a dielektryczna<\/td>\n<td align=\"left\">Wskazuje zdolno\u015b\u0107 materia\u0142u do magazynowania energii elektrycznej. Wysoka sta\u0142a dielektryczna jest cz\u0119sto po\u017c\u0105dana.<\/td>\n<\/tr>\n<tr>\n<td align=\"left\">Temperatura Curie<\/td>\n<td align=\"left\">Temperatura, w kt\u00f3rej materia\u0142 traci swoje w\u0142a\u015bciwo\u015bci piezoelektryczne. Temperatury pracy powinny by\u0107 znacznie ni\u017csze od tej warto\u015bci.<\/td>\n<\/tr>\n<tr>\n<td align=\"left\">Mechaniczny wsp\u00f3\u0142czynnik dobroci (Q)<\/td>\n<td align=\"left\">Opisuje wydajno\u015b\u0107 materia\u0142u w konwersji energii; wy\u017csze Q wskazuje na mniejsz\u0105 strat\u0119 energii podczas drga\u0144.<\/td>\n<\/tr>\n<tr>\n<td align=\"left\">Wsp\u00f3\u0142czynnik sprz\u0119\u017cenia<\/td>\n<td align=\"left\">Reprezentuje wydajno\u015b\u0107 konwersji energii elektromechanicznej. Wy\u017csze warto\u015bci wskazuj\u0105 na lepsz\u0105 efektywno\u015b\u0107 konwersji.<\/td>\n<\/tr>\n<\/tbody>\n<\/table>\n<h3>4. Jakie s\u0105 typowe zastosowania piezoceramiki?<\/h3>\n<p>Piezoceramika znalaz\u0142a szeroki zakres zastosowa\u0144 dzi\u0119ki swojej zdolno\u015bci do przetwarzania energii mechanicznej i elektrycznej. Do godnych uwagi zastosowa\u0144 nale\u017c\u0105:<\/p>\n<ul>\n<li><strong>Czujniki:<\/strong> Wykrywanie ci\u015bnienia, si\u0142y, przyspieszenia i wibracji w r\u00f3\u017cnych aplikacjach, takich jak sprz\u0119t medyczny, czujniki samochodowe i monitorowanie stanu konstrukcji.<\/li>\n<li><strong>Si\u0142owniki:<\/strong> Precyzyjne sterowanie ruchem, pozycjonowaniem i przemieszczeniem w aplikacjach takich jak drukarki atramentowe, wtryskiwacze paliwa i mikrorobotyka.<\/li>\n<li><strong>Przetworniki:<\/strong> Przekszta\u0142canie sygna\u0142\u00f3w elektrycznych w drgania mechaniczne do czyszczenia ultrad\u017awi\u0119kowego, spawania i bada\u0144 nieniszcz\u0105cych. Na przyk\u0142ad, Beijing Ultrasonic wykorzystuje wysokiej jako\u015bci PZT w swoich <a href=\"https:\/\/www.bjultrasonic.com\/pl\/category\/ultrasonic-transducer-pl\/\">przetwornikach<\/a>, aby zapewni\u0107 optymaln\u0105 wydajno\u015b\u0107 w swoim <a href=\"https:\/\/www.bjultrasonic.com\/pl\/category\/ultrasonic-cleaning-system-pl\/\">sprz\u0119cie do czyszczenia ultrad\u017awi\u0119kowego<\/a>.<\/li>\n<li><strong>Pozyskiwanie energii:<\/strong> Przekszta\u0142canie energii mechanicznej (takiej jak wibracje lub ruch ludzki) w energi\u0119 elektryczn\u0105 do zasilania ma\u0142ych urz\u0105dze\u0144.<\/li>\n<li><strong>Obrazowanie medyczne:<\/strong> Stosowane w sondach ultrad\u017awi\u0119kowych do tworzenia obraz\u00f3w narz\u0105d\u00f3w i tkanek wewn\u0119trznych.<\/li>\n<li><strong>Urz\u0105dzenia audio:<\/strong> Stosowane w g\u0142o\u015bnikach, mikrofonach i brz\u0119czykach.<\/li>\n<\/ul>\n<h3>5. Jakie s\u0105 zalety stosowania piezoceramiki?<\/h3>\n<p>Powszechne przyj\u0119cie piezoceramiki jest wynikiem jej licznych zalet:<\/p>\n<ul>\n<li><strong>Wysoka czu\u0142o\u015b\u0107:<\/strong> S\u0105 wysoce responsywne nawet na niewielkie zmiany napr\u0119\u017ce\u0144 mechanicznych lub pola elektrycznego.<\/li>\n<li><strong>Szybki czas reakcji:<\/strong> Mog\u0105 szybko reagowa\u0107 na przy\u0142o\u017cone napr\u0119\u017cenia lub pola elektryczne.<\/li>\n<li><strong>Wysoka wytrzyma\u0142o\u015b\u0107 mechaniczna i sztywno\u015b\u0107:<\/strong> Mog\u0105 wytrzyma\u0107 znaczne napr\u0119\u017cenia mechaniczne.<\/li>\n<li><strong>Szeroki zakres temperatur pracy:<\/strong> Niekt\u00f3re wersje s\u0105 zaprojektowane do pracy w skrajnych temperaturach.<\/li>\n<li><strong>R\u00f3\u017cnorodne kszta\u0142ty i rozmiary:<\/strong> Mog\u0105 by\u0107 wytwarzane w r\u00f3\u017cnych formach dla r\u00f3\u017cnych zastosowa\u0144.<\/li>\n<li><strong>Skalowalno\u015b\u0107:<\/strong> \u0141atwe do masowej produkcji, co czyni je op\u0142acalnymi w zastosowaniach na du\u017c\u0105 skal\u0119.<\/li>\n<\/ul>\n<h3>6. Jakie s\u0105 wady stosowania piezoceramiki?<\/h3>\n<p>Mimo swoich zalet, piezoceramika ma r\u00f3wnie\u017c pewne wady:<\/p>\n<ul>\n<li><strong>Krucho\u015b\u0107:<\/strong> S\u0105 to materia\u0142y ceramiczne i s\u0105 podatne na p\u0119kanie pod wp\u0142ywem napr\u0119\u017ce\u0144 mechanicznych.<\/li>\n<li><strong>Ograniczone odkszta\u0142cenie:<\/strong> Piezoceramika mo\u017ce osi\u0105ga\u0107 tylko ma\u0142e przemieszczenia, wi\u0119c mo\u017ce nie by\u0107 odpowiednia do du\u017cych ruch\u00f3w.<\/li>\n<li><strong>Wra\u017cliwo\u015b\u0107 na temperatur\u0119:<\/strong> Ich wydajno\u015b\u0107 mo\u017ce pogarsza\u0107 si\u0119 w wysokich temperaturach ze wzgl\u0119du na zbli\u017canie si\u0119 do temperatury Curie.<\/li>\n<li><strong>Histereza:<\/strong> Wykazuj\u0105 pewn\u0105 histerez\u0119, kt\u00f3ra mo\u017ce prowadzi\u0107 do niedok\u0142adno\u015bci w sterowaniu przemieszczeniem.<\/li>\n<li><strong>Zawarto\u015b\u0107 o\u0142owiu:<\/strong> Tradycyjna ceramika PZT zawiera o\u0142\u00f3w, co stanowi zagro\u017cenie dla \u015brodowiska. To nap\u0119dzi\u0142o badania nad alternatywami bez o\u0142owiu.<\/li>\n<\/ul>\n<h3>7. Jakie s\u0105 alternatywy bez o\u0142owiu dla ceramiki PZT?<\/h3>\n<p>Obawy dotycz\u0105ce toksyczno\u015bci o\u0142owiu w PZT pobudzi\u0142y rozw\u00f3j piezoceramiki bez o\u0142owiu. Niekt\u00f3re z najbardziej obiecuj\u0105cych alternatyw obejmuj\u0105:<\/p>\n<ul>\n<li><strong>Tytanian baru (BaTiO3):<\/strong> Jedna z pierwszych odkrytych ceramik piezoelektrycznych, ale ma ni\u017csze w\u0142a\u015bciwo\u015bci piezoelektryczne ni\u017c PZT.<\/li>\n<li><strong>Niobian potasu (KNbO3):<\/strong> Wykazuje dobre w\u0142a\u015bciwo\u015bci piezoelektryczne, ale jest trudny do syntezy.<\/li>\n<li><strong>Niobian sodu (NaNbO3):<\/strong> Stosunkowo nowa alternatywa o ulepszonej wydajno\u015bci.<\/li>\n<li><strong>\u017belazian bizmutu (BiFeO3):<\/strong> Wykazuje obiecuj\u0105ce w\u0142a\u015bciwo\u015bci multiferroikowe, co mo\u017ce by\u0107 korzystne w niekt\u00f3rych zastosowaniach.<\/li>\n<\/ul>\n<p>Rozw\u00f3j tych materia\u0142\u00f3w stale post\u0119puje, a nowe piezoceramiki bez o\u0142owiu o ulepszonych w\u0142a\u015bciwo\u015bciach s\u0105 ci\u0105gle badane.<\/p>\n<h3>8. Jak produkuje si\u0119 piezoceramik\u0119?<\/h3>\n<p>Proces produkcji piezoceramiki obejmuje kilka kluczowych etap\u00f3w:<\/p>\n<ol>\n<li><strong>Synteza proszku:<\/strong> Surowce, takie jak tlenki i w\u0119glany, s\u0105 mieszane i kalcynowane w wysokich temperaturach, aby utworzy\u0107 po\u017c\u0105dany proszek ceramiczny.<\/li>\n<li><strong>Formowanie:<\/strong> Proszek jest mieszany z lepiszczami i prasowany w po\u017c\u0105dany kszta\u0142t za pomoc\u0105 r\u00f3\u017cnych metod, takich jak prasowanie matrycowe lub ekstruzja.<\/li>\n<li><strong>Spiekanie:<\/strong> Uformowana ceramika jest podgrzewana w wysokich temperaturach w celu zag\u0119szczenia materia\u0142u i zwi\u0119kszenia jego wytrzyma\u0142o\u015bci mechanicznej.<\/li>\n<li><strong>Polaryzacja:<\/strong> Spieczony materia\u0142 jest poddawany dzia\u0142aniu silnego pola elektrycznego w podwy\u017cszonej temperaturze w celu wyr\u00f3wnania dipoli i wywo\u0142ania w\u0142a\u015bciwo\u015bci piezoelektrycznych.<\/li>\n<li><strong>Nak\u0142adanie elektrod:<\/strong> Elektrody s\u0105 nak\u0142adane na powierzchni\u0119 ceramiki, aby umo\u017cliwi\u0107 przy\u0142o\u017cenie p\u00f3l elektrycznych i detekcj\u0119 \u0142adunku.<\/li>\n<\/ol>\n<h3>9. Jak wybra\u0107 odpowiedni\u0105 piezoceramik\u0119 do mojego zastosowania?<\/h3>\n<p>Wyb\u00f3r odpowiedniej piezoceramiki dla konkretnego zastosowania wymaga starannego rozwa\u017cenia kilku czynnik\u00f3w:<\/p>\n<ul>\n<li><strong>Warunki pracy:<\/strong> Temperatura, cz\u0119stotliwo\u015b\u0107 pracy i poziomy napr\u0119\u017ce\u0144 s\u0105 kluczowymi czynnikami.<\/li>\n<li><strong>Po\u017c\u0105dane w\u0142a\u015bciwo\u015bci:<\/strong> Wsp\u00f3\u0142czynnik piezoelektryczny, sta\u0142a dielektryczna i wsp\u00f3\u0142czynnik sprz\u0119\u017cenia powinny odpowiada\u0107 wymaganiom aplikacji.<\/li>\n<li><strong>Wymagania dotycz\u0105ce rozmiaru i kszta\u0142tu:<\/strong> Rozmiar i kszta\u0142t urz\u0105dzenia okre\u015bl\u0105 wymiary piezoceramiki.<\/li>\n<li><strong>Bud\u017cet:<\/strong> R\u00f3\u017cne materia\u0142y maj\u0105 r\u00f3\u017cne koszty produkcji, kt\u00f3re nale\u017cy wzi\u0105\u0107 pod uwag\u0119.<\/li>\n<li><strong>Wymagania \u015brodowiskowe:<\/strong> Nale\u017cy rozwa\u017cy\u0107 opcje bez o\u0142owiu, je\u015bli wp\u0142yw na \u015brodowisko jest istotny.<\/li>\n<\/ul>\n<p>Konsultacja z ekspertem materia\u0142owym i testowanie r\u00f3\u017cnych materia\u0142\u00f3w mo\u017ce zapewni\u0107 najlepsz\u0105 wydajno\u015b\u0107 i trwa\u0142o\u015b\u0107 dla konkretnego zastosowania.<\/p>\n<h3>10. Jakie s\u0105 najnowsze osi\u0105gni\u0119cia w badaniach nad piezoceramik\u0105?<\/h3>\n<p>Dziedzina piezoceramiki stale si\u0119 rozwija, a trwaj\u0105ce badania skupiaj\u0105 si\u0119 na:<\/p>\n<ul>\n<li><strong>Opracowywaniu nowych materia\u0142\u00f3w bez o\u0142owiu:<\/strong> Badanie nowych sk\u0142ad\u00f3w i technik przetwarzania w celu poprawy wydajno\u015bci piezoceramiki bez o\u0142owiu.<\/li>\n<li><strong>Ulepszaniu w\u0142a\u015bciwo\u015bci piezoelektrycznych:<\/strong> Zwi\u0119kszanie wsp\u00f3\u0142czynnik\u00f3w piezoelektrycznych, wsp\u00f3\u0142czynnik\u00f3w sprz\u0119\u017cenia i mechanicznych wsp\u00f3\u0142czynnik\u00f3w jako\u015bci istniej\u0105cych materia\u0142\u00f3w.<\/li>\n<li><strong>Tworzeniu piezoceramiki w skali nano:<\/strong> Wytwarzanie nanostruktur piezoceramicznych do zastosowa\u0144 w mikro-elektromechanicznych systemach (MEMS) i nanourz\u0105dzeniach.<\/li>\n<li><strong>Strukturach wielowarstwowych i kompozytowych:<\/strong> Projektowanie nowatorskich struktur wielowarstwowych dla lepszej wydajno\u015bci si\u0142ownik\u00f3w oraz badanie materia\u0142\u00f3w kompozytowych ceramika-polimer w celu poprawy elastyczno\u015bci.<\/li>\n<li><strong>Zastosowaniach w pozyskiwaniu energii:<\/strong> Opracowywanie bardziej wydajnych i odpornych materia\u0142\u00f3w do przekszta\u0142cania otaczaj\u0105cych wibracji i energii mechanicznej w energi\u0119 elektryczn\u0105.<\/li>\n<\/ul>\n<p>Podsumowuj\u0105c, piezoceramika s\u0105 niezb\u0119dnymi materia\u0142ami w r\u00f3\u017cnych sektorach dzi\u0119ki swoim wyj\u0105tkowym w\u0142a\u015bciwo\u015bciom piezoelektrycznym. Podczas gdy tradycyjne materia\u0142y PZT by\u0142y szeroko stosowane, d\u0105\u017cenie do alternatyw bez o\u0142owiu nadal nap\u0119dza innowacje w tej dziedzinie. Zrozumienie ich w\u0142a\u015bciwo\u015bci, zalet, ogranicze\u0144 i najnowszych trend\u00f3w badawczych jest kluczowe dla efektywnego wykorzystania tych wszechstronnych materia\u0142\u00f3w w szerokim zakresie zastosowa\u0144 technologicznych. Czy to w przypadku precyzyjnych pomiar\u00f3w czujnik\u00f3w, dok\u0142adnej kontroli si\u0142ownik\u00f3w czy efektywnego pozyskiwania energii, piezoceramika pozostanie na czele nauki o materia\u0142ach i in\u017cynierii.<\/p>\n<ul class=\"sitemap\">\n<li><a href=\"https:\/\/www.bjultrasonic.com\/pl\/the-frequency-limit-of-a-piezoceramic-sheet-and-some-properties\/\"> Granica cz\u0119stotliwo\u015bci p\u0142ytki piezoceramicznej<\/a><\/li>\n<li><a href=\"https:\/\/www.bjultrasonic.com\/pl\/piezo-ceramics-reason-to-the-existence-of-piezoelectricity\/\"> Jak dzia\u0142a zjawisko piezoelektryczne<\/a><\/li>\n<li><a href=\"https:\/\/www.bjultrasonic.com\/pl\/what-is-the-process-of-bonding-wires-to-piezoceramic-surface\/\"> Jak przylutowa\u0107 przewody do powierzchni piezoceramicznej<\/a><\/li>\n<li><a href=\"https:\/\/www.bjultrasonic.com\/pl\/the-possibility-of-using-piezoceramic-sheet-in-strain-gage\/\"> Czy p\u0142ytk\u0119 piezoceramiczn\u0105 mo\u017cna wykorzysta\u0107 jako tensometr<\/a><\/li>\n<li><a href=\"https:\/\/www.bjultrasonic.com\/pl\/is-there-any-truth-to-piezoceramic-sheets-being-really-fragile\/\"> Czy p\u0142ytki piezoceramiczne s\u0105 kruche<\/a><\/li>\n<li><a href=\"https:\/\/www.bjultrasonic.com\/pl\/is-there-any-truth-to-piezoceramic-sheet-picking-up-vibrations-in-machinery\/\"> Czy p\u0142ytk\u0119 piezoceramiczn\u0105 mo\u017cna wykorzysta\u0107 do wykrywania drga\u0144 w maszynach<\/a><\/li>\n<li><a href=\"https:\/\/www.bjultrasonic.com\/pl\/what-is-the-process-of-accessing-the-center-shim\/\"> Jak uzyska\u0107 dost\u0119p do centralnej przek\u0142adki komponentu piezoceramicznego<\/a><\/li>\n<li><a href=\"https:\/\/www.bjultrasonic.com\/pl\/are-the-voltage-outputs-from-piezo-strain-gage-repeatable\/\"> Czy napi\u0119cia wyj\u015bciowe z piezotensometru s\u0105 powtarzalne<\/a><\/li>\n<li><a href=\"https:\/\/www.bjultrasonic.com\/pl\/what-is-the-typical-amount-of-electrical-power-that-can-be-extracted-from-a-piezo-bender-element\/\"> Ilo\u015b\u0107 energii elektrycznej mo\u017cliwej do uzyskania z elementu gi\u0119tnego piezoelektrycznego<\/a><\/li>\n<li><a href=\"https:\/\/www.bjultrasonic.com\/pl\/what-is-a-spice-model-and-is-it-available-for-piezo-sensors\/\"> Czym jest model SPICE i czy jest dost\u0119pny dla czujnik\u00f3w piezoelektrycznych<\/a><\/li>\n<li><a href=\"https:\/\/www.bjultrasonic.com\/pl\/the-removal-of-the-electrode\/\"> Jak usun\u0105\u0107 elektrod\u0119 z piezoceramiki<\/a><\/li>\n<li><a href=\"https:\/\/www.bjultrasonic.com\/pl\/piezo-ceramics-how-to-define-an-electric-field\/\"> Piezoceramika \u2013 jak zdefiniowa\u0107 pole elektryczne<\/a><\/li>\n<li><a href=\"https:\/\/www.bjultrasonic.com\/pl\/is-there-any-truth-to-piezo-transducers-being-used-as-static-and-dynamic-force-sensors\/\"> Czy przetworniki piezoelektryczne mog\u0105 by\u0107 u\u017cywane jako czujniki si\u0142y statycznej i dynamicznej<\/a><\/li>\n<li><a href=\"https:\/\/www.bjultrasonic.com\/pl\/piezo-ceramics-how-to-define-strain\/\"> Piezoceramika \u2013 jak zdefiniowa\u0107 odkszta\u0142cenie<\/a><\/li>\n<li><a href=\"https:\/\/www.bjultrasonic.com\/pl\/after-a-sheet-loses-its-abilities-can-it-berepoled\/\"> Czy p\u0142ytk\u0119 piezoceramiczn\u0105 mo\u017cna ponownie spolaryzowa\u0107 po utracie w\u0142a\u015bciwo\u015bci<\/a><\/li>\n<li><a href=\"https:\/\/www.bjultrasonic.com\/pl\/is-there-a-possibility-of-piezo-technology-replacing-magnetic-technology-anytime-in-the-future\/\"> Czy technologia piezoelektryczna zast\u0105pi technologi\u0119 magnetyczn\u0105<\/a><\/li>\n<li><a href=\"https:\/\/www.bjultrasonic.com\/pl\/how-can-poling-and-depoling-in-piezoceramic-materials\/\"> Polaryzacja i depolaryzacja w materia\u0142ach piezoceramicznych<\/a><\/li>\n<li><a href=\"https:\/\/www.bjultrasonic.com\/pl\/is-there-one-resonant-frequency-from-a-piezoceramic-sheet\/\"> Czy p\u0142ytka piezoceramiczna ma jedn\u0105 cz\u0119stotliwo\u015b\u0107 rezonansow\u0105<\/a><\/li>\n<li><a href=\"https:\/\/www.bjultrasonic.com\/pl\/what-is-the-amount-of-mechanical-power-that-can-be-acquired-from-one-sheet\/\"> Ilo\u015b\u0107 mocy mechanicznej mo\u017cliwej do uzyskania z jednej p\u0142ytki piezoceramicznej<\/a><\/li>\n<li><a href=\"https:\/\/www.bjultrasonic.com\/pl\/what-is-the-process-of-bonding-piezoceramic-to-different-structures\/\"> Jaki jest proces \u0142\u0105czenia piezoceramiki z r\u00f3\u017cnymi strukturami<\/a><\/li>\n<li><a href=\"https:\/\/www.bjultrasonic.com\/pl\/piezo-ceramics-how-to-explain-thepyroelectric-effect\/\"> Piezoceramika \u2013 jak wyja\u015bni\u0107 efekt piroelektryczny<\/a><\/li>\n<li><a href=\"https:\/\/www.bjultrasonic.com\/pl\/what-is-the-distance-a-sheet-can-stretch-before-it-completely-breaks\/\"> Odleg\u0142o\u015b\u0107, jak\u0105 p\u0142ytka piezoceramiczna mo\u017ce si\u0119 rozci\u0105gn\u0105\u0107 przed ca\u0142kowitym p\u0119kni\u0119ciem<\/a><\/li>\n<li><a href=\"https:\/\/www.bjultrasonic.com\/pl\/are-piezo-devices-used-in-everyday-objects\/\"> Czy urz\u0105dzenia piezoelektryczne s\u0105 stosowane w przedmiotach codziennego u\u017cytku<\/a><\/li>\n<li><a href=\"https:\/\/www.bjultrasonic.com\/pl\/what-is-the-process-of-attaching-a-bender-element\/\"> Jak zamocowa\u0107 element gi\u0119tny piezoelektryczny<\/a><\/li>\n<li><a href=\"https:\/\/www.bjultrasonic.com\/pl\/will-superglue-do-the-trick\/\"> Piezoceramika \u2013 czy superklej si\u0119 sprawdzi<\/a><\/li>\n<li><a href=\"https:\/\/www.bjultrasonic.com\/pl\/what-is-the-exact-amount-of-power-that-can-derived-from-a-piezosheet\/\"> Ile mocy mo\u017cna uzyska\u0107 z p\u0142ytki piezoceramicznej<\/a><\/li>\n<li><a href=\"https:\/\/www.bjultrasonic.com\/pl\/what-is-the-process-of-making-electrical-contact-on-the-piezoceramicside-attached-downwards\/\"> Proces wykonania kontaktu elektrycznego po stronie piezoceramicznej przytwierdzonej do do\u0142u<\/a><\/li>\n<li><a href=\"https:\/\/www.bjultrasonic.com\/pl\/piezo-ceramics-how-can-damping-be-explained\/\"> Piezoceramika \u2013 przegl\u0105d t\u0142umienia<\/a><\/li>\n<li><a href=\"https:\/\/www.bjultrasonic.com\/pl\/what-is-the-distance-a-bimorph-can-be-extended-before-it-breaks\/\"> Odleg\u0142o\u015b\u0107, jak\u0105 bimorf mo\u017ce si\u0119 wygi\u0105\u0107 przed p\u0119kni\u0119ciem<\/a><\/li>\n<li><a href=\"https:\/\/www.bjultrasonic.com\/pl\/what-is-the-process-of-cutting-up-a-sheetofpiezoceramic-into-desirable-sizes\/\"> Jak poci\u0105\u0107 p\u0142ytki piezoceramiczne na po\u017c\u0105dane rozmiary<\/a><\/li>\n<li><a href=\"https:\/\/www.bjultrasonic.com\/pl\/piezo-ceramics-the-definition-of-tensile-strength\/\"> Piezoceramika \u2013 definicja wytrzyma\u0142o\u015bci na rozci\u0105ganie<\/a><\/li>\n<li><a href=\"https:\/\/www.bjultrasonic.com\/pl\/does-the-motion-of-a-piezo-actuator-actually-repeat-itself\/\"> Czy ruch si\u0142ownika piezoelektrycznego faktycznie si\u0119 powtarza<\/a><\/li>\n<li><a href=\"https:\/\/www.bjultrasonic.com\/pl\/what-is-the-process-of-eliminating-vibration-through-piezoceramics\/\"> Jak eliminowa\u0107 drgania za pomoc\u0105 piezoceramiki<\/a><\/li>\n<li><a href=\"https:\/\/www.bjultrasonic.com\/pl\/piezo-ceramics-how-can-the-youngs-modulus-be-defined\/\"> Piezoceramika \u2013 jak mo\u017cna zdefiniowa\u0107 modu\u0142 Younga<\/a><\/li>\n<li><a href=\"https:\/\/www.bjultrasonic.com\/pl\/is-there-a-possibility-of-using-piezoceramic-actuators-at-cryogenic-temperatures\/\"> Czy mo\u017cemy u\u017cywa\u0107 si\u0142ownik\u00f3w piezoelektrycznych w temperaturach kriogenicznych<\/a><\/li>\n<li><a href=\"https:\/\/www.bjultrasonic.com\/pl\/how-does-temperature-effectpiezoceramic-transducers\/\"> Jak temperatura wp\u0142ywa na przetworniki piezoceramiczne<\/a><\/li>\n<li><a href=\"https:\/\/www.bjultrasonic.com\/pl\/the-expected-life-of-piezoelectric-material\/\"> Przewidywana \u017cywotno\u015b\u0107 materia\u0142u piezoelektrycznego<\/a><\/li>\n<li><a href=\"https:\/\/www.bjultrasonic.com\/pl\/the-amount-of-highest-voltage-that-can-driven-through-a-piezoceramic-sheet\/\"> Najwy\u017csze napi\u0119cie, kt\u00f3re mo\u017cna przy\u0142o\u017cy\u0107 do p\u0142ytki piezoceramicznej<\/a><\/li>\n<li><a href=\"https:\/\/www.bjultrasonic.com\/pl\/is-there-a-way-through-which-a-piezo-transducer-can-drive-with-a-square-wave\/\"> Jak sterowa\u0107 przetwornikiem piezoelektrycznym sygna\u0142em prostok\u0105tnym<\/a><\/li>\n<\/ul>\n","protected":false},"excerpt":{"rendered":"<p>Piezoceramika, znana r\u00f3wnie\u017c jako ceramika piezoelektryczna, to klasa materia\u0142\u00f3w funkcjonalnych wykazuj\u0105cych efekt piezoelektryczny. Oznacza to, \u017ce mog\u0105 wytwarza\u0107 \u0142adunek elektryczny pod wp\u0142ywem napr\u0119\u017cenia mechanicznego (bezpo\u015bredni efekt piezoelektryczny) i odwrotnie, mog\u0105 si\u0119 odkszta\u0142ca\u0107, gdy przy\u0142o\u017cone zostanie do nich pole elektryczne (odwrotny efekt piezoelektryczny). Te unikalne w\u0142a\u015bciwo\u015bci doprowadzi\u0142y do ich powszechnego zastosowania w r\u00f3\u017cnych aplikacjach, od czujnik\u00f3w<\/p>\n","protected":false},"author":1,"featured_media":4848,"parent":0,"menu_order":17,"comment_status":"closed","ping_status":"closed","template":"","meta":{"footnotes":""},"class_list":["post-72646","page","type-page","status-publish","has-post-thumbnail","hentry","prodpage-classic"],"aioseo_notices":[],"_links":{"self":[{"href":"https:\/\/www.bjultrasonic.com\/pl\/wp-json\/wp\/v2\/pages\/72646","targetHints":{"allow":["GET"]}}],"collection":[{"href":"https:\/\/www.bjultrasonic.com\/pl\/wp-json\/wp\/v2\/pages"}],"about":[{"href":"https:\/\/www.bjultrasonic.com\/pl\/wp-json\/wp\/v2\/types\/page"}],"author":[{"embeddable":true,"href":"https:\/\/www.bjultrasonic.com\/pl\/wp-json\/wp\/v2\/users\/1"}],"replies":[{"embeddable":true,"href":"https:\/\/www.bjultrasonic.com\/pl\/wp-json\/wp\/v2\/comments?post=72646"}],"version-history":[{"count":0,"href":"https:\/\/www.bjultrasonic.com\/pl\/wp-json\/wp\/v2\/pages\/72646\/revisions"}],"wp:featuredmedia":[{"embeddable":true,"href":"https:\/\/www.bjultrasonic.com\/pl\/wp-json\/wp\/v2\/media\/4848"}],"wp:attachment":[{"href":"https:\/\/www.bjultrasonic.com\/pl\/wp-json\/wp\/v2\/media?parent=72646"}],"curies":[{"name":"wp","href":"https:\/\/api.w.org\/{rel}","templated":true}]}}