{"id":72686,"date":"2022-04-24T02:02:00","date_gmt":"2022-04-24T07:02:00","guid":{"rendered":"https:\/\/www.bjultrasonic.com\/piezoelectric-ceramic-technical\/"},"modified":"2026-03-12T09:32:10","modified_gmt":"2026-03-12T14:32:10","slug":"piezoelectric-ceramic-technical","status":"publish","type":"page","link":"https:\/\/www.bjultrasonic.com\/pl\/piezoelectric-ceramic-technical\/","title":{"rendered":"Przegl\u0105d techniczny piezoceramiki"},"content":{"rendered":"<p>Piezoceramiki, znane r\u00f3wnie\u017c jako ceramika piezoelektryczna, to klasa materia\u0142\u00f3w wykazuj\u0105cych efekt piezoelektryczny, czyli zdolno\u015b\u0107 do generowania \u0142adunku elektrycznego w odpowiedzi na przy\u0142o\u017cone napr\u0119\u017cenie lub odkszta\u0142cenie mechaniczne, i odwrotnie, do wytwarzania odkszta\u0142cenia mechanicznego pod wp\u0142ywem pola elektrycznego. Materia\u0142y te s\u0105 kluczowe w r\u00f3\u017cnych zastosowaniach technologicznych, w tym w czujnikach, si\u0142ownikach, przetwornikach i urz\u0105dzeniach ultrad\u017awi\u0119kowych. W przeciwie\u0144stwie do naturalnie wyst\u0119puj\u0105cych kryszta\u0142\u00f3w piezoelektrycznych, takich jak kwarc, piezoceramiki s\u0105 materia\u0142ami polikrystalicznymi, kt\u00f3re mo\u017cna wytwarza\u0107 w r\u00f3\u017cnych kszta\u0142tach i rozmiarach, oferuj\u0105c wi\u0119ksz\u0105 elastyczno\u015b\u0107 projektow\u0105. Niniejszy artyku\u0142 zawiera przegl\u0105d techniczny piezoceramik, ich typ\u00f3w, w\u0142a\u015bciwo\u015bci i zastosowa\u0144.<\/p>\n<h3>1. Rodzaje piezoceramik<\/h3>\n<p>Piezoceramiki s\u0105 wytwarzane w r\u00f3\u017cnych kszta\u0142tach, aby spe\u0142ni\u0107 r\u00f3\u017cne wymagania aplikacyjne. Do powszechnych typ\u00f3w nale\u017c\u0105:<\/p>\n<table class=\"table table-striped table-bordered\">\n<thead>\n<tr>\n<th align=\"left\">Typ<\/th>\n<th align=\"left\">Opis<\/th>\n<th align=\"left\">Typowe zastosowania<\/th>\n<\/tr>\n<\/thead>\n<tbody>\n<tr>\n<td align=\"left\"><a href=\"https:\/\/www.bjultrasonic.com\/pl\/category\/piezoelectric-ceramic-pl\/ring-piezoelectric-ceramics-pl\/\">Piezoceramiczny pier\u015bcie\u0144<\/a><\/td>\n<td align=\"left\">Piezoelektryczny element w kszta\u0142cie pier\u015bcienia.<\/td>\n<td align=\"left\">Czyszczenie ultrad\u017awi\u0119kowe, przetworniki du\u017cej mocy.<\/td>\n<\/tr>\n<tr>\n<td align=\"left\"><a href=\"https:\/\/www.bjultrasonic.com\/pl\/shop\/disc-piezoelectric-ceramics\/\">Piezoceramiczny dysk<\/a><\/td>\n<td align=\"left\">P\u0142aski, okr\u0105g\u0142y element piezoelektryczny.<\/td>\n<td align=\"left\">Czujniki, si\u0142owniki, przetworniki ultrad\u017awi\u0119kowe.<\/td>\n<\/tr>\n<tr>\n<td align=\"left\"><a href=\"https:\/\/www.bjultrasonic.com\/pl\/shop\/tube-piezoelectric-ceramics\/\">Piezoceramiczna rurka<\/a><\/td>\n<td align=\"left\">Wydr\u0105\u017cony, cylindryczny element piezoelektryczny.<\/td>\n<td align=\"left\">Ultrad\u017awi\u0119kowe przep\u0142ywomierze, urz\u0105dzenia do ultrasonografii medycznej.<\/td>\n<\/tr>\n<tr>\n<td align=\"left\"><a href=\"https:\/\/www.bjultrasonic.com\/pl\/shop\/cylinder-piezoelectric-ceramics\/\">Piezoceramiczny cylinder<\/a><\/td>\n<td align=\"left\">Pe\u0142ny, cylindryczny element piezoelektryczny.<\/td>\n<td align=\"left\">Przetworniki ultrad\u017awi\u0119kowe du\u017cej mocy, silniki wibracyjne.<\/td>\n<\/tr>\n<tr>\n<td align=\"left\"><a href=\"https:\/\/www.bjultrasonic.com\/pl\/shop\/ball-hemisphere-piezoelectric-ceramics\/\">Piezoceramiczna kula\/p\u00f3\u0142kula<\/a><\/td>\n<td align=\"left\">Sferyczny lub p\u00f3\u0142sferyczny element piezoelektryczny.<\/td>\n<td align=\"left\">Skoncentrowane przetworniki ultrad\u017awi\u0119kowe, obrazowanie medyczne.<\/td>\n<\/tr>\n<tr>\n<td align=\"left\"><a href=\"https:\/\/www.bjultrasonic.com\/pl\/shop\/square-rectangular-piezoelectric-ceramics\/\">Piezoceramiczny kwadrat\/prostok\u0105t<\/a><\/td>\n<td align=\"left\">P\u0142aski, kwadratowy lub prostok\u0105tny element piezoelektryczny.<\/td>\n<td align=\"left\">Si\u0142owniki liniowe, czujniki, przetworniki og\u00f3lnego przeznaczenia.<\/td>\n<\/tr>\n<\/tbody>\n<\/table>\n<p><iframe loading=\"lazy\" title=\"Piezoelectric Ceramics | Piezoceramics\" width=\"500\" height=\"281\" src=\"https:\/\/www.youtube.com\/embed\/1Z8-9WdJKhQ?feature=oembed\" frameborder=\"0\" allow=\"accelerometer; autoplay; clipboard-write; encrypted-media; gyroscope; picture-in-picture; web-share\" referrerpolicy=\"strict-origin-when-cross-origin\" allowfullscreen><\/iframe><\/p>\n<h3>2. Materia\u0142 piezoelektryczny PZT8<\/h3>\n<p>PZT8 to specyficzny rodzaj materia\u0142u z tytanianu cyrkonianu o\u0142owiu (PZT) znany z wysokiego mechanicznego wsp\u00f3\u0142czynnika dobroci, wysokich wsp\u00f3\u0142czynnik\u00f3w sprz\u0119\u017cenia elektromechanicznego i wysokiej stabilno\u015bci. Jego cechy sprawiaj\u0105, \u017ce nadaje si\u0119 do zastosowa\u0144 du\u017cej mocy:<\/p>\n<ul>\n<li><strong>Wysoki mechaniczny wsp\u00f3\u0142czynnik dobroci:<\/strong> Umo\u017cliwia wydajn\u0105 konwersj\u0119 energii, zmniejszaj\u0105c jej straty.<\/li>\n<li><strong>Wysokie wsp\u00f3\u0142czynniki sprz\u0119\u017cenia elektromechanicznego:<\/strong> Zapewnia siln\u0105 interakcj\u0119 mi\u0119dzy energi\u0105 elektryczn\u0105 a mechaniczn\u0105, zwi\u0119kszaj\u0105c wydajno\u015b\u0107.<\/li>\n<li><strong>Wysoka stabilno\u015b\u0107:<\/strong> Zapewnia niezawodn\u0105 prac\u0119 w zmiennych warunkach.<\/li>\n<li><strong>Niski wsp\u00f3\u0142czynnik strat:<\/strong> Minimalizuje rozpraszanie energii, poprawiaj\u0105c wydajno\u015b\u0107.<\/li>\n<li><strong>Kompatybilno\u015b\u0107 z wysokimi napi\u0119ciami i obci\u0105\u017ceniami mechanicznymi:<\/strong> Sprawia, \u017ce nadaje si\u0119 do wymagaj\u0105cych zastosowa\u0144.<\/li>\n<\/ul>\n<p>Te w\u0142a\u015bciwo\u015bci sprawiaj\u0105, \u017ce PZT8 jest idealny do stosowania w myjkach ultrad\u017awi\u0119kowych, maszynach do spawania ultrad\u017awi\u0119kowego, detektorach ultrad\u017awi\u0119kowych, silnikach ultrad\u017awi\u0119kowych i przetwornikach du\u017cej mocy, cz\u0119sto spotykanych w urz\u0105dzeniach produkowanych przez firmy takie jak Beijing Ultrasonic.<\/p>\n<h3>3. Materia\u0142 piezoelektryczny PZT4<\/h3>\n<p>PZT4 to kolejny rodzaj ceramiki PZT, kt\u00f3ry ma podobne w\u0142a\u015bciwo\u015bci do PZT8, ale jest stosowany g\u0142\u00f3wnie w aplikacjach nadawczo-odbiorczych \u015bredniej mocy. Kluczowe w\u0142a\u015bciwo\u015bci obejmuj\u0105:<\/p>\n<ul>\n<li>Podobne w\u0142a\u015bciwo\u015bci do PZT8, ale z naciskiem na aplikacje \u015bredniej mocy.<\/li>\n<li>Nadaje si\u0119 do czyszczenia ultrad\u017awi\u0119kowego, spawania ultrad\u017awi\u0119kowego i silnik\u00f3w wibracyjnych.<\/li>\n<li>Skuteczny w przetwornikach wysokiej cz\u0119stotliwo\u015bci i czujnikach ci\u015bnienia napr\u0119\u017cenia.<\/li>\n<\/ul>\n<h3>4. Materia\u0142 piezoelektryczny PZT5<\/h3>\n<p>PZT5 to &#8222;mi\u0119kki&#8221; materia\u0142 piezoelektryczny charakteryzuj\u0105cy si\u0119 du\u017cymi przemieszczeniami i wysok\u0105 czu\u0142o\u015bci\u0105. Jego unikalne cechy obejmuj\u0105:<\/p>\n<ul>\n<li><strong>Du\u017ca zdolno\u015b\u0107 do przemieszcze\u0144:<\/strong> Pozwala na znaczny ruch mechaniczny w odpowiedzi na przy\u0142o\u017cone pole elektryczne.<\/li>\n<li><strong>Wysoka czu\u0142o\u015b\u0107:<\/strong> Silnie reaguje na przy\u0142o\u017cone napr\u0119\u017cenie lub odkszta\u0142cenie.<\/li>\n<li><strong>Nadaje si\u0119 do zastosowa\u0144 wymagaj\u0105cych precyzyjnej kontroli i detekcji:<\/strong> Takich jak przep\u0142ywomierze, ultrasonografia medyczna, czujniki poziomu i mikrofony.<\/li>\n<\/ul>\n<h3>5. Materia\u0142 i struktura<\/h3>\n<p>Piezoceramiki charakteryzuj\u0105 si\u0119 niecentrosymetryczn\u0105 struktur\u0105 krystaliczn\u0105, umo\u017cliwiaj\u0105c\u0105 efekt piezoelektryczny. Podczas gdy niekt\u00f3re naturalne kryszta\u0142y posiadaj\u0105 t\u0119 w\u0142a\u015bciwo\u015b\u0107, wi\u0119kszo\u015b\u0107 piezoceramik jest produkowana sztucznie. Kluczowe materia\u0142y obejmuj\u0105:<\/p>\n<ul>\n<li><strong>Tytanian cyrkonianu o\u0142owiu (PZT):<\/strong> Najszerzej stosowany materia\u0142 ze wzgl\u0119du na doskona\u0142e w\u0142a\u015bciwo\u015bci piezoelektryczne.<\/li>\n<li><strong>Tytanian baru:<\/strong> Kolejna powszechna ceramika wykazuj\u0105ca zachowanie piezoelektryczne.<\/li>\n<li><strong>Tytanian o\u0142owiu:<\/strong> Materia\u0142 o r\u00f3\u017cnych w\u0142a\u015bciwo\u015bciach piezoelektrycznych odpowiednich do specyficznych zastosowa\u0144.<\/li>\n<\/ul>\n<p>W przeciwie\u0144stwie do monokryszta\u0142\u00f3w, kt\u00f3re musz\u0105 by\u0107 ci\u0119te w okre\u015blonych kierunkach, ceramik\u0119 mo\u017cna \u0142atwo kszta\u0142towa\u0107 i wytwarza\u0107. Najcz\u0119stsz\u0105 struktur\u0105 krystaliczn\u0105 w tych ceramikach jest struktura perowskitu o og\u00f3lnym wzorze ABO3.<\/p>\n<h3>6. Proces polaryzacji<\/h3>\n<p>Piezoceramiki sk\u0142adaj\u0105 si\u0119 z drobnych ziaren (kryszta\u0142k\u00f3w), z kt\u00f3rych ka\u017cde zawiera domeny, w kt\u00f3rych kierunki biegunowe s\u0105 wyr\u00f3wnane. Przed procesem polaryzacji te domeny s\u0105 zorientowane losowo, co skutkuje zerow\u0105 polaryzacj\u0105 wypadkow\u0105. Przy\u0142o\u017cenie wysokiego pola elektrycznego sta\u0142opr\u0105dowego podczas polaryzacji wyr\u00f3wnuje te domeny w kierunku pola, prowadz\u0105c do polaryzacji szcz\u0105tkowej i umo\u017cliwiaj\u0105c w\u0142a\u015bciwo\u015bci piezoelektryczne.<\/p>\n<h3>7. Domieszkowanie i w\u0142a\u015bciwo\u015bci<\/h3>\n<p><img loading=\"lazy\" decoding=\"async\" class=\"size-full wp-image-1217\" title=\"The Perovskite crystal structure\" src=\"\/\/www.bjultrasonic.com\/wp-content\/uploads\/2012\/06\/The-Perovskite-crystal-structure.jpg\" alt=\"The Perovskite crystal structure\" width=\"391\" height=\"201\" \/><\/p>\n<p>Struktura perowskitu jest bardzo tolerancyjna na podstawienia pierwiastk\u00f3w (domieszkowanie). Nawet niewielkie ilo\u015bci domieszek mog\u0105 powodowa\u0107 znacz\u0105ce zmiany w\u0142a\u015bciwo\u015bci materia\u0142u, umo\u017cliwiaj\u0105c dostosowanie piezoceramik do konkretnych zastosowa\u0144.<\/p>\n<h3>8. R\u00f3wnania konstytutywne<\/h3>\n<p><img loading=\"lazy\" decoding=\"async\" class=\"size-full wp-image-1218\" title=\"Electric dipoles in piezoelectric materials before, during and after poling\" src=\"\/\/www.bjultrasonic.com\/wp-content\/uploads\/2012\/06\/Electric-dipoles-in-piezoelectric-materials-before-during-and-after-poling.jpg\" alt=\"Electric dipoles in piezoelectric materials before, during and after poling\" width=\"395\" height=\"237\" \/><\/p>\n<p>Efekt piezoelektryczny jest kierunkowy i mo\u017cna go opisa\u0107 za pomoc\u0105 uk\u0142adu wsp\u00f3\u0142rz\u0119dnych, w kt\u00f3rym o\u015b 3 jest r\u00f3wnoleg\u0142a do kierunku polaryzacji. Zale\u017cno\u015b\u0107 mi\u0119dzy odkszta\u0142ceniem (S), napr\u0119\u017ceniem (T) i polem elektrycznym (E) wyra\u017ca si\u0119 wzorem:<\/p>\n<p>S = sE.T + d.E<\/p>\n<p>Gdzie:<\/p>\n<ul>\n<li>S jest tensorem odkszta\u0142cenia<\/li>\n<li>T jest tensorem napr\u0119\u017cenia<\/li>\n<li>E jest wektorem pola elektrycznego<\/li>\n<li>sE jest podatno\u015bci\u0105 mechaniczn\u0105 przy sta\u0142ym polu elektrycznym<\/li>\n<li>d jest wsp\u00f3\u0142czynnikiem piezoelektrycznym<\/li>\n<\/ul>\n<p>Cz\u0142on sE.T reprezentuje podatno\u015b\u0107 mechaniczn\u0105, podczas gdy cz\u0142on d.E opisuje efekt piezoelektryczny, czyli odkszta\u0142cenie indukowane przez pole elektryczne. Te r\u00f3wnania s\u0105 kluczowe dla projektowania zastosowa\u0144 piezoelektrycznych.<\/p>\n<p>Piezoceramiki s\u0105 niezb\u0119dnymi materia\u0142ami we wsp\u00f3\u0142czesnej technologii, oferuj\u0105c szeroki zakres zastosowa\u0144 dzi\u0119ki swoim unikalnym w\u0142a\u015bciwo\u015bciom piezoelektrycznym. Zdolno\u015b\u0107 do przetwarzania energii mechanicznej i elektrycznej czyni je kluczowymi w r\u00f3\u017cnych sektorach, w tym przemys\u0142owym, medycznym i elektronice u\u017cytkowej. R\u00f3\u017cnorodno\u015b\u0107 materia\u0142\u00f3w, kszta\u0142t\u00f3w i w\u0142a\u015bciwo\u015bci piezoceramik pozwala na wysoce wyspecjalizowane zastosowania. Producenci tacy jak Beijing Ultrasonic wykorzystuj\u0105 te materia\u0142y do tworzenia zaawansowanego sprz\u0119tu, jak czyszczarki ultrad\u017awi\u0119kowe i przetworniki. Zrozumienie aspekt\u00f3w technicznych piezoceramik, w tym ich struktury, procesu polaryzacji i r\u00f3wna\u0144 konstytutywnych, jest niezb\u0119dne dla ich skutecznego zastosowania i dalszego rozwoju.<\/p>\n","protected":false},"excerpt":{"rendered":"<p>Piezoceramiki, znane r\u00f3wnie\u017c jako ceramika piezoelektryczna, to klasa materia\u0142\u00f3w wykazuj\u0105cych efekt piezoelektryczny, czyli zdolno\u015b\u0107 do generowania \u0142adunku elektrycznego w odpowiedzi na przy\u0142o\u017cone napr\u0119\u017cenie lub odkszta\u0142cenie mechaniczne, i odwrotnie, do wytwarzania odkszta\u0142cenia mechanicznego pod wp\u0142ywem pola elektrycznego. Materia\u0142y te s\u0105 kluczowe w r\u00f3\u017cnych zastosowaniach technologicznych, w tym w czujnikach, si\u0142ownikach, przetwornikach i urz\u0105dzeniach ultrad\u017awi\u0119kowych. W przeciwie\u0144stwie<\/p>\n","protected":false},"author":1,"featured_media":1617,"parent":0,"menu_order":1,"comment_status":"closed","ping_status":"closed","template":"","meta":{"footnotes":""},"class_list":["post-72686","page","type-page","status-publish","has-post-thumbnail","hentry","prodpage-classic"],"aioseo_notices":[],"_links":{"self":[{"href":"https:\/\/www.bjultrasonic.com\/pl\/wp-json\/wp\/v2\/pages\/72686","targetHints":{"allow":["GET"]}}],"collection":[{"href":"https:\/\/www.bjultrasonic.com\/pl\/wp-json\/wp\/v2\/pages"}],"about":[{"href":"https:\/\/www.bjultrasonic.com\/pl\/wp-json\/wp\/v2\/types\/page"}],"author":[{"embeddable":true,"href":"https:\/\/www.bjultrasonic.com\/pl\/wp-json\/wp\/v2\/users\/1"}],"replies":[{"embeddable":true,"href":"https:\/\/www.bjultrasonic.com\/pl\/wp-json\/wp\/v2\/comments?post=72686"}],"version-history":[{"count":0,"href":"https:\/\/www.bjultrasonic.com\/pl\/wp-json\/wp\/v2\/pages\/72686\/revisions"}],"wp:featuredmedia":[{"embeddable":true,"href":"https:\/\/www.bjultrasonic.com\/pl\/wp-json\/wp\/v2\/media\/1617"}],"wp:attachment":[{"href":"https:\/\/www.bjultrasonic.com\/pl\/wp-json\/wp\/v2\/media?parent=72686"}],"curies":[{"name":"wp","href":"https:\/\/api.w.org\/{rel}","templated":true}]}}