{"id":72706,"date":"2022-04-27T20:46:08","date_gmt":"2022-04-28T01:46:08","guid":{"rendered":"https:\/\/www.bjultrasonic.com\/ultrasonic-transducer-technical\/"},"modified":"2026-03-12T09:31:45","modified_gmt":"2026-03-12T14:31:45","slug":"ultrasonic-transducer-technical","status":"publish","type":"page","link":"https:\/\/www.bjultrasonic.com\/pl\/ultrasonic-transducer-technical\/","title":{"rendered":"Przegl\u0105d techniczny przetwornik\u00f3w ultrad\u017awi\u0119kowych"},"content":{"rendered":"<p>Przetwornik ultrad\u017awi\u0119kowy to urz\u0105dzenie, kt\u00f3re przekszta\u0142ca energi\u0119 z jednej formy w drug\u0105, konkretnie mi\u0119dzy energi\u0105 elektryczn\u0105 a energi\u0105 akustyczn\u0105 (d\u017awi\u0119kow\u0105) o cz\u0119stotliwo\u015bciach ultrad\u017awi\u0119kowych \u2014 cz\u0119stotliwo\u015bciach powy\u017cej zakresu s\u0142yszenia cz\u0142owieka (zazwyczaj powy\u017cej 20 kHz). M\u00f3wi\u0105c pro\u015bciej, jest to urz\u0105dzenie, kt\u00f3re mo\u017ce generowa\u0107 i odbiera\u0107 fale d\u017awi\u0119kowe o cz\u0119stotliwo\u015bciach nies\u0142yszalnych dla cz\u0142owieka.<\/p>\n<h3>1. Klasyfikacja<\/h3>\n<p>Przetworniki ultrad\u017awi\u0119kowe s\u0105 kategoryzowane na podstawie ich konkretnych zastosowa\u0144, materia\u0142\u00f3w, cz\u0119stotliwo\u015bci, mocy i kszta\u0142tu. Szeroka klasyfikacja oparta na zastosowaniu obejmuje:<\/p>\n<ul>\n<li><a href=\"https:\/\/www.bjultrasonic.com\/pl\/category\/ultrasonic-transducer-pl\/\">Przetworniki do czyszczenia ultrad\u017awi\u0119kowego<\/a>: S\u0105 one zaprojektowane do usuwania zanieczyszcze\u0144 z powierzchni za pomoc\u0105 kawitacji ultrad\u017awi\u0119kowej.<\/li>\n<li><a href=\"https:\/\/www.bjultrasonic.com\/pl\/shop\/ultrasonic-welding-transducer\/\">Przetworniki do spawania ultrad\u017awi\u0119kowego<\/a>: Stosowane do \u0142\u0105czenia materia\u0142\u00f3w poprzez przyk\u0142adanie wysokocz\u0119stotliwo\u015bciowych wibracji, generuj\u0105c ciep\u0142o i powoduj\u0105c stopienie.<\/li>\n<li><a href=\"https:\/\/www.bjultrasonic.com\/pl\/shop\/ultrasonic-beauty-transducer\/\">Przetworniki do zastosowa\u0144 kosmetycznych<\/a>: Wykorzystywane w zabiegach kosmetycznych, takich jak oczyszczanie sk\u00f3ry i zwi\u0119kszanie penetracji produkt\u00f3w.<\/li>\n<li><a href=\"https:\/\/www.bjultrasonic.com\/pl\/shop\/ultrasonic-atomizing-transducer\/\">Przetworniki do atomizacji ultrad\u017awi\u0119kowej<\/a>: Tworz\u0105 drobn\u0105 mgie\u0142k\u0119 lub mg\u0142\u0119 do nawil\u017caczy lub inhalator\u00f3w.<\/li>\n<li><a href=\"https:\/\/www.bjultrasonic.com\/pl\/shop\/ultrasonic-vibrating-screen-transducer\/\">Przetworniki wibracyjne ultrad\u017awi\u0119kowe<\/a>: Wykorzystuj\u0105 wibracje ultrad\u017awi\u0119kowe do r\u00f3\u017cnych zastosowa\u0144, w tym obr\u00f3bki materia\u0142\u00f3w i przesiewania.<\/li>\n<li><a href=\"https:\/\/www.bjultrasonic.com\/pl\/shop\/ultrasonic-cell-disruptor-transducer\/\">Przetworniki do rozrywania kom\u00f3rek ultrad\u017awi\u0119kami<\/a>: U\u017cywane do lizy kom\u00f3rek w badaniach biologicznych i chemicznych, umo\u017cliwiaj\u0105c uwolnienie zawarto\u015bci wewn\u0105trzkom\u00f3rkowej.<\/li>\n<\/ul>\n<style type=\"text\/css\">\r\n\t\t\t\t#gallery-1 {\r\n\t\t\t\t\tmargin: auto;\r\n\t\t\t\t}\r\n\t\t\t\t#gallery-1 .gallery-item {\r\n\t\t\t\t\tfloat: left;\r\n\t\t\t\t\tmargin-top: 10px;\r\n\t\t\t\t\ttext-align: center;\r\n\t\t\t\t\twidth: 16%;\r\n\t\t\t\t}\r\n\t\t\t\t#gallery-1 .gallery-caption {\r\n\t\t\t\t\tmargin-left: 0;\r\n\t\t\t\t}\r\n\t\t\t<\/style><!-- see gallery_shortcode() in wp-includes\/media.php -->\r\n\t\t\t\n\t\t<div id=\"gallery-1\" class=\"gallery galleryid-72706 mfp-gallery mfp-gallery--images gallery-columns-6 gallery-size-full\"><div class=\"row zn_image_gallery \"><div class=\"col-sm-6 col-md-4 col-lg-2\"><a href=\"https:\/\/www.bjultrasonic.com\/wp-content\/uploads\/2021\/03\/100KHz-40W-Ultrasonic-Transducer-PZT-4-2.jpg\" title=\"Ultrasonic Cleaning Transducer\" class=\"hoverBorder\"><img loading=\"lazy\" decoding=\"async\" width=\"750\" height=\"750\" src=\"https:\/\/www.bjultrasonic.com\/wp-content\/uploads\/2021\/03\/100KHz-40W-Ultrasonic-Transducer-PZT-4-2.jpg\" class=\"attachment-full size-full\" alt=\"100KHz 40W Ultrasonic Transducer (PZT-4)\" link=\"file\" size=\"full\" columns=\"6\" ids=\"23744,19551,42268,42279,4845,42294\" orderby=\"post__in\" include=\"23744,19551,42268,42279,4845,42294\" srcset=\"https:\/\/www.bjultrasonic.com\/wp-content\/uploads\/2021\/03\/100KHz-40W-Ultrasonic-Transducer-PZT-4-2.jpg 750w, https:\/\/www.bjultrasonic.com\/wp-content\/uploads\/2021\/03\/100KHz-40W-Ultrasonic-Transducer-PZT-4-2-600x600.jpg 600w, https:\/\/www.bjultrasonic.com\/wp-content\/uploads\/2021\/03\/100KHz-40W-Ultrasonic-Transducer-PZT-4-2-100x100.jpg 100w\" sizes=\"auto, (max-width: 750px) 100vw, 750px\" \/><span class=\"gallery_caption\">Ultrasonic Cleaning Transducer<\/span><\/a><\/div><div class=\"col-sm-6 col-md-4 col-lg-2\"><a href=\"https:\/\/www.bjultrasonic.com\/wp-content\/uploads\/2018\/08\/5500ML-Ultrasonic-Fogger-Ultrasonic-Cool-Mist-Humidifier-1.jpg\" title=\"Ultrasonic Humidifier Transducer\" class=\"hoverBorder\"><img loading=\"lazy\" decoding=\"async\" width=\"650\" height=\"667\" src=\"https:\/\/www.bjultrasonic.com\/wp-content\/uploads\/2018\/08\/5500ML-Ultrasonic-Fogger-Ultrasonic-Cool-Mist-Humidifier-1.jpg\" class=\"attachment-full size-full\" alt=\"5500ML Ultrasonic Fogger Ultrasonic Cool Mist Humidifier (1)\" link=\"file\" size=\"full\" columns=\"6\" ids=\"23744,19551,42268,42279,4845,42294\" orderby=\"post__in\" include=\"23744,19551,42268,42279,4845,42294\" \/><span class=\"gallery_caption\">Ultrasonic Humidifier Transducer<\/span><\/a><\/div><div class=\"col-sm-6 col-md-4 col-lg-2\"><a href=\"https:\/\/www.bjultrasonic.com\/wp-content\/uploads\/2012\/08\/Ultrasonic-Welding-Transducer-4.jpg\" title=\"Ultrasonic Welding Transducer\" class=\"hoverBorder\"><img loading=\"lazy\" decoding=\"async\" width=\"800\" height=\"800\" src=\"https:\/\/www.bjultrasonic.com\/wp-content\/uploads\/2012\/08\/Ultrasonic-Welding-Transducer-4.jpg\" class=\"attachment-full size-full\" alt=\"Ultrasonic Welding Transducer (4)\" link=\"file\" size=\"full\" columns=\"6\" ids=\"23744,19551,42268,42279,4845,42294\" orderby=\"post__in\" include=\"23744,19551,42268,42279,4845,42294\" srcset=\"https:\/\/www.bjultrasonic.com\/wp-content\/uploads\/2012\/08\/Ultrasonic-Welding-Transducer-4.jpg 800w, https:\/\/www.bjultrasonic.com\/wp-content\/uploads\/2012\/08\/Ultrasonic-Welding-Transducer-4-600x600.jpg 600w, https:\/\/www.bjultrasonic.com\/wp-content\/uploads\/2012\/08\/Ultrasonic-Welding-Transducer-4-100x100.jpg 100w\" sizes=\"auto, (max-width: 800px) 100vw, 800px\" \/><span class=\"gallery_caption\">Ultrasonic Welding Transducer<\/span><\/a><\/div><div class=\"col-sm-6 col-md-4 col-lg-2\"><a href=\"https:\/\/www.bjultrasonic.com\/wp-content\/uploads\/2012\/08\/Ultrasonic-Cell-Disruptor-Homogenizer-Transducer-4.jpg\" title=\"Ultrasonic Cell Disruptor Transducer\" class=\"hoverBorder\"><img loading=\"lazy\" decoding=\"async\" width=\"800\" height=\"800\" src=\"https:\/\/www.bjultrasonic.com\/wp-content\/uploads\/2012\/08\/Ultrasonic-Cell-Disruptor-Homogenizer-Transducer-4.jpg\" class=\"attachment-full size-full\" alt=\"Ultrasonic Cell Disruptor Homogenizer Transducer (4)\" link=\"file\" size=\"full\" columns=\"6\" ids=\"23744,19551,42268,42279,4845,42294\" orderby=\"post__in\" include=\"23744,19551,42268,42279,4845,42294\" srcset=\"https:\/\/www.bjultrasonic.com\/wp-content\/uploads\/2012\/08\/Ultrasonic-Cell-Disruptor-Homogenizer-Transducer-4.jpg 800w, https:\/\/www.bjultrasonic.com\/wp-content\/uploads\/2012\/08\/Ultrasonic-Cell-Disruptor-Homogenizer-Transducer-4-600x600.jpg 600w, https:\/\/www.bjultrasonic.com\/wp-content\/uploads\/2012\/08\/Ultrasonic-Cell-Disruptor-Homogenizer-Transducer-4-100x100.jpg 100w\" sizes=\"auto, (max-width: 800px) 100vw, 800px\" \/><span class=\"gallery_caption\">Ultrasonic Cell Disruptor Transducer<\/span><\/a><\/div><div class=\"col-sm-6 col-md-4 col-lg-2\"><a href=\"https:\/\/www.bjultrasonic.com\/wp-content\/uploads\/2012\/07\/Ultrasonic-Vibration-Transducer.jpg\" title=\"Ultrasonic Vibration Transducer\" class=\"hoverBorder\"><img loading=\"lazy\" decoding=\"async\" width=\"700\" height=\"700\" src=\"https:\/\/www.bjultrasonic.com\/wp-content\/uploads\/2012\/07\/Ultrasonic-Vibration-Transducer.jpg\" class=\"attachment-full size-full\" alt=\"Ultrasonic Vibration Transducer\" link=\"file\" size=\"full\" columns=\"6\" ids=\"23744,19551,42268,42279,4845,42294\" orderby=\"post__in\" include=\"23744,19551,42268,42279,4845,42294\" srcset=\"https:\/\/www.bjultrasonic.com\/wp-content\/uploads\/2012\/07\/Ultrasonic-Vibration-Transducer.jpg 700w, https:\/\/www.bjultrasonic.com\/wp-content\/uploads\/2012\/07\/Ultrasonic-Vibration-Transducer-600x600.jpg 600w, https:\/\/www.bjultrasonic.com\/wp-content\/uploads\/2012\/07\/Ultrasonic-Vibration-Transducer-100x100.jpg 100w\" sizes=\"auto, (max-width: 700px) 100vw, 700px\" \/><span class=\"gallery_caption\">Ultrasonic Vibration Transducer<\/span><\/a><\/div><div class=\"col-sm-6 col-md-4 col-lg-2\"><a href=\"https:\/\/www.bjultrasonic.com\/wp-content\/uploads\/2012\/08\/PZT-Piezo-Ceramics-Disk-for-Beauty-Application.avif\" title=\"Ultrasonic Beauty Transducer\" class=\"hoverBorder\"><img loading=\"lazy\" decoding=\"async\" width=\"800\" height=\"800\" src=\"https:\/\/www.bjultrasonic.com\/wp-content\/uploads\/2012\/08\/PZT-Piezo-Ceramics-Disk-for-Beauty-Application.avif\" class=\"attachment-full size-full\" alt=\"PZT Piezo Ceramics Disk for Beauty Application\" link=\"file\" size=\"full\" columns=\"6\" ids=\"23744,19551,42268,42279,4845,42294\" orderby=\"post__in\" include=\"23744,19551,42268,42279,4845,42294\" srcset=\"https:\/\/www.bjultrasonic.com\/wp-content\/uploads\/2012\/08\/PZT-Piezo-Ceramics-Disk-for-Beauty-Application.avif 800w, https:\/\/www.bjultrasonic.com\/wp-content\/uploads\/2012\/08\/PZT-Piezo-Ceramics-Disk-for-Beauty-Application-600x600.avif 600w, https:\/\/www.bjultrasonic.com\/wp-content\/uploads\/2012\/08\/PZT-Piezo-Ceramics-Disk-for-Beauty-Application-100x100.avif 100w\" sizes=\"auto, (max-width: 800px) 100vw, 800px\" \/><span class=\"gallery_caption\">Ultrasonic Beauty Transducer<\/span><\/a><\/div><\/div><\/div>\n<p>Inne podej\u015bcie do klasyfikacji opiera si\u0119 na u\u017cywanym materiale ceramiki piezoelektrycznej:<\/p>\n<ul>\n<li><strong>Serie PZT4:<\/strong> Zazwyczaj charakteryzuj\u0105 si\u0119 czarnymi p\u0142ytkami.<\/li>\n<li><strong>Serie PZT8:<\/strong> Zazwyczaj identyfikowane przez \u017c\u00f3\u0142te p\u0142ytki.<\/li>\n<\/ul>\n<p>Klasyfikacje oparte na cz\u0119stotliwo\u015bci r\u00f3wnie\u017c s\u0105 powszechne:<\/p>\n<ul>\n<li><strong>Serie niskiej cz\u0119stotliwo\u015bci:<\/strong> Zakres od 17 do 23 kHz.<\/li>\n<li><strong>Serie \u015bredniej cz\u0119stotliwo\u015bci:<\/strong> Od 25 do 28 kHz.<\/li>\n<li><strong>Serie wysokiej cz\u0119stotliwo\u015bci:<\/strong> Od 33 do 60 kHz.<\/li>\n<li><strong>Serie bardzo wysokiej cz\u0119stotliwo\u015bci:<\/strong> Zakres od 68 do 200 kHz.<\/li>\n<\/ul>\n<p>Kategorie oparte na mocy obejmuj\u0105:<\/p>\n<ul>\n<li><strong>Serie 50W:<\/strong> Mo\u017ce obejmowa\u0107 przetworniki 60W.<\/li>\n<li><strong>Serie 100W:<\/strong> Obejmuj\u0105ce 80W i inne podobne warto\u015bci mocy.<\/li>\n<li><strong>Inna nietypowa moc:<\/strong> Przetworniki o niestandardowych mocach wyj\u015bciowych.<\/li>\n<\/ul>\n<p>Wreszcie, przetworniki mo\u017cna klasyfikowa\u0107 wed\u0142ug ich fizycznego kszta\u0142tu:<\/p>\n<ul>\n<li><strong>Proste:<\/strong> Przetworniki o formie cylindrycznej lub prostok\u0105tnej.<\/li>\n<li><strong>Kszta\u0142t ro\u017cka:<\/strong> Przetworniki o sto\u017ckowatym kszta\u0142cie do wzmacniania wibracji ultrad\u017awi\u0119kowych.<\/li>\n<\/ul>\n<h3>2. Metody nazewnictwa<\/h3>\n<p>Przetworniki ultrad\u017awi\u0119kowe s\u0105 cz\u0119sto oznaczane za pomoc\u0105 kombinacji liter i cyfr okre\u015blaj\u0105cych kluczowe cechy. Powszechna konwencja nazewnicza jest nast\u0119puj\u0105ca, na przyk\u0142adzie hipotetycznego oznaczenia z Beijing Ultrasonic:<\/p>\n<p><img loading=\"lazy\" decoding=\"async\" class=\"alignnone wp-image-815 size-full\" title=\"Metoda nazewnictwa przetwornika ultrad\u017awi\u0119kowego\" src=\"https:\/\/www.bjultrasonic.com\/wp-content\/uploads\/2012\/04\/Ultrasonic-Transducer-Naming-Method.png\" alt=\"Metoda nazewnictwa przetwornika ultrad\u017awi\u0119kowego\" width=\"512\" height=\"285\" \/><\/p>\n<p><strong>Przyk\u0142ad: BJ-18 50D-35HN PZT8<\/strong><\/p>\n<table class=\"table table-striped table-bordered\">\n<thead>\n<tr>\n<th align=\"left\">Sk\u0142adnik<\/th>\n<th align=\"left\">Opis<\/th>\n<th align=\"left\">Przyk\u0142ad<\/th>\n<\/tr>\n<\/thead>\n<tbody>\n<tr>\n<td align=\"left\">BJ<\/td>\n<td align=\"left\">Kod przedsi\u0119biorstwa<\/td>\n<td align=\"left\">BJ<\/td>\n<\/tr>\n<tr>\n<td align=\"left\">C<\/td>\n<td align=\"left\">Zastosowanie, &#8222;Czyszczenie&#8221;<\/td>\n<td align=\"left\">C<\/td>\n<\/tr>\n<tr>\n<td align=\"left\">18<\/td>\n<td align=\"left\">Cz\u0119stotliwo\u015b\u0107 w KHz<\/td>\n<td align=\"left\">18<\/td>\n<\/tr>\n<tr>\n<td align=\"left\">50<\/td>\n<td align=\"left\">Moc w Watach<\/td>\n<td align=\"left\">50<\/td>\n<\/tr>\n<tr>\n<td align=\"left\">D<\/td>\n<td align=\"left\">Liczba ceramik piezoelektrycznych<\/td>\n<td align=\"left\">D<\/td>\n<\/tr>\n<tr>\n<td align=\"left\">35<\/td>\n<td align=\"left\">\u015arednica ceramiki piezoelektrycznej<\/td>\n<td align=\"left\">35<\/td>\n<\/tr>\n<tr>\n<td align=\"left\">H<\/td>\n<td align=\"left\">Kszta\u0142t przetwornika<\/td>\n<td align=\"left\">H<\/td>\n<\/tr>\n<tr>\n<td align=\"left\">N<\/td>\n<td align=\"left\">Cecha specjalna, &#8222;Bez otworu&#8221;<\/td>\n<td align=\"left\">N<\/td>\n<\/tr>\n<tr>\n<td align=\"left\">PZT8<\/td>\n<td align=\"left\">Typ ceramiki piezoelektrycznej<\/td>\n<td align=\"left\">PZT8<\/td>\n<\/tr>\n<\/tbody>\n<\/table>\n<p>Ten szczeg\u00f3\u0142owy kod pozwala na precyzyjn\u0105 identyfikacj\u0119 cech przetwornika. Nale\u017cy zauwa\u017cy\u0107, \u017ce konkretne konwencje nazewnicze mog\u0105 si\u0119 r\u00f3\u017cni\u0107 w zale\u017cno\u015bci od producenta.<\/p>\n<p><iframe loading=\"lazy\" title=\"20KHz 25KHz 28KHz 60KHz Piezo Ultrasonic Transducer for Cleaning\" width=\"500\" height=\"281\" src=\"https:\/\/www.youtube.com\/embed\/JdWn_Q0bJgc?feature=oembed\" frameborder=\"0\" allow=\"accelerometer; autoplay; clipboard-write; encrypted-media; gyroscope; picture-in-picture; web-share\" referrerpolicy=\"strict-origin-when-cross-origin\" allowfullscreen><\/iframe><\/p>\n<h3>3. Jak to dzia\u0142a?<\/h3>\n<p>Podstawow\u0105 funkcj\u0105 przetwornika ultrad\u017awi\u0119kowego jest konwersja energii mi\u0119dzy form\u0105 elektryczn\u0105 a akustyczn\u0105. Proces tej konwersji opiera si\u0119 na efekcie piezoelektrycznym. Oto rozbicie:<\/p>\n<p><strong>Element piezoelektryczny:<\/strong> W sercu przetwornika znajduje si\u0119 <a href=\"https:\/\/www.bjultrasonic.com\/pl\/category\/piezoelectric-ceramic-pl\/\">element piezoelektryczny<\/a>, wykonany z materia\u0142\u00f3w takich jak PZT (tytanian cyrkonianu o\u0142owiu). Kiedy przy\u0142o\u017cone jest przemienne pole elektryczne, materia\u0142 piezoelektryczny rozszerza si\u0119 i kurczy.<\/p>\n<p><strong>Generowanie fali d\u017awi\u0119kowej:<\/strong> Rozszerzanie i kurczenie elementu piezoelektrycznego tworzy mechaniczne fale ci\u015bnienia, kt\u00f3re s\u0105 falami d\u017awi\u0119kowymi.<\/p>\n<p><strong>Kontrola kierunkowa:<\/strong> Aby skupi\u0107 fale d\u017awi\u0119kowe w okre\u015blonym kierunku, kluczowy jest projekt przetwornika.<\/p>\n<ul>\n<li><strong>Warstwa Podporowa:<\/strong> Ta warstwa, zazwyczaj wykonana z g\u0119stych, d\u017awi\u0119koch\u0142onnych materia\u0142\u00f3w, takich jak polimery nape\u0142nione wolframem, zapobiega rozprzestrzenianiu si\u0119 d\u017awi\u0119ku w przeciwnym kierunku. Warstw\u0119 podporow\u0105 mo\u017cna starannie zaprojektowa\u0107 z okre\u015blonymi kszta\u0142tami, aby zapewni\u0107 ca\u0142kowite poch\u0142anianie fal.<\/li>\n<li><strong>Warstwa Dopasowuj\u0105ca:<\/strong> Ta warstwa, cz\u0119sto jedna lub wi\u0119cej warstw o po\u015bredniej impedancji akustycznej, znajduje si\u0119 pomi\u0119dzy elementem piezoelektrycznym a o\u015brodkiem, w kt\u00f3rym b\u0119dzie propagowa\u0107 si\u0119 d\u017awi\u0119k. Pomaga ona zmaksymalizowa\u0107 transfer energii akustycznej poprzez redukcj\u0119 odbi\u0107, podobnie jak pow\u0142oka antyrefleksyjna na szkle.<\/li>\n<\/ul>\n<p>Poprzez kontrol\u0119 tych element\u00f3w, przetwornik skutecznie przekszta\u0142ca energi\u0119 elektryczn\u0105 w skupione ultrad\u017awi\u0119kowe fale d\u017awi\u0119kowe, a nast\u0119pnie z powrotem w energi\u0119 elektryczn\u0105.<\/p>\n<p><iframe loading=\"lazy\" title=\"High Power Piezoelectric Ultrasonic Transducer - Beijing Ultrasonic\" width=\"500\" height=\"281\" src=\"https:\/\/www.youtube.com\/embed\/TBLGTvZgOw4?feature=oembed\" frameborder=\"0\" allow=\"accelerometer; autoplay; clipboard-write; encrypted-media; gyroscope; picture-in-picture; web-share\" referrerpolicy=\"strict-origin-when-cross-origin\" allowfullscreen><\/iframe><\/p>\n<h3>4. Proces Wi\u0105zania Przetwornika Piezoelektrycznego Ultrad\u017awi\u0119kowego<\/h3>\n<p>Proces wi\u0105zania jest kluczowy dla wydajno\u015bci i trwa\u0142o\u015bci piezoelektrycznego przetwornika ultrad\u017awi\u0119kowego. Poni\u017cej przedstawiono kluczowe kroki i kwestie do rozwa\u017cenia:<\/p>\n<table class=\"table table-striped table-bordered\">\n<thead>\n<tr>\n<th align=\"left\"><strong>Krok<\/strong><\/th>\n<th align=\"left\"><strong>Opis<\/strong><\/th>\n<th align=\"left\"><strong>Znaczenie<\/strong><\/th>\n<\/tr>\n<\/thead>\n<tbody>\n<tr>\n<td align=\"left\">Wyb\u00f3r Kleju<\/td>\n<td align=\"left\">Wybierz klej o niskim skurczu utwardzania i niskiej rozszerzalno\u015bci cieplnej, aby zminimalizowa\u0107 napr\u0119\u017cenia w elemencie piezoelektrycznym. Powszechnie stosuje si\u0119 kleje epoksydowe (typu A+B).<\/td>\n<td align=\"left\">Zmniejsza napr\u0119\u017cenia i zwi\u0119ksza niezawodno\u015b\u0107 przetwornika.<\/td>\n<\/tr>\n<tr>\n<td align=\"left\">Przygotowanie Powierzchni<\/td>\n<td align=\"left\">Piaskuj powierzchni\u0119 do wi\u0105zania, aby zwi\u0119kszy\u0107 wytrzyma\u0142o\u015b\u0107 przyczepno\u015bci. Nast\u0119pnie oczy\u015b\u0107 powierzchni\u0119 acetonem lub alkoholem.<\/td>\n<td align=\"left\">Zapewnia silne po\u0142\u0105czenie mi\u0119dzy elementem piezoelektrycznym a korpusem przetwornika.<\/td>\n<\/tr>\n<tr>\n<td align=\"left\">Wyr\u00f3wnanie<\/td>\n<td align=\"left\">Zapewnij korekt\u0119 pionow\u0105 podczas wi\u0105zania z u\u017cyciem procesu gwo\u017adziowania. Zapobiega to nier\u00f3wnomiernemu rozk\u0142adowi nacisku na element piezoelektryczny podczas wi\u0105zania.<\/td>\n<td align=\"left\">Zapewnia r\u00f3wnomiern\u0105 wydajno\u015b\u0107 elementu piezoelektrycznego.<\/td>\n<\/tr>\n<tr>\n<td align=\"left\">Obci\u0105\u017cenie Wst\u0119pnym Napr\u0119\u017ceniem<\/td>\n<td align=\"left\">Zastosuj kontrolowane napr\u0119\u017cenie wst\u0119pne podczas utwardzania z precyzyjn\u0105 sp\u00f3jno\u015bci\u0105. Pomaga to utrzyma\u0107 po\u017c\u0105dane w\u0142a\u015bciwo\u015bci mechaniczne i elektryczne dla najlepszej wydajno\u015bci akustycznej.<\/td>\n<td align=\"left\">Poprawia d\u0142ugoterminow\u0105 stabilno\u015b\u0107 i wydajno\u015b\u0107 konwersji.<\/td>\n<\/tr>\n<tr>\n<td align=\"left\">Kontrola Impedancji<\/td>\n<td align=\"left\">Wdro\u017cenie kontroli impedancji podczas procesu wi\u0105zania, aby zminimalizowa\u0107 impedancj\u0119 przetwornika i poprawi\u0107 konwersj\u0119 elektroakustyczn\u0105.<\/td>\n<td align=\"left\">Optymalizuje transfer energii i og\u00f3ln\u0105 wydajno\u015b\u0107 przetwornika.<\/td>\n<\/tr>\n<tr>\n<td align=\"left\">Test Impedancji<\/td>\n<td align=\"left\">Po utwardzeniu przeprowad\u017a test impedancji, aby zweryfikowa\u0107 sp\u00f3jno\u015b\u0107 i integralno\u015b\u0107 wi\u0105zania, zapewniaj\u0105c r\u00f3wnomierne obci\u0105\u017cenie energetyczne wszystkich po\u0142\u0105czonych cz\u0119\u015bci.<\/td>\n<td align=\"left\">Gwarantuje sp\u00f3jn\u0105 wydajno\u015b\u0107 mi\u0119dzy przetwornikami i minimalizuje potencjalne wady wydajno\u015bci.<\/td>\n<\/tr>\n<tr>\n<td align=\"left\">Okablowanie i Izolacja<\/td>\n<td align=\"left\">U\u017cyj elastycznych przewod\u00f3w elektrodowych i bezpiecznych, niezawodnych metod spawania. Wzmocnij izolacj\u0119, aby zapobiec zwarciom elektrycznym.<\/td>\n<td align=\"left\">Zapobiega awariom mechanicznym i usterkom elektrycznym.<\/td>\n<\/tr>\n<tr>\n<td align=\"left\">Test Izolacji<\/td>\n<td align=\"left\">Przeprowad\u017a test izolacji po okablowaniu, aby zapobiec jakiemukolwiek ryzyku zwarcia elektrycznego lub uszkodzenia.<\/td>\n<td align=\"left\">Zapewnia bezpiecze\u0144stwo i niezawodno\u015b\u0107 przetwornika.<\/td>\n<\/tr>\n<tr>\n<td align=\"left\">Debugowanie<\/td>\n<td align=\"left\">Debuguj maszyn\u0119 w gor\u0105cej wodzie (40-60\u00b0C) i utrzymuj temperatur\u0119 poni\u017cej 80\u00b0C podczas pracy.<\/td>\n<td align=\"left\">Minimalizuje ryzyka zwi\u0105zane z wysokimi temperaturami pracy.<\/td>\n<\/tr>\n<\/tbody>\n<\/table>\n<h3><img loading=\"lazy\" decoding=\"async\" class=\"alignnone size-full wp-image-5528\" src=\"\/\/www.bjultrasonic.com\/wp-content\/uploads\/2012\/04\/Bonding-Process-of-Piezoelectric-Ultrasonic-Transducer-Glue.jpg\" alt=\"Proces Wi\u0105zania Przetwornika Piezoelektrycznego Ultrad\u017awi\u0119kowego \" width=\"620\" height=\"465\" \/><\/h3>\n<h3>5. Dob\u00f3r Cz\u0119stotliwo\u015bci<\/h3>\n<p>Wyb\u00f3r odpowiedniej cz\u0119stotliwo\u015bci roboczej zale\u017cy od konkretnej aplikacji oraz charakteru materia\u0142\u00f3w lub obiekt\u00f3w poddawanych obr\u00f3bce.<\/p>\n<table class=\"table table-striped table-bordered\">\n<thead>\n<tr>\n<th align=\"left\"><strong>Zakres Cz\u0119stotliwo\u015bci<\/strong><\/th>\n<th align=\"left\"><strong>Charakterystyka<\/strong><\/th>\n<th align=\"left\"><strong>Typowe Zastosowania<\/strong><\/th>\n<\/tr>\n<\/thead>\n<tbody>\n<tr>\n<td align=\"left\"><strong>Niska (17-23 kHz)<\/strong><\/td>\n<td align=\"left\">Generuje wi\u0119ksze p\u0119cherzyki kawitacyjne; bardziej skuteczna na ci\u0119\u017ckich zabrudzeniach i trwa\u0142ych obiektach.<\/td>\n<td align=\"left\">Sektor magnetyczny, konserwacja pojazd\u00f3w, przemys\u0142 tekstylny.<\/td>\n<\/tr>\n<tr>\n<td align=\"left\"><strong>\u015arednia (25-28 kHz)<\/strong><\/td>\n<td align=\"left\">Zapewnia r\u00f3wnowag\u0119 mi\u0119dzy si\u0142\u0105 czyszczenia a wra\u017cliwo\u015bci\u0105 powierzchni; skuteczna na umiarkowanych zabrudzeniach.<\/td>\n<td align=\"left\">Wi\u0119kszo\u015b\u0107 obr\u00f3bki mechanicznej, galwanizacja, przemys\u0142 spo\u017cywczy.<\/td>\n<\/tr>\n<tr>\n<td align=\"left\"><strong>Wysoka (33-60 kHz)<\/strong><\/td>\n<td align=\"left\">Tworzy mniejsze p\u0119cherzyki kawitacyjne; idealna do delikatnego czyszczenia precyzyjnych cz\u0119\u015bci i powierzchni.<\/td>\n<td align=\"left\">Cz\u0119\u015bci precyzyjne, szk\u0142o, soczewki, komponenty elektroniczne, p\u0142ytki drukowane.<\/td>\n<\/tr>\n<tr>\n<td align=\"left\"><strong>Ultra Wysoka (68-200 kHz)<\/strong><\/td>\n<td align=\"left\">Wytwarza najmniejsze p\u0119cherzyki kawitacyjne o niskim wp\u0142ywie fizycznym i ekstremalnie wysokim poziomie czyszczenia.<\/td>\n<td align=\"left\">Materia\u0142y wysokiej czu\u0142o\u015bci, mikrofluidyka i zastosowania biomedyczne.<\/td>\n<\/tr>\n<\/tbody>\n<\/table>\n<p>Podsumowuj\u0105c, niskie cz\u0119stotliwo\u015bci lepiej nadaj\u0105 si\u0119 do usuwania du\u017cych zanieczyszcze\u0144, natomiast wy\u017csze cz\u0119stotliwo\u015bci s\u0105 lepsze do precyzyjnego czyszczenia.<\/p>\n<p>Przetworniki ultrad\u017awi\u0119kowe to wszechstronne urz\u0105dzenia o szerokim zakresie zastosowa\u0144, dzi\u0119ki ich zdolno\u015bci do zamiany energii elektrycznej na drgania mechaniczne i odwrotnie. Zrozumienie r\u00f3\u017cnych klasyfikacji, konwencji nazewnictwa, zasad dzia\u0142ania, proces\u00f3w \u0142\u0105czenia oraz kryteri\u00f3w doboru cz\u0119stotliwo\u015bci ma kluczowe znaczenie dla wyboru i wykorzystania odpowiedniego przetwornika w danej aplikacji. Wykorzystanie materia\u0142\u00f3w piezoelektrycznych, w po\u0142\u0105czeniu z precyzyjnym projektowaniem i technikami \u0142\u0105czenia, umo\u017cliwia efektywne generowanie i manipulowanie falami ultrad\u017awi\u0119kowymi, co sprawia, \u017ce te przetworniki s\u0105 nieocenione w licznych bran\u017cach.<\/p>\n","protected":false},"excerpt":{"rendered":"<p>Przetwornik ultrad\u017awi\u0119kowy to urz\u0105dzenie, kt\u00f3re przekszta\u0142ca energi\u0119 z jednej formy w drug\u0105, konkretnie mi\u0119dzy energi\u0105 elektryczn\u0105 a energi\u0105 akustyczn\u0105 (d\u017awi\u0119kow\u0105) o cz\u0119stotliwo\u015bciach ultrad\u017awi\u0119kowych \u2014 cz\u0119stotliwo\u015bciach powy\u017cej zakresu s\u0142yszenia cz\u0142owieka (zazwyczaj powy\u017cej 20 kHz). M\u00f3wi\u0105c pro\u015bciej, jest to urz\u0105dzenie, kt\u00f3re mo\u017ce generowa\u0107 i odbiera\u0107 fale d\u017awi\u0119kowe o cz\u0119stotliwo\u015bciach nies\u0142yszalnych dla cz\u0142owieka. 1. Klasyfikacja Przetworniki ultrad\u017awi\u0119kowe s\u0105<\/p>\n","protected":false},"author":1,"featured_media":1326,"parent":0,"menu_order":0,"comment_status":"closed","ping_status":"closed","template":"","meta":{"footnotes":""},"class_list":["post-72706","page","type-page","status-publish","has-post-thumbnail","hentry","prodpage-classic"],"aioseo_notices":[],"_links":{"self":[{"href":"https:\/\/www.bjultrasonic.com\/pl\/wp-json\/wp\/v2\/pages\/72706","targetHints":{"allow":["GET"]}}],"collection":[{"href":"https:\/\/www.bjultrasonic.com\/pl\/wp-json\/wp\/v2\/pages"}],"about":[{"href":"https:\/\/www.bjultrasonic.com\/pl\/wp-json\/wp\/v2\/types\/page"}],"author":[{"embeddable":true,"href":"https:\/\/www.bjultrasonic.com\/pl\/wp-json\/wp\/v2\/users\/1"}],"replies":[{"embeddable":true,"href":"https:\/\/www.bjultrasonic.com\/pl\/wp-json\/wp\/v2\/comments?post=72706"}],"version-history":[{"count":0,"href":"https:\/\/www.bjultrasonic.com\/pl\/wp-json\/wp\/v2\/pages\/72706\/revisions"}],"wp:featuredmedia":[{"embeddable":true,"href":"https:\/\/www.bjultrasonic.com\/pl\/wp-json\/wp\/v2\/media\/1326"}],"wp:attachment":[{"href":"https:\/\/www.bjultrasonic.com\/pl\/wp-json\/wp\/v2\/media?parent=72706"}],"curies":[{"name":"wp","href":"https:\/\/api.w.org\/{rel}","templated":true}]}}