{"id":72726,"date":"2022-06-09T02:42:02","date_gmt":"2022-06-09T07:42:02","guid":{"rendered":"https:\/\/www.bjultrasonic.com\/ultrasonic-cleaners-technical-specification\/"},"modified":"2026-03-12T09:31:19","modified_gmt":"2026-03-12T14:31:19","slug":"ultrasonic-cleaners-technical-specification","status":"publish","type":"page","link":"https:\/\/www.bjultrasonic.com\/pl\/ultrasonic-cleaners-technical-specification\/","title":{"rendered":"Przegl\u0105d techniczny czyszczarki ultrad\u017awi\u0119kowej"},"content":{"rendered":"<p><a href=\"https:\/\/www.bjultrasonic.com\/pl\/category\/ultrasonic-cleaning-system-pl\/\">Czyszczenie ultrad\u017awi\u0119kowe<\/a> to wysoce efektywna metoda usuwania zanieczyszcze\u0144 z szerokiej gamy przedmiot\u00f3w. Wykorzystuje fale d\u017awi\u0119kowe o wysokiej cz\u0119stotliwo\u015bci, nies\u0142yszalne dla ludzkiego ucha, do agitatowania roztworu czyszcz\u0105cego. To mieszanie tworzy silne dzia\u0142anie czyszcz\u0105ce, kt\u00f3re mo\u017ce dotrze\u0107 nawet do najbardziej skomplikowanych i trudno dost\u0119pnych obszar\u00f3w, skutecznie usuwaj\u0105c zanieczyszczenia takie jak t\u0142uszcz, kurz, ple\u015b\u0144, rdza, odciski palc\u00f3w, grzyby, sadza i bakterie. Ta metoda jest odpowiednia dla r\u00f3\u017cnych materia\u0142\u00f3w, w tym szk\u0142a, metali, ceramiki, tworzyw sztucznych i gumy, co czyni j\u0105 wszechstronnym rozwi\u0105zaniem czyszcz\u0105cym do r\u00f3\u017cnorodnych zastosowa\u0144.<\/p>\n<h3>1. Mechanizm czyszczenia ultrad\u017awi\u0119kowego<\/h3>\n<p>Czyszczenie ultrad\u017awi\u0119kowe dzia\u0142a poprzez generowanie fal kompresji i rozrzedzenia w cieczy za pomoc\u0105 <a href=\"https:\/\/www.bjultrasonic.com\/pl\/category\/ultrasonic-transducer-pl\/\">przetwornik\u00f3w piezoelektrycznych<\/a>. Te przetworniki, zazwyczaj wykonane z materia\u0142u piezoceramicznego, s\u0105 przymocowane do boku lub spodu zbiornika ze stali nierdzewnej. Po przy\u0142o\u017ceniu sygna\u0142u elektrycznego przetworniki szybko wibruj\u0105, powoduj\u0105c ruch \u015bcian zbiornika i tworz\u0105c fale ci\u015bnienia w cieczy. Ten proces generuje male\u0144kie puste przestrzenie (kawitacje), kt\u00f3re rosn\u0105 i gwa\u0142townie zapadaj\u0105 si\u0119 z powodu ci\u0105g\u0142ych fluktuacji ci\u015bnienia. Zapadanie si\u0119 tych kawitacji tworzy zlokalizowane wysokie temperatury (do 5000\u00b0C) i pot\u0119\u017cne strumienie cieczy, kt\u00f3re skutecznie usuwaj\u0105 brud z zanurzonych przedmiot\u00f3w.<\/p>\n<table class=\"table table-striped table-bordered\">\n<thead>\n<tr>\n<th>Krok procesu<\/th>\n<th>Opis<\/th>\n<\/tr>\n<\/thead>\n<tbody>\n<tr>\n<td><strong>Wzbudzenie przetwornika<\/strong><\/td>\n<td>Sygna\u0142 elektryczny przy\u0142o\u017cony do przetwornik\u00f3w powoduje ich szybkie wibracje.<\/td>\n<\/tr>\n<tr>\n<td><strong>Generowanie fal<\/strong><\/td>\n<td>Wibracje przetwornik\u00f3w tworz\u0105 fale kompresji i rozrzedzenia w cieczy.<\/td>\n<\/tr>\n<tr>\n<td><strong>Kawitacja<\/strong><\/td>\n<td>Fale ci\u015bnienia tworz\u0105 puste przestrzenie (kawitacje), kt\u00f3re rosn\u0105 i gwa\u0142townie zapadaj\u0105 si\u0119.<\/td>\n<\/tr>\n<tr>\n<td><strong>Dzia\u0142anie czyszcz\u0105ce<\/strong><\/td>\n<td>Zapadanie si\u0119 kawitacji generuje zlokalizowane wysokie temperatury i pot\u0119\u017cne strumienie cieczy, kt\u00f3re usuwaj\u0105 brud.<\/td>\n<\/tr>\n<\/tbody>\n<\/table>\n<p>Aby wzmocni\u0107 proces czyszczenia, do roztworu czyszcz\u0105cego zazwyczaj dodaje si\u0119 detergenty lub myd\u0142a. Podgrzewanie cieczy mo\u017ce r\u00f3wnie\u017c poprawi\u0107 skuteczno\u015b\u0107 \u015brodk\u00f3w czyszcz\u0105cych i usun\u0105\u0107 ewentualne kieszenie powietrzne, zaleca si\u0119 temperatury do 80% punktu wrzenia. Czyszczone przedmioty zazwyczaj umieszcza si\u0119 w koszu, a nie bezpo\u015brednio w zbiorniku, aby zapobiec uszkodzeniom.<\/p>\n<p><iframe loading=\"lazy\" title=\"Degreasing And Derusting With Ultrasonic Cleaning Tanks\" width=\"500\" height=\"281\" src=\"https:\/\/www.youtube.com\/embed\/OXiEKC74BYw?feature=oembed\" frameborder=\"0\" allow=\"accelerometer; autoplay; clipboard-write; encrypted-media; gyroscope; picture-in-picture; web-share\" referrerpolicy=\"strict-origin-when-cross-origin\" allowfullscreen><\/iframe><\/p>\n<h3>2. Rodzaje system\u00f3w czyszczenia ultrad\u017awi\u0119kowego<\/h3>\n<p>Systemy czyszczenia ultrad\u017awi\u0119kowego s\u0105 dost\u0119pne w r\u00f3\u017cnych konfiguracjach, aby spe\u0142ni\u0107 r\u00f3\u017cne potrzeby, w tym:<\/p>\n<ul>\n<li><strong>System czyszczenia z jednym zbiornikiem:<\/strong> Odpowiedni do mniejszych ilo\u015bci cz\u0119\u015bci. Zaleca si\u0119 jednostki przemys\u0142owe z oddzielnie obudowanymi generatorami w por\u00f3wnaniu do modeli sto\u0142owych, kt\u00f3re s\u0105 mniej wytrzyma\u0142e i maj\u0105 mniejsze przetworniki. Systemy te s\u0105 idealne dla linii czyszcz\u0105cych prototypowych i laboratoryjnych.<\/li>\n<li><strong>Komercyjne\/Przemys\u0142owe zestawy czyszcz\u0105ce:<\/strong> Wi\u0119ksze zbiorniki s\u0105 zaprojektowane do zastosowa\u0144 przemys\u0142owych i cz\u0119\u015bci do powlekania, gdzie rozmiar przedmiot\u00f3w mo\u017ce by\u0107 wi\u0119kszy.<\/li>\n<li><strong>Zestaw czyszcz\u0105cy z wieloma zbiornikami:<\/strong> Obejmuje co najmniej trzy zbiorniki: ultrad\u017awi\u0119kowy zbiornik z detergentem, ultrad\u017awi\u0119kowy zbiornik p\u0142ucz\u0105cy i oddzielny zbiornik z p\u0142ukaniem natryskowym. Wiele zbiornik\u00f3w pozwala na jednoczesne czyszczenie wielu cz\u0119\u015bci, z funkcjami takimi jak automatyczne odprowadzanie, nape\u0142nianie, filtracja i podgrzewacze cieczy DI. Ten zestaw mo\u017cna dodatkowo ulepszy\u0107 o dodatkowe ultrad\u017awi\u0119kowe zbiorniki p\u0142ucz\u0105ce i natryskowe.<\/li>\n<li><strong>Automatyczne systemy czyszcz\u0105ce:<\/strong> Zautomatyzowane systemy zapewniaj\u0105 sp\u00f3jne warunki czyszczenia dla ka\u017cdej partii, eliminuj\u0105c niesp\u00f3jno\u015bci zwi\u0105zane z procesami r\u0119cznymi.<\/li>\n<\/ul>\n<div class=\"woocommerce columns-6\"><\/div>\n<h3>3. Dlaczego warto wybra\u0107 czyszczenie ultrad\u017awi\u0119kowe?<\/h3>\n<p>Czyszczenie ultrad\u017awi\u0119kowe jest przyjazne dla \u015brodowiska i stanowi skuteczn\u0105 alternatyw\u0119 dla tradycyjnych metod odt\u0142uszczania parowego. Dzia\u0142anie strumieniowe mo\u017ce dotrze\u0107 g\u0142\u0119boko do skomplikowanych szczelin i powierzchni niedost\u0119pnych dla innych metod czyszczenia. Systemy automatycznego podawania, natryski strumieniowe i separatory oleju mog\u0105 by\u0107 zintegrowane, aby dodatkowo usprawni\u0107 proces.<\/p>\n<h3>4. Zastosowania czyszczenia ultrad\u017awi\u0119kowego<\/h3>\n<p>Czyszczenie ultrad\u017awi\u0119kowe jest stosowane w r\u00f3\u017cnych bran\u017cach ze wzgl\u0119du na swoj\u0105 skuteczno\u015b\u0107 i wydajno\u015b\u0107. Oto kilka kluczowych zastosowa\u0144:<\/p>\n<h4>4.1. Bran\u017ca wydawnicza i poligraficzna<\/h4>\n<p>Czyszczenie ultrad\u017awi\u0119kowe jest wysoce skuteczne w przemy\u015ble poligraficznym, szczeg\u00f3lnie do czyszczenia ceramicznych wa\u0142k\u00f3w aniloksowych, gdzie konwencjonalne metody nie docieraj\u0105 do male\u0144kich wg\u0142\u0119bie\u0144. Na przyk\u0142ad system firmy Beijing Ultrasonic mo\u017ce jednocze\u015bnie czy\u015bci\u0107 do 12 wa\u0142k\u00f3w. Kluczowe cechy obejmuj\u0105 zmian\u0119 cz\u0119stotliwo\u015bci (frequency sweep), gdzie cz\u0119stotliwo\u015b\u0107 jest stale zmieniana, aby zapewni\u0107 r\u00f3wnomierny rozk\u0142ad fal d\u017awi\u0119kowych na powierzchni wa\u0142ka, oraz funkcj\u0119 &#8222;Super sweep&#8221;, kt\u00f3ra zwi\u0119ksza pr\u0119dko\u015b\u0107 zmiany cz\u0119stotliwo\u015bci i zapewnia dok\u0142adne i delikatne czyszczenie.<\/p>\n<p><img loading=\"lazy\" decoding=\"async\" class=\"alignnone size-full wp-image-1597\" src=\"\/\/www.bjultrasonic.com\/wp-content\/uploads\/2013\/05\/publishing-and-printing-business.jpg\" alt=\"bran\u017ca wydawnicza i poligraficzna\" width=\"650\" height=\"300\" \/><\/p>\n<h4>4.2. Bran\u017ca medyczna i kliniczna<\/h4>\n<p>Czyszczenie ultrad\u017awi\u0119kowe jest niezb\u0119dne w medycynie do czyszczenia sprz\u0119tu chirurgicznego, rurek endoskopowych, implant\u00f3w ortopedycznych, soczewek i igie\u0142 podsk\u00f3rnych. Skuteczne czyszczenie jest kluczowe dla udanej sterylizacji. Chocia\u017c czyszczenie ultrad\u017awi\u0119kowe nie sterylizuje, skutecznie usuwa zanieczyszczenia. Typowy proces obejmuje wst\u0119pne mycie, mycie ultrad\u017awi\u0119kowe, kaskadowe p\u0142ukanie i suszenie no\u017cowe gor\u0105cym powietrzem.<\/p>\n<p><img loading=\"lazy\" decoding=\"async\" class=\"alignnone size-full wp-image-1598\" title=\"bran\u017ca medyczna i kliniczna\" src=\"\/\/www.bjultrasonic.com\/wp-content\/uploads\/2013\/05\/medicinal-and-clinical-industry.jpg\" alt=\"bran\u017ca medyczna i kliniczna\" width=\"650\" height=\"320\" \/><\/p>\n<h4>4.3. Czyszczenie implant\u00f3w stomatologicznych i ortopedycznych<\/h4>\n<p>W przypadku implant\u00f3w ortopedycznych precyzyjne czyszczenie ma kluczowe znaczenie, a systemy ultrad\u017awi\u0119kowe s\u0105 zaprojektowane tak, aby dok\u0142adnie usuwa\u0107 kurz, oleje i zwi\u0105zki. Dost\u0119pne s\u0105 systemy wielostopniowe z funkcjami automatycznymi i p\u00f3\u0142automatycznymi, spe\u0142niaj\u0105ce okre\u015blone wymagania, obejmuj\u0105ce procesy takie jak: wst\u0119pne mycie z filtrami powierzchniowymi i turbinowymi, mycie ultrad\u017awi\u0119kowe, kaskadowe p\u0142ukanie oraz suszenie no\u017cowe.<\/p>\n<p><img loading=\"lazy\" decoding=\"async\" class=\" wp-image-1599 alignnone\" title=\"Dental and Orthopedic Insertion and Implant Cleaning\" src=\"\/\/www.bjultrasonic.com\/wp-content\/uploads\/2013\/05\/Dental-and-Orthopedic-Insertion-and-Implant-Cleaning.png\" alt=\"Dental and Orthopedic Insertion and Implant Cleaning\" width=\"650\" height=\"323\" \/><\/p>\n<h4>4.4. Przemys\u0142 zbrojeniowy i artyleryjski<\/h4>\n<p>Czyszczenie ultrad\u017awi\u0119kowe jest wysoce skuteczne w przypadku broni palnej, usuwaj\u0105c nagar, oleje, produkty uboczne spalonego prochu oraz zanieczyszczenia o\u0142owiem\/miedzi\u0105. Jest bardziej efektywne ni\u017c czyszczenie r\u0119czne i czy\u015bci zar\u00f3wno powierzchnie wewn\u0119trzne, jak i zewn\u0119trzne. Systemy obejmuj\u0105 \u015brodki hydrauliczne i specjalne roztwory do usuwania pozosta\u0142o\u015bci, pozostawiaj\u0105c bro\u0144 jak now\u0105. Beijing Ultrasonic jest liderem w wykorzystaniu tej technologii w Chinach.<\/p>\n<p><img loading=\"lazy\" decoding=\"async\" class=\"alignnone size-full wp-image-1600\" src=\"\/\/www.bjultrasonic.com\/wp-content\/uploads\/2013\/05\/Armor-and-artillery-Industry.jpg\" alt=\"Armor and artillery Industry\" width=\"650\" height=\"286\" \/><\/p>\n<h4>4.5. Przemys\u0142 motoryzacyjny i samochodowy<\/h4>\n<p>Czyszczenie ultrad\u017awi\u0119kowe jest wykorzystywane do czyszczenia cz\u0119\u015bci samochodowych, takich jak t\u0142oki, wa\u0142y korbowe, \u0142o\u017cyska, ko\u0142a z\u0119bate, wtryskiwacze paliwa i elementy klimatyzacji. Projekt tych system\u00f3w uwzgl\u0119dnia rodzaj zanieczyszcze\u0144, wymagany poziom czysto\u015bci, ilo\u015b\u0107 cz\u0119\u015bci, kszta\u0142t, materia\u0142 oraz og\u00f3ln\u0105 wydajno\u015b\u0107 produkcyjn\u0105. Standardowe systemy obejmuj\u0105 etapy czyszczenia, p\u0142ukania i suszenia. Obs\u0142uga cz\u0119\u015bci ma kluczowe znaczenie, aby unikn\u0105\u0107 uwi\u0119zienia powietrza, zapewniaj\u0105c skuteczny dost\u0119p roztworu czyszcz\u0105cego do wszystkich powierzchni.<\/p>\n<p><img loading=\"lazy\" decoding=\"async\" class=\"alignnone size-full wp-image-1602\" src=\"\/\/www.bjultrasonic.com\/wp-content\/uploads\/2013\/05\/Car-and-Automotive-Industry.jpg\" alt=\"Car and Automotive Industry\" width=\"650\" height=\"316\" \/><\/p>\n<h4>4.6. Przemys\u0142 bi\u017cuterii, ozd\u00f3b i artefakt\u00f3w<\/h4>\n<p>Czyszczarki ultrad\u017awi\u0119kowe s\u0105 idealne do czyszczenia bi\u017cuterii, okular\u00f3w i soczewek. Wykorzystuj\u0105 wod\u0119 z mieszank\u0105 czyszcz\u0105c\u0105 do tworzenia milion\u00f3w p\u0119cherzyk\u00f3w, kt\u00f3re docieraj\u0105 do miejsc niedost\u0119pnych dla szczotki. Specjalne funkcje obejmuj\u0105 oddzielne obwody elektryczne dla bezpiecze\u0144stwa, cyfrowe wy\u015bwietlacze czasu oraz uchwyty na zegarki\/bi\u017cuteri\u0119.<\/p>\n<p><iframe loading=\"lazy\" title=\"Digital Ultrasonic Cleaner - Beijing Ultrasonic\" width=\"500\" height=\"281\" src=\"https:\/\/www.youtube.com\/embed\/gVMD-PH8CBo?feature=oembed\" frameborder=\"0\" allow=\"accelerometer; autoplay; clipboard-write; encrypted-media; gyroscope; picture-in-picture; web-share\" referrerpolicy=\"strict-origin-when-cross-origin\" allowfullscreen><\/iframe><\/p>\n<h4>4.7. Przemys\u0142owe czyszczenie wyrob\u00f3w metalowych i mosi\u0119\u017cnych<\/h4>\n<p>Systemy ultrad\u017awi\u0119kowe s\u0105 u\u017cywane do czyszczenia produkt\u00f3w metalowych po polerowaniu, takich jak naczynia kuchenne, krany, \u017cyrandole i instrumenty mosi\u0119\u017cne. Systemy mog\u0105 usuwa\u0107 t\u0142uszcze zwierz\u0119ce i ro\u015blinne oraz proszki polerskie. Cechy systemu obejmuj\u0105 powolne i okr\u0119\u017cne ogrzewanie, cewki ch\u0142odz\u0105ce oraz zautomatyzowane funkcje bezpiecze\u0144stwa.<\/p>\n<p><img loading=\"lazy\" decoding=\"async\" class=\"size-full wp-image-1604 alignnone\" title=\"Hardware and Brassware Industrial Cleaning\" src=\"\/\/www.bjultrasonic.com\/wp-content\/uploads\/2013\/05\/Hardware-and-Brassware-Industrial-Cleaning.jpg\" alt=\"Hardware and Brassware Industrial Cleaning\" width=\"650\" height=\"425\" \/><\/p>\n<h4>4.8. Czyszczenie ko\u0144c\u00f3wek d\u0142ugopis\u00f3w kulkowych<\/h4>\n<p>Czyszczenie ultrad\u017awi\u0119kowe jest jedyn\u0105 niezawodn\u0105 metod\u0105 czyszczenia toczonych produkt\u00f3w, takich jak ko\u0144c\u00f3wki d\u0142ugopis\u00f3w kulkowych. Proces wymaga rotacji i dzia\u0142ania ultrad\u017awi\u0119kowego. Typowy system obejmuje czyszczenie w podgrzanym detergentem, p\u0142ukanie zimn\u0105 i ciep\u0142\u0105 wod\u0105 oraz suszenie ciep\u0142ym powietrzem pod ci\u015bnieniem. System czyszczenia mo\u017ce by\u0107 w pe\u0142ni automatyczny i przyjazny dla \u015brodowiska.<\/p>\n<p><img loading=\"lazy\" decoding=\"async\" class=\"alignnone size-full wp-image-1605\" title=\"Ultrasonic treatment to clean Ballpoint Pen Tip\" src=\"\/\/www.bjultrasonic.com\/wp-content\/uploads\/2013\/05\/Ultrasonic-treatment-to-clean-Ballpoint-Pen-Tip.jpg\" alt=\"Ultrasonic treatment to clean Ballpoint Pen Tip\" width=\"650\" height=\"244\" \/><\/p>\n<p>Technologia czyszczenia ultrad\u017awi\u0119kowego zapewnia wydajne, skuteczne i wszechstronne rozwi\u0105zanie do czyszczenia szerokiej gamy przedmiot\u00f3w w wielu bran\u017cach. Od delikatnych instrument\u00f3w medycznych po du\u017ce cz\u0119\u015bci samochodowe, zastosowanie fal d\u017awi\u0119kowych o wysokiej cz\u0119stotliwo\u015bci zapewnia doskona\u0142\u0105 wydajno\u015b\u0107 czyszczenia, trudn\u0105 do osi\u0105gni\u0119cia tradycyjnymi metodami. Beijing Ultrasonic wyr\u00f3\u017cnia si\u0119 w szczeg\u00f3lno\u015bci zaawansowanymi technologiami, takimi jak zmienna cz\u0119stotliwo\u015b\u0107 i super zmienna cz\u0119stotliwo\u015b\u0107, gwarantuj\u0105c wysokiej jako\u015bci, niezawodne i bezpieczne rozwi\u0105zania czyszcz\u0105ce nawet dla najbardziej wymagaj\u0105cych zastosowa\u0144.<\/p>\n","protected":false},"excerpt":{"rendered":"<p>Czyszczenie ultrad\u017awi\u0119kowe to wysoce efektywna metoda usuwania zanieczyszcze\u0144 z szerokiej gamy przedmiot\u00f3w. Wykorzystuje fale d\u017awi\u0119kowe o wysokiej cz\u0119stotliwo\u015bci, nies\u0142yszalne dla ludzkiego ucha, do agitatowania roztworu czyszcz\u0105cego. To mieszanie tworzy silne dzia\u0142anie czyszcz\u0105ce, kt\u00f3re mo\u017ce dotrze\u0107 nawet do najbardziej skomplikowanych i trudno dost\u0119pnych obszar\u00f3w, skutecznie usuwaj\u0105c zanieczyszczenia takie jak t\u0142uszcz, kurz, ple\u015b\u0144, rdza, odciski palc\u00f3w, grzyby,<\/p>\n","protected":false},"author":1,"featured_media":4843,"parent":0,"menu_order":2,"comment_status":"closed","ping_status":"closed","template":"","meta":{"footnotes":""},"class_list":["post-72726","page","type-page","status-publish","has-post-thumbnail","hentry","prodpage-classic"],"aioseo_notices":[],"_links":{"self":[{"href":"https:\/\/www.bjultrasonic.com\/pl\/wp-json\/wp\/v2\/pages\/72726","targetHints":{"allow":["GET"]}}],"collection":[{"href":"https:\/\/www.bjultrasonic.com\/pl\/wp-json\/wp\/v2\/pages"}],"about":[{"href":"https:\/\/www.bjultrasonic.com\/pl\/wp-json\/wp\/v2\/types\/page"}],"author":[{"embeddable":true,"href":"https:\/\/www.bjultrasonic.com\/pl\/wp-json\/wp\/v2\/users\/1"}],"replies":[{"embeddable":true,"href":"https:\/\/www.bjultrasonic.com\/pl\/wp-json\/wp\/v2\/comments?post=72726"}],"version-history":[{"count":0,"href":"https:\/\/www.bjultrasonic.com\/pl\/wp-json\/wp\/v2\/pages\/72726\/revisions"}],"wp:featuredmedia":[{"embeddable":true,"href":"https:\/\/www.bjultrasonic.com\/pl\/wp-json\/wp\/v2\/media\/4843"}],"wp:attachment":[{"href":"https:\/\/www.bjultrasonic.com\/pl\/wp-json\/wp\/v2\/media?parent=72726"}],"curies":[{"name":"wp","href":"https:\/\/api.w.org\/{rel}","templated":true}]}}