{"id":72746,"date":"2022-09-24T11:05:39","date_gmt":"2022-09-24T16:05:39","guid":{"rendered":"https:\/\/www.bjultrasonic.com\/ultrasonic-generator-technical-specification\/"},"modified":"2026-03-12T09:30:54","modified_gmt":"2026-03-12T14:30:54","slug":"ultrasonic-generator-technical-specification","status":"publish","type":"page","link":"https:\/\/www.bjultrasonic.com\/pl\/ultrasonic-generator-technical-specification\/","title":{"rendered":"Przegl\u0105d techniczny generatora ultrad\u017awi\u0119kowego"},"content":{"rendered":"<p><a href=\"https:\/\/www.bjultrasonic.com\/pl\/category\/ultrasonic-generator-pl\/\">Generatory ultrad\u017awi\u0119kowe<\/a> s\u0105 kluczowym elementem <a href=\"https:\/\/www.bjultrasonic.com\/pl\/category\/ultrasonic-cleaning-system-pl\/\">system\u00f3w czyszczenia ultrad\u017awi\u0119kowego<\/a>, odpowiadaj\u0105cym za przekszta\u0142canie energii elektrycznej w wysokocz\u0119stotliwo\u015bciowe sygna\u0142y elektryczne, kt\u00f3re nap\u0119dzaj\u0105 przetworniki. Te przetworniki nast\u0119pnie zamieniaj\u0105 sygna\u0142y elektryczne na drgania mechaniczne, tworz\u0105c efekt kawitacji w roztworze czyszcz\u0105cym, kt\u00f3ry usuwa zanieczyszczenia. Wydajno\u015b\u0107 i niezawodno\u015b\u0107 generatora ultrad\u017awi\u0119kowego maj\u0105 kluczowe znaczenie dla skutecznego i efektywnego czyszczenia. W tym artykule om\u00f3wimy aspekty techniczne generator\u00f3w ultrad\u017awi\u0119kowych, szczeg\u00f3lnie tych oferowanych przez Beijing Ultrasonic, w tym ich cechy, specyfikacje i procedury regulacji.<\/p>\n<h3>1. Cechy i funkcje generatora ultrad\u017awi\u0119kowego<\/h3>\n<p>Generatory Beijing Ultrasonic s\u0105 zaprojektowane z wykorzystaniem zaawansowanej technologii sterowania mikrokomputerowego, oferuj\u0105c szereg cech i funkcji poprawiaj\u0105cych ich wydajno\u015b\u0107 i niezawodno\u015b\u0107. Kluczow\u0105 cech\u0105 jest automatyczne \u015bledzenie cz\u0119stotliwo\u015bci, umo\u017cliwione dzi\u0119ki cyfrowej syntezie cz\u0119stotliwo\u015bci. Zapewnia to, \u017ce generator zawsze pracuje z cz\u0119stotliwo\u015bci\u0105 najbardziej odpowiedni\u0105 dla pod\u0142\u0105czonego przetwornika, optymalizuj\u0105c proces czyszczenia. Ta funkcja eliminuje potrzeb\u0119 r\u0119cznego strojenia cz\u0119stotliwo\u015bci i zapewnia sp\u00f3jne wyniki czyszczenia.<\/p>\n<p>Ponadto, generatory s\u0105 wyposa\u017cone w kompleksowe mechanizmy zabezpieczaj\u0105ce przed przegrzaniem i nadmiernym pr\u0105dem. Te zabezpieczenia s\u0105 kluczowe dla zapobiegania uszkodzeniom generatora i systemu czyszczenia ultrad\u017awi\u0119kowego, nawet podczas d\u0142ugotrwa\u0142ej pracy. Cyfrowa regulacja mocy ultrad\u017awi\u0119kowej zapewnia elastyczno\u015b\u0107 i efektywno\u015b\u0107 w czyszczeniu r\u00f3\u017cnych rodzaj\u00f3w przedmiot\u00f3w i zanieczyszcze\u0144. Moc wyj\u015bciowa mo\u017ce by\u0107 precyzyjnie kontrolowana od 0% do 100%, zapewniaj\u0105c optymalne czyszczenie bez ryzyka uszkodzenia delikatnych cz\u0119\u015bci.<\/p>\n<p>W generatorze zintegrowany jest r\u00f3wnie\u017c precyzyjny timer, kt\u00f3ry umo\u017cliwia dok\u0142adn\u0105 kontrol\u0119 cyklu czyszczenia i zapobiega zar\u00f3wno niedoczyszczeniu, jak i nadmiernemu czyszczeniu. Ryzyko erozji kawitacyjnej, kt\u00f3re mo\u017ce wyst\u0105pi\u0107 przy d\u0142ugotrwa\u0142ej ekspozycji na ultrad\u017awi\u0119ki, jest ograniczane dzi\u0119ki funkcji timera. Co wi\u0119cej, generator posiada zewn\u0119trzny z\u0142\u0105cze steruj\u0105ce, kt\u00f3re umo\u017cliwia integracj\u0119 z innymi urz\u0105dzeniami steruj\u0105cymi. Na koniec, urz\u0105dzenie posiada wy\u015bwietlacz cz\u0119stotliwo\u015bci, pozwalaj\u0105cy operatorom monitorowa\u0107 cz\u0119stotliwo\u015b\u0107 pracy w czasie rzeczywistym.<\/p>\n<h3>2. Parametry techniczne generatora ultrad\u017awi\u0119kowego<\/h3>\n<p>Generatory Beijing Ultrasonic s\u0105 zaprojektowane z okre\u015blonymi parametrami, aby zapewni\u0107 wydajn\u0105 i niezawodn\u0105 prac\u0119. Napi\u0119cie robocze tych jednostek wynosi 220V \u00b110%, co czyni je kompatybilnymi ze standardowymi \u017ar\u00f3d\u0142ami zasilania. Cz\u0119stotliwo\u015b\u0107 robocza jest dost\u0119pna w r\u00f3\u017cnych zakresach, w tym 28 kHz, 40 kHz, 80 kHz i 135 kHz, ka\u017cda z tolerancj\u0105 \u00b15%.<\/p>\n<p>Pr\u0105d roboczy r\u00f3\u017cni si\u0119 w zale\u017cno\u015bci od mocy wyj\u015bciowej generatora. Poni\u017cej znajduje si\u0119 tabela pokazuj\u0105ca zale\u017cno\u015b\u0107 mi\u0119dzy moc\u0105 wyj\u015bciow\u0105 a pr\u0105dem roboczym:<\/p>\n<table class=\"table table-striped table-bordered\">\n<thead>\n<tr>\n<th align=\"left\">Moc (W)<\/th>\n<th align=\"left\">Pr\u0105d roboczy (A)<\/th>\n<\/tr>\n<\/thead>\n<tbody>\n<tr>\n<td align=\"left\">300<\/td>\n<td align=\"left\">1.2<\/td>\n<\/tr>\n<tr>\n<td align=\"left\">600<\/td>\n<td align=\"left\">2.5<\/td>\n<\/tr>\n<tr>\n<td align=\"left\">900<\/td>\n<td align=\"left\">3.5<\/td>\n<\/tr>\n<tr>\n<td align=\"left\">1200<\/td>\n<td align=\"left\">4.5<\/td>\n<\/tr>\n<tr>\n<td align=\"left\">1500<\/td>\n<td align=\"left\">5-5.5<\/td>\n<\/tr>\n<tr>\n<td align=\"left\">1800<\/td>\n<td align=\"left\">6-6.5<\/td>\n<\/tr>\n<tr>\n<td align=\"left\">2000<\/td>\n<td align=\"left\">6.5-7<\/td>\n<\/tr>\n<tr>\n<td align=\"left\">2400<\/td>\n<td align=\"left\">7.5-8<\/td>\n<\/tr>\n<\/tbody>\n<\/table>\n<p>Wa\u017cne jest, aby pami\u0119ta\u0107, \u017ce urz\u0105dzenia nie nale\u017cy eksploatowa\u0107 ci\u0105gle przy maksymalnym pr\u0105dzie roboczym, aby zapewni\u0107 jego trwa\u0142o\u015b\u0107 i niezawodno\u015b\u0107. Zakres regulacji mocy wynosi od 0 do 100%, zapewniaj\u0105c elastyczno\u015b\u0107 w czyszczeniu r\u00f3\u017cnych rodzaj\u00f3w materia\u0142\u00f3w. Kontrola czasu mo\u017ce by\u0107 ustawiona od 0 do 59 minut i 59 sekund, podczas gdy zakres temperatury otoczenia dla pracy wynosi od 0 do 40 \u00b0C, z zakresem wilgotno\u015bci wzgl\u0119dnej 40%-90%. Generator posiada wewn\u0119trzn\u0105 ochron\u0119 przed przegrzaniem obudowy, kt\u00f3ra aktywuje si\u0119 przy 65 \u00b0C.<\/p>\n<p>Wymiary fizyczne generatora ultrad\u017awi\u0119kowego r\u00f3wnie\u017c r\u00f3\u017cni\u0105 si\u0119 w zale\u017cno\u015bci od jego mocy znamionowej. Dla generator\u00f3w o mocy znamionowej mniejszej ni\u017c 1200W wymiary wynosz\u0105 300mm x 360mm x 160mm (D x S x W). Dla tych o mocy 1500W lub wi\u0119kszej wymiary wynosz\u0105 500mm x 360mm x 160mm.<\/p>\n<h3>3. Opcje generator\u00f3w ultrad\u017awi\u0119kowych od Beijing Ultrasonic<\/h3>\n<p>Beijing Ultrasonic oferuje kompletn\u0105 gam\u0119 generator\u00f3w ultrad\u017awi\u0119kowych, aby sprosta\u0107 r\u00f3\u017cnym wymaganiom czyszczenia. Obejmuje to generatory o mocach wyj\u015bciowych od 300W do 2400W, z cz\u0119stotliwo\u015bciami poni\u017cej 45kHz i powy\u017cej 50 kHz. Dost\u0119pny jest r\u00f3wnie\u017c tr\u00f3jcz\u0119stotliwo\u015bciowy cyfrowy generator ultrad\u017awi\u0119kowy, kt\u00f3ry zapewnia wi\u0119ksz\u0105 elastyczno\u015b\u0107 w czyszczeniu.<\/p>\n<div class=\"woocommerce columns-6\"><\/div>\n<h3>4. Panel przedni generatora ultrad\u017awi\u0119kowego<\/h3>\n<p><img loading=\"lazy\" decoding=\"async\" class=\"alignnone wp-image-1513 size-full\" src=\"https:\/\/www.bjultrasonic.com\/wp-content\/uploads\/2013\/04\/Ultrasonic-Generator-Front-Panel.jpg\" alt=\"Ultrasonic Generator Front Panel\" width=\"661\" height=\"473\" \/><\/p>\n<p>Panel przedni generatora Beijing Ultrasonic jest zaprojektowany z my\u015bl\u0105 o \u0142atwej obs\u0142udze i monitorowaniu. Zawiera okno wy\u015bwietlacza, kt\u00f3re pokazuje warto\u015bci mocy, czasu, warunk\u00f3w pracy oraz wszelkie komunikaty o b\u0142\u0119dach. Przyciski mocy umo\u017cliwiaj\u0105 regulacj\u0119 mocy wyj\u015bciowej, z jednym przyciskiem do zwi\u0119kszania mocy i drugim do jej zmniejszania. Podobnie, przyciski czasu pozwalaj\u0105 u\u017cytkownikowi dostosowa\u0107 czas pracy, z przyciskami do zwi\u0119kszania i zmniejszania.<\/p>\n<p>Na panelu znajduje si\u0119 r\u00f3wnie\u017c przycisk przeszukiwania (sweep), kt\u00f3ry pozwala u\u017cytkownikom wybiera\u0107 mi\u0119dzy normalnym a trybem przeszukiwania cz\u0119stotliwo\u015bci, umo\u017cliwiaj\u0105c r\u00f3\u017cne wzorce czyszczenia. Przycisk w\u0142\u0105cz\/wy\u0142\u0105cz pozwala u\u017cytkownikowi wstrzyma\u0107 i wznowi\u0107 prac\u0119 generatora.<\/p>\n<h3>5. Regulacja cz\u0119stotliwo\u015bci<\/h3>\n<p>Regulacja cz\u0119stotliwo\u015bci jest niezb\u0119dna, aby dopasowa\u0107 moc generatora do cz\u0119stotliwo\u015bci rezonansowej przetwornika. Aby wyregulowa\u0107 cz\u0119stotliwo\u015b\u0107 generatora ultrad\u017awi\u0119kowego Beijing Ultrasonic, nale\u017cy otworzy\u0107 obudow\u0119, aby uzyska\u0107 dost\u0119p do element\u00f3w wewn\u0119trznych. Znajd\u017a niebieski przycisk, kt\u00f3ry pozwala na regulacj\u0119 pr\u0105du, jaki mo\u017ce obs\u0142u\u017cy\u0107 przetwornik. Na przyk\u0142ad, przetwornik 28kHz ma zakres cz\u0119stotliwo\u015bci od 27kHz do 31kHz, podczas gdy przetwornik 40kHz ma zakres od 38kHz do 42kHz.<\/p>\n<p><img loading=\"lazy\" decoding=\"async\" class=\"wp-image-1515 size-full\" title=\"Ultrasonic Generator Frequency Adjustment\" src=\"https:\/\/www.bjultrasonic.com\/wp-content\/uploads\/2013\/04\/Ultrasonic-Generator-Frequency-Adjustment.jpg\" alt=\"Ultrasonic Generator Frequency Adjustment\" width=\"199\" height=\"144\" \/><\/p>\n<h3>6. Regulacja pr\u0105du<\/h3>\n<p>Regulacja pr\u0105du jest kluczowa dla zapewnienia optymalnej wydajno\u015bci i zapobiegania uszkodzeniom generatora. Generatory ultrad\u017awi\u0119kowe Beijing Ultrasonic wykorzystuj\u0105 system sterowany komputerowo do debugowania. Poni\u017cej znajduj\u0105 si\u0119 kroki regulacji pr\u0105du:<\/p>\n<ol>\n<li>Pod\u0142\u0105cz zasilanie.<\/li>\n<li>Pod\u0142\u0105cz amperomierz o pojemno\u015bci 10A do zacisku doprowadzaj\u0105cego zasilanie.<\/li>\n<li>W\u0142\u0105cz zasilanie i sprawd\u017a odczyt amperomierza. Dla generatora 1200W odczyt powinien by\u0107 mniejszy ni\u017c 5A.<\/li>\n<li>Wy\u015bwietl cz\u0119stotliwo\u015b\u0107 na oknie generatora. Powinna to by\u0107 normalna cz\u0119stotliwo\u015b\u0107 pracy.<\/li>\n<li>Znajd\u017a maksymalny pr\u0105d pracy w okre\u015blonym zakresie cz\u0119stotliwo\u015bci przetwornika.<\/li>\n<li>Je\u015bli pr\u0105d i cz\u0119stotliwo\u015b\u0107 s\u0105 niskie, zmniejsz indukcyjno\u015b\u0107 dopasowuj\u0105c\u0105, poszerzaj\u0105c szczelin\u0119 powietrzn\u0105 rdzenia magnetycznego. Robi si\u0119 to, umieszczaj\u0105c arkusze papieru j\u0119czmiennego w szczelinie powietrznej.<\/li>\n<li>Je\u015bli pr\u0105d i cz\u0119stotliwo\u015b\u0107 s\u0105 wysokie, zwi\u0119ksz indukcyjno\u015b\u0107 dopasowuj\u0105c\u0105, zmniejszaj\u0105c szczelin\u0119 powietrzn\u0105 rdzenia magnetycznego.<\/li>\n<li>Zawsze wy\u0142\u0105cz zasilanie przed regulacj\u0105 szczeliny powietrznej rdzenia magnetycznego i monitoruj zmiany pr\u0105du.<\/li>\n<li>Wyreguluj pr\u0105d na 4-4,5A, a cz\u0119stotliwo\u015b\u0107 na zakres 27,8kHz-29kHz.<\/li>\n<li>Po ka\u017cdej regulacji ponownie dostosuj cz\u0119stotliwo\u015b\u0107, aby upewni\u0107 si\u0119, \u017ce pr\u0105d roboczy zawsze znajduje si\u0119 w punkcie maksymalnym.<\/li>\n<\/ol>\n<p><img loading=\"lazy\" decoding=\"async\" class=\"wp-image-1516 size-full\" title=\"Ultrasonic Generator Current Adjustment\" src=\"https:\/\/www.bjultrasonic.com\/wp-content\/uploads\/2013\/04\/Ultrasonic-Generator-Current-Adjustment.jpg\" alt=\"Ultrasonic Generator Current Adjustment\" width=\"202\" height=\"182\" \/><\/p>\n<p>Zmniejszenie indukcyjno\u015bci dopasowuj\u0105cej zwi\u0119ksza cz\u0119stotliwo\u015b\u0107 harmoniczn\u0105 i pr\u0105d, podczas gdy zwi\u0119kszenie indukcyjno\u015bci dopasowuj\u0105cej je zmniejsza. Podczas regulacji upewnij si\u0119, \u017ce cz\u0119stotliwo\u015b\u0107 pracy nie jest zbyt niska i \u017ce pr\u0105d nie przekracza pr\u0105du znamionowego generatora, poniewa\u017c mo\u017ce to uszkodzi\u0107 lamp\u0119 mocy.<\/p>\n<p>Podsumowuj\u0105c, generatory ultrad\u017awi\u0119kowe Beijing Ultrasonic s\u0105 zaprojektowane z wykorzystaniem zaawansowanej technologii, aby zapewni\u0107 niezawodn\u0105 i wydajn\u0105 prac\u0119 w zastosowaniach do czyszczenia ultrad\u017awi\u0119kowego. Automatyczne \u015bledzenie cz\u0119stotliwo\u015bci, kompleksowe mechanizmy ochronne, regulowana moc i funkcje czasowe oraz dost\u0119pny zakres modeli zapewniaj\u0105 idealne rozwi\u0105zanie dla r\u00f3\u017cnych potrzeb czyszczenia. Szczeg\u00f3\u0142owe procedury regulacji zar\u00f3wno cz\u0119stotliwo\u015bci, jak i pr\u0105du zapewniaj\u0105 zoptymalizowan\u0105 prac\u0119 generatora ultrad\u017awi\u0119kowego.<\/p>\n<p>&nbsp;<\/p>\n","protected":false},"excerpt":{"rendered":"<p>Generatory ultrad\u017awi\u0119kowe s\u0105 kluczowym elementem system\u00f3w czyszczenia ultrad\u017awi\u0119kowego, odpowiadaj\u0105cym za przekszta\u0142canie energii elektrycznej w wysokocz\u0119stotliwo\u015bciowe sygna\u0142y elektryczne, kt\u00f3re nap\u0119dzaj\u0105 przetworniki. Te przetworniki nast\u0119pnie zamieniaj\u0105 sygna\u0142y elektryczne na drgania mechaniczne, tworz\u0105c efekt kawitacji w roztworze czyszcz\u0105cym, kt\u00f3ry usuwa zanieczyszczenia. Wydajno\u015b\u0107 i niezawodno\u015b\u0107 generatora ultrad\u017awi\u0119kowego maj\u0105 kluczowe znaczenie dla skutecznego i efektywnego czyszczenia. W tym artykule om\u00f3wimy<\/p>\n","protected":false},"author":1,"featured_media":19242,"parent":0,"menu_order":3,"comment_status":"closed","ping_status":"closed","template":"","meta":{"footnotes":""},"class_list":["post-72746","page","type-page","status-publish","has-post-thumbnail","hentry","prodpage-classic"],"aioseo_notices":[],"_links":{"self":[{"href":"https:\/\/www.bjultrasonic.com\/pl\/wp-json\/wp\/v2\/pages\/72746","targetHints":{"allow":["GET"]}}],"collection":[{"href":"https:\/\/www.bjultrasonic.com\/pl\/wp-json\/wp\/v2\/pages"}],"about":[{"href":"https:\/\/www.bjultrasonic.com\/pl\/wp-json\/wp\/v2\/types\/page"}],"author":[{"embeddable":true,"href":"https:\/\/www.bjultrasonic.com\/pl\/wp-json\/wp\/v2\/users\/1"}],"replies":[{"embeddable":true,"href":"https:\/\/www.bjultrasonic.com\/pl\/wp-json\/wp\/v2\/comments?post=72746"}],"version-history":[{"count":0,"href":"https:\/\/www.bjultrasonic.com\/pl\/wp-json\/wp\/v2\/pages\/72746\/revisions"}],"wp:featuredmedia":[{"embeddable":true,"href":"https:\/\/www.bjultrasonic.com\/pl\/wp-json\/wp\/v2\/media\/19242"}],"wp:attachment":[{"href":"https:\/\/www.bjultrasonic.com\/pl\/wp-json\/wp\/v2\/media?parent=72746"}],"curies":[{"name":"wp","href":"https:\/\/api.w.org\/{rel}","templated":true}]}}