{"id":72766,"date":"2025-01-04T09:45:34","date_gmt":"2025-01-04T14:45:34","guid":{"rendered":"https:\/\/www.bjultrasonic.com\/ultrasonic-generator-faqs\/"},"modified":"2026-03-12T09:30:30","modified_gmt":"2026-03-12T14:30:30","slug":"ultrasonic-generator-faqs","status":"publish","type":"page","link":"https:\/\/www.bjultrasonic.com\/pl\/ultrasonic-generator-faqs\/","title":{"rendered":"Cz\u0119sto zadawane pytania dotycz\u0105ce generatora ultrad\u017awi\u0119kowego"},"content":{"rendered":"<p><a href=\"https:\/\/www.bjultrasonic.com\/pl\/category\/ultrasonic-generator-pl\/\">Generatory ultrad\u017awi\u0119kowe<\/a> s\u0105 kluczowymi komponentami w systemach ultrad\u017awi\u0119kowych, odpowiedzialnymi za przetwarzanie energii elektrycznej na wysokocz\u0119stotliwo\u015bciowe sygna\u0142y elektryczne potrzebne do nap\u0119dzania <a href=\"https:\/\/www.bjultrasonic.com\/pl\/category\/ultrasonic-transducer-pl\/\">przetwornik\u00f3w ultrad\u017awi\u0119kowych<\/a>. Generatory te s\u0105 z\u0142o\u017conymi urz\u0105dzeniami, a ich obs\u0142uga i konserwacja cz\u0119sto rodz\u0105 wiele pyta\u0144. Niniejszy artyku\u0142 ma na celu odpowiedzenie na niekt\u00f3re z najcz\u0119\u015bciej zadawanych pyta\u0144 dotycz\u0105cych generator\u00f3w ultrad\u017awi\u0119kowych, zapewniaj\u0105c kompleksowy przegl\u0105d zar\u00f3wno dla pocz\u0105tkuj\u0105cych, jak i do\u015bwiadczonych u\u017cytkownik\u00f3w.<\/p>\n<h3>1. Czym jest generator ultrad\u017awi\u0119kowy?<\/h3>\n<p>Generator ultrad\u017awi\u0119kowy, znany r\u00f3wnie\u017c jako zasilacz ultrad\u017awi\u0119kowy lub sterownik ultrad\u017awi\u0119kowy, to urz\u0105dzenie elektroniczne wytwarzaj\u0105ce wysokocz\u0119stotliwo\u015bciow\u0105 energi\u0119 elektryczn\u0105 pr\u0105du przemiennego. Energia ta jest specjalnie zaprojektowana, aby pasowa\u0107 do cz\u0119stotliwo\u015bci rezonansowej przetwornika ultrad\u017awi\u0119kowego, kt\u00f3ry nast\u0119pnie przekszta\u0142ca t\u0119 energi\u0119 elektryczn\u0105 w drgania mechaniczne. Drgania te, w zakresie ultrad\u017awi\u0119kowym (zwykle powy\u017cej 20 kHz), s\u0105 wykorzystywane w szerokiej gamie zastosowa\u0144, w tym do czyszczenia, spawania, ci\u0119cia i obrazowania medycznego. W istocie generator ultrad\u017awi\u0119kowy jest sercem ka\u017cdego systemu ultrad\u017awi\u0119kowego, dostarczaj\u0105c niezb\u0119dn\u0105 moc do nap\u0119dzania ca\u0142ego procesu. Przyk\u0142adowo, Beijing Ultrasonic jest znanym producentem tych generator\u00f3w, oferuj\u0105cym r\u00f3\u017cne modele dostosowane do r\u00f3\u017cnych potrzeb przemys\u0142owych.<\/p>\n<h3>2. Jak dzia\u0142a generator ultrad\u017awi\u0119kowy?<\/h3>\n<p>Podstawowa zasada dzia\u0142ania generatora ultrad\u017awi\u0119kowego obejmuje kilka kluczowych etap\u00f3w. Po pierwsze, generator odbiera standardow\u0105 energi\u0119 pr\u0105du przemiennego z sieci zasilaj\u0105cej. Ten pr\u0105d przemienny jest nast\u0119pnie prostowany i filtrowany, aby wytworzy\u0107 stabilne napi\u0119cie sta\u0142e. Nast\u0119pnie generator wykorzystuje obw\u00f3d oscylatora elektronicznego do ponownego przekszta\u0142cenia napi\u0119cia sta\u0142ego w napi\u0119cie przemienne, ale o po\u017c\u0105danej cz\u0119stotliwo\u015bci ultrad\u017awi\u0119kowej. Oscylator ten jest zazwyczaj obwodem ze sprz\u0119\u017ceniem zwrotnym, kt\u00f3ry sam si\u0119 stroi, aby dopasowa\u0107 si\u0119 do cz\u0119stotliwo\u015bci rezonansowej przetwornika, zapewniaj\u0105c efektywny transfer energii. Ostatni etap obejmuje wzmocnienie sygna\u0142u o cz\u0119stotliwo\u015bci ultrad\u017awi\u0119kowej, cz\u0119sto za pomoc\u0105 wzmacniacza mocy, aby dostarczy\u0107 przetwornikowi wystarczaj\u0105c\u0105 moc. Obwody dopasowania impedancji s\u0105 kluczowe dla zapewnienia maksymalnego transferu mocy z generatora do przetwornika poprzez rozwi\u0105zanie problem\u00f3w zwi\u0105zanych z r\u00f3\u017cnicami w impedancji elektrycznej.<\/p>\n<p><img loading=\"lazy\" decoding=\"async\" class=\"alignnone wp-image-19293 size-full\" src=\"https:\/\/www.bjultrasonic.com\/wp-content\/uploads\/2012\/12\/20KHz-100w-Ultrasonic-Generator-PCB-1.jpg\" alt=\"20KHz 100w Ultrasonic Generator PCB-1\" width=\"650\" height=\"867\" \/><\/p>\n<h3>3. Jakie s\u0105 kluczowe cechy generatora ultrad\u017awi\u0119kowego?<\/h3>\n<p>Kilka cech odr\u00f3\u017cnia generatory ultrad\u017awi\u0119kowe i sprawia, \u017ce s\u0105 one odpowiednie do r\u00f3\u017cnych zastosowa\u0144. Oto niekt\u00f3re kluczowe cechy:<\/p>\n<ul>\n<li><strong>Kontrola cz\u0119stotliwo\u015bci:<\/strong> Mo\u017cliwo\u015b\u0107 precyzyjnego kontrolowania cz\u0119stotliwo\u015bci wyj\u015bciowej jest niezb\u0119dna do dopasowania cz\u0119stotliwo\u015bci rezonansowej przetwornik\u00f3w. Niekt\u00f3re generatory maj\u0105 sta\u0142e ustawienia cz\u0119stotliwo\u015bci, podczas gdy inne oferuj\u0105 mo\u017cliwo\u015b\u0107 regulacji lub automatycznego \u015bledzenia cz\u0119stotliwo\u015bci.<\/li>\n<li><strong>Moc wyj\u015bciowa:<\/strong> Moc wyj\u015bciowa determinuje zdolno\u015b\u0107 generatora do efektywnego nap\u0119dzania konkretnego przetwornika. Poziomy mocy wahaj\u0105 si\u0119 od kilku wat\u00f3w do kilku kilowat\u00f3w w zale\u017cno\u015bci od zastosowania.<\/li>\n<li><strong>Kontrola amplitudy:<\/strong> Regulacja amplitudy sygna\u0142u ultrad\u017awi\u0119kowego umo\u017cliwia kontrol\u0119 nat\u0119\u017cenia energii ultrad\u017awi\u0119kowej dostarczanej przez przetwornik.<\/li>\n<li><strong>Dopasowanie impedancji:<\/strong> Efektywne dopasowanie impedancji mi\u0119dzy generatorem a przetwornikiem jest kluczowe dla optymalnego transferu mocy i wydajno\u015bci przetwornika.<\/li>\n<li><strong>Obwody zabezpieczaj\u0105ce:<\/strong> Generatory cz\u0119sto zawieraj\u0105 obwody zabezpieczaj\u0105ce przed przeci\u0105\u017ceniem pr\u0105dowym, napi\u0119ciowym i termicznym, aby zapobiec uszkodzeniu generatora i pod\u0142\u0105czonych przetwornik\u00f3w.<\/li>\n<li><strong>Interfejs u\u017cytkownika:<\/strong> Wiele nowoczesnych generator\u00f3w posiada cyfrowe interfejsy z wy\u015bwietlaczami LCD i panelami sterowania, u\u0142atwiaj\u0105ce obs\u0142ug\u0119, monitorowanie i diagnostyk\u0119.<\/li>\n<li><strong>Zdalne sterowanie:<\/strong> Niekt\u00f3re zaawansowane modele obs\u0142uguj\u0105 zdalne sterowanie za po\u015brednictwem interfejs\u00f3w takich jak RS-232, Ethernet lub po\u0142\u0105czenia PLC.<\/li>\n<\/ul>\n<h3>4. Jakie s\u0105 r\u00f3\u017cne typy generator\u00f3w ultrad\u017awi\u0119kowych?<\/h3>\n<p>Generatory ultrad\u017awi\u0119kowe mo\u017cna klasyfikowa\u0107 na podstawie trybu pracy, zakresu mocy lub zastosowania. Typowe typy obejmuj\u0105:<\/p>\n<ul>\n<li><strong>Generatory analogowe:<\/strong> Generatory te wykorzystuj\u0105 obwody analogowe do generowania cz\u0119stotliwo\u015bci ultrad\u017awi\u0119kowej. S\u0105 zazwyczaj prostsze i ta\u0144sze, ale mog\u0105 mie\u0107 ograniczone mo\u017cliwo\u015bci kontroli i regulacji.<\/li>\n<li><strong>Generatory cyfrowe:<\/strong> Generatory cyfrowe wykorzystuj\u0105 mikrokontrolery i procesory sygna\u0142owe do precyzyjnego kontrolowania parametr\u00f3w wyj\u015bciowych, oferuj\u0105c lepsz\u0105 dok\u0142adno\u015b\u0107, elastyczno\u015b\u0107 i diagnostyk\u0119 w por\u00f3wnaniu z wersjami analogowymi.<\/li>\n<li><strong>Generatory samowzbudne:<\/strong> Znane r\u00f3wnie\u017c jako generatory z automatycznym strojeniem, jednostki te automatycznie dostosowuj\u0105 cz\u0119stotliwo\u015b\u0107 wyj\u015bciow\u0105 do cz\u0119stotliwo\u015bci rezonansowej przetwornika, upraszczaj\u0105c ich u\u017cytkowanie.<\/li>\n<li><strong>Generatory o sta\u0142ej cz\u0119stotliwo\u015bci:<\/strong> Generatory te pracuj\u0105 ze sta\u0142\u0105 cz\u0119stotliwo\u015bci\u0105 ultrad\u017awi\u0119kow\u0105, kt\u00f3ra jest wst\u0119pnie ustawiona podczas produkcji lub konfiguracji. S\u0105 cz\u0119sto u\u017cywane w zastosowaniach wymagaj\u0105cych sta\u0142ej wydajno\u015bci.<\/li>\n<li><strong>Generatory o regulowanej cz\u0119stotliwo\u015bci:<\/strong> Generatory te pozwalaj\u0105 u\u017cytkownikom na precyzyjne dostrojenie cz\u0119stotliwo\u015bci wyj\u015bciowej w okre\u015blonym zakresie, zapewniaj\u0105c wi\u0119ksz\u0105 elastyczno\u015b\u0107 dla r\u00f3\u017cnych przetwornik\u00f3w i zastosowa\u0144.<\/li>\n<li><strong>Generatory z modulacj\u0105 cz\u0119stotliwo\u015bci:<\/strong> Zaprojektowane do zastosowa\u0144 czyszcz\u0105cych, generatory z modulacj\u0105 cz\u0119stotliwo\u015bci nieznacznie zmieniaj\u0105 cz\u0119stotliwo\u015b\u0107 wyj\u015bciow\u0105 podczas pracy, aby pom\u00f3c unikn\u0105\u0107 fal stoj\u0105cych i poprawi\u0107 efektywno\u015b\u0107 czyszczenia.<\/li>\n<\/ul>\n<h3>5. Jakie s\u0105 typowe zastosowania generator\u00f3w ultrad\u017awi\u0119kowych?<\/h3>\n<p>Generatory ultrad\u017awi\u0119kowe znajduj\u0105 zastosowanie w szerokiej gamie bran\u017c i zastosowa\u0144. Oto kilka znacz\u0105cych przyk\u0142ad\u00f3w:<\/p>\n<table class=\"table table-striped table-bordered\">\n<thead>\n<tr>\n<th align=\"left\">Zastosowanie<\/th>\n<th align=\"left\">Opis<\/th>\n<\/tr>\n<\/thead>\n<tbody>\n<tr>\n<td align=\"left\"><a href=\"https:\/\/www.bjultrasonic.com\/pl\/category\/ultrasonic-cleaning-system-pl\/\">Czyszczenie ultrad\u017awi\u0119kowe<\/a><\/td>\n<td align=\"left\">Usuwanie zanieczyszcze\u0144 z r\u00f3\u017cnych cz\u0119\u015bci za pomoc\u0105 fal ultrad\u017awi\u0119kowych w k\u0105pielach czyszcz\u0105cych.<\/td>\n<\/tr>\n<tr>\n<td align=\"left\"><a href=\"https:\/\/www.bjultrasonic.com\/pl\/category\/ultrasonic-welding-equipment-pl\/\">Spawanie ultrad\u017awi\u0119kowe<\/a><\/td>\n<td align=\"left\">\u0141\u0105czenie cz\u0119\u015bci z tworzyw sztucznych, metalu lub tkanin poprzez wibracje ultrad\u017awi\u0119kowe i nacisk.<\/td>\n<\/tr>\n<tr>\n<td align=\"left\">Ci\u0119cie ultrad\u017awi\u0119kowe<\/td>\n<td align=\"left\">Ci\u0119cie materia\u0142\u00f3w takich jak guma, pianka i produkty spo\u017cywcze za pomoc\u0105 wysokocz\u0119stotliwo\u015bciowych wibracji.<\/td>\n<\/tr>\n<tr>\n<td align=\"left\"><a href=\"https:\/\/www.bjultrasonic.com\/pl\/category\/ultrasonic-atomizer-pl\/\">Atomizacja ultrad\u017awi\u0119kowa<\/a><\/td>\n<td align=\"left\">Rozbijanie cieczy na drobn\u0105 mgie\u0142k\u0119 lub kropelki do zastosowa\u0144 takich jak nawil\u017canie, powlekanie i generowanie aerozoli.<\/td>\n<\/tr>\n<tr>\n<td align=\"left\">Obrazowanie medyczne ultrad\u017awi\u0119kowe<\/td>\n<td align=\"left\">Tworzenie szczeg\u00f3\u0142owych obraz\u00f3w narz\u0105d\u00f3w wewn\u0119trznych i tkanek za pomoc\u0105 wysokocz\u0119stotliwo\u015bciowych fal d\u017awi\u0119kowych.<\/td>\n<\/tr>\n<tr>\n<td align=\"left\">Badania nieniszcz\u0105ce ultrad\u017awi\u0119kowe (NDT)<\/td>\n<td align=\"left\">Nieniszcz\u0105ce badanie materia\u0142\u00f3w i konstrukcji w celu wykrycia wad i defekt\u00f3w za pomoc\u0105 wysokocz\u0119stotliwo\u015bciowych fal d\u017awi\u0119kowych.<\/td>\n<\/tr>\n<tr>\n<td align=\"left\"><a href=\"https:\/\/www.bjultrasonic.com\/pl\/shop\/ultrasonic-cell-disruptor\/\">Mieszanie i mieszanie ultrad\u017awi\u0119kowe<\/a><\/td>\n<td align=\"left\">Homogenizacja cieczy i zawiesin za pomoc\u0105 energii ultrad\u017awi\u0119kowej.<\/td>\n<\/tr>\n<\/tbody>\n<\/table>\n<h3>6. Jak wybra\u0107 odpowiedni generator ultrad\u017awi\u0119kowy?<\/h3>\n<p>Wyb\u00f3r odpowiedniego generatora ultrad\u017awi\u0119kowego zale\u017cy od kilku czynnik\u00f3w zwi\u0105zanych z konkretnym zastosowaniem i wymaganiami. Rozwa\u017c nast\u0119puj\u0105ce punkty:<\/p>\n<ul>\n<li><strong>Cz\u0119stotliwo\u015b\u0107 przetwornika:<\/strong> Cz\u0119stotliwo\u015b\u0107 wyj\u015bciowa generatora musi odpowiada\u0107 cz\u0119stotliwo\u015bci rezonansowej przetwornika(\u00f3w).<\/li>\n<li><strong>Moc przetwornika:<\/strong> Moc wyj\u015bciowa generatora musi by\u0107 wystarczaj\u0105ca do nap\u0119dzania przetwornika(\u00f3w). Nale\u017cy wzi\u0105\u0107 pod uwag\u0119 zar\u00f3wno wymagania dotycz\u0105ce mocy szczytowej, jak i \u015bredniej.<\/li>\n<li><strong>Zastosowanie:<\/strong> Zrozumienie wymaga\u0144 aplikacji, takich jak potrzeba pracy ci\u0105g\u0142ej lub impulsowej.<\/li>\n<li><strong>Wymagania kontrolne:<\/strong> Okre\u015blenie, czy potrzebna jest regulowana cz\u0119stotliwo\u015b\u0107, kontrola amplitudy lub specyficzne interfejsy cyfrowe do zdalnego sterowania.<\/li>\n<li><strong>Integracja systemu:<\/strong> Rozwa\u017cenie, jak generator zintegruje si\u0119 z innymi komponentami systemu oraz wszelkie wymagania komunikacyjne.<\/li>\n<li><strong>Bud\u017cet:<\/strong> Zbalansowanie po\u017c\u0105danych funkcji i mo\u017cliwo\u015bci wydajno\u015bciowych z ograniczeniami bud\u017cetowymi.<\/li>\n<li><strong>Reputacja i wsparcie dostawcy:<\/strong> Wyb\u00f3r rzetelnego dostawcy, kt\u00f3ry mo\u017ce zapewni\u0107 wsparcie i serwis. Beijing Ultrasonic jest znanym producentem, co \u015bwiadczy o niezawodno\u015bci ich produkt\u00f3w w r\u00f3\u017cnych zastosowaniach ultrad\u017awi\u0119kowych.<\/li>\n<\/ul>\n<h3>7. Jakiej konserwacji wymaga generator ultrad\u017awi\u0119kowy?<\/h3>\n<p>W\u0142a\u015bciwa konserwacja jest kluczowa dla wyd\u0142u\u017cenia \u017cywotno\u015bci i zapewnienia niezawodnej pracy generatora ultrad\u017awi\u0119kowego. Oto kilka podstawowych wskaz\u00f3wek dotycz\u0105cych konserwacji:<\/p>\n<ul>\n<li><strong>Regularna inspekcja:<\/strong> Regularnie wizualnie sprawdzaj generator i jego kable pod k\u0105tem oznak uszkodze\u0144 lub zu\u017cycia.<\/li>\n<li><strong>Czysto\u015b\u0107:<\/strong> Utrzymuj generator w czysto\u015bci, wolny od kurzu, wilgoci i innych zanieczyszcze\u0144, kt\u00f3re mog\u0105 wp\u0142ywa\u0107 na jego wydajno\u015b\u0107.<\/li>\n<li><strong>Odpowiednia wentylacja:<\/strong> Zapewnij generatorowi odpowiedni\u0105 wentylacj\u0119, aby zapobiec przegrzewaniu.<\/li>\n<li><strong>Bezpieczne po\u0142\u0105czenia:<\/strong> Sprawd\u017a, czy wszystkie po\u0142\u0105czenia elektryczne s\u0105 zabezpieczone i wolne od korozji.<\/li>\n<li><strong>Aktualizacje oprogramowania:<\/strong> W przypadku generator\u00f3w cyfrowych upewnij si\u0119, \u017ce oprogramowanie uk\u0142adowe (firmware) i aplikacyjne s\u0105 regularnie aktualizowane w celu naprawy b\u0142\u0119d\u00f3w i poprawy wydajno\u015bci.<\/li>\n<li><strong>Kalibracja:<\/strong> Okresowo kalibruj generator, aby utrzyma\u0107 dok\u0142adno\u015b\u0107 i optymaln\u0105 wydajno\u015b\u0107.<\/li>\n<li><strong>Profesjonalny serwis:<\/strong> W przypadku jakichkolwiek problem\u00f3w lub usterek, zwr\u00f3\u0107 si\u0119 o pomoc do wykwalifikowanego technika lub dzia\u0142u serwisowego producenta, takiego jak zesp\u00f3\u0142 wsparcia klienta Beijing Ultrasonic.<\/li>\n<\/ul>\n<h3>8. Jakie s\u0105 typowe problemy z generatorami ultrad\u017awi\u0119kowymi?<\/h3>\n<p>Nawet przy ostro\u017cnym u\u017cytkowaniu i konserwacji mog\u0105 pojawi\u0107 si\u0119 problemy. Typowe kwestie obejmuj\u0105:<\/p>\n<ul>\n<li><strong>Przegrzewanie:<\/strong> Niedostateczna wentylacja lub nadmierne okresy pracy mog\u0105 powodowa\u0107 przegrzewanie si\u0119 generatora, co mo\u017ce uszkodzi\u0107 komponenty.<\/li>\n<li><strong>Niezgodno\u015b\u0107 cz\u0119stotliwo\u015bci:<\/strong> Niedok\u0142adne dopasowanie cz\u0119stotliwo\u015bci mi\u0119dzy generatorem a przetwornikiem mo\u017ce prowadzi\u0107 do nieskutecznej pracy lub uszkodzenia przetwornika.<\/li>\n<li><strong>Problemy z zasilaniem:<\/strong> Wadliwe zasilacze mog\u0105 skutkowa\u0107 niestabilnym lub niewystarczaj\u0105cym dostarczaniem mocy.<\/li>\n<li><strong>Awarie obwod\u00f3w:<\/strong> Uszkodzone komponenty elektroniczne wewn\u0105trz generatora mog\u0105 prowadzi\u0107 do awarii lub nieprawid\u0142owej pracy.<\/li>\n<li><strong>Problemy z po\u0142\u0105czeniami:<\/strong> Lu\u017ane, skorodowane lub uszkodzone po\u0142\u0105czenia elektryczne mog\u0105 powodowa\u0107 niesp\u00f3jn\u0105 wydajno\u015b\u0107 lub awarie.<\/li>\n<li><strong>Awarie przetwornika:<\/strong> Czasami pozorne problemy z generatorem mog\u0105 by\u0107 spowodowane przez wadliwy przetwornik.<\/li>\n<\/ul>\n<h3>9. Jakich \u015brodk\u00f3w ostro\u017cno\u015bci nale\u017cy przestrzega\u0107?<\/h3>\n<p>Obs\u0142uga generator\u00f3w ultrad\u017awi\u0119kowych wymaga przestrzegania kilku \u015brodk\u00f3w ostro\u017cno\u015bci:<\/p>\n<ul>\n<li><strong>Uziemienie:<\/strong> Zawsze upewnij si\u0119, \u017ce generator jest prawid\u0142owo uziemiony, aby zapobiec pora\u017ceniom elektrycznym.<\/li>\n<li><strong>Prawid\u0142owe okablowanie:<\/strong> Tylko wykwalifikowani technicy powinni zajmowa\u0107 si\u0119 po\u0142\u0105czeniami elektrycznymi i okablowaniem.<\/li>\n<li><strong>Unikaj kontaktu:<\/strong> Unikaj bezpo\u015bredniego kontaktu z zaciskami elektrycznymi i obwodami, gdy generator jest w\u0142\u0105czony.<\/li>\n<li><strong>Bezpieczne \u015brodowisko:<\/strong> Eksploatuj generator w suchym i dobrze wentylowanym miejscu, aby zapobiec wypadkom i uszkodzeniom.<\/li>\n<li><strong>\u015arodki ochrony osobistej:<\/strong> Podczas obs\u0142ugi wysokomocnych system\u00f3w ultrad\u017awi\u0119kowych u\u017cywaj odpowiednich \u015brodk\u00f3w ochrony osobistej (\u015aOI).<\/li>\n<li><strong>Awaryjne wy\u0142\u0105czenie:<\/strong> Znaj lokalizacj\u0119 i spos\u00f3b dzia\u0142ania prze\u0142\u0105cznika awaryjnego wy\u0142\u0105czenia na wypadek awarii lub wypadk\u00f3w.<\/li>\n<li><strong>Wytyczne producenta:<\/strong> Zawsze przestrzegaj wytycznych i zalece\u0144 bezpiecze\u0144stwa producenta zawartych w instrukcji obs\u0142ugi.<\/li>\n<\/ul>\n<h3>10. Jak mog\u0119 rozwi\u0105zywa\u0107 problemy z moim generatorem ultrad\u017awi\u0119kowym?<\/h3>\n<p>Podstawowe kroki rozwi\u0105zywania problem\u00f3w mog\u0105 czasem pom\u00f3c w naprawieniu drobnych usterek generator\u00f3w ultrad\u017awi\u0119kowych. Oto kilka wskaz\u00f3wek:<\/p>\n<ul>\n<li><strong>Sprawd\u017a zasilanie:<\/strong> Upewnij si\u0119, \u017ce generator otrzymuje odpowiedni\u0105 moc.<\/li>\n<li><strong>Sprawd\u017a po\u0142\u0105czenia:<\/strong> Upewnij si\u0119, \u017ce wszystkie po\u0142\u0105czenia mi\u0119dzy generatorem, przetwornikiem i zasilaczem s\u0105 solidne i nieuszkodzone.<\/li>\n<li><strong>Ws\u0142uchaj si\u0119 w nietypowe d\u017awi\u0119ki:<\/strong> Dziwne d\u017awi\u0119ki mog\u0105 wskazywa\u0107 na ukryte problemy, takie jak niezgodno\u015b\u0107 cz\u0119stotliwo\u015bci lub awarie przetwornika.<\/li>\n<li><strong>Monitoruj kody b\u0142\u0119d\u00f3w:<\/strong> Nowoczesne generatory cz\u0119sto wy\u015bwietlaj\u0105 kody b\u0142\u0119d\u00f3w, kt\u00f3re identyfikuj\u0105 konkretne problemy. Skonsultuj si\u0119 z instrukcj\u0105 obs\u0142ugi, aby je zrozumie\u0107.<\/li>\n<li><strong>Upro\u015b\u0107 system:<\/strong> Spr\u00f3buj testowa\u0107 komponenty indywidualnie, aby wyizolowa\u0107 \u017ar\u00f3d\u0142o problemu.<\/li>\n<li><strong>Skonsultuj si\u0119 z profesjonalistami:<\/strong> Je\u015bli problemu nie mo\u017cna rozwi\u0105za\u0107 za pomoc\u0105 podstawowych krok\u00f3w, zwr\u00f3\u0107 si\u0119 o pomoc do wykwalifikowanego technika lub dzia\u0142u serwisowego producenta, takiego jak Beijing Ultrasonic.<\/li>\n<\/ul>\n<p>Podsumowuj\u0105c, generatory ultrad\u017awi\u0119kowe s\u0105 z\u0142o\u017conymi, ale kluczowymi komponentami system\u00f3w ultrad\u017awi\u0119kowych. Zrozumienie ich dzia\u0142ania, cech, zastosowa\u0144 i wymaga\u0144 konserwacyjnych jest kluczowe dla ka\u017cdego u\u017cytkownika. Wyb\u00f3r odpowiedniego generatora, jego prawid\u0142owa konserwacja i szybkie reagowanie na problemy mog\u0105 zapewni\u0107 optymaln\u0105 i niezawodn\u0105 wydajno\u015b\u0107, maksymalizuj\u0105c korzy\u015bci p\u0142yn\u0105ce z technologii ultrad\u017awi\u0119kowej. Odpowiadaj\u0105c na powszechne pytania i w\u0105tpliwo\u015bci, ten artyku\u0142 stanowi pomocny zas\u00f3b zar\u00f3wno dla nowych, jak i do\u015bwiadczonych u\u017cytkownik\u00f3w generator\u00f3w ultrad\u017awi\u0119kowych.<\/p>\n","protected":false},"excerpt":{"rendered":"<p>Generatory ultrad\u017awi\u0119kowe s\u0105 kluczowymi komponentami w systemach ultrad\u017awi\u0119kowych, odpowiedzialnymi za przetwarzanie energii elektrycznej na wysokocz\u0119stotliwo\u015bciowe sygna\u0142y elektryczne potrzebne do nap\u0119dzania przetwornik\u00f3w ultrad\u017awi\u0119kowych. Generatory te s\u0105 z\u0142o\u017conymi urz\u0105dzeniami, a ich obs\u0142uga i konserwacja cz\u0119sto rodz\u0105 wiele pyta\u0144. Niniejszy artyku\u0142 ma na celu odpowiedzenie na niekt\u00f3re z najcz\u0119\u015bciej zadawanych pyta\u0144 dotycz\u0105cych generator\u00f3w ultrad\u017awi\u0119kowych, zapewniaj\u0105c kompleksowy przegl\u0105d zar\u00f3wno<\/p>\n","protected":false},"author":1,"featured_media":19251,"parent":0,"menu_order":0,"comment_status":"closed","ping_status":"closed","template":"","meta":{"footnotes":""},"class_list":["post-72766","page","type-page","status-publish","has-post-thumbnail","hentry","prodpage-classic"],"aioseo_notices":[],"_links":{"self":[{"href":"https:\/\/www.bjultrasonic.com\/pl\/wp-json\/wp\/v2\/pages\/72766","targetHints":{"allow":["GET"]}}],"collection":[{"href":"https:\/\/www.bjultrasonic.com\/pl\/wp-json\/wp\/v2\/pages"}],"about":[{"href":"https:\/\/www.bjultrasonic.com\/pl\/wp-json\/wp\/v2\/types\/page"}],"author":[{"embeddable":true,"href":"https:\/\/www.bjultrasonic.com\/pl\/wp-json\/wp\/v2\/users\/1"}],"replies":[{"embeddable":true,"href":"https:\/\/www.bjultrasonic.com\/pl\/wp-json\/wp\/v2\/comments?post=72766"}],"version-history":[{"count":0,"href":"https:\/\/www.bjultrasonic.com\/pl\/wp-json\/wp\/v2\/pages\/72766\/revisions"}],"wp:featuredmedia":[{"embeddable":true,"href":"https:\/\/www.bjultrasonic.com\/pl\/wp-json\/wp\/v2\/media\/19251"}],"wp:attachment":[{"href":"https:\/\/www.bjultrasonic.com\/pl\/wp-json\/wp\/v2\/media?parent=72766"}],"curies":[{"name":"wp","href":"https:\/\/api.w.org\/{rel}","templated":true}]}}