{"id":73074,"date":"2012-04-28T19:12:36","date_gmt":"2012-04-29T02:12:36","guid":{"rendered":"https:\/\/www.bjultrasonic.com\/contact\/"},"modified":"2026-03-31T00:57:37","modified_gmt":"2026-03-31T05:57:37","slug":"contact","status":"publish","type":"page","link":"https:\/\/www.bjultrasonic.com\/pl\/contact\/","title":{"rendered":"Skontaktuj si\u0119 z nami"},"content":{"rendered":"<p>Zawsze jeste\u015bmy tutaj, aby pom\u00f3c! Niezale\u017cnie od tego, czy masz zapytanie dotycz\u0105ce naszych <a href=\"https:\/\/www.bjultrasonic.com\/shop\/\">produkt\u00f3w ultrad\u017awi\u0119kowych<\/a>, potrzebujesz niestandardowego rozwi\u0105zania OEM, czy wymagasz pomocy w sprawie wyceny i finalizacji zam\u00f3wienia, nasz dedykowany zesp\u00f3\u0142 jest got\u00f3w Ci pom\u00f3c. Prosimy o wype\u0142nienie poni\u017cszego formularza kontaktowego, a my zadbamy o to, aby Twoja wiadomo\u015b\u0107 zosta\u0142a odpowiedziana w ci\u0105gu 2 dni roboczych. W pilnych sprawach prosimy o bezpo\u015bredni kontakt telefoniczny lub przez WhatsApp.<\/p>\n","protected":false},"excerpt":{"rendered":"<p>Zawsze jeste\u015bmy tutaj, aby pom\u00f3c! Niezale\u017cnie od tego, czy masz zapytanie dotycz\u0105ce naszych produkt\u00f3w ultrad\u017awi\u0119kowych, potrzebujesz niestandardowego rozwi\u0105zania OEM, czy wymagasz pomocy w sprawie wyceny i finalizacji zam\u00f3wienia, nasz dedykowany zesp\u00f3\u0142 jest got\u00f3w Ci pom\u00f3c. Prosimy o wype\u0142nienie poni\u017cszego formularza kontaktowego, a my zadbamy o to, aby Twoja wiadomo\u015b\u0107 zosta\u0142a odpowiedziana w ci\u0105gu 2 dni<\/p>\n","protected":false},"author":1,"featured_media":0,"parent":0,"menu_order":8,"comment_status":"closed","ping_status":"closed","template":"","meta":{"footnotes":""},"class_list":["post-73074","page","type-page","status-publish","hentry","prodpage-classic"],"aioseo_notices":[],"_links":{"self":[{"href":"https:\/\/www.bjultrasonic.com\/pl\/wp-json\/wp\/v2\/pages\/73074","targetHints":{"allow":["GET"]}}],"collection":[{"href":"https:\/\/www.bjultrasonic.com\/pl\/wp-json\/wp\/v2\/pages"}],"about":[{"href":"https:\/\/www.bjultrasonic.com\/pl\/wp-json\/wp\/v2\/types\/page"}],"author":[{"embeddable":true,"href":"https:\/\/www.bjultrasonic.com\/pl\/wp-json\/wp\/v2\/users\/1"}],"replies":[{"embeddable":true,"href":"https:\/\/www.bjultrasonic.com\/pl\/wp-json\/wp\/v2\/comments?post=73074"}],"version-history":[{"count":0,"href":"https:\/\/www.bjultrasonic.com\/pl\/wp-json\/wp\/v2\/pages\/73074\/revisions"}],"wp:attachment":[{"href":"https:\/\/www.bjultrasonic.com\/pl\/wp-json\/wp\/v2\/media?parent=73074"}],"curies":[{"name":"wp","href":"https:\/\/api.w.org\/{rel}","templated":true}]}}