{"id":65300,"date":"2024-04-02T02:04:45","date_gmt":"2024-04-02T07:04:45","guid":{"rendered":"https:\/\/www.bjultrasonic.com\/shop\/digital-ultrasonic-sound-level-meter\/"},"modified":"2026-03-28T20:58:11","modified_gmt":"2026-03-29T01:58:11","slug":"digital-ultrasonic-sound-level-meter","status":"publish","type":"product","link":"https:\/\/www.bjultrasonic.com\/pl\/shop\/digital-ultrasonic-sound-level-meter\/","title":{"rendered":"Cyfrowy ultrad\u017awi\u0119kowy miernik poziomu d\u017awi\u0119ku"},"content":{"rendered":"<p>Nat\u0119\u017cenie ultrad\u017awi\u0119k\u00f3w, znane r\u00f3wnie\u017c jako moc akustyczna, w ciek\u0142ym polu d\u017awi\u0119kowym jest kluczowym czynnikiem w systemach ultrad\u017awi\u0119kowych. Bezpo\u015brednio wp\u0142ywa na skuteczno\u015b\u0107 czyszczenia urz\u0105dze\u0144 czyszcz\u0105cych oraz wydajno\u015b\u0107 procesor\u00f3w ultrad\u017awi\u0119kowych. Miernik nat\u0119\u017cenia d\u017awi\u0119ku umo\u017cliwia szybki i wygodny pomiar nat\u0119\u017cenia pola d\u017awi\u0119kowego w dowolnym czasie i miejscu, wyra\u017anie wy\u015bwietlaj\u0105c warto\u015b\u0107 mocy akustycznej.<\/p>\n<p>Testery mocy ultrad\u017awi\u0119kowej dost\u0119pne s\u0105 w wersjach przeno\u015bnych oraz do monitorowania online, aby sprosta\u0107 r\u00f3\u017cnym potrzebom aplikacyjnym.<\/p>\n<p>Mierniki nat\u0119\u017cenia d\u017awi\u0119ku ultrad\u017awi\u0119kowego (lub sonometry) wykorzystuj\u0105 efekt piezoelektryczny ceramiki piezoelektrycznej. Oznacza to, \u017ce gdy na ceramik\u0119 dzia\u0142a si\u0142a, przekszta\u0142ca ona t\u0119 si\u0142\u0119 w sygna\u0142 elektryczny. W tych samych warunkach, silniejsza si\u0142a wytwarza wy\u017csze napi\u0119cie. Je\u015bli si\u0142a zmienia si\u0119 okresowo, ceramika piezoelektryczna b\u0119dzie wyprowadza\u0107 sygna\u0142 napi\u0119cia przemiennego o tej samej cz\u0119stotliwo\u015bci. Ze wzgl\u0119du na kawitacj\u0119 i inne formy zak\u0142\u00f3ce\u0144, rzeczywisty przebieg napi\u0119cia jest kombinacj\u0105 fali g\u0142\u00f3wnej i wielu fal wt\u00f3rnych. Wysokiej precyzji analizator cz\u0119stotliwo\u015bci (energii) ultrad\u017awi\u0119kowej naszej firmy pozwala u\u017cytkownikom na obserwacj\u0119 rzeczywistego przebiegu pracy i bezpo\u015bredni odczyt warto\u015bci nat\u0119\u017cenia d\u017awi\u0119ku.<\/p>\n<h3>Kluczowe cechy<\/h3>\n<ul>\n<li>Automatyczny pomiar jednym przyciskiem z automatycznym wy\u015bwietlaniem nat\u0119\u017cenia d\u017awi\u0119ku i przebiegu.<\/li>\n<li>Cyfrowy wy\u015bwietlacz warto\u015bci nat\u0119\u017cenia d\u017awi\u0119ku i cz\u0119stotliwo\u015bci.<\/li>\n<li>3,2-calowy kolorowy ekran LCD o rozdzielczo\u015bci 320&#215;240 z pod\u015bwietleniem LED.<\/li>\n<li>Wbudowany pakiet akumulator\u00f3w litowych 2300mAh oraz zewn\u0119trzny zasilacz sieciowy AC.<\/li>\n<li>Automatyczne wy\u0142\u0105czenie po 10 minutach braku sygna\u0142u wej\u015bciowego.<\/li>\n<\/ul>\n<h3>Cz\u0119sto Zadawane Pytania<\/h3>\n<p><strong>Dane zawsze wskazuj\u0105 zero.<\/strong><\/p>\n<p>O: Gdy sonda znajduje si\u0119 w powietrzu, miernik nat\u0119\u017cenia d\u017awi\u0119ku natychmiast poka\u017ce rzeczywist\u0105 warto\u015b\u0107 nat\u0119\u017cenia d\u017awi\u0119ku w czasie rzeczywistym r\u00f3wn\u0105 0 W\/cm\u00b2 i automatycznie wy\u0142\u0105czy si\u0119 po jednej minucie.<\/p>\n<p><strong>Odczyty wydaj\u0105 si\u0119 by\u0107 niedok\u0142adne.<\/strong><\/p>\n<p>O: Nat\u0119\u017cenie d\u017awi\u0119ku ultrad\u017awi\u0119k\u00f3w jest z\u0142o\u017conym poj\u0119ciem. Nie mo\u017cna go obliczy\u0107 po prostu dziel\u0105c ca\u0142kowit\u0105 moc przez powierzchni\u0119 promieniowania; musi by\u0107 zmierzone. Nasze mierniki nat\u0119\u017cenia d\u017awi\u0119ku s\u0105 kalibrowane przy u\u017cyciu standardowego nat\u0119\u017cenia d\u017awi\u0119ku przed opuszczeniem fabryki, zapewniaj\u0105c dok\u0142adno\u015b\u0107 mierzonych warto\u015bci. Istnieje granica nat\u0119\u017cenia d\u017awi\u0119ku; po osi\u0105gni\u0119ciu pewnego progu w wodzie, dodanie wi\u0119kszej liczby przetwornik\u00f3w lub zwi\u0119kszenie mocy mo\u017ce nie prowadzi\u0107 do liniowego wzrostu nat\u0119\u017cenia d\u017awi\u0119ku, a nawet do \u017cadnej zmiany.<\/p>\n<p><strong>Urz\u0105dze\u0144 wysokiej cz\u0119stotliwo\u015bci nie mo\u017cna zmierzy\u0107.<\/strong><\/p>\n<p>O: Nasze mierniki nat\u0119\u017cenia d\u017awi\u0119ku s\u0105 zaprojektowane dla standardowych myjek ultrad\u017awi\u0119kowych, obejmuj\u0105c podstawowy zakres cz\u0119stotliwo\u015bci 10-200kHz. Pomiary wykonane poza tym zakresem b\u0119d\u0105 niedok\u0142adne. Mo\u017cna to rozwi\u0105za\u0107 na dwa sposoby:<\/p>\n<ul>\n<li>Poinformuj nas o konkretnym zakresie cz\u0119stotliwo\u015bci, kt\u00f3ry musisz zmierzy\u0107, a mo\u017cemy stworzy\u0107 dostosowany wy\u015bwietlacz i sond\u0119.<\/li>\n<li>U\u017cyj oscyloskopu do pomiaru wzgl\u0119dnego. Sonda mo\u017ce by\u0107 bezpo\u015brednio pod\u0142\u0105czona do oscyloskopu, a nat\u0119\u017cenie d\u017awi\u0119ku mo\u017cna por\u00f3wna\u0107 odczytuj\u0105c sygna\u0142 w dziedzinie czasu oscyloskopu. Ta metoda nie zapewnia bezwzgl\u0119dnej warto\u015bci nat\u0119\u017cenia d\u017awi\u0119ku, ale pozwala na por\u00f3wnanie mi\u0119dzy pomiarami.<\/li>\n<\/ul>\n<p><strong>Odczyty s\u0105 nieprawid\u0142owe; odczyt pojawia si\u0119 nawet gdy sonda nie jest w cieczy.<\/strong><\/p>\n<p>O: Ten problem wskazuje na uszkodzenie jednostki wy\u015bwietlacza i wymaga zwrotu do naszej firmy w celu naprawy.<\/p>\n<p><strong>Ekran wy\u015bwietlacza jest czarny, brak wy\u015bwietlania.<\/strong><\/p>\n<p>O: Przyrz\u0105d ma tryb oszcz\u0119dzania energii. Wy\u015bwietlacz wy\u0142\u0105czy si\u0119, je\u015bli mierzone nat\u0119\u017cenie d\u017awi\u0119ku wynosi 0 W\/cm\u00b2 przez jedn\u0105 minut\u0119. Je\u015bli naci\u015bni\u0119cie przycisku W\u0141.\/WY\u0141. nie przywr\u00f3ci wy\u015bwietlania, spr\u00f3buj wymieni\u0107 bateri\u0119. Je\u015bli wy\u015bwietlacz pozostaje wy\u0142\u0105czony, oznacza to uszkodzenie ekranu i wymaga zwrotu do naszej fabryki w celu naprawy.<\/p>\n<p><strong>Odczyty znacznie si\u0119 r\u00f3\u017cni\u0105, gdy u\u017cywa si\u0119 dw\u00f3ch urz\u0105dze\u0144 jednocze\u015bnie.<\/strong><\/p>\n<p>O: Nasze urz\u0105dzenia ultrad\u017awi\u0119kowe s\u0105 kalibrowane z wykorzystaniem standardowego pola d\u017awi\u0119kowego przed wysy\u0142k\u0105. W czyszczeniu ultrad\u017awi\u0119kowym fale d\u017awi\u0119kowe odbijaj\u0105 si\u0119 od \u015bcian zbiornika i powierzchni wody, powoduj\u0105c zmiany nat\u0119\u017cenia d\u017awi\u0119ku w ca\u0142ej myjce. Tworzy to pole fali stoj\u0105cej, gdzie nat\u0119\u017cenie d\u017awi\u0119ku jest minimalne w w\u0119z\u0142ach i maksymalne w strza\u0142kach.<\/p>\n<p>Na przyk\u0142ad, w myjce 28kHz d\u0142ugo\u015b\u0107 fali d\u017awi\u0119kowej w wodzie wynosi 5,4cm, z dwoma w\u0119z\u0142ami i dwiema strza\u0142kami na d\u0142ugo\u015b\u0107 fali. Oznacza to, \u017ce odleg\u0142o\u015b\u0107 mi\u0119dzy w\u0119z\u0142em a strza\u0142k\u0105 wynosi 1,3cm. Dla urz\u0105dzenia 40kHz odleg\u0142o\u015b\u0107 ta wynosi 0,9cm.<\/p>\n<p>Dlatego, u\u017cywaj\u0105c dw\u00f3ch miernik\u00f3w nat\u0119\u017cenia d\u017awi\u0119ku, niezb\u0119dne jest, aby mierzy\u0142y one w tym samym punkcie, aby dok\u0142adnie por\u00f3wna\u0107 odczyty. Bior\u0105c pod uwag\u0119 bliskie s\u0105siedztwo w\u0119z\u0142\u00f3w i strza\u0142ek, pomiary r\u0119czne s\u0105 podatne na b\u0142\u0119dy z powodu nieuniknionego ruchu, zmieniaj\u0105cego pole d\u017awi\u0119kowe. Nasza firma zaleca u\u017cycie mechanicznej metody zaciskania do zabezpieczenia sondy i zapewnienia sta\u0142ych miejsc pomiarowych. To kontrolowane \u015brodowisko umo\u017cliwia znacz\u0105ce por\u00f3wnanie mi\u0119dzy dwoma urz\u0105dzeniami.<\/p>\n<p><strong>Warto\u015bci znacznie si\u0119 r\u00f3\u017cni\u0105 podczas testowania w r\u00f3\u017cnych punktach tego samego zbiornika.<\/strong><\/p>\n<p>O: Myjki ultrad\u017awi\u0119kowe generalnie u\u017cywaj\u0105 przetwornik\u00f3w montowanych na \u015bcianie, przymocowanych do dna lub bok\u00f3w zbiornika. Proces instalacji, specyfikacje wymiarowe i sp\u00f3jno\u015b\u0107 tych przetwornik\u00f3w mog\u0105 przyczynia\u0107 si\u0119 do nier\u00f3wnomiernego pola d\u017awi\u0119kowego w zbiorniku czyszcz\u0105cym, prowadz\u0105c do r\u00f3\u017cnic w nat\u0119\u017ceniu d\u017awi\u0119ku w r\u00f3\u017cnych punktach, a tym samym do r\u00f3\u017cnych zmierzonych warto\u015bci.<\/p>\n<p><strong>Jak cz\u0119sto przyrz\u0105d wymaga ponownej kalibracji i jak to jest okre\u015blane?<\/strong><\/p>\n<p>O: Na podstawie standardu kalibracji przetwornika detekcyjnego, tego typu produkt powinien by\u0107 kalibrowany raz w roku.<\/p>\n<p><strong>W jednostce wy\u015bwietlacza wyst\u0119puje nietypowy ha\u0142as.<\/strong><\/p>\n<p>O: Mo\u017ce to by\u0107 spowodowane poluzowaniem wewn\u0119trznych komponent\u00f3w. Zaleca si\u0119 zwrot jednostki w celu inspekcji i naprawy.<\/p>\n","protected":false},"excerpt":{"rendered":"<p>Cyfrowy miernik poziomu d\u017awi\u0119ku ultrad\u017awi\u0119kowego to urz\u0105dzenie s\u0142u\u017c\u0105ce do pomiaru nat\u0119\u017cenia ultrad\u017awi\u0119k\u00f3w w cieczach. G\u0142\u00f3wnie stosowany jest do pomiar\u00f3w w zastosowaniach przemys\u0142owych, takich jak czyszczenie ultrad\u017awi\u0119kowe i sonochemia ultrad\u017awi\u0119kowa. G\u0142\u00f3wne parametry pomiarowe to nat\u0119\u017cenie ultrad\u017awi\u0119k\u00f3w, kszta\u0142t fali ultrad\u017awi\u0119kowej, cz\u0119stotliwo\u015b\u0107 pracy, maksymalne nat\u0119\u017cenie, minimalne nat\u0119\u017cenie oraz czas pomiaru.<\/p>\n","protected":false},"featured_media":42067,"comment_status":"closed","ping_status":"closed","template":"","meta":[],"product_brand":[],"product_cat":[6226],"product_tag":[],"class_list":{"0":"post-65300","1":"product","2":"type-product","3":"status-publish","4":"has-post-thumbnail","6":"product_cat-ultrasonic-meter-pl","8":"first","9":"instock","10":"shipping-taxable","11":"product-type-external","12":"prodpage-classic"},"aioseo_notices":[],"_links":{"self":[{"href":"https:\/\/www.bjultrasonic.com\/pl\/wp-json\/wp\/v2\/product\/65300","targetHints":{"allow":["GET"]}}],"collection":[{"href":"https:\/\/www.bjultrasonic.com\/pl\/wp-json\/wp\/v2\/product"}],"about":[{"href":"https:\/\/www.bjultrasonic.com\/pl\/wp-json\/wp\/v2\/types\/product"}],"replies":[{"embeddable":true,"href":"https:\/\/www.bjultrasonic.com\/pl\/wp-json\/wp\/v2\/comments?post=65300"}],"wp:featuredmedia":[{"embeddable":true,"href":"https:\/\/www.bjultrasonic.com\/pl\/wp-json\/wp\/v2\/media\/42067"}],"wp:attachment":[{"href":"https:\/\/www.bjultrasonic.com\/pl\/wp-json\/wp\/v2\/media?parent=65300"}],"wp:term":[{"taxonomy":"product_brand","embeddable":true,"href":"https:\/\/www.bjultrasonic.com\/pl\/wp-json\/wp\/v2\/product_brand?post=65300"},{"taxonomy":"product_cat","embeddable":true,"href":"https:\/\/www.bjultrasonic.com\/pl\/wp-json\/wp\/v2\/product_cat?post=65300"},{"taxonomy":"product_tag","embeddable":true,"href":"https:\/\/www.bjultrasonic.com\/pl\/wp-json\/wp\/v2\/product_tag?post=65300"}],"curies":[{"name":"wp","href":"https:\/\/api.w.org\/{rel}","templated":true}]}}