{"id":65342,"date":"2021-03-22T09:26:39","date_gmt":"2021-03-22T14:26:39","guid":{"rendered":"https:\/\/www.bjultrasonic.com\/shop\/6000ml-ultrasonic-atomizer\/"},"modified":"2026-03-28T20:57:43","modified_gmt":"2026-03-29T01:57:43","slug":"6000ml-ultrasonic-atomizer","status":"publish","type":"product","link":"https:\/\/www.bjultrasonic.com\/pl\/shop\/6000ml-ultrasonic-atomizer\/","title":{"rendered":"6000ML Ultrad\u017awi\u0119kowy Atomizer"},"content":{"rendered":"<p>&nbsp;<\/p>\n<table class=\"table table-striped table-bordered\">\n<tbody>\n<tr>\n<td width=\"232\">Typ<\/td>\n<td width=\"418\">BJAR6000<\/td>\n<\/tr>\n<tr>\n<td width=\"232\">Ilo\u015b\u0107 mg\u0142y<\/td>\n<td width=\"418\">&gt;6000ML<\/td>\n<\/tr>\n<tr>\n<td width=\"232\">Wymiary<\/td>\n<td width=\"418\">326*68*52 mm (d\u0142ugo\u015b\u0107*szeroko\u015b\u0107*wysoko\u015b\u0107)<\/td>\n<\/tr>\n<tr>\n<td width=\"232\">Cz\u0119stotliwo\u015b\u0107 pracy<\/td>\n<td width=\"418\">1700\u00b150(KHZ)<\/td>\n<\/tr>\n<tr>\n<td width=\"232\">\u015arednica ceramiki piezoelektrycznej<\/td>\n<td width=\"418\">20mm<\/td>\n<\/tr>\n<tr>\n<td width=\"232\">Temperatura pracy<\/td>\n<td width=\"418\">5\uff5e45\u2103<\/td>\n<\/tr>\n<tr>\n<td width=\"232\">Ochrona przed przegrzaniem<\/td>\n<td width=\"418\">50\u2103<\/td>\n<\/tr>\n<tr>\n<td width=\"232\">Poziom wody<\/td>\n<td width=\"418\">40mm-80mm<\/p>\n<p>Optymalny poziom: 65mm<\/td>\n<\/tr>\n<tr>\n<td width=\"232\">Napi\u0119cie pracy<\/td>\n<td width=\"418\">48V DC<\/td>\n<\/tr>\n<tr>\n<td width=\"232\">Moc<\/td>\n<td width=\"418\">400W<\/td>\n<\/tr>\n<tr>\n<td width=\"232\">Pr\u0105d<\/td>\n<td width=\"418\">7.5A<\/td>\n<\/tr>\n<tr>\n<td width=\"232\">Materia\u0142<\/td>\n<td width=\"418\">stal nierdzewna<\/td>\n<\/tr>\n<tr>\n<td width=\"232\">Kabel<\/td>\n<td width=\"418\">D\u0142ugo\u015b\u0107 5m<\/td>\n<\/tr>\n<tr>\n<td width=\"232\">Napi\u0119cie<\/td>\n<td width=\"418\">220v\/50hz\u00a0\u00a0\u00a0\u00a0\u00a0230v\/50hz<\/p>\n<p>120v\/60hz\u00a0\u00a0\u00a0\u00a0\u00a0\u00a0\u00a0110v\/60hz<\/td>\n<\/tr>\n<\/tbody>\n<\/table>\n<h3>Filmy o nawil\u017caczach ultrad\u017awi\u0119kowych<\/h3>\n<p><iframe loading=\"lazy\" title=\"Ultrasonic Humidifier\" width=\"500\" height=\"281\" src=\"https:\/\/www.youtube.com\/embed\/videoseries?list=PLLrjMYkO0_NEpofnqW3MnsGQ-KMwpBJul\" frameborder=\"0\" allow=\"accelerometer; autoplay; clipboard-write; encrypted-media; gyroscope; picture-in-picture; web-share\" referrerpolicy=\"strict-origin-when-cross-origin\" allowfullscreen><\/iframe><\/p>\n","protected":false},"excerpt":{"rendered":"<p><a href=\"https:\/\/www.bjultrasonic.com\/pl\/category\/ultrasonic-atomizer-pl\/\">Nawil\u017cacz ultrad\u017awi\u0119kowy<\/a> wykorzystuje energi\u0119 ultrad\u017awi\u0119kow\u0105 do przekszta\u0142cania cieczy w cz\u0105steczki przypominaj\u0105ce chmury. Nawil\u017cacz ultrad\u017awi\u0119kowy jest r\u00f3wnie\u017c nazywany atomizerem ultrad\u017awi\u0119kowym, <a href=\"https:\/\/www.bjultrasonic.com\/pl\/shop\/ultrasonic-atomizing-transducer\/\">generatorem mg\u0142y ultrad\u017awi\u0119kowej<\/a>, rozpylaczem ultrad\u017awi\u0119kowym.<\/p>\n","protected":false},"featured_media":42223,"comment_status":"open","ping_status":"closed","template":"","meta":[],"product_brand":[],"product_cat":[6189],"product_tag":[],"class_list":{"0":"post-65342","1":"product","2":"type-product","3":"status-publish","4":"has-post-thumbnail","6":"product_cat-ultrasonic-atomizer-pl","8":"first","9":"instock","10":"shipping-taxable","11":"purchasable","12":"product-type-simple","13":"prodpage-classic"},"aioseo_notices":[],"_links":{"self":[{"href":"https:\/\/www.bjultrasonic.com\/pl\/wp-json\/wp\/v2\/product\/65342","targetHints":{"allow":["GET"]}}],"collection":[{"href":"https:\/\/www.bjultrasonic.com\/pl\/wp-json\/wp\/v2\/product"}],"about":[{"href":"https:\/\/www.bjultrasonic.com\/pl\/wp-json\/wp\/v2\/types\/product"}],"replies":[{"embeddable":true,"href":"https:\/\/www.bjultrasonic.com\/pl\/wp-json\/wp\/v2\/comments?post=65342"}],"wp:featuredmedia":[{"embeddable":true,"href":"https:\/\/www.bjultrasonic.com\/pl\/wp-json\/wp\/v2\/media\/42223"}],"wp:attachment":[{"href":"https:\/\/www.bjultrasonic.com\/pl\/wp-json\/wp\/v2\/media?parent=65342"}],"wp:term":[{"taxonomy":"product_brand","embeddable":true,"href":"https:\/\/www.bjultrasonic.com\/pl\/wp-json\/wp\/v2\/product_brand?post=65342"},{"taxonomy":"product_cat","embeddable":true,"href":"https:\/\/www.bjultrasonic.com\/pl\/wp-json\/wp\/v2\/product_cat?post=65342"},{"taxonomy":"product_tag","embeddable":true,"href":"https:\/\/www.bjultrasonic.com\/pl\/wp-json\/wp\/v2\/product_tag?post=65342"}],"curies":[{"name":"wp","href":"https:\/\/api.w.org\/{rel}","templated":true}]}}