{"id":65402,"date":"2021-03-22T09:02:21","date_gmt":"2021-03-22T14:02:21","guid":{"rendered":"https:\/\/www.bjultrasonic.com\/shop\/700ml-ultrasonic-humidifier\/"},"modified":"2026-03-28T20:57:18","modified_gmt":"2026-03-29T01:57:18","slug":"700ml-ultrasonic-humidifier","status":"publish","type":"product","link":"https:\/\/www.bjultrasonic.com\/pl\/shop\/700ml-ultrasonic-humidifier\/","title":{"rendered":"700ML Nawil\u017cacz Ultrad\u017awi\u0119kowy"},"content":{"rendered":"<table class=\"table table-striped table-bordered\">\n<tbody>\n<tr>\n<td width=\"343\">Typ<\/td>\n<td width=\"343\">BJA700<\/td>\n<\/tr>\n<tr>\n<td width=\"343\">Wydajno\u015b\u0107 rozpylania<\/td>\n<td width=\"343\">&gt;700ML<\/td>\n<\/tr>\n<tr>\n<td width=\"343\">Wymiary<\/td>\n<td width=\"343\">115*44*51mm D*S*W<\/td>\n<\/tr>\n<tr>\n<td width=\"343\">Cz\u0119stotliwo\u015b\u0107 pracy<\/td>\n<td width=\"343\">1700\u00b150(KHZ)<\/td>\n<\/tr>\n<tr>\n<td width=\"343\">\u015arednica piezoceramiki<\/td>\n<td width=\"343\">20mm<\/td>\n<\/tr>\n<tr>\n<td width=\"343\">Temperatura pracy<\/td>\n<td width=\"343\">5\uff5e45\u2103<\/td>\n<\/tr>\n<tr>\n<td width=\"343\">Poziom wody<\/td>\n<td width=\"343\">Powy\u017cej 40mm-60mm od dna zbiornika<\/td>\n<\/tr>\n<tr>\n<td width=\"343\">Napi\u0119cie pracy<\/td>\n<td width=\"343\">DC\u00a036V<\/td>\n<\/tr>\n<tr>\n<td width=\"343\">Moc:<\/td>\n<td width=\"343\">80W<\/td>\n<\/tr>\n<tr>\n<td width=\"343\">Materia\u0142<\/td>\n<td width=\"343\">Stal nierdzewna 304<\/td>\n<\/tr>\n<tr>\n<td width=\"343\">Kabel<\/td>\n<td width=\"343\">1,5M lub 3M<\/td>\n<\/tr>\n<\/tbody>\n<\/table>\n<p>&nbsp;<\/p>\n<h3>Filmy o Nawil\u017caczach Ultrad\u017awi\u0119kowych<\/h3>\n<p><iframe loading=\"lazy\" title=\"Ultrasonic Humidifier\" width=\"500\" height=\"281\" src=\"https:\/\/www.youtube.com\/embed\/videoseries?list=PLLrjMYkO0_NEpofnqW3MnsGQ-KMwpBJul\" frameborder=\"0\" allow=\"accelerometer; autoplay; clipboard-write; encrypted-media; gyroscope; picture-in-picture; web-share\" referrerpolicy=\"strict-origin-when-cross-origin\" allowfullscreen><\/iframe><\/p>\n","protected":false},"excerpt":{"rendered":"<p><a href=\"https:\/\/www.bjultrasonic.com\/pl\/category\/ultrasonic-atomizer-pl\/\">Nawil\u017cacz ultrad\u017awi\u0119kowy<\/a> wykorzystuje energi\u0119 ultrad\u017awi\u0119kow\u0105 do przekszta\u0142cania cieczy w cz\u0105steczki podobne do chmur. Nawil\u017cacz ultrad\u017awi\u0119kowy jest r\u00f3wnie\u017c nazywany atomizerem ultrad\u017awi\u0119kowym, <a href=\"https:\/\/www.bjultrasonic.com\/pl\/shop\/ultrasonic-atomizing-transducer\/\">generatorem mg\u0142y ultrad\u017awi\u0119kowej<\/a>, rozpylaczem ultrad\u017awi\u0119kowym.<\/p>\n","protected":false},"featured_media":23789,"comment_status":"open","ping_status":"closed","template":"","meta":[],"product_brand":[],"product_cat":[6189],"product_tag":[],"class_list":{"0":"post-65402","1":"product","2":"type-product","3":"status-publish","4":"has-post-thumbnail","6":"product_cat-ultrasonic-atomizer-pl","8":"first","9":"instock","10":"shipping-taxable","11":"purchasable","12":"product-type-simple","13":"prodpage-classic"},"aioseo_notices":[],"_links":{"self":[{"href":"https:\/\/www.bjultrasonic.com\/pl\/wp-json\/wp\/v2\/product\/65402","targetHints":{"allow":["GET"]}}],"collection":[{"href":"https:\/\/www.bjultrasonic.com\/pl\/wp-json\/wp\/v2\/product"}],"about":[{"href":"https:\/\/www.bjultrasonic.com\/pl\/wp-json\/wp\/v2\/types\/product"}],"replies":[{"embeddable":true,"href":"https:\/\/www.bjultrasonic.com\/pl\/wp-json\/wp\/v2\/comments?post=65402"}],"wp:featuredmedia":[{"embeddable":true,"href":"https:\/\/www.bjultrasonic.com\/pl\/wp-json\/wp\/v2\/media\/23789"}],"wp:attachment":[{"href":"https:\/\/www.bjultrasonic.com\/pl\/wp-json\/wp\/v2\/media?parent=65402"}],"wp:term":[{"taxonomy":"product_brand","embeddable":true,"href":"https:\/\/www.bjultrasonic.com\/pl\/wp-json\/wp\/v2\/product_brand?post=65402"},{"taxonomy":"product_cat","embeddable":true,"href":"https:\/\/www.bjultrasonic.com\/pl\/wp-json\/wp\/v2\/product_cat?post=65402"},{"taxonomy":"product_tag","embeddable":true,"href":"https:\/\/www.bjultrasonic.com\/pl\/wp-json\/wp\/v2\/product_tag?post=65402"}],"curies":[{"name":"wp","href":"https:\/\/api.w.org\/{rel}","templated":true}]}}