{"id":65442,"date":"2021-03-22T02:38:24","date_gmt":"2021-03-22T07:38:24","guid":{"rendered":"https:\/\/www.bjultrasonic.com\/shop\/ring-piezoelectric-ceramics\/"},"modified":"2026-03-28T20:56:51","modified_gmt":"2026-03-29T01:56:51","slug":"ring-piezoelectric-ceramics","status":"publish","type":"product","link":"https:\/\/www.bjultrasonic.com\/pl\/shop\/ring-piezoelectric-ceramics\/","title":{"rendered":"Pier\u015bcienie piezoceramiczne"},"content":{"rendered":"<h3>Zastosowanie piezoceramiki pier\u015bcieniowej<\/h3>\n<p>Szeroko stosowana w <a href=\"https:\/\/www.bjultrasonic.com\/pl\/category\/ultrasonic-cleaning-system-pl\/\">czyszczeniu ultrad\u017awi\u0119kowym<\/a>, <a href=\"https:\/\/www.bjultrasonic.com\/pl\/category\/ultrasonic-welding-equipment-pl\/\">spawaniu ultrad\u017awi\u0119kowym<\/a>, czujnikach pomiaru odleg\u0142o\u015bci ultrad\u017awi\u0119kowych, detektorach ultrad\u017awi\u0119kowych, instrumentach stomatologicznych ultrad\u017awi\u0119kowych, produktach kosmetycznych ultrad\u017awi\u0119kowych, silnikach ultrad\u017awi\u0119kowych, transformatorach ultrad\u017awi\u0119kowych oraz innych <a href=\"https:\/\/www.bjultrasonic.com\/pl\/category\/ultrasonic-transducer-pl\/\">przetwornikach ultrad\u017awi\u0119kowych<\/a> du\u017cej mocy.<\/p>\n<h3>Materia\u0142y piezoelektryczne piezoceramiki pier\u015bcieniowej<\/h3>\n<p>PZT4, PZT5, PZT8 lub inne wymagane materia\u0142y piezoelektryczne.<\/p>\n<h3>Standardowe wymiary ceramiki piezoelektrycznej<\/h3>\n<p>(Wymiar=\u015ar.zew.*\u015ar.wew.*Grubo\u015b\u0107)  (Qm=Wsp\u00f3\u0142czynnik jako\u015bci mechanicznej)  (tan\u03b4(%)=Wsp\u00f3\u0142czynnik strat dielektrycznych)<\/p>\n<table class=\"table table-striped table-bordered\">\n<tbody>\n<tr>\n<td width=\"72\">Wymiar(mm)<\/td>\n<td width=\"72\">Cz\u0119stotliwo\u015b\u0107 rezonansowa radialna\uff08\u00b15%)KHz<\/td>\n<td width=\"72\">Pojemno\u015b\u0107\uff08\u00b112.5%\uff09pF<\/td>\n<td width=\"72\">Tan\u03b4(%)<\/td>\n<td width=\"72\">Impedancja\/Ohm(\u03a9)<\/td>\n<td width=\"72\">Kr<\/td>\n<td width=\"72\">Qm<\/td>\n<td width=\"72\">G\u0142\u00f3wne zastosowanie<\/td>\n<\/tr>\n<tr>\n<td>10*5*2<\/td>\n<td>135.5<\/td>\n<td>260<\/td>\n<td>\u22640.3<\/td>\n<td>\u226415<\/td>\n<td>\u22650.55<\/td>\n<td>500<\/td>\n<td rowspan=\"9\">Spawanie ultrad\u017awi\u0119kowe, polerowanie ultrad\u017awi\u0119kowe, terapia ultrad\u017awi\u0119kowa, czyszczenie z\u0119b\u00f3w ultrad\u017awi\u0119kowe, homogenizator kom\u00f3rkowy, urz\u0105dzenie do mieszania ultrad\u017awi\u0119kowego, inne przetworniki ma\u0142ej mocy<\/td>\n<\/tr>\n<tr>\n<td>11*5.5*2<\/td>\n<td>124.6<\/td>\n<td>320<\/td>\n<td>\u22640.3<\/td>\n<td>\u226415<\/td>\n<td>\u22650.55<\/td>\n<td>500<\/td>\n<\/tr>\n<tr>\n<td>13*5.3*2.2<\/td>\n<td>126.8<\/td>\n<td>455<\/td>\n<td>\u22640.3<\/td>\n<td>\u226415<\/td>\n<td>\u22650.55<\/td>\n<td>500<\/td>\n<\/tr>\n<tr>\n<td>15*6*2<\/td>\n<td>110<\/td>\n<td>670<\/td>\n<td>\u22640.3<\/td>\n<td>\u226415<\/td>\n<td>\u22650.55<\/td>\n<td>500<\/td>\n<\/tr>\n<tr>\n<td>20*10*5<\/td>\n<td>100<\/td>\n<td>420<\/td>\n<td>\u22640.3<\/td>\n<td>\u226415<\/td>\n<td>\u22650.55<\/td>\n<td>500<\/td>\n<\/tr>\n<tr>\n<td>25*10*3<\/td>\n<td>66.4<\/td>\n<td>1240<\/td>\n<td>\u22640.3<\/td>\n<td>\u226415<\/td>\n<td>\u22650.45<\/td>\n<td>800<\/td>\n<\/tr>\n<tr>\n<td>25*10*4<\/td>\n<td>66.6<\/td>\n<td>930<\/td>\n<td>\u22640.3<\/td>\n<td>\u226415<\/td>\n<td>\u22650.45<\/td>\n<td>800<\/td>\n<\/tr>\n<tr>\n<td>30*10*5<\/td>\n<td>51<\/td>\n<td>1190<\/td>\n<td>\u22640.3<\/td>\n<td>\u226415<\/td>\n<td>\u22650.55<\/td>\n<td>500<\/td>\n<\/tr>\n<tr>\n<td>32*11*5<\/td>\n<td>47.2<\/td>\n<td>1300<\/td>\n<td>\u22640.3<\/td>\n<td>\u226420<\/td>\n<td>\u22650.55<\/td>\n<td>500<\/td>\n<\/tr>\n<tr>\n<td>35*15*5<\/td>\n<td>45.5<\/td>\n<td>1430<\/td>\n<td>\u22640.3<\/td>\n<td>\u226415<\/td>\n<td>\u22650.45<\/td>\n<td>800<\/td>\n<td rowspan=\"12\">Przetwornik do czyszczenia ultrad\u017awi\u0119kowego, ekstrakcja ultrad\u017awi\u0119kowa, emulsyfikacja ultrad\u017awi\u0119kowa, inne przetworniki \u015bredniej mocy,<\/td>\n<\/tr>\n<tr>\n<td>35*15*5.5<\/td>\n<td>45.9<\/td>\n<td>1610<\/td>\n<td>\u22640.5<\/td>\n<td>\u226415<\/td>\n<td>\u22650.49<\/td>\n<td>500<\/td>\n<\/tr>\n<tr>\n<td>38*15*5<\/td>\n<td>42<\/td>\n<td>2100<\/td>\n<td>\u22640.5<\/td>\n<td>\u226415<\/td>\n<td>\u22650.49<\/td>\n<td>500<\/td>\n<\/tr>\n<tr>\n<td>38*16*5<\/td>\n<td>42<\/td>\n<td>1650<\/td>\n<td>\u22640.3<\/td>\n<td>\u226415<\/td>\n<td>\u22650.55<\/td>\n<td>800<\/td>\n<\/tr>\n<tr>\n<td>38*13*6.4<\/td>\n<td>44.1<\/td>\n<td>1780<\/td>\n<td>\u22640.5<\/td>\n<td>\u226415<\/td>\n<td>\u22650.49<\/td>\n<td>500<\/td>\n<\/tr>\n<tr>\n<td>40*12*5<\/td>\n<td>47<\/td>\n<td>2080<\/td>\n<td>\u22640.3<\/td>\n<td>\u226415<\/td>\n<td>\u22650.54<\/td>\n<td>800<\/td>\n<\/tr>\n<tr>\n<td>40*15*5<\/td>\n<td>42.8<\/td>\n<td>1970<\/td>\n<td>\u22640.5<\/td>\n<td>\u226415<\/td>\n<td>\u22650.55<\/td>\n<td>500<\/td>\n<\/tr>\n<tr>\n<td>40*17*6<\/td>\n<td>41.5<\/td>\n<td>1556<\/td>\n<td>\u22640.3<\/td>\n<td>\u226415<\/td>\n<td>\u22650.46<\/td>\n<td>800<\/td>\n<\/tr>\n<tr>\n<td>40*20*5<\/td>\n<td>38<\/td>\n<td>1750<\/td>\n<td>\u22640.5<\/td>\n<td>\u226415<\/td>\n<td>\u22650.51<\/td>\n<td>800<\/td>\n<\/tr>\n<tr>\n<td>42*15*5<\/td>\n<td>40<\/td>\n<td>1970<\/td>\n<td>\u22640.5<\/td>\n<td>\u226415<\/td>\n<td>\u22650.51<\/td>\n<td>500<\/td>\n<\/tr>\n<tr>\n<td>42*17*5<\/td>\n<td>38.8<\/td>\n<td>2220<\/td>\n<td>\u22640.5<\/td>\n<td>\u226415<\/td>\n<td>\u22650.51<\/td>\n<td>500<\/td>\n<\/tr>\n<tr>\n<td>45*15*5<\/td>\n<td>37.7<\/td>\n<td>3180<\/td>\n<td>\u22640.5<\/td>\n<td>\u226415<\/td>\n<td>\u22650.51<\/td>\n<td>500<\/td>\n<\/tr>\n<tr>\n<td>50*17*5<\/td>\n<td>34.8<\/td>\n<td>3160<\/td>\n<td>\u22640.3<\/td>\n<td>\u226415<\/td>\n<td>\u22650.55<\/td>\n<td>800<\/td>\n<td rowspan=\"7\">Obr\u00f3bka ultrad\u017awi\u0119kowa, spawanie tworzyw sztucznych ultrad\u017awi\u0119kami, wiercenie ultrad\u017awi\u0119kowe, emulsja olejowo-wodna ultrad\u017awi\u0119kowa, inne przetworniki ultrad\u017awi\u0119kowe du\u017cej mocy<\/td>\n<\/tr>\n<tr>\n<td>50*20*6<\/td>\n<td>33.5<\/td>\n<td>2490<\/td>\n<td>\u22640.3<\/td>\n<td>\u226415<\/td>\n<td>\u22650.46<\/td>\n<td>800<\/td>\n<\/tr>\n<tr>\n<td>50*17*6.5<\/td>\n<td>34.8<\/td>\n<td>3280<\/td>\n<td>\u22640.3<\/td>\n<td>\u226415<\/td>\n<td>\u22650.55<\/td>\n<td>800<\/td>\n<\/tr>\n<tr>\n<td>50*23*6<\/td>\n<td>32.1<\/td>\n<td>2340<\/td>\n<td>\u22640.3<\/td>\n<td>\u226415<\/td>\n<td>\u226546<\/td>\n<td>800<\/td>\n<\/tr>\n<tr>\n<td>50*27*6<\/td>\n<td>29<\/td>\n<td>2100<\/td>\n<td>\u22640.3<\/td>\n<td>\u226415<\/td>\n<td>\u226547<\/td>\n<td>800<\/td>\n<\/tr>\n<tr>\n<td>60*30*10<\/td>\n<td>26<\/td>\n<td>1925<\/td>\n<td>\u22640.3<\/td>\n<td>\u226415<\/td>\n<td>\u226555<\/td>\n<td>800<\/td>\n<\/tr>\n<tr>\n<td>70*30*10<\/td>\n<td>24.5<\/td>\n<td>2640<\/td>\n<td>\u22640.3<\/td>\n<td>\u226415<\/td>\n<td>\u226555<\/td>\n<td>800<\/td>\n<\/tr>\n<\/tbody>\n<\/table>\n","protected":false},"excerpt":{"rendered":"<p><a href=\"https:\/\/www.bjultrasonic.com\/pl\/category\/piezoelectric-ceramic-pl\/ring-piezoelectric-ceramics-pl\/\">Pier\u015bcie\u0144 ceramiczny piezoelektryczny<\/a> (pier\u015bcie\u0144 piezoceramiczny) produkowany przez Beijing Ultrasonic \u2013 profesjonalny <a href=\"https:\/\/www.bjultrasonic.com\/pl\/category\/piezoelectric-ceramic-pl\/\">dostawca i producent ceramiki piezoelektrycznej<\/a>.<\/p>\n","protected":false},"featured_media":23783,"comment_status":"open","ping_status":"closed","template":"","meta":[],"product_brand":[],"product_cat":[5751,5656],"product_tag":[],"class_list":{"0":"post-65442","1":"product","2":"type-product","3":"status-publish","4":"has-post-thumbnail","6":"product_cat-ring-piezoelectric-ceramics-pl","7":"product_cat-piezoelectric-ceramic-pl","9":"first","10":"instock","11":"shipping-taxable","12":"product-type-external","13":"prodpage-classic"},"aioseo_notices":[],"_links":{"self":[{"href":"https:\/\/www.bjultrasonic.com\/pl\/wp-json\/wp\/v2\/product\/65442","targetHints":{"allow":["GET"]}}],"collection":[{"href":"https:\/\/www.bjultrasonic.com\/pl\/wp-json\/wp\/v2\/product"}],"about":[{"href":"https:\/\/www.bjultrasonic.com\/pl\/wp-json\/wp\/v2\/types\/product"}],"replies":[{"embeddable":true,"href":"https:\/\/www.bjultrasonic.com\/pl\/wp-json\/wp\/v2\/comments?post=65442"}],"wp:featuredmedia":[{"embeddable":true,"href":"https:\/\/www.bjultrasonic.com\/pl\/wp-json\/wp\/v2\/media\/23783"}],"wp:attachment":[{"href":"https:\/\/www.bjultrasonic.com\/pl\/wp-json\/wp\/v2\/media?parent=65442"}],"wp:term":[{"taxonomy":"product_brand","embeddable":true,"href":"https:\/\/www.bjultrasonic.com\/pl\/wp-json\/wp\/v2\/product_brand?post=65442"},{"taxonomy":"product_cat","embeddable":true,"href":"https:\/\/www.bjultrasonic.com\/pl\/wp-json\/wp\/v2\/product_cat?post=65442"},{"taxonomy":"product_tag","embeddable":true,"href":"https:\/\/www.bjultrasonic.com\/pl\/wp-json\/wp\/v2\/product_tag?post=65442"}],"curies":[{"name":"wp","href":"https:\/\/api.w.org\/{rel}","templated":true}]}}