{"id":65522,"date":"2021-03-17T10:23:32","date_gmt":"2021-03-17T15:23:32","guid":{"rendered":"https:\/\/www.bjultrasonic.com\/shop\/40khz-80khz-40w-dual-frequency-ultrasonic-transducer-pzt-4\/"},"modified":"2026-03-28T20:55:58","modified_gmt":"2026-03-29T01:55:58","slug":"40khz-80khz-40w-dual-frequency-ultrasonic-transducer-pzt-4","status":"publish","type":"product","link":"https:\/\/www.bjultrasonic.com\/pl\/shop\/40khz-80khz-40w-dual-frequency-ultrasonic-transducer-pzt-4\/","title":{"rendered":"40KHz\/80KHz 40W Dwucz\u0119stotliwo\u015bciowy Przetwornik Ultrad\u017awi\u0119kowy (PZT-4)"},"content":{"rendered":"<h2>Specyfikacja dwucz\u0119stotliwo\u015bciowego przetwornika ultrad\u017awi\u0119kowego 40KHz\/80KHz 40W (PZT-4)<\/h2>\n<table class=\"table table-striped table-bordered\">\n<tbody>\n<tr>\n<td width=\"220\">Typ<\/td>\n<td width=\"346\">BJC-4080T- 40HN PZT-4<\/td>\n<\/tr>\n<tr>\n<td width=\"220\">Cz\u0119stotliwo\u015b\u0107<\/td>\n<td width=\"346\">40 (80) KHz +\/- 1KHz<\/td>\n<\/tr>\n<tr>\n<td width=\"220\">Moc<\/td>\n<td width=\"346\">40W<\/td>\n<\/tr>\n<tr>\n<td width=\"220\">Pojemno\u015b\u0107<\/td>\n<td width=\"346\">4800pF \u00b110%<\/td>\n<\/tr>\n<tr>\n<td width=\"220\">Powierzchnia promieniowania<\/td>\n<td width=\"346\">40mm<\/td>\n<\/tr>\n<tr>\n<td width=\"220\">Rezystancja rezonansowa<\/td>\n<td width=\"346\">10-20\u03a9 &lt;35<\/td>\n<\/tr>\n<tr>\n<td width=\"220\">D\u0142ugo\u015b\u0107<\/td>\n<td width=\"346\">61mm<\/td>\n<\/tr>\n<tr>\n<td width=\"220\">Zasilanie<\/td>\n<td width=\"346\">100V~130V lub 220V~240V AC<\/td>\n<\/tr>\n<tr>\n<td width=\"220\">Waga<\/td>\n<td width=\"346\">350g\/szt.<\/td>\n<\/tr>\n<tr>\n<td width=\"220\">Typ<\/td>\n<td width=\"346\">Typ ro\u017ckowy<\/td>\n<\/tr>\n<\/tbody>\n<\/table>\n<h2><a href=\"https:\/\/drive.google.com\/file\/d\/1pXEpP5HbetTukpQtZKV4hyTdlMm0aYkt\/view\" target=\"_blank\" rel=\"noopener\">Pobierz<\/a> specyfikacj\u0119 i wycen\u0119 wszystkich przetwornik\u00f3w do czyszczenia ultrad\u017awi\u0119kowego.<\/h2>\n<h3>Metody nazewnictwa przetwornik\u00f3w do czyszczenia ultrad\u017awi\u0119kowego<\/h3>\n<p><a href=\"https:\/\/www.bjultrasonic.com\/wp-content\/uploads\/2012\/10\/Naming-Methods-of-Ultrasonic-Cleaning-Transducer.jpg\" data-lightbox=\"image\"><img loading=\"lazy\" decoding=\"async\" title=\"Metody nazewnictwa przetwornik\u00f3w do czyszczenia ultrad\u017awi\u0119kowego\" src=\"\/\/www.bjultrasonic.com\/wp-content\/uploads\/2012\/10\/Naming-Methods-of-Ultrasonic-Cleaning-Transducer.jpg\" alt=\"Metody nazewnictwa przetwornik\u00f3w do czyszczenia ultrad\u017awi\u0119kowego\" width=\"442\" height=\"399\" \/><\/a><\/p>\n<h3>Struktura przetwornika do czyszczenia ultrad\u017awi\u0119kowego<\/h3>\n<p><a href=\"https:\/\/www.bjultrasonic.com\/wp-content\/uploads\/2012\/03\/2012319111.jpg\" data-lightbox=\"image\"><img loading=\"lazy\" decoding=\"async\" title=\"Struktura przetwornika do czyszczenia ultrad\u017awi\u0119kowego\" src=\"\/\/www.bjultrasonic.com\/wp-content\/uploads\/2012\/10\/Ultrasonic-Cleaning-Transducer-Structure.jpg\" alt=\"Struktura przetwornika do czyszczenia ultrad\u017awi\u0119kowego\" width=\"546\" height=\"203\" \/><\/a><\/p>\n<h3>G\u0142\u00f3wne cechy<\/h3>\n<ul>\n<li>Wysoka wydajno\u015b\u0107: wysoki parametr mechaniczny Q, sprawno\u015b\u0107 przetwarzania energii elektrycznej na akustyczn\u0105 powy\u017cej 95%.<\/li>\n<li>Wysoka amplituda: wytrzyma\u0142o\u015b\u0107 przetwornika jest zwi\u0119kszona poprzez bezpo\u015brednie przymocowanie wibratora wysokiej pr\u0119dko\u015bci do podstawy k\u0105pieli myj\u0105cej za pomoc\u0105 \u015brub. W por\u00f3wnaniu z wibratorem magnetostrykcyjnym, jego amplituda mo\u017ce by\u0107 zwi\u0119kszona o ponad 50%.<\/li>\n<li>Dobra odporno\u015b\u0107 cieplna: szeroki zakres temperatury pracy, niska impedancja rezonansowa i niska produkcja ciep\u0142a.<\/li>\n<li>Dobra konstrukcja: mocowana \u015brubami, \u0142atwa w monta\u017cu, wysoka niezawodno\u015b\u0107.<\/li>\n<\/ul>\n<h3>Lista odtwarzania wideo: Przetworniki ultrad\u017awi\u0119kowe<\/h3>\n<p><iframe loading=\"lazy\" title=\"Dual-frequency Piezoelectric Ultrasonic Transducer for Ultrasonic Cleaner\" width=\"500\" height=\"281\" src=\"https:\/\/www.youtube.com\/embed\/3zVdE1GihAE?list=PL2F5F3AB3579FB4A9\" frameborder=\"0\" allow=\"accelerometer; autoplay; clipboard-write; encrypted-media; gyroscope; picture-in-picture; web-share\" referrerpolicy=\"strict-origin-when-cross-origin\" allowfullscreen><\/iframe><\/p>\n<h3>Przetwornik ultrad\u017awi\u0119kowy du\u017cej mocy<\/h3>\n<p><iframe loading=\"lazy\" title=\"High Power Piezoelectric Ultrasonic Transducer - Beijing Ultrasonic\" width=\"500\" height=\"281\" src=\"https:\/\/www.youtube.com\/embed\/TBLGTvZgOw4?feature=oembed\" frameborder=\"0\" allow=\"accelerometer; autoplay; clipboard-write; encrypted-media; gyroscope; picture-in-picture; web-share\" referrerpolicy=\"strict-origin-when-cross-origin\" allowfullscreen><\/iframe><\/p>\n<h3>P\u0142atno\u015bci<\/h3>\n<p>Akceptujemy p\u0142atno\u015bci przez PayPal, przelew bankowy (T\/T) i Western Union.<\/p>\n<h3>Wysy\u0142ka<\/h3>\n<p>Towar zostanie wys\u0142any w ci\u0105gu 48 godzin od otrzymania pe\u0142nej p\u0142atno\u015bci.<\/p>\n<ul>\n<li>Wysy\u0142amy towar na adres podany w p\u0142atno\u015bci PayPal. Prosimy upewni\u0107 si\u0119, \u017ce adres w PayPal jest poprawny.<\/li>\n<li>Prze\u015blemy numer \u015bledzenia przesy\u0142ki po jej wys\u0142aniu. Zazwyczaj otrzymasz towar w ci\u0105gu pi\u0119ciu dni.<\/li>\n<li>Je\u015bli masz jakiekolwiek pytania, skontaktuj si\u0119 z nami drog\u0105 mailow\u0105 (nasz adres e-mail to <a href=\"mailto:support@bjultrasonic.com\">support@bjultrasonic.com<\/a>)<\/li>\n<\/ul>\n<h3 align=\"left\">Gwarancja produktu<\/h3>\n<p>Okres gwarancji na produkt wynosi jeden rok. W okresie gwarancji zakupione produkty mog\u0105 korzysta\u0107 z bezp\u0142atnej naprawy lub wymiany.<\/p>\n","protected":false},"excerpt":{"rendered":"<p><a href=\"https:\/\/www.bjultrasonic.com\/pl\/category\/ultrasonic-transducer-pl\/\">Przetwornik piezoelektryczny<\/a> do czyszczenia ultrad\u017awi\u0119kowego jest wa\u017cn\u0105 cz\u0119\u015bci\u0105 <a href=\"https:\/\/www.bjultrasonic.com\/pl\/category\/ultrasonic-cleaning-system-pl\/\">czyszczarki ultrad\u017awi\u0119kowej<\/a>, przetwornik ultrad\u017awi\u0119kowy przekszta\u0142ca energi\u0119 elektryczn\u0105 z <a href=\"https:\/\/www.bjultrasonic.com\/pl\/category\/ultrasonic-generator-pl\/\">generatora ultrad\u017awi\u0119kowego<\/a> na <a href=\"https:\/\/www.bjultrasonic.com\/pl\/uses-of-ultrasonic-waves\/\">fale ultrad\u017awi\u0119kowe<\/a>.<\/p>\n","protected":false},"featured_media":23748,"comment_status":"open","ping_status":"closed","template":"","meta":[],"product_brand":[],"product_cat":[6317],"product_tag":[],"class_list":{"0":"post-65522","1":"product","2":"type-product","3":"status-publish","4":"has-post-thumbnail","6":"product_cat-ultrasonic-transducer-pl","8":"first","9":"instock","10":"shipping-taxable","11":"purchasable","12":"product-type-simple","13":"prodpage-classic"},"aioseo_notices":[],"_links":{"self":[{"href":"https:\/\/www.bjultrasonic.com\/pl\/wp-json\/wp\/v2\/product\/65522","targetHints":{"allow":["GET"]}}],"collection":[{"href":"https:\/\/www.bjultrasonic.com\/pl\/wp-json\/wp\/v2\/product"}],"about":[{"href":"https:\/\/www.bjultrasonic.com\/pl\/wp-json\/wp\/v2\/types\/product"}],"replies":[{"embeddable":true,"href":"https:\/\/www.bjultrasonic.com\/pl\/wp-json\/wp\/v2\/comments?post=65522"}],"wp:featuredmedia":[{"embeddable":true,"href":"https:\/\/www.bjultrasonic.com\/pl\/wp-json\/wp\/v2\/media\/23748"}],"wp:attachment":[{"href":"https:\/\/www.bjultrasonic.com\/pl\/wp-json\/wp\/v2\/media?parent=65522"}],"wp:term":[{"taxonomy":"product_brand","embeddable":true,"href":"https:\/\/www.bjultrasonic.com\/pl\/wp-json\/wp\/v2\/product_brand?post=65522"},{"taxonomy":"product_cat","embeddable":true,"href":"https:\/\/www.bjultrasonic.com\/pl\/wp-json\/wp\/v2\/product_cat?post=65522"},{"taxonomy":"product_tag","embeddable":true,"href":"https:\/\/www.bjultrasonic.com\/pl\/wp-json\/wp\/v2\/product_tag?post=65522"}],"curies":[{"name":"wp","href":"https:\/\/api.w.org\/{rel}","templated":true}]}}