{"id":65582,"date":"2021-03-16T02:47:49","date_gmt":"2021-03-16T07:47:49","guid":{"rendered":"https:\/\/www.bjultrasonic.com\/shop\/three-tanks-industrial-ultrasonic-cleaners\/"},"modified":"2026-03-28T20:55:32","modified_gmt":"2026-03-29T01:55:32","slug":"three-tanks-industrial-ultrasonic-cleaners","status":"publish","type":"product","link":"https:\/\/www.bjultrasonic.com\/pl\/shop\/three-tanks-industrial-ultrasonic-cleaners\/","title":{"rendered":"Trzy Zbiorniki Przemys\u0142owe Czyszczarki Ultrad\u017awi\u0119kowe"},"content":{"rendered":"<h3>Specyfikacje (Mo\u017cemy dostosowa\u0107 dowolny rozmiar zgodnie z wymaganiami)<\/h3>\n<table class=\"table table-striped table-bordered\">\n<tbody>\n<tr>\n<td> Typ<\/td>\n<td>Cz\u0119stotliwo\u015b\u0107<\/p>\n<p>(KHz)<\/td>\n<td>Przetwornik ultrad\u017awi\u0119kowy<\/p>\n<p>(SZT)<\/td>\n<td>Pojemno\u015b\u0107<\/p>\n<p>(L)<\/td>\n<td>Moc ultrad\u017awi\u0119kowa<\/p>\n<p>(W)<\/td>\n<td>Wymiary zbiornika<\/p>\n<p>(D*S*W MM)<\/td>\n<td>Moc grzania<\/p>\n<p>(W)<\/td>\n<td>Timer<\/p>\n<p>(MIN)<\/td>\n<td>Suszanie<\/td>\n<td>Filtr<\/td>\n<td>P\u0142ukanie<\/td>\n<\/tr>\n<tr>\n<td>BJCTE38<\/td>\n<td>28 lub 40k lub inne<\/td>\n<td>12<\/td>\n<td>38<\/td>\n<td>600<\/td>\n<td>500*300*250<\/td>\n<td>1500<\/td>\n<td>1~99 (h)<\/td>\n<td>TAK<\/td>\n<td>TAK<\/td>\n<td>TAK<\/td>\n<\/tr>\n<tr>\n<td>BJCTE53<\/td>\n<td>28 lub 40k lub inne<\/td>\n<td>18<\/td>\n<td>53<\/td>\n<td>900<\/td>\n<td>500*350*300<\/td>\n<td>1500<\/td>\n<td>1~99 (h)<\/td>\n<td>TAK<\/td>\n<td>TAK<\/td>\n<td>TAK<\/td>\n<\/tr>\n<tr>\n<td>BJCTE78<\/td>\n<td>28 lub 40k lub inne<\/td>\n<td>24<\/td>\n<td>78<\/td>\n<td>1200<\/td>\n<td>550*400*350<\/td>\n<td>3000<\/td>\n<td>1~99 (h)<\/td>\n<td>TAK<\/td>\n<td>TAK<\/td>\n<td>TAK<\/td>\n<\/tr>\n<tr>\n<td>BJCTE88<\/td>\n<td>28 lub 40k lub inne<\/td>\n<td>24<\/td>\n<td>88<\/td>\n<td>1200<\/td>\n<td>550*400*400<\/td>\n<td>3000<\/td>\n<td>1~99 (h)<\/td>\n<td>TAK<\/td>\n<td>TAK<\/td>\n<td>TAK<\/td>\n<\/tr>\n<tr>\n<td>BJCTE99<\/td>\n<td>28 lub 40k lub inne<\/td>\n<td>30<\/td>\n<td>99<\/td>\n<td>1500<\/td>\n<td>550*450*400<\/td>\n<td>3000<\/td>\n<td>1~99 (h)<\/td>\n<td>TAK<\/td>\n<td>TAK<\/td>\n<td>TAK<\/td>\n<\/tr>\n<tr>\n<td>BJCTE135<\/td>\n<td>28 lub 40k lub inne<\/td>\n<td>36<\/td>\n<td>135<\/td>\n<td>1800<\/td>\n<td>600*500*450<\/td>\n<td>4500<\/td>\n<td>1~99 (h)<\/td>\n<td>TAK<\/td>\n<td>TAK<\/td>\n<td>TAK<\/td>\n<\/tr>\n<tr>\n<td>BJCTE175<\/td>\n<td>28 lub 40k lub inne<\/td>\n<td>48<\/td>\n<td>175<\/td>\n<td>2400<\/td>\n<td>700*500*550<\/td>\n<td>6000<\/td>\n<td>1~99 (h)<\/td>\n<td>TAK<\/td>\n<td>TAK<\/td>\n<td>TAK<\/td>\n<\/tr>\n<tr>\n<td>BJCTE264<\/td>\n<td>28 lub 40k lub inne<\/td>\n<td>60<\/td>\n<td>264<\/td>\n<td>3000<\/td>\n<td>800*600*550<\/td>\n<td>9000<\/td>\n<td>1~99 (h)<\/td>\n<td>TAK<\/td>\n<td>TAK<\/td>\n<td>TAK<\/td>\n<\/tr>\n<tr>\n<td>BJCTE360<\/td>\n<td>28 lub 40k lub inne<\/td>\n<td>72<\/td>\n<td>360<\/td>\n<td>3600<\/td>\n<td>1000*600*600<\/td>\n<td>12000<\/td>\n<td>1~99 (h)<\/td>\n<td>TAK<\/td>\n<td>TAK<\/td>\n<td>TAK<\/td>\n<\/tr>\n<tr>\n<td>BJCTE540<\/td>\n<td>28 lub 40k lub inne<\/td>\n<td>108<\/td>\n<td>540<\/td>\n<td>5400<\/td>\n<td>1000*900*600<\/td>\n<td>18000<\/td>\n<td>1~99 (h)<\/td>\n<td>TAK<\/td>\n<td>TAK<\/td>\n<td>TAK<\/td>\n<\/tr>\n<tr>\n<td>BJCTE960<\/td>\n<td>28 lub 40k lub inne<\/td>\n<td>144<\/td>\n<td>960<\/td>\n<td>7200<\/td>\n<td>1200*1000*800<\/td>\n<td>27000<\/td>\n<td>1~99 (h)<\/td>\n<td>TAK<\/td>\n<td>TAK<\/td>\n<td>TAK<\/td>\n<\/tr>\n<\/tbody>\n<\/table>\n<p>Stosujemy wysokiej jako\u015bci klej epoksydowy. Nie\u0142atwo odpada.<br \/>\nMonta\u017c przetwornika ultrad\u017awi\u0119kowego poprzez t\u0142oczenie. Obr\u00f3bka strumieniowo-\u015bcierna. Mycie i suszenie. Obr\u00f3bka gwintu.<\/p>\n<p><img loading=\"lazy\" decoding=\"async\" class=\"alignnone size-full wp-image-23706\" src=\"https:\/\/www.bjultrasonic.com\/wp-content\/uploads\/2021\/03\/Bond-ultrasonic-transducer-by-using-stamping.jpg\" alt=\"Monta\u017c przetwornika ultrad\u017awi\u0119kowego poprzez t\u0142oczenie\" width=\"700\" height=\"398\" \/><\/p>\n","protected":false},"excerpt":{"rendered":"<h3>Mycie ultrad\u017awi\u0119kowe + P\u0142ukanie + Suszenie + Filtracja<\/h3>\n<ol>\n<li>Materia\u0142 zbiornika: Zbiornik ze stali 304SS. Formowanie t\u0142oczeniem bez spoin.<\/li>\n<li>Grubo\u015b\u0107 zbiornika: 3mm D\u0142uga \u017cywotno\u015b\u0107<\/li>\n<li>Czas pracy: Regulacja 0-90 min<\/li>\n<li>Sterowanie temperatur\u0105: 0-80 stopni<\/li>\n<li>Moc: Regulowana<\/li>\n<li>Cz\u0119stotliwo\u015b\u0107: wed\u0142ug wymaga\u0144 Kabel<\/li>\n<li>Standard przemys\u0142owy, gruby kabel zasilaj\u0105cy odporny na ciep\u0142o, odporny na zmi\u0119kczenie<\/li>\n<li>Wysoka precyzja: Poniewa\u017c energia ultrad\u017awi\u0119kowa mo\u017ce przenika\u0107 przez drobne szczeliny i otwory, mo\u017ce by\u0107 stosowana do czyszczenia dowolnych cz\u0119\u015bci lub zespo\u0142\u00f3w. Dla cz\u0119\u015bci precyzyjnych lub zespo\u0142\u00f3w poddawanych czyszczeniu, mycie ultrad\u017awi\u0119kowe cz\u0119sto staje si\u0119 jedyn\u0105 metod\u0105 czyszczenia spe\u0142niaj\u0105c\u0105 specjalne wymagania techniczne;<\/li>\n<li>Szybko\u015b\u0107: Mycie ultrad\u017awi\u0119kowe jest znacznie szybsze w usuwaniu kurzu i osad\u00f3w z detali w por\u00f3wnaniu z regularnymi metodami czyszczenia. Nie wymaga demonta\u017cu zespo\u0142\u00f3w przed czyszczeniem. Zaleta oszcz\u0119dno\u015bci si\u0142y roboczej sprawia, \u017ce jest to najbardziej ekonomiczny spos\u00f3b czyszczenia;<\/li>\n<li>Jednorodno\u015b\u0107: Niezale\u017cnie od tego, czy czyszczony element jest du\u017cy czy ma\u0142y, prosty czy z\u0142o\u017cony, pojedynczy czy w partii, czy na automatycznej linii monta\u017cowej, u\u017cycie mycia ultrad\u017awi\u0119kowego zapewnia jednorodno\u015b\u0107 czysto\u015bci niepor\u00f3wnywaln\u0105 z czyszczeniem r\u0119cznym.<\/li>\n<li>Konstrukcja: Produkt ma estetyczny i prosty design, obudowa wykonana jest z wysokiej jako\u015bci t\u0142oczonej stali nierdzewnej. Dobra odporno\u015b\u0107 na korozj\u0119; Zbiornik czyszcz\u0105cy wykonany z wysokiej jako\u015bci t\u0142oczonej stali nierdzewnej SUS304, bez spawania, doskona\u0142a szczelno\u015b\u0107.<\/li>\n<li>Obw\u00f3d: Obw\u00f3d zasilania wykorzystuje nowe oscylatory OS, precyzyjnie kontroluje cz\u0119stotliwo\u015b\u0107 drga\u0144 i ma funkcj\u0119 sprz\u0119\u017cenia zwrotnego, co czyni wyj\u015bcie ultrad\u017awi\u0119kowe bardziej stabilnym i niezawodnym.<\/li>\n<li>Przetwornik ultrad\u017awi\u0119kowy: Przetwornik ultrad\u017awi\u0119kowy zastosowa\u0142 d\u0142u\u017cej \u017cywotn\u0105, ca\u0142kowicie aluminiow\u0105 konstrukcj\u0119, redukuj\u0105c\u0105 nagrzewanie i zapewniaj\u0105c\u0105 stabilne wyj\u015bcie.<\/li>\n<\/ol>\n","protected":false},"featured_media":23712,"comment_status":"closed","ping_status":"closed","template":"","meta":[],"product_brand":[],"product_cat":[5958],"product_tag":[],"class_list":{"0":"post-65582","1":"product","2":"type-product","3":"status-publish","4":"has-post-thumbnail","6":"product_cat-big-ultrasonic-cleaning-machine-pl","8":"first","9":"instock","10":"shipping-taxable","11":"product-type-external","12":"prodpage-classic"},"aioseo_notices":[],"_links":{"self":[{"href":"https:\/\/www.bjultrasonic.com\/pl\/wp-json\/wp\/v2\/product\/65582","targetHints":{"allow":["GET"]}}],"collection":[{"href":"https:\/\/www.bjultrasonic.com\/pl\/wp-json\/wp\/v2\/product"}],"about":[{"href":"https:\/\/www.bjultrasonic.com\/pl\/wp-json\/wp\/v2\/types\/product"}],"replies":[{"embeddable":true,"href":"https:\/\/www.bjultrasonic.com\/pl\/wp-json\/wp\/v2\/comments?post=65582"}],"wp:featuredmedia":[{"embeddable":true,"href":"https:\/\/www.bjultrasonic.com\/pl\/wp-json\/wp\/v2\/media\/23712"}],"wp:attachment":[{"href":"https:\/\/www.bjultrasonic.com\/pl\/wp-json\/wp\/v2\/media?parent=65582"}],"wp:term":[{"taxonomy":"product_brand","embeddable":true,"href":"https:\/\/www.bjultrasonic.com\/pl\/wp-json\/wp\/v2\/product_brand?post=65582"},{"taxonomy":"product_cat","embeddable":true,"href":"https:\/\/www.bjultrasonic.com\/pl\/wp-json\/wp\/v2\/product_cat?post=65582"},{"taxonomy":"product_tag","embeddable":true,"href":"https:\/\/www.bjultrasonic.com\/pl\/wp-json\/wp\/v2\/product_tag?post=65582"}],"curies":[{"name":"wp","href":"https:\/\/api.w.org\/{rel}","templated":true}]}}