{"id":65622,"date":"2021-03-16T02:36:21","date_gmt":"2021-03-16T07:36:21","guid":{"rendered":"https:\/\/www.bjultrasonic.com\/shop\/single-tank-industrial-ultrasonic-cleaners\/"},"modified":"2026-03-28T20:55:03","modified_gmt":"2026-03-29T01:55:03","slug":"single-tank-industrial-ultrasonic-cleaners","status":"publish","type":"product","link":"https:\/\/www.bjultrasonic.com\/pl\/shop\/single-tank-industrial-ultrasonic-cleaners\/","title":{"rendered":"Jednozbiornikowe Przemys\u0142owe Czyszczarki Ultrad\u017awi\u0119kowe"},"content":{"rendered":"<h3>Specyfikacje (Mo\u017cemy dostosowa\u0107 dowolny rozmiar zgodnie z wymaganiami)<\/h3>\n<table class=\"table table-striped table-bordered\">\n<tbody>\n<tr>\n<td> Typ<\/td>\n<td>Cz\u0119stotliwo\u015b\u0107<\/p>\n<p>(KHz)<\/td>\n<td>Przetwornik ultrad\u017awi\u0119kowy<\/p>\n<p>(szt.)<\/td>\n<td>Pojemno\u015b\u0107<\/p>\n<p>(L)<\/td>\n<td>Moc ultrad\u017awi\u0119kowa<\/p>\n<p>(W)<\/td>\n<td>Wymiary zbiornika<\/p>\n<p>(D*S*W MM)<\/td>\n<td>Wymiary maszyny<\/p>\n<p>(D*S*W MM)<\/td>\n<td>Moc grzewcza<\/p>\n<p>(W)<\/td>\n<td>Timer<\/p>\n<p>(MIN)<\/td>\n<td>Temperatura<\/p>\n<p>(\u2103)<\/td>\n<\/tr>\n<tr>\n<td>BJCE2400<\/td>\n<td>28K 40K lub inne<\/td>\n<td>48<\/td>\n<td>175<\/td>\n<td>2400<\/td>\n<td>700*500*500<\/td>\n<td>880*680*750<\/td>\n<td>4500<\/td>\n<td>0~99\uff08h\uff09<\/td>\n<td>20~95<\/td>\n<\/tr>\n<tr>\n<td>BJCE3000<\/td>\n<td><\/td>\n<td>60<\/td>\n<td>264<\/td>\n<td>3000<\/td>\n<td>800*600*550<\/td>\n<td>980*780*800<\/td>\n<td>6000<\/td>\n<td>0~99\uff08h\uff09<\/td>\n<td>20~95<\/td>\n<\/tr>\n<tr>\n<td>BJCE3600<\/td>\n<td><\/td>\n<td>72<\/td>\n<td>330<\/td>\n<td>3600<\/td>\n<td>1000*600*550<\/td>\n<td>1180*780*800<\/td>\n<td>6000<\/td>\n<td>0~99\uff08h\uff09<\/td>\n<td>20~95<\/td>\n<\/tr>\n<tr>\n<td>BJCE4200<\/td>\n<td><\/td>\n<td>84<\/td>\n<td>385<\/td>\n<td>0-4200<\/td>\n<td>1000*700*550<\/td>\n<td>1180*880*800<\/td>\n<td>9000<\/td>\n<td>0~99\uff08h\uff09<\/td>\n<td>20~95<\/td>\n<\/tr>\n<tr>\n<td>BJCE4800<\/td>\n<td><\/td>\n<td>96<\/td>\n<td>450<\/td>\n<td>0-4800<\/td>\n<td>1000*750*600<\/td>\n<td>1180*930*850<\/td>\n<td>9000<\/td>\n<td>0~99\uff08h\uff09<\/td>\n<td>20~95<\/td>\n<\/tr>\n<tr>\n<td>BJCE5400<\/td>\n<td><\/td>\n<td>108<\/td>\n<td>540<\/td>\n<td>0-5400<\/td>\n<td>1000*900*600<\/td>\n<td>1180*1080*850<\/td>\n<td>10500<\/td>\n<td>0~99\uff08h\uff09<\/td>\n<td>20~95<\/td>\n<\/tr>\n<tr>\n<td>BJCE6000<\/td>\n<td><\/td>\n<td>120<\/td>\n<td>570<\/td>\n<td>0-6000<\/td>\n<td>1000*950*600<\/td>\n<td>1180*1130*850<\/td>\n<td>10500<\/td>\n<td>0~99\uff08h\uff09<\/td>\n<td>20~95<\/td>\n<\/tr>\n<tr>\n<td>BJCE6600<\/td>\n<td><\/td>\n<td>132<\/td>\n<td>650<\/td>\n<td>0-6600<\/td>\n<td>1000*1000*650<\/td>\n<td>1180*1180*900<\/td>\n<td>12000<\/td>\n<td>0~99\uff08h\uff09<\/td>\n<td>20~95<\/td>\n<\/tr>\n<tr>\n<td>BJCE7200<\/td>\n<td><\/td>\n<td>144<\/td>\n<td>715<\/td>\n<td>0-7200<\/td>\n<td>1100*1000*650<\/td>\n<td>1280*1180*900<\/td>\n<td>12000<\/td>\n<td>0~99\uff08h\uff09<\/td>\n<td>20~95<\/td>\n<\/tr>\n<tr>\n<td colspan=\"2\">BJCE10800<\/td>\n<td>216<\/td>\n<td>975<\/td>\n<td>0-10800<\/td>\n<td>1500*1000*650<\/td>\n<td>1680*1180*900<\/td>\n<td>12000<\/td>\n<td>0~99\uff08h\uff09<\/td>\n<td>20~95<\/td>\n<\/tr>\n<\/tbody>\n<\/table>\n<p>Stosowana jest wysokiej jako\u015bci \u017cywica epoksydowa. Nie\u0142atwa do odpadni\u0119cia.<br \/>\nPrzyklejanie przetwornika ultrad\u017awi\u0119kowego poprzez t\u0142oczenie. Obr\u00f3bka strumieniowo-\u015bcierna. Mycie i suszenie. Obr\u00f3bka gwintu.<\/p>\n<p><img loading=\"lazy\" decoding=\"async\" class=\"alignnone size-full wp-image-23706\" src=\"https:\/\/www.bjultrasonic.com\/wp-content\/uploads\/2021\/03\/Bond-ultrasonic-transducer-by-using-stamping.jpg\" alt=\"Przyklejanie przetwornika ultrad\u017awi\u0119kowego poprzez t\u0142oczenie\" width=\"700\" height=\"398\" \/><\/p>\n","protected":false},"excerpt":{"rendered":"<p>Mo\u017cemy dostosowa\u0107 zbiornik czyszcz\u0105cy o r\u00f3\u017cnych rozmiarach zgodnie z wymaganiami.<\/p>\n<ol>\n<li>Materia\u0142 zbiornika: zbiornik ze stali nierdzewnej 304. Formowanie t\u0142oczeniem otwartym bez spoin.<\/li>\n<li>Grubo\u015b\u0107 zbiornika: 3 mm, d\u0142ugotrwa\u0142a \u017cywotno\u015b\u0107.<\/li>\n<li>Czas pracy: regulacja 0-90 minut.<\/li>\n<li>Kontrola temperatury: 0-80 stopni.<\/li>\n<li>Moc: regulowana.<\/li>\n<li>Cz\u0119stotliwo\u015b\u0107: zgodnie z wymaganiami, kabel.<\/li>\n<li>Standard przemys\u0142owy, gruby kabel zasilaj\u0105cy odporny na ciep\u0142o, odporny na zmi\u0119kczanie.<\/li>\n<li>Wysoka precyzja: Poniewa\u017c energia ultrad\u017awi\u0119kowa mo\u017ce przenika\u0107 przez drobne p\u0119kni\u0119cia i otwory, mo\u017ce by\u0107 stosowana do czyszczenia dowolnych cz\u0119\u015bci lub zespo\u0142\u00f3w. Dla precyzyjnych cz\u0119\u015bci lub zespo\u0142\u00f3w wymagaj\u0105cych czyszczenia, czyszczenie ultrad\u017awi\u0119kowe cz\u0119sto staje si\u0119 jedyn\u0105 metod\u0105 spe\u0142niaj\u0105c\u0105 specjalne wymagania techniczne;<\/li>\n<li>Szybko\u015b\u0107: Czyszczenie ultrad\u017awi\u0119kowe jest znacznie szybsze w por\u00f3wnaniu z regularnymi metodami czyszczenia pod wzgl\u0119dem usuwania kurzu i osad\u00f3w z przedmiot\u00f3w. Nie wymaga demonta\u017cu przed czyszczeniem. Zalet\u0105 czyszczenia ultrad\u017awi\u0119kowego jest oszcz\u0119dno\u015b\u0107 si\u0142y roboczej, co czyni je najbardziej ekonomiczn\u0105 metod\u0105 czyszczenia;<\/li>\n<li>Jednorodno\u015b\u0107: Niezale\u017cnie od tego, czy czyszczony element jest du\u017cy czy ma\u0142y, prosty czy z\u0142o\u017cony, pojedynczy czy seryjny, czy na automatycznej linii monta\u017cowej, u\u017cycie czyszczenia ultrad\u017awi\u0119kowego zapewnia jednorodno\u015b\u0107 czysto\u015bci niepor\u00f3wnywaln\u0105 z czyszczeniem r\u0119cznym.<\/li>\n<li>Projekt: Produkt ma estetyczny i prosty design, obudowa wykonana z wysokiej jako\u015bci stali nierdzewnej t\u0142oczonej. Dobra odporno\u015b\u0107 na korozj\u0119; Zbiornik czyszcz\u0105cy wykonany z wysokiej jako\u015bci stali nierdzewnej SUS304 t\u0142oczonej, bez spawania, doskona\u0142a szczelno\u015b\u0107.<\/li>\n<li>Obw\u00f3d: Obw\u00f3d zasilania wykorzystuje nowe oscylatory OS, precyzyjnie kontroluje cz\u0119stotliwo\u015b\u0107 drga\u0144 i ma funkcj\u0119 zbierania sprz\u0119\u017cenia zwrotnego, co zapewnia bardziej stabilne i niezawodne dzia\u0142anie ultrad\u017awi\u0119k\u00f3w.<\/li>\n<li>Przetwornik ultrad\u017awi\u0119kowy: Przetwornik ultrad\u017awi\u0119kowy wykorzystuje konstrukcj\u0119 ca\u0142kowicie aluminiow\u0105 o d\u0142u\u017cszej \u017cywotno\u015bci, zmniejsza nagrzewanie, zapewnia stabilne dzia\u0142anie.<\/li>\n<\/ol>\n","protected":false},"featured_media":23715,"comment_status":"closed","ping_status":"closed","template":"","meta":[],"product_brand":[],"product_cat":[5958],"product_tag":[],"class_list":{"0":"post-65622","1":"product","2":"type-product","3":"status-publish","4":"has-post-thumbnail","6":"product_cat-big-ultrasonic-cleaning-machine-pl","8":"first","9":"instock","10":"shipping-taxable","11":"product-type-external","12":"prodpage-classic"},"aioseo_notices":[],"_links":{"self":[{"href":"https:\/\/www.bjultrasonic.com\/pl\/wp-json\/wp\/v2\/product\/65622","targetHints":{"allow":["GET"]}}],"collection":[{"href":"https:\/\/www.bjultrasonic.com\/pl\/wp-json\/wp\/v2\/product"}],"about":[{"href":"https:\/\/www.bjultrasonic.com\/pl\/wp-json\/wp\/v2\/types\/product"}],"replies":[{"embeddable":true,"href":"https:\/\/www.bjultrasonic.com\/pl\/wp-json\/wp\/v2\/comments?post=65622"}],"wp:featuredmedia":[{"embeddable":true,"href":"https:\/\/www.bjultrasonic.com\/pl\/wp-json\/wp\/v2\/media\/23715"}],"wp:attachment":[{"href":"https:\/\/www.bjultrasonic.com\/pl\/wp-json\/wp\/v2\/media?parent=65622"}],"wp:term":[{"taxonomy":"product_brand","embeddable":true,"href":"https:\/\/www.bjultrasonic.com\/pl\/wp-json\/wp\/v2\/product_brand?post=65622"},{"taxonomy":"product_cat","embeddable":true,"href":"https:\/\/www.bjultrasonic.com\/pl\/wp-json\/wp\/v2\/product_cat?post=65622"},{"taxonomy":"product_tag","embeddable":true,"href":"https:\/\/www.bjultrasonic.com\/pl\/wp-json\/wp\/v2\/product_tag?post=65622"}],"curies":[{"name":"wp","href":"https:\/\/api.w.org\/{rel}","templated":true}]}}