{"id":65822,"date":"2018-12-17T06:32:26","date_gmt":"2018-12-17T11:32:26","guid":{"rendered":"https:\/\/www.bjultrasonic.com\/shop\/1-3l-mechanical-ultrasonic-cleaner-with-time-and-temperature-control\/"},"modified":"2026-03-28T20:53:20","modified_gmt":"2026-03-29T01:53:20","slug":"1-3l-mechanical-ultrasonic-cleaner-with-time-and-temperature-control","status":"publish","type":"product","link":"https:\/\/www.bjultrasonic.com\/pl\/shop\/1-3l-mechanical-ultrasonic-cleaner-with-time-and-temperature-control\/","title":{"rendered":"1,3L Mechaniczny Oczyszczacz Ultrad\u017awi\u0119kowy Z Kontrol\u0105 Czasu i Temperatury"},"content":{"rendered":"<table class=\"table table-striped table-bordered\">\n<tbody>\n<tr>\n<td width=\"293\">\n<p>Typ<\/p>\n<\/td>\n<td width=\"356\">\n<p>BJUCMTH1.3<\/p>\n<\/td>\n<\/tr>\n<tr>\n<td width=\"293\">\n<p>Pojemno\u015b\u0107 zbiornika<\/p>\n<\/td>\n<td width=\"356\">\n<p>1.3L<\/p>\n<\/td>\n<\/tr>\n<tr>\n<td width=\"293\">\n<p>Moc ultrad\u017awi\u0119kowa<\/p>\n<\/td>\n<td width=\"356\">\n<p>60W<\/p>\n<\/td>\n<\/tr>\n<tr>\n<td width=\"293\">\n<p>Cz\u0119stotliwo\u015b\u0107<\/p>\n<\/td>\n<td width=\"356\">\n<p>40KHz<\/p>\n<\/td>\n<\/tr>\n<tr>\n<td width=\"293\">\n<p>Moc grzewcza<\/p>\n<\/td>\n<td width=\"356\">\n<p>50w<\/p>\n<\/td>\n<\/tr>\n<tr>\n<td width=\"293\">\n<p>Wymiary zbiornika (mm)<\/p>\n<\/td>\n<td width=\"356\">\n<p>150*140*65 (D*S*W)<\/p>\n<\/td>\n<\/tr>\n<tr>\n<td width=\"293\">\n<p>Wymiary urz\u0105dzenia (mm)<\/p>\n<\/td>\n<td width=\"356\">\n<p>180*170*140 (D*S*W)<\/p>\n<\/td>\n<\/tr>\n<tr>\n<td width=\"293\">\n<p>Napi\u0119cie<\/p>\n<\/td>\n<td width=\"356\">\n<p>110VAC\u2014240VAC<\/p>\n<\/td>\n<\/tr>\n<tr>\n<td width=\"293\">\n<p>Czasomierz<\/p>\n<\/td>\n<td width=\"356\">\n<p>0-30min<\/p>\n<\/td>\n<\/tr>\n<tr>\n<td width=\"293\">\n<p>Temperatura<\/p>\n<\/td>\n<td width=\"356\">\n<p>&lt; 80 stopni C<\/p>\n<\/td>\n<\/tr>\n<tr>\n<td width=\"293\">\n<p>Pokrywa<\/p>\n<\/td>\n<td width=\"356\">\n<p>Tak<\/p>\n<\/td>\n<\/tr>\n<tr>\n<td width=\"293\">\n<p>Odp\u0142yw<\/p>\n<\/td>\n<td width=\"356\">\n<p>NIE<\/p>\n<\/td>\n<\/tr>\n<tr>\n<td width=\"293\">\n<p>Waga jednostkowa<\/p>\n<\/td>\n<td width=\"356\">\n<p>2.5kg<\/p>\n<\/td>\n<\/tr>\n<\/tbody>\n<\/table>\n<h3>Funkcje<\/h3>\n<ul>\n<li>Czasomierz: regulowany 1-30 minut.<\/li>\n<li>Temperatura: regulowana 20-80\u2103.<\/li>\n<li>Materia\u0142: Zbiornik i obudowa ze stali nierdzewnej.<\/li>\n<li>Zalety produktu: zbiornik czyszcz\u0105cy wykonany metod\u0105 t\u0142oczenia, bezb\u0142\u0119dne spawanie.<\/li>\n<li>Jako\u015b\u0107 komponent\u00f3w: Wykorzystanie wysokiej jako\u015bci <a href=\"https:\/\/www.bjultrasonic.com\/pl\/category\/ultrasonic-transducer-pl\/\">przetwornik\u00f3w ultrad\u017awi\u0119kowych<\/a>. Du\u017ca moc.<\/li>\n<li>Wysoka jako\u015b\u0107 procesu klejenia. Przetworniki ultrad\u017awi\u0119kowe przyklejone przy u\u017cyciu kleju epoksydowego.<\/li>\n<li>System odp\u0142ywowy: Modele 6L i powy\u017cej wyposa\u017cone w odp\u0142ywowy zaw\u00f3r kulowy.<\/li>\n<li>System ch\u0142odzenia: Modele 10L lub wi\u0119cej wyposa\u017cone w wydajny wentylator ch\u0142odz\u0105cy.<\/li>\n<\/ul>\n<p><img loading=\"lazy\" decoding=\"async\" src=\"https:\/\/www.bjultrasonic.com\/wp-content\/uploads\/2018\/12\/Mechanical-Ultrasonic-Cleaner-With-Time-and-Temperature-Control-Package-2.jpg\" alt=\"Mechaniczny oczyszczacz ultrad\u017awi\u0119kowy z regulacj\u0105 czasu i temperatury - opakowanie\" width=\"742\" height=\"309\" \/><\/p>\n","protected":false},"excerpt":{"rendered":"<p><a href=\"https:\/\/www.bjultrasonic.com\/pl\/category\/ultrasonic-cleaning-system-pl\/mechanical-ultrasonic-cleaner-pl\/\">Mechaniczny oczyszczacz ultrad\u017awi\u0119kowy<\/a> produkowany przez Beijing Ultrasonic. Wykorzystuje wysokiej jako\u015bci przetwornik ultrad\u017awi\u0119kowy. Du\u017ca moc.<\/p>\n","protected":false},"featured_media":20110,"comment_status":"open","ping_status":"closed","template":"","meta":[],"product_brand":[],"product_cat":[5991],"product_tag":[],"class_list":{"0":"post-65822","1":"product","2":"type-product","3":"status-publish","4":"has-post-thumbnail","6":"product_cat-mechanical-ultrasonic-cleaner-pl","8":"first","9":"instock","10":"shipping-taxable","11":"purchasable","12":"product-type-simple","13":"prodpage-classic"},"aioseo_notices":[],"_links":{"self":[{"href":"https:\/\/www.bjultrasonic.com\/pl\/wp-json\/wp\/v2\/product\/65822","targetHints":{"allow":["GET"]}}],"collection":[{"href":"https:\/\/www.bjultrasonic.com\/pl\/wp-json\/wp\/v2\/product"}],"about":[{"href":"https:\/\/www.bjultrasonic.com\/pl\/wp-json\/wp\/v2\/types\/product"}],"replies":[{"embeddable":true,"href":"https:\/\/www.bjultrasonic.com\/pl\/wp-json\/wp\/v2\/comments?post=65822"}],"wp:featuredmedia":[{"embeddable":true,"href":"https:\/\/www.bjultrasonic.com\/pl\/wp-json\/wp\/v2\/media\/20110"}],"wp:attachment":[{"href":"https:\/\/www.bjultrasonic.com\/pl\/wp-json\/wp\/v2\/media?parent=65822"}],"wp:term":[{"taxonomy":"product_brand","embeddable":true,"href":"https:\/\/www.bjultrasonic.com\/pl\/wp-json\/wp\/v2\/product_brand?post=65822"},{"taxonomy":"product_cat","embeddable":true,"href":"https:\/\/www.bjultrasonic.com\/pl\/wp-json\/wp\/v2\/product_cat?post=65822"},{"taxonomy":"product_tag","embeddable":true,"href":"https:\/\/www.bjultrasonic.com\/pl\/wp-json\/wp\/v2\/product_tag?post=65822"}],"curies":[{"name":"wp","href":"https:\/\/api.w.org\/{rel}","templated":true}]}}