{"id":65922,"date":"2018-12-17T06:10:57","date_gmt":"2018-12-17T11:10:57","guid":{"rendered":"https:\/\/www.bjultrasonic.com\/shop\/30l-mechanical-ultrasonic-cleaner-with-time-control\/"},"modified":"2026-03-28T20:52:24","modified_gmt":"2026-03-29T01:52:24","slug":"30l-mechanical-ultrasonic-cleaner-with-time-control","status":"publish","type":"product","link":"https:\/\/www.bjultrasonic.com\/pl\/shop\/30l-mechanical-ultrasonic-cleaner-with-time-control\/","title":{"rendered":"30L Mechaniczny Oczyszczacz Ultrad\u017awi\u0119kowy z Kontrol\u0105 Czasu"},"content":{"rendered":"<table class=\"table table-striped table-bordered\">\n<tbody>\n<tr>\n<td width=\"284\">\n<p>Typ<\/p>\n<\/td>\n<td width=\"284\">\n<p>BJUCMT30<\/p>\n<\/td>\n<\/tr>\n<tr>\n<td width=\"284\">\n<p>Pojemno\u015b\u0107 zbiornika<\/p>\n<\/td>\n<td width=\"284\">\n<p>30L<\/p>\n<\/td>\n<\/tr>\n<tr>\n<td width=\"284\">\n<p>Moc ultrad\u017awi\u0119kowa<\/p>\n<\/td>\n<td width=\"284\">\n<p>600W<\/p>\n<\/td>\n<\/tr>\n<tr>\n<td width=\"284\">\n<p>Cz\u0119stotliwo\u015b\u0107<\/p>\n<\/td>\n<td width=\"284\">\n<p>40KHZ<\/p>\n<\/td>\n<\/tr>\n<tr>\n<td width=\"284\">\n<p>Timer<\/p>\n<\/td>\n<td width=\"284\">\n<p>0-30 minut<\/p>\n<\/td>\n<\/tr>\n<tr>\n<td width=\"284\">\n<p>Wymiary zbiornika<\/p>\n<\/td>\n<td width=\"284\">\n<p>500*300*200 mm D*S*W<\/p>\n<\/td>\n<\/tr>\n<tr>\n<td width=\"284\">\n<p>Wymiary urz\u0105dzenia<\/p>\n<\/td>\n<td width=\"284\">\n<p>550*330*320 mm D*S*W<\/p>\n<\/td>\n<\/tr>\n<tr>\n<td width=\"284\">\n<p>Odp\u0142yw<\/p>\n<\/td>\n<td width=\"284\">\n<p>Posiada<\/p>\n<\/td>\n<\/tr>\n<tr>\n<td width=\"284\">\n<p>Pokrywa<\/p>\n<\/td>\n<td width=\"284\">\n<p>Posiada<\/p>\n<\/td>\n<\/tr>\n<tr>\n<td width=\"284\">\n<p>Waga jednostkowa<\/p>\n<\/td>\n<td width=\"284\">\n<p>18kg<\/p>\n<\/td>\n<\/tr>\n<\/tbody>\n<\/table>\n<h3>Funkcje<\/h3>\n<ul>\n<li>Timer: regulowany w zakresie 1-30 minut.<\/li>\n<li>Materia\u0142: Zbiornik i obudowa wykonane ze stali nierdzewnej.<\/li>\n<li>Zalety produktu: Zbiornik czyszcz\u0105cy wykonany metod\u0105 t\u0142oczenia, bezb\u0142\u0119dne spawanie.<\/li>\n<li>Jako\u015b\u0107 komponent\u00f3w: Wykorzystanie wysokiej jako\u015bci <a href=\"https:\/\/www.bjultrasonic.com\/pl\/category\/ultrasonic-transducer-pl\/\">przetwornika ultrad\u017awi\u0119kowego<\/a>, du\u017ca moc.<\/li>\n<li>Wysoka jako\u015b\u0107 procesu klejenia. Przetwornik ultrad\u017awi\u0119kowy przyklejony za pomoc\u0105 kleju epoksydowego.<\/li>\n<li>System odp\u0142ywowy: Modele 6L i wi\u0119ksze wyposa\u017cone s\u0105 w odp\u0142ywowy zaw\u00f3r kulowy.<\/li>\n<li>System ch\u0142odzenia: Modele 10L i wi\u0119ksze wyposa\u017cone s\u0105 w wydajny wentylator ch\u0142odz\u0105cy.<\/li>\n<\/ul>\n<p><img loading=\"lazy\" decoding=\"async\" src=\"https:\/\/www.bjultrasonic.com\/wp-content\/uploads\/2018\/12\/Mechanical-Ultrasonic-Cleaner-With-Time-Control-Package-2.jpg\" alt=\"Mechaniczny czy\u015bcik ultrad\u017awi\u0119kowy z regulacj\u0105 czasu w opakowaniu\" width=\"742\" height=\"318\" \/><\/p>\n","protected":false},"excerpt":{"rendered":"<p><a href=\"https:\/\/www.bjultrasonic.com\/pl\/category\/ultrasonic-cleaning-system-pl\/mechanical-ultrasonic-cleaner-pl\/\">Mechaniczny oczyszczacz ultrad\u017awi\u0119kowy<\/a> produkowany przez Beijing Ultrasonic. Wykorzystuje wysokiej jako\u015bci przetwornik ultrad\u017awi\u0119kowy. Du\u017ca moc.<\/p>\n","protected":false},"featured_media":20054,"comment_status":"open","ping_status":"closed","template":"","meta":[],"product_brand":[],"product_cat":[5991],"product_tag":[],"class_list":{"0":"post-65922","1":"product","2":"type-product","3":"status-publish","4":"has-post-thumbnail","6":"product_cat-mechanical-ultrasonic-cleaner-pl","8":"first","9":"instock","10":"shipping-taxable","11":"purchasable","12":"product-type-simple","13":"prodpage-classic"},"aioseo_notices":[],"_links":{"self":[{"href":"https:\/\/www.bjultrasonic.com\/pl\/wp-json\/wp\/v2\/product\/65922","targetHints":{"allow":["GET"]}}],"collection":[{"href":"https:\/\/www.bjultrasonic.com\/pl\/wp-json\/wp\/v2\/product"}],"about":[{"href":"https:\/\/www.bjultrasonic.com\/pl\/wp-json\/wp\/v2\/types\/product"}],"replies":[{"embeddable":true,"href":"https:\/\/www.bjultrasonic.com\/pl\/wp-json\/wp\/v2\/comments?post=65922"}],"wp:featuredmedia":[{"embeddable":true,"href":"https:\/\/www.bjultrasonic.com\/pl\/wp-json\/wp\/v2\/media\/20054"}],"wp:attachment":[{"href":"https:\/\/www.bjultrasonic.com\/pl\/wp-json\/wp\/v2\/media?parent=65922"}],"wp:term":[{"taxonomy":"product_brand","embeddable":true,"href":"https:\/\/www.bjultrasonic.com\/pl\/wp-json\/wp\/v2\/product_brand?post=65922"},{"taxonomy":"product_cat","embeddable":true,"href":"https:\/\/www.bjultrasonic.com\/pl\/wp-json\/wp\/v2\/product_cat?post=65922"},{"taxonomy":"product_tag","embeddable":true,"href":"https:\/\/www.bjultrasonic.com\/pl\/wp-json\/wp\/v2\/product_tag?post=65922"}],"curies":[{"name":"wp","href":"https:\/\/api.w.org\/{rel}","templated":true}]}}