{"id":66102,"date":"2018-12-17T04:12:01","date_gmt":"2018-12-17T09:12:01","guid":{"rendered":"https:\/\/www.bjultrasonic.com\/shop\/15l-40khz-ultrasonic-cleaner\/"},"modified":"2026-03-28T20:51:01","modified_gmt":"2026-03-29T01:51:01","slug":"15l-40khz-ultrasonic-cleaner","status":"publish","type":"product","link":"https:\/\/www.bjultrasonic.com\/pl\/shop\/15l-40khz-ultrasonic-cleaner\/","title":{"rendered":"15L 40kHz Cyfrowy Oczyszczacz Ultrad\u017awi\u0119kowy Z Kontrol\u0105 Czasu i Temperatury"},"content":{"rendered":"<table class=\"table table-striped table-bordered\">\n<tbody>\n<tr>\n<td width=\"284\">\n<p>Typ<\/p>\n<\/td>\n<td width=\"284\">\n<p>BJUCDTH15<\/p>\n<\/td>\n<\/tr>\n<tr>\n<td width=\"284\">\n<p>Pojemno\u015b\u0107 zbiornika<\/p>\n<\/td>\n<td width=\"284\">\n<p>15L<\/p>\n<\/td>\n<\/tr>\n<tr>\n<td width=\"284\">\n<p>Moc ultrad\u017awi\u0119kowa<\/p>\n<\/td>\n<td width=\"284\">\n<p>360W<\/p>\n<\/td>\n<\/tr>\n<tr>\n<td width=\"284\">\n<p>Moc grzewcza<\/p>\n<\/td>\n<td width=\"284\">\n<p>400W<\/p>\n<\/td>\n<\/tr>\n<tr>\n<td width=\"284\">\n<p>Cz\u0119stotliwo\u015b\u0107<\/p>\n<\/td>\n<td width=\"284\">\n<p>40KHZ<\/p>\n<\/td>\n<\/tr>\n<tr>\n<td width=\"284\">\n<p>Czasomierz<\/p>\n<\/td>\n<td width=\"284\">\n<p>0-30 min<\/p>\n<\/td>\n<\/tr>\n<tr>\n<td width=\"284\">\n<p>Temperatura<\/p>\n<\/td>\n<td width=\"284\">\n<p>&lt; 80\u00b0C<\/p>\n<\/td>\n<\/tr>\n<tr>\n<td width=\"284\">\n<p>Wymiary zbiornika<\/p>\n<\/td>\n<td width=\"284\">\n<p>330*300*150 mm D*S*W<\/p>\n<\/td>\n<\/tr>\n<tr>\n<td width=\"284\">\n<p>Wymiary urz\u0105dzenia<\/p>\n<\/td>\n<td width=\"284\">\n<p>360*330*270 mm D*S*W<\/p>\n<\/td>\n<\/tr>\n<tr>\n<td width=\"284\">\n<p>Odp\u0142yw<\/p>\n<\/td>\n<td width=\"284\">\n<p>Tak<\/p>\n<\/td>\n<\/tr>\n<tr>\n<td width=\"284\">\n<p>Pokrywa<\/p>\n<\/td>\n<td width=\"284\">\n<p>Tak<\/p>\n<\/td>\n<\/tr>\n<tr>\n<td width=\"284\">\n<p>Waga jednostkowa<\/p>\n<\/td>\n<td width=\"284\">\n<p>10kg<\/p>\n<\/td>\n<\/tr>\n<\/tbody>\n<\/table>\n<h3>Funkcje<\/h3>\n<ul>\n<li>Czasomierz: regulowany 1-30 min.<\/li>\n<li>Temperatura: regulowana 20-80\u2103;<\/li>\n<li>Panel wy\u015bwietlacza: Wy\u015bwietla czas pracy i temperatur\u0119.<\/li>\n<li>Materia\u0142: Zbiornik i obudowa ze stali nierdzewnej.<\/li>\n<li>Zalety produktu: Zbiornik czyszcz\u0105cy wykonany metod\u0105 t\u0142oczenia, spoiny bez wad.<\/li>\n<li>Jako\u015b\u0107 komponent\u00f3w: Wykorzystanie wysokiej jako\u015bci <a href=\"https:\/\/www.bjultrasonic.com\/pl\/category\/ultrasonic-transducer-pl\/\">przetwornika ultrad\u017awi\u0119kowego<\/a>. Du\u017ca moc.<\/li>\n<li>Wysoka jako\u015b\u0107 procesu klejenia. Przetwornik ultrad\u017awi\u0119kowy przyklejony za pomoc\u0105 kleju epoksydowego.<\/li>\n<li>System odprowadzania wody: Modele 6L i powy\u017cej wyposa\u017cone s\u0105 w kulkowy zaw\u00f3r spustowy.<\/li>\n<li>System ch\u0142odzenia: Modele 10L i wi\u0119cej wyposa\u017cone s\u0105 w wydajny wentylator ch\u0142odz\u0105cy.<\/li>\n<\/ul>\n<p> <img loading=\"lazy\" decoding=\"async\" src=\"https:\/\/www.bjultrasonic.com\/wp-content\/uploads\/2018\/12\/40kHz-Digital-Ultrasonic-Cleaner-Package-1.jpg\" alt=\"Cyfrowy czy\u015bcik ultrad\u017awi\u0119kowy 40kHz \u2013 opakowanie\" width=\"742\" height=\"309\" \/><\/p>\n","protected":false},"excerpt":{"rendered":"<p><a href=\"https:\/\/www.bjultrasonic.com\/pl\/category\/ultrasonic-cleaning-system-pl\/digital-ultrasonic-cleaner-pl\/\">40 kHz cyfrowa myjka ultrad\u017awi\u0119kowa<\/a> z kontrol\u0105 czasu i temperatury.<\/p>\n","protected":false},"featured_media":19973,"comment_status":"open","ping_status":"closed","template":"","meta":[],"product_brand":[],"product_cat":[5848],"product_tag":[],"class_list":{"0":"post-66102","1":"product","2":"type-product","3":"status-publish","4":"has-post-thumbnail","6":"product_cat-digital-ultrasonic-cleaner-pl","8":"first","9":"instock","10":"shipping-taxable","11":"purchasable","12":"product-type-simple","13":"prodpage-classic"},"aioseo_notices":[],"_links":{"self":[{"href":"https:\/\/www.bjultrasonic.com\/pl\/wp-json\/wp\/v2\/product\/66102","targetHints":{"allow":["GET"]}}],"collection":[{"href":"https:\/\/www.bjultrasonic.com\/pl\/wp-json\/wp\/v2\/product"}],"about":[{"href":"https:\/\/www.bjultrasonic.com\/pl\/wp-json\/wp\/v2\/types\/product"}],"replies":[{"embeddable":true,"href":"https:\/\/www.bjultrasonic.com\/pl\/wp-json\/wp\/v2\/comments?post=66102"}],"wp:featuredmedia":[{"embeddable":true,"href":"https:\/\/www.bjultrasonic.com\/pl\/wp-json\/wp\/v2\/media\/19973"}],"wp:attachment":[{"href":"https:\/\/www.bjultrasonic.com\/pl\/wp-json\/wp\/v2\/media?parent=66102"}],"wp:term":[{"taxonomy":"product_brand","embeddable":true,"href":"https:\/\/www.bjultrasonic.com\/pl\/wp-json\/wp\/v2\/product_brand?post=66102"},{"taxonomy":"product_cat","embeddable":true,"href":"https:\/\/www.bjultrasonic.com\/pl\/wp-json\/wp\/v2\/product_cat?post=66102"},{"taxonomy":"product_tag","embeddable":true,"href":"https:\/\/www.bjultrasonic.com\/pl\/wp-json\/wp\/v2\/product_tag?post=66102"}],"curies":[{"name":"wp","href":"https:\/\/api.w.org\/{rel}","templated":true}]}}