{"id":66222,"date":"2018-12-17T04:11:37","date_gmt":"2018-12-17T09:11:37","guid":{"rendered":"https:\/\/www.bjultrasonic.com\/shop\/1-3l-40khz-ultrasonic-cleaner\/"},"modified":"2026-03-28T20:49:41","modified_gmt":"2026-03-29T01:49:41","slug":"1-3l-40khz-ultrasonic-cleaner","status":"publish","type":"product","link":"https:\/\/www.bjultrasonic.com\/pl\/shop\/1-3l-40khz-ultrasonic-cleaner\/","title":{"rendered":"1,3L 40kHz Cyfrowy Czyszczacz Ultrad\u017awi\u0119kowy z Kontrol\u0105 Czasu i Temperatury"},"content":{"rendered":"<table class=\"table table-striped table-bordered\">\n<tbody>\n<tr>\n<td width=\"293\">Typ<\/td>\n<td width=\"356\">BJUCDTH1.3<\/td>\n<\/tr>\n<tr>\n<td width=\"293\">Pojemno\u015b\u0107 zbiornika<\/td>\n<td width=\"356\">1.3L<\/td>\n<\/tr>\n<tr>\n<td width=\"293\">Moc ultrad\u017awi\u0119kowa<\/td>\n<td width=\"356\">60W<\/td>\n<\/tr>\n<tr>\n<td width=\"293\">Cz\u0119stotliwo\u015b\u0107<\/td>\n<td width=\"356\">40KHz<\/td>\n<\/tr>\n<tr>\n<td width=\"293\">Moc grzewcza<\/td>\n<td width=\"356\">50w<\/td>\n<\/tr>\n<tr>\n<td width=\"293\">Wymiary zbiornika (mm)<\/td>\n<td width=\"356\">150*140*65(D*S*W)<\/td>\n<\/tr>\n<tr>\n<td width=\"293\">Wymiary urz\u0105dzenia (mm)<\/td>\n<td width=\"356\">180*170*140(D*S*W)<\/td>\n<\/tr>\n<tr>\n<td width=\"293\">Napi\u0119cie<\/td>\n<td width=\"356\">110VAC\u2014240VAC<\/td>\n<\/tr>\n<tr>\n<td width=\"293\">Timer<\/td>\n<td width=\"356\">0-30min<\/td>\n<\/tr>\n<tr>\n<td width=\"293\">Temperatura<\/td>\n<td width=\"356\">&lt; 80 stopni C<\/td>\n<\/tr>\n<tr>\n<td width=\"293\">Pokrywa<\/td>\n<td width=\"356\">Tak<\/td>\n<\/tr>\n<tr>\n<td width=\"293\">Odp\u0142yw<\/td>\n<td width=\"356\">Nie<\/td>\n<\/tr>\n<tr>\n<td width=\"293\">Waga jednostkowa<\/td>\n<td width=\"356\">2.5kg<\/td>\n<\/tr>\n<\/tbody>\n<\/table>\n<h3>Funkcje<\/h3>\n<ul>\n<li>Timer: regulowany w zakresie 1-30 minut.<\/li>\n<li>Temperatura: regulowana w zakresie 20-80\u2103\uff1b<\/li>\n<li>Panel sterowania: Wy\u015bwietla czas pracy i temperatur\u0119.<\/li>\n<li>Materia\u0142: Zbiornik i obudowa wykonane ze stali nierdzewnej.<\/li>\n<li>Zalety produktu: Zbiornik czyszczony metod\u0105 t\u0142oczenia, spoiny bez wad.<\/li>\n<li>Jako\u015b\u0107 komponent\u00f3w: Wykorzystanie wysokiej jako\u015bci <a href=\"https:\/\/www.bjultrasonic.com\/pl\/category\/ultrasonic-transducer-pl\/\">przetwornik\u00f3w ultrad\u017awi\u0119kowych<\/a>. Du\u017ca moc.<\/li>\n<li>Wysoka jako\u015b\u0107 procesu klejenia. Przetworniki ultrad\u017awi\u0119kowe mocowane za pomoc\u0105 kleju epoksydowego.<\/li>\n<li>System odp\u0142ywowy: Modele o pojemno\u015bci 6L i wi\u0119kszej wyposa\u017cone s\u0105 w kulkowy zaw\u00f3r spustowy.<\/li>\n<li>System ch\u0142odzenia: Modele o pojemno\u015bci 10L lub wi\u0119kszej wyposa\u017cone s\u0105 w wydajny wentylator ch\u0142odz\u0105cy.<\/li>\n<\/ul>\n<p><img loading=\"lazy\" decoding=\"async\" src=\"https:\/\/www.bjultrasonic.com\/wp-content\/uploads\/2018\/12\/40kHz-Digital-Ultrasonic-Cleaner-Package-2.jpg\" alt=\"Cyfrowa myjka ultrad\u017awi\u0119kowa 40kHz - opakowanie\" width=\"742\" height=\"315\" \/><\/p>\n","protected":false},"excerpt":{"rendered":"<p><a href=\"https:\/\/www.bjultrasonic.com\/pl\/category\/ultrasonic-cleaning-system-pl\/digital-ultrasonic-cleaner-pl\/\">40 kHz cyfrowy czyszczacz ultrad\u017awi\u0119kowy<\/a> z regulacj\u0105 czasu i temperatury.<\/p>\n","protected":false},"featured_media":19946,"comment_status":"open","ping_status":"closed","template":"","meta":[],"product_brand":[],"product_cat":[5848],"product_tag":[],"class_list":{"0":"post-66222","1":"product","2":"type-product","3":"status-publish","4":"has-post-thumbnail","6":"product_cat-digital-ultrasonic-cleaner-pl","8":"first","9":"instock","10":"shipping-taxable","11":"purchasable","12":"product-type-simple","13":"prodpage-classic"},"aioseo_notices":[],"_links":{"self":[{"href":"https:\/\/www.bjultrasonic.com\/pl\/wp-json\/wp\/v2\/product\/66222","targetHints":{"allow":["GET"]}}],"collection":[{"href":"https:\/\/www.bjultrasonic.com\/pl\/wp-json\/wp\/v2\/product"}],"about":[{"href":"https:\/\/www.bjultrasonic.com\/pl\/wp-json\/wp\/v2\/types\/product"}],"replies":[{"embeddable":true,"href":"https:\/\/www.bjultrasonic.com\/pl\/wp-json\/wp\/v2\/comments?post=66222"}],"wp:featuredmedia":[{"embeddable":true,"href":"https:\/\/www.bjultrasonic.com\/pl\/wp-json\/wp\/v2\/media\/19946"}],"wp:attachment":[{"href":"https:\/\/www.bjultrasonic.com\/pl\/wp-json\/wp\/v2\/media?parent=66222"}],"wp:term":[{"taxonomy":"product_brand","embeddable":true,"href":"https:\/\/www.bjultrasonic.com\/pl\/wp-json\/wp\/v2\/product_brand?post=66222"},{"taxonomy":"product_cat","embeddable":true,"href":"https:\/\/www.bjultrasonic.com\/pl\/wp-json\/wp\/v2\/product_cat?post=66222"},{"taxonomy":"product_tag","embeddable":true,"href":"https:\/\/www.bjultrasonic.com\/pl\/wp-json\/wp\/v2\/product_tag?post=66222"}],"curies":[{"name":"wp","href":"https:\/\/api.w.org\/{rel}","templated":true}]}}