{"id":66362,"date":"2018-12-11T03:49:22","date_gmt":"2018-12-11T08:49:22","guid":{"rendered":"https:\/\/www.bjultrasonic.com\/shop\/15l-dual-frequency-ultrasonic-cleaner\/"},"modified":"2026-03-28T20:48:47","modified_gmt":"2026-03-29T01:48:47","slug":"15l-dual-frequency-ultrasonic-cleaner","status":"publish","type":"product","link":"https:\/\/www.bjultrasonic.com\/pl\/shop\/15l-dual-frequency-ultrasonic-cleaner\/","title":{"rendered":"15L 28kHz i 40kHz Podw\u00f3jna Cz\u0119stotliwo\u015b\u0107 Cyfrowego Czyszczacza Ultrad\u017awi\u0119kowego z Kontrol\u0105 Czasu i Temperatury"},"content":{"rendered":"<table class=\"table table-striped table-bordered\">\n<tbody>\n<tr>\n<td width=\"284\">\n<p>Typ<\/p>\n<\/td>\n<td width=\"284\">\n<p>BJUCDTHD15<\/p>\n<\/td>\n<\/tr>\n<tr>\n<td width=\"284\">\n<p>Pojemno\u015b\u0107 zbiornika<\/p>\n<\/td>\n<td width=\"284\">\n<p>15L<\/p>\n<\/td>\n<\/tr>\n<tr>\n<td width=\"284\">\n<p>Moc ultrad\u017awi\u0119kowa<\/p>\n<\/td>\n<td width=\"284\">\n<p>360W<\/p>\n<\/td>\n<\/tr>\n<tr>\n<td width=\"284\">\n<p>Moc grzewcza<\/p>\n<\/td>\n<td width=\"284\">\n<p>400W<\/p>\n<\/td>\n<\/tr>\n<tr>\n<td width=\"284\">\n<p>Cz\u0119stotliwo\u015b\u0107<\/p>\n<\/td>\n<td width=\"284\">\n<p>28 kHz i 40 kHz<\/p>\n<\/td>\n<\/tr>\n<tr>\n<td width=\"284\">\n<p>Timer<\/p>\n<\/td>\n<td width=\"284\">\n<p>0-30 min<\/p>\n<\/td>\n<\/tr>\n<tr>\n<td width=\"284\">\n<p>Temperatura<\/p>\n<\/td>\n<td width=\"284\">\n<p>&lt; 80\u00b0C<\/p>\n<\/td>\n<\/tr>\n<tr>\n<td width=\"284\">\n<p>Wymiary zbiornika<\/p>\n<\/td>\n<td width=\"284\">\n<p>330*300*150 mm D*S*W<\/p>\n<\/td>\n<\/tr>\n<tr>\n<td width=\"284\">\n<p>Wymiary urz\u0105dzenia<\/p>\n<\/td>\n<td width=\"284\">\n<p>360*330*310 mm D*S*W<\/p>\n<\/td>\n<\/tr>\n<tr>\n<td width=\"284\">\n<p>Odp\u0142yw<\/p>\n<\/td>\n<td width=\"284\">\n<p>Tak<\/p>\n<\/td>\n<\/tr>\n<tr>\n<td width=\"284\">\n<p>Pokrywa<\/p>\n<\/td>\n<td width=\"284\">\n<p>Tak<\/p>\n<\/td>\n<\/tr>\n<tr>\n<td width=\"284\">\n<p>Waga jednostkowa<\/p>\n<\/td>\n<td width=\"284\">\n<p>10 kg<\/p>\n<\/td>\n<\/tr>\n<\/tbody>\n<\/table>\n<h3>G\u0142\u00f3wne funkcje<\/h3>\n<ul>\n<li>Timer: regulacja 1-30 min.<\/li>\n<li>Temperatura: regulacja 20-80\u2103;<\/li>\n<li>Panel wy\u015bwietlacza: wy\u015bwietla czas pracy i temperatur\u0119.<\/li>\n<li>Materia\u0142: Zbiornik i urz\u0105dzenie wykonane ze stali nierdzewnej.<\/li>\n<li>Zalety produktu: zbiornik czyszcz\u0105cy t\u0142oczony, bez wad spawalniczych.<\/li>\n<li>Jako\u015b\u0107 komponent\u00f3w: U\u017cycie wysokiej jako\u015bci <a href=\"https:\/\/www.bjultrasonic.com\/pl\/category\/ultrasonic-transducer-pl\/\">przetwornika ultrad\u017awi\u0119kowego<\/a>, du\u017ca moc.<\/li>\n<li>Wysoka jako\u015b\u0107 procesu klejenia. Przetwornik ultrad\u017awi\u0119kowy przyklejony przy u\u017cyciu kleju epoksydowego.<\/li>\n<li>System odp\u0142ywowy: modele 6 l i powy\u017cej wyposa\u017cone w kulowy zaw\u00f3r odp\u0142ywowy.<\/li>\n<li>System ch\u0142odzenia: modele 10L i wi\u0119cej wyposa\u017cone w wydajny wentylator ch\u0142odz\u0105cy.<\/li>\n<\/ul>\n<p><img loading=\"lazy\" decoding=\"async\" src=\"https:\/\/www.bjultrasonic.com\/wp-content\/uploads\/2018\/12\/Dual-Frequency-Ultrasonic-Cleaner-Package-2.jpg\" alt=\"Dual-Frequency-Ultrasonic-Cleaner-Package\" width=\"600\" height=\"868\" \/><\/p>\n","protected":false},"excerpt":{"rendered":"<p><a href=\"https:\/\/www.bjultrasonic.com\/pl\/category\/ultrasonic-cleaning-system-pl\/dual-frequency-ultrasonic-cleaner-pl\/\">Dwucz\u0119stotliwo\u015bciowy cyfrowy myjnik ultrad\u017awi\u0119kowy<\/a> z regulacj\u0105 czasu i temperatury.<\/p>\n","protected":false},"featured_media":19841,"comment_status":"open","ping_status":"closed","template":"","meta":[],"product_brand":[],"product_cat":[5921],"product_tag":[],"class_list":{"0":"post-66362","1":"product","2":"type-product","3":"status-publish","4":"has-post-thumbnail","6":"product_cat-dual-frequency-ultrasonic-cleaner-pl","8":"first","9":"instock","10":"shipping-taxable","11":"purchasable","12":"product-type-simple","13":"prodpage-classic"},"aioseo_notices":[],"_links":{"self":[{"href":"https:\/\/www.bjultrasonic.com\/pl\/wp-json\/wp\/v2\/product\/66362","targetHints":{"allow":["GET"]}}],"collection":[{"href":"https:\/\/www.bjultrasonic.com\/pl\/wp-json\/wp\/v2\/product"}],"about":[{"href":"https:\/\/www.bjultrasonic.com\/pl\/wp-json\/wp\/v2\/types\/product"}],"replies":[{"embeddable":true,"href":"https:\/\/www.bjultrasonic.com\/pl\/wp-json\/wp\/v2\/comments?post=66362"}],"wp:featuredmedia":[{"embeddable":true,"href":"https:\/\/www.bjultrasonic.com\/pl\/wp-json\/wp\/v2\/media\/19841"}],"wp:attachment":[{"href":"https:\/\/www.bjultrasonic.com\/pl\/wp-json\/wp\/v2\/media?parent=66362"}],"wp:term":[{"taxonomy":"product_brand","embeddable":true,"href":"https:\/\/www.bjultrasonic.com\/pl\/wp-json\/wp\/v2\/product_brand?post=66362"},{"taxonomy":"product_cat","embeddable":true,"href":"https:\/\/www.bjultrasonic.com\/pl\/wp-json\/wp\/v2\/product_cat?post=66362"},{"taxonomy":"product_tag","embeddable":true,"href":"https:\/\/www.bjultrasonic.com\/pl\/wp-json\/wp\/v2\/product_tag?post=66362"}],"curies":[{"name":"wp","href":"https:\/\/api.w.org\/{rel}","templated":true}]}}