{"id":66482,"date":"2018-12-11T02:39:08","date_gmt":"2018-12-11T07:39:08","guid":{"rendered":"https:\/\/www.bjultrasonic.com\/shop\/78l-120khz-ultrasonic-cleaner\/"},"modified":"2026-03-28T20:47:29","modified_gmt":"2026-03-29T01:47:29","slug":"78l-120khz-ultrasonic-cleaner","status":"publish","type":"product","link":"https:\/\/www.bjultrasonic.com\/pl\/shop\/78l-120khz-ultrasonic-cleaner\/","title":{"rendered":"78L 120kHz Cyfrowy Czyszczacz Ultrad\u017awi\u0119kowy z Kontrol\u0105 Czasu, Temperatury i Mocy"},"content":{"rendered":"<table class=\"table table-striped table-bordered\">\n<tbody>\n<tr>\n<td width=\"284\">Typ<\/td>\n<td width=\"284\">BJUCDPTH278<\/td>\n<\/tr>\n<tr>\n<td width=\"284\">Pojemno\u015b\u0107 zbiornika<\/td>\n<td width=\"284\">78L<\/td>\n<\/tr>\n<tr>\n<td width=\"284\">Moc ultrad\u017awi\u0119kowa<\/td>\n<td width=\"284\">1440W<\/td>\n<\/tr>\n<tr>\n<td width=\"284\">Moc grzewcza<\/td>\n<td width=\"284\">2000W<\/td>\n<\/tr>\n<tr>\n<td width=\"284\">Cz\u0119stotliwo\u015b\u0107<\/td>\n<td width=\"284\">120KHZ<\/td>\n<\/tr>\n<tr>\n<td width=\"284\">Timer<\/td>\n<td width=\"284\">0-30 min<\/td>\n<\/tr>\n<tr>\n<td width=\"284\">Temperatura<\/td>\n<td width=\"284\">&lt; 80 Stopni C<\/td>\n<\/tr>\n<tr>\n<td width=\"284\">Wymiary zbiornika<\/td>\n<td width=\"284\">550*400*350 mm D*S*W<\/td>\n<\/tr>\n<tr>\n<td width=\"284\">Wymiary urz\u0105dzenia<\/td>\n<td width=\"284\">650*450*620 mm D*S*W<\/td>\n<\/tr>\n<tr>\n<td width=\"284\">Drena\u017c<\/td>\n<td width=\"284\">Posiada<\/td>\n<\/tr>\n<tr>\n<td width=\"284\">Pokrywa<\/td>\n<td width=\"284\">Posiada<\/td>\n<\/tr>\n<tr>\n<td width=\"284\">Waga jednostkowa<\/td>\n<td width=\"284\">85kg<\/td>\n<\/tr>\n<\/tbody>\n<\/table>\n<h3>G\u0142\u00f3wne funkcje<\/h3>\n<ul>\n<li>Timer: Regulacja 1-30 min.<\/li>\n<li>Temperatura: Regulacja 20-80\u2103.<\/li>\n<li>Czas: Regulacja temperatury i mocy.<\/li>\n<li>Panel wy\u015bwietlacza: Wy\u015bwietla czas pracy i temperatur\u0119.<\/li>\n<li>Materia\u0142: Zbiornik i obudowa wykonane ze stali nierdzewnej.<\/li>\n<li>Zalety produktu: Zbiornik czyszcz\u0105cy wykonany metod\u0105 t\u0142oczenia, bezb\u0142\u0119dne spawanie.<\/li>\n<li>Jako\u015b\u0107 komponent\u00f3w: U\u017cycie wysokiej jako\u015bci przetwornika ultrad\u017awi\u0119kowego. Du\u017ca moc.<\/li>\n<li>Wysoka jako\u015b\u0107 procesu klejenia. Przetwornik ultrad\u017awi\u0119kowy mocowany przy u\u017cyciu kleju epoksydowego.<\/li>\n<li>System ch\u0142odzenia: Modele 10L lub wi\u0119ksze wyposa\u017cone s\u0105 w wysoko wydajny wentylator ch\u0142odz\u0105cy.<\/li>\n<\/ul>\n<p><img loading=\"lazy\" decoding=\"async\" src=\"https:\/\/www.bjultrasonic.com\/wp-content\/uploads\/2018\/12\/120kHz-Ultrasonic-Cleaner-Package.jpg\" alt=\"Opakowanie oczyszczacza ultrad\u017awi\u0119kowego 120kHz\" width=\"600\" height=\"863\" \/><\/p>\n","protected":false},"excerpt":{"rendered":"<p><a href=\"https:\/\/www.bjultrasonic.com\/pl\/category\/ultrasonic-cleaning-system-pl\/120khz-ultrasonic-cleaner-pl\/\">120kHz cyfrowa myjka ultrad\u017awi\u0119kowa<\/a> z regulacj\u0105 czasu, temperatury i mocy.<\/p>\n","protected":false},"featured_media":19778,"comment_status":"open","ping_status":"closed","template":"","meta":[],"product_brand":[],"product_cat":[5880],"product_tag":[],"class_list":{"0":"post-66482","1":"product","2":"type-product","3":"status-publish","4":"has-post-thumbnail","6":"product_cat-120khz-ultrasonic-cleaner-pl","8":"first","9":"instock","10":"shipping-taxable","11":"purchasable","12":"product-type-simple","13":"prodpage-classic"},"aioseo_notices":[],"_links":{"self":[{"href":"https:\/\/www.bjultrasonic.com\/pl\/wp-json\/wp\/v2\/product\/66482","targetHints":{"allow":["GET"]}}],"collection":[{"href":"https:\/\/www.bjultrasonic.com\/pl\/wp-json\/wp\/v2\/product"}],"about":[{"href":"https:\/\/www.bjultrasonic.com\/pl\/wp-json\/wp\/v2\/types\/product"}],"replies":[{"embeddable":true,"href":"https:\/\/www.bjultrasonic.com\/pl\/wp-json\/wp\/v2\/comments?post=66482"}],"wp:featuredmedia":[{"embeddable":true,"href":"https:\/\/www.bjultrasonic.com\/pl\/wp-json\/wp\/v2\/media\/19778"}],"wp:attachment":[{"href":"https:\/\/www.bjultrasonic.com\/pl\/wp-json\/wp\/v2\/media?parent=66482"}],"wp:term":[{"taxonomy":"product_brand","embeddable":true,"href":"https:\/\/www.bjultrasonic.com\/pl\/wp-json\/wp\/v2\/product_brand?post=66482"},{"taxonomy":"product_cat","embeddable":true,"href":"https:\/\/www.bjultrasonic.com\/pl\/wp-json\/wp\/v2\/product_cat?post=66482"},{"taxonomy":"product_tag","embeddable":true,"href":"https:\/\/www.bjultrasonic.com\/pl\/wp-json\/wp\/v2\/product_tag?post=66482"}],"curies":[{"name":"wp","href":"https:\/\/api.w.org\/{rel}","templated":true}]}}