{"id":66582,"date":"2018-12-11T02:38:31","date_gmt":"2018-12-11T07:38:31","guid":{"rendered":"https:\/\/www.bjultrasonic.com\/shop\/14l-120khz-ultrasonic-cleaner\/"},"modified":"2026-03-28T20:46:37","modified_gmt":"2026-03-29T01:46:37","slug":"14l-120khz-ultrasonic-cleaner","status":"publish","type":"product","link":"https:\/\/www.bjultrasonic.com\/pl\/shop\/14l-120khz-ultrasonic-cleaner\/","title":{"rendered":"14L 120kHz Cyfrowy Czyszczacz Ultrad\u017awi\u0119kowy z Kontrol\u0105 Czasu, Temperatury i Mocy"},"content":{"rendered":"<table class=\"table table-striped table-bordered\">\n<tbody>\n<tr>\n<td width=\"284\">Typ<\/td>\n<td width=\"284\">BJUCDPTH214<\/td>\n<\/tr>\n<tr>\n<td width=\"284\">Pojemno\u015b\u0107 zbiornika<\/td>\n<td width=\"284\">14L<\/td>\n<\/tr>\n<tr>\n<td width=\"284\">Moc ultrad\u017awi\u0119kowa<\/td>\n<td width=\"284\">360W<\/td>\n<\/tr>\n<tr>\n<td width=\"284\">Moc grzewcza<\/td>\n<td width=\"284\">500W<\/td>\n<\/tr>\n<tr>\n<td width=\"284\">Cz\u0119stotliwo\u015b\u0107<\/td>\n<td width=\"284\">120KHZ<\/td>\n<\/tr>\n<tr>\n<td width=\"284\">Timer<\/td>\n<td width=\"284\">0-30 minut<\/td>\n<\/tr>\n<tr>\n<td width=\"284\">Temperatura<\/td>\n<td width=\"284\">&lt; 80\u00b0C<\/td>\n<\/tr>\n<tr>\n<td width=\"284\">Wymiary zbiornika<\/td>\n<td width=\"284\">300*240*200 mm D*S*W<\/td>\n<\/tr>\n<tr>\n<td width=\"284\">Wymiary urz\u0105dzenia<\/td>\n<td width=\"284\">400*300*380 mm D*S*W<\/td>\n<\/tr>\n<tr>\n<td width=\"284\">Odp\u0142yw<\/td>\n<td width=\"284\">Tak<\/td>\n<\/tr>\n<tr>\n<td width=\"284\">Pokrywa<\/td>\n<td width=\"284\">Tak<\/td>\n<\/tr>\n<tr>\n<td width=\"284\">Waga jednostkowa<\/td>\n<td width=\"284\">16kg<\/td>\n<\/tr>\n<\/tbody>\n<\/table>\n<h3>G\u0142\u00f3wne funkcje<\/h3>\n<ul>\n<li>Timer: regulacja 1-30 minut.<\/li>\n<li>Temperatura: regulacja 20-80\u2103.<\/li>\n<li>Czas: regulacja temperatury i mocy.<\/li>\n<li>Panel wy\u015bwietlacza: Wy\u015bwietla czas pracy i temperatur\u0119.<\/li>\n<li>Materia\u0142: Zbiornik i obudowa wykonane ze stali nierdzewnej.<\/li>\n<li>Zalety produktu: Zbiornik czyszczony metod\u0105 t\u0142oczenia, bez wad spawalniczych.<\/li>\n<li>Jako\u015b\u0107 komponent\u00f3w: Wykorzystanie wysokiej jako\u015bci przetwornik\u00f3w ultrad\u017awi\u0119kowych, du\u017ca moc.<\/li>\n<li>Wysoka jako\u015b\u0107 procesu klejenia. Przetworniki ultrad\u017awi\u0119kowe mocowane przy u\u017cyciu kleju epoksydowego.<\/li>\n<li>System ch\u0142odzenia: Modele 10L i wi\u0119ksze wyposa\u017cone s\u0105 w wysokowydajny wentylator ch\u0142odz\u0105cy.<\/li>\n<\/ul>\n<p><img loading=\"lazy\" decoding=\"async\" src=\"https:\/\/www.bjultrasonic.com\/wp-content\/uploads\/2018\/12\/120kHz-Ultrasonic-Cleaner-Package.jpg\" alt=\"Opakowanie oczyszczacza ultrad\u017awi\u0119kowego 120kHz\" width=\"600\" height=\"863\" \/><\/p>\n","protected":false},"excerpt":{"rendered":"<p><a href=\"https:\/\/www.bjultrasonic.com\/pl\/category\/ultrasonic-cleaning-system-pl\/120khz-ultrasonic-cleaner-pl\/\">120kHz cyfrowa myjka ultrad\u017awi\u0119kowa<\/a> z kontrol\u0105 czasu, temperatury i mocy.<\/p>\n","protected":false},"featured_media":19746,"comment_status":"open","ping_status":"closed","template":"","meta":[],"product_brand":[],"product_cat":[5880],"product_tag":[],"class_list":{"0":"post-66582","1":"product","2":"type-product","3":"status-publish","4":"has-post-thumbnail","6":"product_cat-120khz-ultrasonic-cleaner-pl","8":"first","9":"instock","10":"shipping-taxable","11":"purchasable","12":"product-type-simple","13":"prodpage-classic"},"aioseo_notices":[],"_links":{"self":[{"href":"https:\/\/www.bjultrasonic.com\/pl\/wp-json\/wp\/v2\/product\/66582","targetHints":{"allow":["GET"]}}],"collection":[{"href":"https:\/\/www.bjultrasonic.com\/pl\/wp-json\/wp\/v2\/product"}],"about":[{"href":"https:\/\/www.bjultrasonic.com\/pl\/wp-json\/wp\/v2\/types\/product"}],"replies":[{"embeddable":true,"href":"https:\/\/www.bjultrasonic.com\/pl\/wp-json\/wp\/v2\/comments?post=66582"}],"wp:featuredmedia":[{"embeddable":true,"href":"https:\/\/www.bjultrasonic.com\/pl\/wp-json\/wp\/v2\/media\/19746"}],"wp:attachment":[{"href":"https:\/\/www.bjultrasonic.com\/pl\/wp-json\/wp\/v2\/media?parent=66582"}],"wp:term":[{"taxonomy":"product_brand","embeddable":true,"href":"https:\/\/www.bjultrasonic.com\/pl\/wp-json\/wp\/v2\/product_brand?post=66582"},{"taxonomy":"product_cat","embeddable":true,"href":"https:\/\/www.bjultrasonic.com\/pl\/wp-json\/wp\/v2\/product_cat?post=66582"},{"taxonomy":"product_tag","embeddable":true,"href":"https:\/\/www.bjultrasonic.com\/pl\/wp-json\/wp\/v2\/product_tag?post=66582"}],"curies":[{"name":"wp","href":"https:\/\/api.w.org\/{rel}","templated":true}]}}