{"id":66682,"date":"2018-12-09T21:34:01","date_gmt":"2018-12-10T02:34:01","guid":{"rendered":"https:\/\/www.bjultrasonic.com\/shop\/38l-80khz-ultrasonic-cleaner\/"},"modified":"2026-03-28T20:45:39","modified_gmt":"2026-03-29T01:45:39","slug":"38l-80khz-ultrasonic-cleaner","status":"publish","type":"product","link":"https:\/\/www.bjultrasonic.com\/pl\/shop\/38l-80khz-ultrasonic-cleaner\/","title":{"rendered":"38L 80kHz Cyfrowy Czyszczacz Ultrad\u017awi\u0119kowy z Kontrol\u0105 Czasu, Temperatury i Mocy"},"content":{"rendered":"<table class=\"table table-striped table-bordered\">\n<tbody>\n<tr>\n<td width=\"284\">Typ<\/td>\n<td width=\"284\">BJUCDPTH838<\/td>\n<\/tr>\n<tr>\n<td width=\"284\">Pojemno\u015b\u0107 zbiornika<\/td>\n<td width=\"284\">38L<\/td>\n<\/tr>\n<tr>\n<td width=\"284\">Moc ultrad\u017awi\u0119kowa<\/td>\n<td width=\"284\">720W<\/td>\n<\/tr>\n<tr>\n<td width=\"284\">Moc grzewcza<\/td>\n<td width=\"284\">1000W<\/td>\n<\/tr>\n<tr>\n<td width=\"284\">Cz\u0119stotliwo\u015b\u0107<\/td>\n<td width=\"284\">80KHZ<\/td>\n<\/tr>\n<tr>\n<td width=\"284\">Timer<\/td>\n<td width=\"284\">0-30 min<\/td>\n<\/tr>\n<tr>\n<td width=\"284\">Temperatura<\/td>\n<td width=\"284\">&lt; 80 \u00b0C<\/td>\n<\/tr>\n<tr>\n<td width=\"284\">Wymiary zbiornika<\/td>\n<td width=\"284\">500*300*250 mm D*S*W<\/td>\n<\/tr>\n<tr>\n<td width=\"284\">Wymiary urz\u0105dzenia<\/td>\n<td width=\"284\">600*350*480 mm D*S*W<\/td>\n<\/tr>\n<tr>\n<td width=\"284\">Odp\u0142yw<\/td>\n<td width=\"284\">Tak<\/td>\n<\/tr>\n<tr>\n<td width=\"284\">Pokrywa<\/td>\n<td width=\"284\">Tak<\/td>\n<\/tr>\n<tr>\n<td width=\"284\">Waga jednostkowa<\/td>\n<td width=\"284\">45kg<\/td>\n<\/tr>\n<\/tbody>\n<\/table>\n<h3>G\u0142\u00f3wne funkcje myjki ultrad\u017awi\u0119kowej 80kHz<\/h3>\n<ul>\n<li>Timer: regulacja 1-30 min.<\/li>\n<li>Temperatura: regulacja 20-80\u2103;<\/li>\n<li>Regulacja czasu, temperatury i mocy<\/li>\n<li>Panel wy\u015bwietlacza: Wy\u015bwietla czas pracy i temperatur\u0119.<\/li>\n<li>Materia\u0142: Zbiornik i obudowa wykonane s\u0105 ze stali nierdzewnej.<\/li>\n<li>Zalety produktu: zbiornik czyszcz\u0105cy wykonany metod\u0105 t\u0142oczenia, bez spaw\u00f3w.<\/li>\n<li>Jako\u015b\u0107 komponent\u00f3w: U\u017cycie wysokiej jako\u015bci przetwornik\u00f3w ultrad\u017awi\u0119kowych. Du\u017ca moc.<\/li>\n<li>Wysoka jako\u015b\u0107 procesu klejenia. Przetworniki ultrad\u017awi\u0119kowe przyklejane s\u0105 klejem epoksydowym.<\/li>\n<li>System odp\u0142ywowy: Modele o pojemno\u015bci 6 l i wi\u0119kszej wyposa\u017cone s\u0105 w kulkowy zaw\u00f3r spustowy.<\/li>\n<li>System ch\u0142odzenia: Modele 10L i wi\u0119ksze wyposa\u017cone s\u0105 w wydajny wentylator ch\u0142odz\u0105cy.<\/li>\n<\/ul>\n<p><img loading=\"lazy\" decoding=\"async\" src=\"https:\/\/www.bjultrasonic.com\/wp-content\/uploads\/2018\/12\/80kHz-Ultrasonic-Cleaner-Package.jpg\" alt=\"80kHz Ultrasonic Cleaner\" width=\"600\" height=\"868\" \/><\/p>\n","protected":false},"excerpt":{"rendered":"<p><a href=\"https:\/\/www.bjultrasonic.com\/pl\/category\/ultrasonic-cleaning-system-pl\/80khz-ultrasonic-cleaner-pl\/\">80kHz cyfrowy oczyszczacz ultrad\u017awi\u0119kowy<\/a> z kontrol\u0105 czasu, temperatury i mocy, szeroko stosowany do czyszczenia bi\u017cuterii, zegark\u00f3w, naszyjnik\u00f3w, kolczyk\u00f3w, pier\u015bcionk\u00f3w, bransoletek, monet, pask\u00f3w do zegark\u00f3w, okular\u00f3w, okular\u00f3w przeciws\u0142onecznych, akcesori\u00f3w do soczewek kontaktowych, protez z\u0119bowych, grzebieni, szczoteczek do z\u0119b\u00f3w, zastawy sto\u0142owej i tak dalej.<\/p>\n","protected":false},"featured_media":19704,"comment_status":"open","ping_status":"closed","template":"","meta":[],"product_brand":[],"product_cat":[5863],"product_tag":[],"class_list":{"0":"post-66682","1":"product","2":"type-product","3":"status-publish","4":"has-post-thumbnail","6":"product_cat-80khz-ultrasonic-cleaner-pl","8":"first","9":"instock","10":"shipping-taxable","11":"purchasable","12":"product-type-simple","13":"prodpage-classic"},"aioseo_notices":[],"_links":{"self":[{"href":"https:\/\/www.bjultrasonic.com\/pl\/wp-json\/wp\/v2\/product\/66682","targetHints":{"allow":["GET"]}}],"collection":[{"href":"https:\/\/www.bjultrasonic.com\/pl\/wp-json\/wp\/v2\/product"}],"about":[{"href":"https:\/\/www.bjultrasonic.com\/pl\/wp-json\/wp\/v2\/types\/product"}],"replies":[{"embeddable":true,"href":"https:\/\/www.bjultrasonic.com\/pl\/wp-json\/wp\/v2\/comments?post=66682"}],"wp:featuredmedia":[{"embeddable":true,"href":"https:\/\/www.bjultrasonic.com\/pl\/wp-json\/wp\/v2\/media\/19704"}],"wp:attachment":[{"href":"https:\/\/www.bjultrasonic.com\/pl\/wp-json\/wp\/v2\/media?parent=66682"}],"wp:term":[{"taxonomy":"product_brand","embeddable":true,"href":"https:\/\/www.bjultrasonic.com\/pl\/wp-json\/wp\/v2\/product_brand?post=66682"},{"taxonomy":"product_cat","embeddable":true,"href":"https:\/\/www.bjultrasonic.com\/pl\/wp-json\/wp\/v2\/product_cat?post=66682"},{"taxonomy":"product_tag","embeddable":true,"href":"https:\/\/www.bjultrasonic.com\/pl\/wp-json\/wp\/v2\/product_tag?post=66682"}],"curies":[{"name":"wp","href":"https:\/\/api.w.org\/{rel}","templated":true}]}}