{"id":66762,"date":"2018-12-09T21:33:22","date_gmt":"2018-12-10T02:33:22","guid":{"rendered":"https:\/\/www.bjultrasonic.com\/shop\/10l-80khz-ultrasonic-cleaner\/"},"modified":"2026-03-28T20:45:09","modified_gmt":"2026-03-29T01:45:09","slug":"10l-80khz-ultrasonic-cleaner","status":"publish","type":"product","link":"https:\/\/www.bjultrasonic.com\/pl\/shop\/10l-80khz-ultrasonic-cleaner\/","title":{"rendered":"10L 80kHz Cyfrowy Czyszczacz Ultrad\u017awi\u0119kowy z Kontrol\u0105 Czasu, Temperatury i Mocy"},"content":{"rendered":"<table class=\"table table-striped table-bordered\">\n<tbody>\n<tr>\n<td width=\"284\">Typ<\/td>\n<td width=\"284\">BJUCDPTH810<\/td>\n<\/tr>\n<tr>\n<td width=\"284\">Pojemno\u015b\u0107 zbiornika<\/td>\n<td width=\"284\">10L<\/td>\n<\/tr>\n<tr>\n<td width=\"284\">Moc ultrad\u017awi\u0119kowa<\/td>\n<td width=\"284\">240W<\/td>\n<\/tr>\n<tr>\n<td width=\"284\">Moc grzewcza<\/td>\n<td width=\"284\">500W<\/td>\n<\/tr>\n<tr>\n<td width=\"284\">Cz\u0119stotliwo\u015b\u0107<\/td>\n<td width=\"284\">80KHZ<\/td>\n<\/tr>\n<tr>\n<td width=\"284\">Timer<\/td>\n<td width=\"284\">0-30 min<\/td>\n<\/tr>\n<tr>\n<td width=\"284\">Temperatura<\/td>\n<td width=\"284\">&lt; 80 \u00b0C<\/td>\n<\/tr>\n<tr>\n<td width=\"284\">Wymiary zbiornika<\/td>\n<td width=\"284\">300*240*150 mm D*S*W<\/td>\n<\/tr>\n<tr>\n<td width=\"284\">Wymiary urz\u0105dzenia<\/td>\n<td width=\"284\">400*300*330 mm D*S*W<\/td>\n<\/tr>\n<tr>\n<td width=\"284\">Odp\u0142yw<\/td>\n<td width=\"284\">Tak<\/td>\n<\/tr>\n<tr>\n<td width=\"284\">Pokrywa<\/td>\n<td width=\"284\">Tak<\/td>\n<\/tr>\n<tr>\n<td width=\"284\">Waga jednostkowa<\/td>\n<td width=\"284\">13kg<\/td>\n<\/tr>\n<\/tbody>\n<\/table>\n<h3>G\u0142\u00f3wne funkcje myjki ultrad\u017awi\u0119kowej 80kHz<\/h3>\n<ul>\n<li>Timer: Regulacja 1-30 min.<\/li>\n<li>Temperatura: Regulacja 20-80\u2103;<\/li>\n<li>Regulacja czasu, temperatury i mocy<\/li>\n<li>Panel wy\u015bwietlacza: Wy\u015bwietla czas pracy i temperatur\u0119.<\/li>\n<li>Materia\u0142: Zbiornik i obudowa wykonane ze stali nierdzewnej.<\/li>\n<li>Zalety produktu: Zbiornik czyszcz\u0105cy wykonany metod\u0105 t\u0142oczenia, spawy bez wad.<\/li>\n<li>Jako\u015b\u0107 komponent\u00f3w: U\u017cycie wysokiej jako\u015bci przetwornika ultrad\u017awi\u0119kowego. Du\u017ca moc.<\/li>\n<li>Wysoka jako\u015b\u0107 procesu klejenia. Przetwornik ultrad\u017awi\u0119kowy przyklejony za pomoc\u0105 kleju epoksydowego.<\/li>\n<li>System odp\u0142ywowy: Modele 6 l i wi\u0119ksze wyposa\u017cone s\u0105 w zaw\u00f3r kulowy odp\u0142ywowy.<\/li>\n<li>System ch\u0142odzenia: Modele 10L i wi\u0119ksze wyposa\u017cone s\u0105 w wydajny wentylator ch\u0142odz\u0105cy.<\/li>\n<\/ul>\n<p><img loading=\"lazy\" decoding=\"async\" src=\"https:\/\/www.bjultrasonic.com\/wp-content\/uploads\/2018\/12\/80kHz-Ultrasonic-Cleaner-Package.jpg\" alt=\"80kHz Ultrasonic Cleaner\" width=\"600\" height=\"868\" \/><\/p>\n","protected":false},"excerpt":{"rendered":"<p><a href=\"https:\/\/www.bjultrasonic.com\/pl\/category\/ultrasonic-cleaning-system-pl\/80khz-ultrasonic-cleaner-pl\/\">80kHz cyfrowa myjka ultrad\u017awi\u0119kowa<\/a> z regulacj\u0105 czasu, temperatury i mocy, szeroko stosowana do czyszczenia bi\u017cuterii, zegark\u00f3w, naszyjnik\u00f3w, kolczyk\u00f3w, pier\u015bcionk\u00f3w, bransoletek, monet, pask\u00f3w do zegark\u00f3w, okular\u00f3w, okular\u00f3w przeciws\u0142onecznych, akcesori\u00f3w do soczewek kontaktowych, protez dentystycznych, grzebieni, szczoteczek do z\u0119b\u00f3w, sztu\u0107c\u00f3w i tak dalej.<\/p>\n","protected":false},"featured_media":19678,"comment_status":"open","ping_status":"closed","template":"","meta":[],"product_brand":[],"product_cat":[5863],"product_tag":[],"class_list":{"0":"post-66762","1":"product","2":"type-product","3":"status-publish","4":"has-post-thumbnail","6":"product_cat-80khz-ultrasonic-cleaner-pl","8":"first","9":"instock","10":"shipping-taxable","11":"purchasable","12":"product-type-simple","13":"prodpage-classic"},"aioseo_notices":[],"_links":{"self":[{"href":"https:\/\/www.bjultrasonic.com\/pl\/wp-json\/wp\/v2\/product\/66762","targetHints":{"allow":["GET"]}}],"collection":[{"href":"https:\/\/www.bjultrasonic.com\/pl\/wp-json\/wp\/v2\/product"}],"about":[{"href":"https:\/\/www.bjultrasonic.com\/pl\/wp-json\/wp\/v2\/types\/product"}],"replies":[{"embeddable":true,"href":"https:\/\/www.bjultrasonic.com\/pl\/wp-json\/wp\/v2\/comments?post=66762"}],"wp:featuredmedia":[{"embeddable":true,"href":"https:\/\/www.bjultrasonic.com\/pl\/wp-json\/wp\/v2\/media\/19678"}],"wp:attachment":[{"href":"https:\/\/www.bjultrasonic.com\/pl\/wp-json\/wp\/v2\/media?parent=66762"}],"wp:term":[{"taxonomy":"product_brand","embeddable":true,"href":"https:\/\/www.bjultrasonic.com\/pl\/wp-json\/wp\/v2\/product_brand?post=66762"},{"taxonomy":"product_cat","embeddable":true,"href":"https:\/\/www.bjultrasonic.com\/pl\/wp-json\/wp\/v2\/product_cat?post=66762"},{"taxonomy":"product_tag","embeddable":true,"href":"https:\/\/www.bjultrasonic.com\/pl\/wp-json\/wp\/v2\/product_tag?post=66762"}],"curies":[{"name":"wp","href":"https:\/\/api.w.org\/{rel}","templated":true}]}}