{"id":66802,"date":"2018-08-16T05:48:46","date_gmt":"2018-08-16T10:48:46","guid":{"rendered":"https:\/\/www.bjultrasonic.com\/shop\/ultrasonic-atomizing-transducer-bja-1500\/"},"modified":"2026-03-28T20:44:42","modified_gmt":"2026-03-29T01:44:42","slug":"ultrasonic-atomizing-transducer-bja-1500","status":"publish","type":"product","link":"https:\/\/www.bjultrasonic.com\/pl\/shop\/ultrasonic-atomizing-transducer-bja-1500\/","title":{"rendered":"1500Ml Fontanna Wodna Staw Ultrad\u017awi\u0119kowy Nawil\u017cacz Tworz\u0105cy Mg\u0142\u0119"},"content":{"rendered":"<table class=\"table table-striped table-bordered\">\n<tbody>\n<tr>\n<td width=\"284\">Typ<\/td>\n<td width=\"284\">BJA1500<\/td>\n<\/tr>\n<tr>\n<td width=\"284\">Ilo\u015b\u0107 atomizacji<\/td>\n<td width=\"284\">&gt;1500ML<\/td>\n<\/tr>\n<tr>\n<td width=\"284\">Rozmiar<\/td>\n<td width=\"284\">\u015arednica 99mm, wysoko\u015b\u0107 27mm<\/td>\n<\/tr>\n<tr>\n<td width=\"284\">Cz\u0119stotliwo\u015b\u0107 pracy<\/td>\n<td width=\"284\">1700\u00b150(KHZ)<\/td>\n<\/tr>\n<tr>\n<td width=\"284\">\u015arednica ceramiki piezoelektrycznej<\/td>\n<td width=\"284\">20mm<\/td>\n<\/tr>\n<tr>\n<td width=\"284\">Temperatura pracy<\/td>\n<td width=\"284\">5\uff5e45\u2103<\/td>\n<\/tr>\n<tr>\n<td width=\"284\">Ochrona przed przegrzaniem<\/td>\n<td width=\"284\">50\u2103<\/td>\n<\/tr>\n<tr>\n<td width=\"284\">Poziom wody<\/td>\n<td width=\"284\">40mm-80mm<\/td>\n<\/tr>\n<tr>\n<td width=\"284\">Napi\u0119cie pracy<\/td>\n<td width=\"284\">36V AC<\/td>\n<\/tr>\n<tr>\n<td width=\"284\">Moc:<\/td>\n<td width=\"284\">150W<\/td>\n<\/tr>\n<tr>\n<td width=\"284\">Pr\u0105d<\/td>\n<td width=\"284\">1.5A<\/td>\n<\/tr>\n<tr>\n<td width=\"284\">Materia\u0142<\/td>\n<td width=\"284\">Mied\u017a i stal nierdzewna<\/td>\n<\/tr>\n<tr>\n<td width=\"284\">LED<\/td>\n<td width=\"284\">Tak<\/td>\n<\/tr>\n<tr>\n<td width=\"284\">Czujnik poziomu wody<\/td>\n<td width=\"284\">Wysoko\u015b\u0107 12mm<\/td>\n<\/tr>\n<tr>\n<td width=\"284\">Kabel<\/td>\n<td width=\"284\">D\u0142ugo\u015b\u0107 5m<\/td>\n<\/tr>\n<tr>\n<td width=\"284\">Obszar zastosowania<\/td>\n<td width=\"284\">41-60M2<\/td>\n<\/tr>\n<tr>\n<td width=\"284\">Pojemno\u015b\u0107 zbiornika na wod\u0119<\/td>\n<td width=\"284\">6-10L<\/td>\n<\/tr>\n<tr>\n<td width=\"284\">Napi\u0119cie<\/td>\n<td width=\"284\">220v\/50hz<\/p>\n<p>120v\/60hz<\/p>\n<p>110v\/60hz<\/p>\n<p>230v\/50hz<\/td>\n<\/tr>\n<\/tbody>\n<\/table>\n<h3>G\u0142\u00f3wne funkcje<\/h3>\n<ul>\n<li>Obudowa miedziana, powlekana niklem i kadmem, dobre odprowadzanie ciep\u0142a.<\/li>\n<li>Funkcja ochrony przed brakiem wody i p\u0142ywanie na wodzie, automatyczne unoszenie si\u0119 na wodzie.<\/li>\n<li>Odpowiedni do zastosowa\u0144 przemys\u0142owych, rolniczych, tworzenia mg\u0142y w krajobrazie itp.<\/li>\n<li>Z kolorowymi \u015bwiat\u0142ami i pojedynczymi \u015bwiat\u0142ami.<\/li>\n<li>Du\u017ca ilo\u015b\u0107 atomizacji; Stabilna wydajno\u015b\u0107; D\u0142uga \u017cywotno\u015b\u0107;<\/li>\n<li>Wbudowany prze\u0142\u0105cznik zabezpieczaj\u0105cy przed temperatur\u0105 zapewnia bezpieczn\u0105 i niezawodn\u0105 prac\u0119.<\/li>\n<li>Solidna konstrukcja i wygodny monta\u017c<\/li>\n<\/ul>\n<h3>Wideo<\/h3>\n<p><iframe loading=\"lazy\" title=\"1500ml Water Fountain Pond Ultrasonic Humidifier Mist Maker\" width=\"500\" height=\"281\" src=\"https:\/\/www.youtube.com\/embed\/ZPvDbHEIGrU?feature=oembed\" frameborder=\"0\" allow=\"accelerometer; autoplay; clipboard-write; encrypted-media; gyroscope; picture-in-picture; web-share\" referrerpolicy=\"strict-origin-when-cross-origin\" allowfullscreen><\/iframe><\/p>\n<p><iframe loading=\"lazy\" title=\"Ultrasonic Humidifier\" width=\"500\" height=\"281\" src=\"https:\/\/www.youtube.com\/embed\/videoseries?list=PLLrjMYkO0_NEpofnqW3MnsGQ-KMwpBJul\" frameborder=\"0\" allow=\"accelerometer; autoplay; clipboard-write; encrypted-media; gyroscope; picture-in-picture; web-share\" referrerpolicy=\"strict-origin-when-cross-origin\" allowfullscreen><\/iframe><\/p>\n<h3>Najcz\u0119\u015bciej zadawane pytania (FAQ)<\/h3>\n<p><strong>1. Czy mo\u017cemy regulowa\u0107 ilo\u015b\u0107 atomizacji?<\/strong><\/p>\n<p>Nie, mo\u017cna j\u0105 zmieni\u0107 jedynie poprzez poziom wody.<\/p>\n<p><strong>2. Czy mo\u017cemy wy\u0142\u0105czy\u0107 diod\u0119 LED (je\u015bli jest)?<\/strong><\/p>\n<p>Nie. W pomieszczeniach lepiej wybra\u0107 atomizer ultrad\u017awi\u0119kowy bez diody LED.<\/p>\n<p><strong>3. Czy generuje ha\u0142as?<\/strong><\/p>\n<p>Nie. Wi\u0119kszo\u015b\u0107 <a href=\"https:\/\/www.bjultrasonic.com\/pl\/category\/ultrasonic-atomizer-pl\/\">nawil\u017caczy ultrad\u017awi\u0119kowych<\/a> dzia\u0142a ciszej ni\u017c inne modele. Dzieje si\u0119 tak, poniewa\u017c nie maj\u0105 wentylatora, jak to zwykle bywa w nawil\u017caczach ewaporacyjnych. To utrzymuje niski poziom ha\u0142asu.<\/p>\n<p><strong>4. Czy mo\u017ce nast\u0105pi\u0107 wyciek pr\u0105du?<\/strong><\/p>\n<p>Zasada dzia\u0142ania atomizera ultrad\u017awi\u0119kowego polega na tym, \u017ce wibracje ultrad\u017awi\u0119kowe generuj\u0105 mgie\u0142k\u0119. Podczas pracy nie nale\u017cy dotyka\u0107 atomizera r\u0119k\u0105, mo\u017ce pojawi\u0107 si\u0119 uczucie mrowienia, ale to nie jest pr\u0105d.<\/p>\n<h3>Og\u00f3lne uwagi<\/h3>\n<ol>\n<li>Prosz\u0119 nie obraca\u0107 atomizera do g\u00f3ry nogami po w\u0142\u0105czeniu zasilania, poniewa\u017c mo\u017ce to uszkodzi\u0107 atomizer.<\/li>\n<li>Prosz\u0119 nie u\u017cywa\u0107 go przez d\u0142ugi czas lub d\u0142u\u017cej ni\u017c 10 godzin.<\/li>\n<li>Nie dotyka\u0107 p\u0142yty atomizuj\u0105cej podczas pracy atomizera.<\/li>\n<li>Zapewni\u0107 jako\u015b\u0107 wody. Prosz\u0119 u\u017cywa\u0107 czystej wody wodoci\u0105gowej. (pogorszenie jako\u015bci wody wp\u0142ynie na \u017cywotno\u015b\u0107)<\/li>\n<li>Prosz\u0119 od\u0142\u0105czy\u0107 zasilanie przed przenoszeniem lub napraw\u0105.<\/li>\n<li>Atomizuj\u0105ce <a href=\"https:\/\/www.bjultrasonic.com\/pl\/category\/piezoelectric-ceramic-pl\/\">ceramiki piezoelektryczne<\/a> nale\u017c\u0105 do materia\u0142\u00f3w eksploatacyjnych, kt\u00f3rych \u017cywotno\u015b\u0107 wynosi ponad 3600 godzin. Je\u015bli zdolno\u015b\u0107 wytwarzania mg\u0142y przez atomizer wyra\u017anie si\u0119 zmniejszy, prosz\u0119 wyczy\u015bci\u0107 atomizowany element piezoelektryczny (bez \u017cadnych detergent\u00f3w) wacikiem, aby utrzyma\u0107 go w czysto\u015bci. Je\u015bli ilo\u015b\u0107 atomizacji nadal jest ma\u0142a po czyszczeniu, prosz\u0119 wymieni\u0107 atomizuj\u0105cy element piezoelektryczny. (sugeruje si\u0119 zakup atomizuj\u0105cego elementu piezoelektrycznego razem)<\/li>\n<\/ol>\n<p><img loading=\"lazy\" decoding=\"async\" src=\"https:\/\/www.bjultrasonic.com\/wp-content\/uploads\/2018\/08\/Ultrasonic-Humidifier-with-LED.jpg\" alt=\"Ultrasonic-Humidifier-with-LED\" width=\"670\" height=\"925\" \/><\/p>\n","protected":false},"excerpt":{"rendered":"<p><a href=\"https:\/\/www.bjultrasonic.com\/pl\/category\/ultrasonic-atomizer-pl\/\">Nawil\u017cacz ultrad\u017awi\u0119kowy<\/a> wykorzystuje energi\u0119 ultrad\u017awi\u0119kow\u0105 do przekszta\u0142cania cieczy w podobne do chmur cz\u0105steczki. Nawil\u017cacz ultrad\u017awi\u0119kowy jest r\u00f3wnie\u017c nazywany <a href=\"https:\/\/www.bjultrasonic.com\/pl\/shop\/ultrasonic-atomizing-transducer\/\">atomizerem ultrad\u017awi\u0119kowym<\/a>, generatorem mg\u0142y ultrad\u017awi\u0119kowej, wytwornic\u0105 mg\u0142y ultrad\u017awi\u0119kowej.<\/p>\n","protected":false},"featured_media":19519,"comment_status":"open","ping_status":"closed","template":"","meta":[],"product_brand":[],"product_cat":[6189],"product_tag":[],"class_list":{"0":"post-66802","1":"product","2":"type-product","3":"status-publish","4":"has-post-thumbnail","6":"product_cat-ultrasonic-atomizer-pl","8":"first","9":"instock","10":"shipping-taxable","11":"purchasable","12":"product-type-simple","13":"prodpage-classic"},"aioseo_notices":[],"_links":{"self":[{"href":"https:\/\/www.bjultrasonic.com\/pl\/wp-json\/wp\/v2\/product\/66802","targetHints":{"allow":["GET"]}}],"collection":[{"href":"https:\/\/www.bjultrasonic.com\/pl\/wp-json\/wp\/v2\/product"}],"about":[{"href":"https:\/\/www.bjultrasonic.com\/pl\/wp-json\/wp\/v2\/types\/product"}],"replies":[{"embeddable":true,"href":"https:\/\/www.bjultrasonic.com\/pl\/wp-json\/wp\/v2\/comments?post=66802"}],"wp:featuredmedia":[{"embeddable":true,"href":"https:\/\/www.bjultrasonic.com\/pl\/wp-json\/wp\/v2\/media\/19519"}],"wp:attachment":[{"href":"https:\/\/www.bjultrasonic.com\/pl\/wp-json\/wp\/v2\/media?parent=66802"}],"wp:term":[{"taxonomy":"product_brand","embeddable":true,"href":"https:\/\/www.bjultrasonic.com\/pl\/wp-json\/wp\/v2\/product_brand?post=66802"},{"taxonomy":"product_cat","embeddable":true,"href":"https:\/\/www.bjultrasonic.com\/pl\/wp-json\/wp\/v2\/product_cat?post=66802"},{"taxonomy":"product_tag","embeddable":true,"href":"https:\/\/www.bjultrasonic.com\/pl\/wp-json\/wp\/v2\/product_tag?post=66802"}],"curies":[{"name":"wp","href":"https:\/\/api.w.org\/{rel}","templated":true}]}}