{"id":66822,"date":"2018-08-16T05:43:28","date_gmt":"2018-08-16T10:43:28","guid":{"rendered":"https:\/\/www.bjultrasonic.com\/shop\/ultrasonic-atomizing-transducer-bja-900\/"},"modified":"2026-03-28T20:44:19","modified_gmt":"2026-03-29T01:44:19","slug":"ultrasonic-atomizing-transducer-bja-900","status":"publish","type":"product","link":"https:\/\/www.bjultrasonic.com\/pl\/shop\/ultrasonic-atomizing-transducer-bja-900\/","title":{"rendered":"900ML 3-g\u0142owicowy Generator Mg\u0142y Ultrad\u017awi\u0119kowej Fontanna Wodna"},"content":{"rendered":"<table class=\"table table-striped table-bordered\">\n<tbody>\n<tr>\n<td width=\"284\">Typ<\/td>\n<td width=\"284\">BJA900<\/td>\n<\/tr>\n<tr>\n<td width=\"284\">Wydajno\u015b\u0107 rozpylania<\/td>\n<td width=\"284\">&gt;900 ml<\/td>\n<\/tr>\n<tr>\n<td width=\"284\">Wymiary<\/td>\n<td width=\"284\">\u015arednica 68 mm, wysoko\u015b\u0107 27 mm<\/td>\n<\/tr>\n<tr>\n<td width=\"284\">Cz\u0119stotliwo\u015b\u0107 pracy<\/td>\n<td width=\"284\">1700\u00b150 (kHz)<\/td>\n<\/tr>\n<tr>\n<td width=\"284\">\u015arednica ceramiki piezoelektrycznej<\/td>\n<td width=\"284\">20 mm<\/td>\n<\/tr>\n<tr>\n<td width=\"284\">Temperatura pracy<\/td>\n<td width=\"284\">1\u201345\u00b0C<\/td>\n<\/tr>\n<tr>\n<td width=\"284\">Poziom wody<\/td>\n<td width=\"284\">40\u201380 mm<\/td>\n<\/tr>\n<tr>\n<td width=\"284\">Napi\u0119cie robocze<\/td>\n<td width=\"284\">36 V AC<\/td>\n<\/tr>\n<tr>\n<td width=\"284\">Pr\u0105d roboczy<\/td>\n<td width=\"284\">2,2 A<\/td>\n<\/tr>\n<tr>\n<td width=\"284\">Moc:<\/td>\n<td width=\"284\">60 W<\/td>\n<\/tr>\n<tr>\n<td width=\"284\">Materia\u0142<\/td>\n<td width=\"284\">Mied\u017a i stal nierdzewna<\/td>\n<\/tr>\n<tr>\n<td width=\"284\">LED<\/td>\n<td width=\"284\">jedna<\/td>\n<\/tr>\n<tr>\n<td width=\"284\">Czujnik poziomu wody<\/td>\n<td width=\"284\">Wysoko\u015b\u0107 12 mm<\/td>\n<\/tr>\n<tr>\n<td width=\"284\">Przew\u00f3d<\/td>\n<td width=\"284\">D\u0142ugo\u015b\u0107 5 m<\/td>\n<\/tr>\n<tr>\n<td width=\"284\">Napi\u0119cie wej\u015bciowe<\/td>\n<td width=\"284\">AC 220 V\/50 Hz<\/p>\n<p>120 V\/60 Hz<\/td>\n<\/tr>\n<\/tbody>\n<\/table>\n<h3>G\u0142\u00f3wne funkcje<\/h3>\n<ul>\n<li>Obudowa miedziana, powlekana niklem i kadmem, dobra rozpraszalno\u015b\u0107 ciep\u0142a.<\/li>\n<li>Funkcja ochrony przed brakiem wody oraz p\u0142ywanie na wodzie, automatycznie unosi si\u0119 na wodzie.<\/li>\n<li>Nadaje si\u0119 do zastosowa\u0144 przemys\u0142owych, rolniczych, tworzenia mgie\u0142 w krajobrazie itp.<\/li>\n<li>Z kolorowymi \u015bwiat\u0142ami i pojedynczym \u015bwiat\u0142em.<\/li>\n<li>Du\u017ca wydajno\u015b\u0107 rozpylania; stabilna wydajno\u015b\u0107; d\u0142ugi okres eksploatacji;<\/li>\n<\/ul>\n<h3>Wideo<\/h3>\n<p><iframe loading=\"lazy\" title=\"900ml 3 Head Ultrasonic Mist Maker Fogger Water Fountain\" width=\"500\" height=\"281\" src=\"https:\/\/www.youtube.com\/embed\/Zc07JpAh8ic?feature=oembed\" frameborder=\"0\" allow=\"accelerometer; autoplay; clipboard-write; encrypted-media; gyroscope; picture-in-picture; web-share\" referrerpolicy=\"strict-origin-when-cross-origin\" allowfullscreen><\/iframe><\/p>\n<p><iframe loading=\"lazy\" title=\"Ultrasonic Humidifier\" width=\"500\" height=\"281\" src=\"https:\/\/www.youtube.com\/embed\/videoseries?list=PLLrjMYkO0_NEpofnqW3MnsGQ-KMwpBJul\" frameborder=\"0\" allow=\"accelerometer; autoplay; clipboard-write; encrypted-media; gyroscope; picture-in-picture; web-share\" referrerpolicy=\"strict-origin-when-cross-origin\" allowfullscreen><\/iframe><\/p>\n<h3>Cz\u0119sto zadawane pytania<\/h3>\n<p><strong>1. Czy mo\u017cna regulowa\u0107 wydajno\u015b\u0107 rozpylania?<\/strong><\/p>\n<p>Nie, mo\u017cna j\u0105 zmieni\u0107 jedynie poprzez poziom wody.<\/p>\n<p><strong>2. Czy mo\u017cna wy\u0142\u0105czy\u0107 diod\u0119 LED (je\u015bli jest)?<\/strong><\/p>\n<p>Nie. Lepiej wybra\u0107 rozpylacz ultrad\u017awi\u0119kowy bez diody LED do u\u017cytku wewn\u0105trz pomieszcze\u0144.<\/p>\n<p><strong>3. Czy urz\u0105dzenie generuje ha\u0142as?<\/strong><\/p>\n<p>Nie. Wi\u0119kszo\u015b\u0107 <a href=\"https:\/\/www.bjultrasonic.com\/pl\/category\/ultrasonic-atomizer-pl\/\">nawil\u017caczy ultrad\u017awi\u0119kowych<\/a> dzia\u0142a ciszej ni\u017c inne modele. Wynika to z braku wentylatora, kt\u00f3ry zwykle wyst\u0119puje w nawil\u017caczach ewaporacyjnych. To ogranicza poziom ha\u0142asu.<\/p>\n<p><strong>4. Czy wyst\u0119puje zagro\u017cenie pora\u017ceniem pr\u0105dem?<\/strong><\/p>\n<p>Zasada dzia\u0142ania rozpylacza ultrad\u017awi\u0119kowego polega na generowaniu mg\u0142y poprzez drgania ultrad\u017awi\u0119kowe. Podczas pracy nie nale\u017cy dotyka\u0107 rozpylacza r\u0119k\u0105, poniewa\u017c mo\u017ce to wywo\u0142a\u0107 uczucie mrowienia, ale nie jest to pora\u017cenie pr\u0105dem.<\/p>\n<h3>Og\u00f3lne zalecenia<\/h3>\n<ol>\n<li>Po w\u0142\u0105czeniu zasilania nie nale\u017cy odwraca\u0107 rozpylacza do g\u00f3ry nogami, poniewa\u017c mo\u017ce to go uszkodzi\u0107.<\/li>\n<li>Nie nale\u017cy u\u017cywa\u0107 urz\u0105dzenia przez d\u0142ugi czas lub d\u0142u\u017cej ni\u017c 10 godzin.<\/li>\n<li>Podczas pracy rozpylacza nie dotyka\u0107 p\u0142yty rozpylaj\u0105cej.<\/li>\n<li>Zapewni\u0107 odpowiedni\u0105 jako\u015b\u0107 wody. Nale\u017cy u\u017cywa\u0107 czystej wody z kranu. (pogorszenie jako\u015bci wody wp\u0142ynie na \u017cywotno\u015b\u0107 urz\u0105dzenia)<\/li>\n<li>Przed przemieszczeniem lub napraw\u0105 od\u0142\u0105czy\u0107 zasilanie.<\/li>\n<li>Rozpylaj\u0105ce <a href=\"https:\/\/www.bjultrasonic.com\/pl\/category\/piezoelectric-ceramic-pl\/\">ceramiki piezoelektryczne<\/a> s\u0105 materia\u0142ami eksploatacyjnymi o \u017cywotno\u015bci ponad 3600 godzin. Je\u015bli wydajno\u015b\u0107 rozpylania znacz\u0105co spadnie, nale\u017cy wyczy\u015bci\u0107 rozpylaj\u0105c\u0105 p\u0142ytk\u0119 piezoelektryczn\u0105 (bez u\u017cycia detergent\u00f3w) patyczkiem kosmetycznym, aby utrzyma\u0107 j\u0105 w czysto\u015bci. Je\u015bli po czyszczeniu wydajno\u015b\u0107 rozpylania nadal jest ma\u0142a, nale\u017cy wymieni\u0107 rozpylaj\u0105c\u0105 p\u0142ytk\u0119 piezoelektryczn\u0105. (zaleca si\u0119 zakup dodatkowej p\u0142ytki rozpylaj\u0105cej)<\/li>\n<\/ol>\n<p><img loading=\"lazy\" decoding=\"async\" src=\"https:\/\/www.bjultrasonic.com\/wp-content\/uploads\/2018\/08\/Ultrasonic-Humidifier-with-LED.jpg\" alt=\"Ultrasonic-Humidifier-with-LED\" width=\"670\" height=\"925\" \/><\/p>\n","protected":false},"excerpt":{"rendered":"<p><a href=\"https:\/\/www.bjultrasonic.com\/pl\/category\/ultrasonic-atomizer-pl\/\">Nawil\u017cacz ultrad\u017awi\u0119kowy<\/a> wykorzystuje energi\u0119 ultrad\u017awi\u0119kow\u0105 do przekszta\u0142cania cieczy w cz\u0105steczki przypominaj\u0105ce chmur\u0119. Nawil\u017cacz ultrad\u017awi\u0119kowy jest r\u00f3wnie\u017c nazywany <a href=\"https:\/\/www.bjultrasonic.com\/pl\/shop\/ultrasonic-atomizing-transducer\/\">atomizerem ultrad\u017awi\u0119kowym<\/a>, generatorem mg\u0142y ultrad\u017awi\u0119kowej, rozpylaczem ultrad\u017awi\u0119kowym.<\/p>\n","protected":false},"featured_media":19512,"comment_status":"open","ping_status":"closed","template":"","meta":[],"product_brand":[],"product_cat":[6189],"product_tag":[],"class_list":{"0":"post-66822","1":"product","2":"type-product","3":"status-publish","4":"has-post-thumbnail","6":"product_cat-ultrasonic-atomizer-pl","8":"first","9":"instock","10":"shipping-taxable","11":"purchasable","12":"product-type-simple","13":"prodpage-classic"},"aioseo_notices":[],"_links":{"self":[{"href":"https:\/\/www.bjultrasonic.com\/pl\/wp-json\/wp\/v2\/product\/66822","targetHints":{"allow":["GET"]}}],"collection":[{"href":"https:\/\/www.bjultrasonic.com\/pl\/wp-json\/wp\/v2\/product"}],"about":[{"href":"https:\/\/www.bjultrasonic.com\/pl\/wp-json\/wp\/v2\/types\/product"}],"replies":[{"embeddable":true,"href":"https:\/\/www.bjultrasonic.com\/pl\/wp-json\/wp\/v2\/comments?post=66822"}],"wp:featuredmedia":[{"embeddable":true,"href":"https:\/\/www.bjultrasonic.com\/pl\/wp-json\/wp\/v2\/media\/19512"}],"wp:attachment":[{"href":"https:\/\/www.bjultrasonic.com\/pl\/wp-json\/wp\/v2\/media?parent=66822"}],"wp:term":[{"taxonomy":"product_brand","embeddable":true,"href":"https:\/\/www.bjultrasonic.com\/pl\/wp-json\/wp\/v2\/product_brand?post=66822"},{"taxonomy":"product_cat","embeddable":true,"href":"https:\/\/www.bjultrasonic.com\/pl\/wp-json\/wp\/v2\/product_cat?post=66822"},{"taxonomy":"product_tag","embeddable":true,"href":"https:\/\/www.bjultrasonic.com\/pl\/wp-json\/wp\/v2\/product_tag?post=66822"}],"curies":[{"name":"wp","href":"https:\/\/api.w.org\/{rel}","templated":true}]}}