{"id":66842,"date":"2018-08-16T05:35:53","date_gmt":"2018-08-16T10:35:53","guid":{"rendered":"https:\/\/www.bjultrasonic.com\/shop\/ultrasonic-atomizing-transducer-bja500-0\/"},"modified":"2026-03-28T20:44:18","modified_gmt":"2026-03-29T01:44:18","slug":"ultrasonic-atomizing-transducer-bja500-0","status":"publish","type":"product","link":"https:\/\/www.bjultrasonic.com\/pl\/shop\/ultrasonic-atomizing-transducer-bja500-0\/","title":{"rendered":"500ML Ultrad\u017awi\u0119kowy Wytwornica Wodnej Mgie\u0142ki Rozpylacz Bez LED"},"content":{"rendered":"<table class=\"table table-striped table-bordered\">\n<tbody>\n<tr>\n<td width=\"214\">Typ<\/td>\n<td width=\"413\">BJA500-0<\/td>\n<\/tr>\n<tr>\n<td width=\"214\">Ilo\u015b\u0107 mg\u0142y<\/td>\n<td width=\"413\">&gt;500ML<\/td>\n<\/tr>\n<tr>\n<td width=\"214\">Rozmiar<\/td>\n<td width=\"413\">\u015arednica 46mm * wysoko\u015b\u0107 25mm<\/td>\n<\/tr>\n<tr>\n<td width=\"214\">Cz\u0119stotliwo\u015b\u0107 pracy<\/td>\n<td width=\"413\">1700\u00b150(KHZ)<\/td>\n<\/tr>\n<tr>\n<td width=\"214\">\u015arednica ceramiki piezoelektrycznej<\/td>\n<td width=\"413\">20mm<\/td>\n<\/tr>\n<tr>\n<td width=\"214\">Temperatura pracy<\/td>\n<td width=\"413\">5\uff5e45\u2103<\/td>\n<\/tr>\n<tr>\n<td width=\"214\">Poziom wody<\/td>\n<td width=\"413\">40mm-60mm<\/td>\n<\/tr>\n<tr>\n<td width=\"214\">Napi\u0119cie pracy<\/td>\n<td width=\"413\">24V AC\/DC 700MA<\/td>\n<\/tr>\n<tr>\n<td width=\"214\">Moc:<\/td>\n<td width=\"413\">24W<\/td>\n<\/tr>\n<tr>\n<td width=\"214\">Materia\u0142<\/td>\n<td width=\"413\">Tworzywo sztuczne<\/td>\n<\/tr>\n<tr>\n<td width=\"214\">LED<\/td>\n<td width=\"413\">0 LED<\/td>\n<\/tr>\n<tr>\n<td width=\"214\">Czujnik poziomu wody<\/td>\n<td width=\"413\">Wysoko\u015b\u0107 12mm<\/td>\n<\/tr>\n<tr>\n<td width=\"214\">Kabel<\/td>\n<td width=\"413\">Czarny PVC 3.8mm D\u0142ugo\u015b\u0107 1400\u00b120mm<\/td>\n<\/tr>\n<tr>\n<td width=\"214\">Wtyczka<\/td>\n<td width=\"413\">Gniazdo 5.5*2.5mm<\/td>\n<\/tr>\n<\/tbody>\n<\/table>\n<h3>Wideo<\/h3>\n<p><iframe loading=\"lazy\" title=\"500ml Ultrasonic Water Mist Maker Fogger Without LED\" width=\"500\" height=\"281\" src=\"https:\/\/www.youtube.com\/embed\/e5thwUNLvA8?feature=oembed\" frameborder=\"0\" allow=\"accelerometer; autoplay; clipboard-write; encrypted-media; gyroscope; picture-in-picture; web-share\" referrerpolicy=\"strict-origin-when-cross-origin\" allowfullscreen><\/iframe><\/p>\n<p><iframe loading=\"lazy\" title=\"Ultrasonic Humidifier\" width=\"500\" height=\"281\" src=\"https:\/\/www.youtube.com\/embed\/videoseries?list=PLLrjMYkO0_NEpofnqW3MnsGQ-KMwpBJul\" frameborder=\"0\" allow=\"accelerometer; autoplay; clipboard-write; encrypted-media; gyroscope; picture-in-picture; web-share\" referrerpolicy=\"strict-origin-when-cross-origin\" allowfullscreen><\/iframe><\/p>\n<h3>Najcz\u0119\u015bciej zadawane pytania<\/h3>\n<p><strong>1. Czy mo\u017cna regulowa\u0107 ilo\u015b\u0107 mg\u0142y?<\/strong><\/p>\n<p>Nie, mo\u017cna j\u0105 zmieni\u0107 jedynie poprzez poziom wody.<\/p>\n<p><strong>2. Czy mo\u017cna wy\u0142\u0105czy\u0107 diod\u0119 LED (je\u015bli jest)?<\/strong><\/p>\n<p>Nie. W pomieszczeniach lepiej wybra\u0107 nawil\u017cacz ultrad\u017awi\u0119kowy bez diody LED.<\/p>\n<p><strong>3. Czy generuje ha\u0142as?<\/strong><\/p>\n<p>Nie. Wi\u0119kszo\u015b\u0107 <a href=\"https:\/\/www.bjultrasonic.com\/pl\/category\/ultrasonic-atomizer-pl\/\">nawil\u017caczy ultrad\u017awi\u0119kowych<\/a> dzia\u0142a ciszej ni\u017c inne modele. Wynika to z braku wentylatora, kt\u00f3ry jest typowy dla nawil\u017caczy ewaporacyjnych. To utrzymuje niski poziom ha\u0142asu.<\/p>\n<p><strong>4. Czy mo\u017ce porazi\u0107 pr\u0105dem?<\/strong><\/p>\n<p>Zasada dzia\u0142ania nawil\u017cacza ultrad\u017awi\u0119kowego polega na wytwarzaniu mg\u0142y przez drgania ultrad\u017awi\u0119kowe. Podczas pracy nie dotyka\u0107 nawil\u017cacza r\u0119k\u0105, mo\u017ce pojawi\u0107 si\u0119 uczucie mrowienia, ale nie jest to pora\u017cenie pr\u0105dem.<\/p>\n<h3>Og\u00f3lne uwagi<\/h3>\n<ol>\n<li>Po w\u0142\u0105czeniu zasilania nie obraca\u0107 nawil\u017cacza do g\u00f3ry nogami, poniewa\u017c mo\u017ce to go uszkodzi\u0107.<\/li>\n<li>Nie u\u017cywa\u0107 przez d\u0142ugi czas lub d\u0142u\u017cej ni\u017c 10 godzin.<\/li>\n<li>Podczas pracy nawil\u017cacza nie dotyka\u0107 p\u0142yty mg\u0142uj\u0105cej.<\/li>\n<li>Zapewni\u0107 odpowiedni\u0105 jako\u015b\u0107 wody. Nale\u017cy u\u017cywa\u0107 czystej wody wodoci\u0105gowej. (pogorszenie jako\u015bci wody wp\u0142ynie na \u017cywotno\u015b\u0107 urz\u0105dzenia)<\/li>\n<li>Przed przeniesieniem lub napraw\u0105 od\u0142\u0105czy\u0107 zasilanie.<\/li>\n<li>Zamg\u0142awiaj\u0105ca <a href=\"https:\/\/www.bjultrasonic.com\/pl\/category\/piezoelectric-ceramic-pl\/\">ceramika piezoelektryczna<\/a> nale\u017cy do materia\u0142\u00f3w eksploatacyjnych, kt\u00f3rych \u017cywotno\u015b\u0107 wynosi ponad 3600 godzin. Je\u015bli wydajno\u015b\u0107 mg\u0142owania znacz\u0105co spadnie, nale\u017cy wyczy\u015bci\u0107 ceramik\u0119 piezoelektryczn\u0105 (bez detergent\u00f3w) za pomoc\u0105 wacika, aby utrzyma\u0107 j\u0105 w czysto\u015bci. Je\u015bli po czyszczeniu ilo\u015b\u0107 mg\u0142y nadal jest ma\u0142a, nale\u017cy wymieni\u0107 ceramik\u0119 piezoelektryczn\u0105. (zaleca si\u0119 zakup wraz z ceramik\u0105)<\/li>\n<\/ol>\n<p><img loading=\"lazy\" decoding=\"async\" src=\"https:\/\/www.bjultrasonic.com\/wp-content\/uploads\/2018\/08\/Ultrasonic-Humidifier-without-LED.jpg\" alt=\"Ultrasonic-Humidifier-without-LED\" width=\"670\" height=\"925\" \/><\/p>\n","protected":false},"excerpt":{"rendered":"<p><a href=\"https:\/\/www.bjultrasonic.com\/pl\/category\/ultrasonic-atomizer-pl\/\">Nawil\u017cacz ultrad\u017awi\u0119kowy<\/a> wykorzystuje energi\u0119 ultrad\u017awi\u0119kow\u0105 do przekszta\u0142cania cieczy w cz\u0105steczki przypominaj\u0105ce chmur\u0119. Nawil\u017cacz ultrad\u017awi\u0119kowy jest r\u00f3wnie\u017c nazywany <a href=\"https:\/\/www.bjultrasonic.com\/pl\/shop\/ultrasonic-atomizing-transducer\/\">atomizerem ultrad\u017awi\u0119kowym<\/a>, generatorem mg\u0142y ultrad\u017awi\u0119kowej, urz\u0105dzeniem do wytwarzania mg\u0142y ultrad\u017awi\u0119kowej.<\/p>\n","protected":false},"featured_media":19506,"comment_status":"open","ping_status":"closed","template":"","meta":[],"product_brand":[],"product_cat":[6189],"product_tag":[],"class_list":{"0":"post-66842","1":"product","2":"type-product","3":"status-publish","4":"has-post-thumbnail","6":"product_cat-ultrasonic-atomizer-pl","8":"first","9":"instock","10":"shipping-taxable","11":"purchasable","12":"product-type-simple","13":"prodpage-classic"},"aioseo_notices":[],"_links":{"self":[{"href":"https:\/\/www.bjultrasonic.com\/pl\/wp-json\/wp\/v2\/product\/66842","targetHints":{"allow":["GET"]}}],"collection":[{"href":"https:\/\/www.bjultrasonic.com\/pl\/wp-json\/wp\/v2\/product"}],"about":[{"href":"https:\/\/www.bjultrasonic.com\/pl\/wp-json\/wp\/v2\/types\/product"}],"replies":[{"embeddable":true,"href":"https:\/\/www.bjultrasonic.com\/pl\/wp-json\/wp\/v2\/comments?post=66842"}],"wp:featuredmedia":[{"embeddable":true,"href":"https:\/\/www.bjultrasonic.com\/pl\/wp-json\/wp\/v2\/media\/19506"}],"wp:attachment":[{"href":"https:\/\/www.bjultrasonic.com\/pl\/wp-json\/wp\/v2\/media?parent=66842"}],"wp:term":[{"taxonomy":"product_brand","embeddable":true,"href":"https:\/\/www.bjultrasonic.com\/pl\/wp-json\/wp\/v2\/product_brand?post=66842"},{"taxonomy":"product_cat","embeddable":true,"href":"https:\/\/www.bjultrasonic.com\/pl\/wp-json\/wp\/v2\/product_cat?post=66842"},{"taxonomy":"product_tag","embeddable":true,"href":"https:\/\/www.bjultrasonic.com\/pl\/wp-json\/wp\/v2\/product_tag?post=66842"}],"curies":[{"name":"wp","href":"https:\/\/api.w.org\/{rel}","templated":true}]}}