{"id":66862,"date":"2018-08-16T05:35:53","date_gmt":"2018-08-16T10:35:53","guid":{"rendered":"https:\/\/www.bjultrasonic.com\/shop\/ultrasonic-atomizing-transducer-bja500-12\/"},"modified":"2026-03-28T20:44:17","modified_gmt":"2026-03-29T01:44:17","slug":"ultrasonic-atomizing-transducer-bja500-12","status":"publish","type":"product","link":"https:\/\/www.bjultrasonic.com\/pl\/shop\/ultrasonic-atomizing-transducer-bja500-12\/","title":{"rendered":"500ML Ultrad\u017awi\u0119kowy Generator Mg\u0142y Nawil\u017cacz 12 SZT LED"},"content":{"rendered":"<table class=\"table table-striped table-bordered\">\n<tbody>\n<tr>\n<td width=\"214\">Typ<\/td>\n<td width=\"413\">BJA500-12<\/td>\n<\/tr>\n<tr>\n<td width=\"214\">Ilo\u015b\u0107 atomizacji<\/td>\n<td width=\"413\">&gt;500ML<\/td>\n<\/tr>\n<tr>\n<td width=\"214\">Rozmiar<\/td>\n<td width=\"413\">\u015brednica 46mm * wysoko\u015b\u0107 25mm<\/td>\n<\/tr>\n<tr>\n<td width=\"214\">Cz\u0119stotliwo\u015b\u0107 pracy<\/td>\n<td width=\"413\">1700\u00b150(KHZ)<\/td>\n<\/tr>\n<tr>\n<td width=\"214\">\u015arednica ceramiki piezoelektrycznej<\/td>\n<td width=\"413\">20mm<\/td>\n<\/tr>\n<tr>\n<td width=\"214\">Temperatura pracy<\/td>\n<td width=\"413\">5\uff5e45\u2103<\/td>\n<\/tr>\n<tr>\n<td width=\"214\">Poziom wody<\/td>\n<td width=\"413\">40mm-60mm<\/td>\n<\/tr>\n<tr>\n<td width=\"214\">Napi\u0119cie robocze<\/td>\n<td width=\"413\">24V AC\/DC 700MA<\/td>\n<\/tr>\n<tr>\n<td width=\"214\">Moc:<\/td>\n<td width=\"413\">24W<\/td>\n<\/tr>\n<tr>\n<td width=\"214\">Materia\u0142<\/td>\n<td width=\"413\">Tworzywo sztuczne<\/td>\n<\/tr>\n<tr>\n<td width=\"214\">LED<\/td>\n<td width=\"413\">12 diod LED<\/p>\n<p>Automatyczna zmiana 7 kolor\u00f3w Dream7<\/td>\n<\/tr>\n<tr>\n<td width=\"214\">Czujnik poziomu wody<\/td>\n<td width=\"413\">Wysoko\u015b\u0107 12mm<\/td>\n<\/tr>\n<tr>\n<td width=\"214\">Kabel<\/td>\n<td width=\"413\">Czarny PVC 3.8mm D\u0142ugo\u015b\u0107 1400\u00b120mm<\/td>\n<\/tr>\n<tr>\n<td width=\"214\">Wtyczka<\/td>\n<td width=\"413\">Gniazdo 5.5*2.5mm<\/td>\n<\/tr>\n<\/tbody>\n<\/table>\n<h3>Wideo<\/h3>\n<p><iframe loading=\"lazy\" title=\"500ml Ultrasonic Mist Maker Humidifier 12PCs LED\" width=\"500\" height=\"281\" src=\"https:\/\/www.youtube.com\/embed\/ObKWUsnUC4Y?feature=oembed\" frameborder=\"0\" allow=\"accelerometer; autoplay; clipboard-write; encrypted-media; gyroscope; picture-in-picture; web-share\" referrerpolicy=\"strict-origin-when-cross-origin\" allowfullscreen><\/iframe><\/p>\n<p><iframe loading=\"lazy\" title=\"Ultrasonic Humidifier\" width=\"500\" height=\"281\" src=\"https:\/\/www.youtube.com\/embed\/videoseries?list=PLLrjMYkO0_NEpofnqW3MnsGQ-KMwpBJul\" frameborder=\"0\" allow=\"accelerometer; autoplay; clipboard-write; encrypted-media; gyroscope; picture-in-picture; web-share\" referrerpolicy=\"strict-origin-when-cross-origin\" allowfullscreen><\/iframe><\/p>\n<h3>Najcz\u0119\u015bciej zadawane pytania<\/h3>\n<p><strong>1. Czy mo\u017cemy regulowa\u0107 ilo\u015b\u0107 atomizacji?<\/strong><\/p>\n<p>Nie, mo\u017cna j\u0105 zmieni\u0107 jedynie poprzez poziom wody.<\/p>\n<p><strong>2. Czy mo\u017cemy wy\u0142\u0105czy\u0107 diody LED (je\u015bli s\u0105)?<\/strong><\/p>\n<p>Nie. W pomieszczeniach lepiej wybra\u0107 atomizer ultrad\u017awi\u0119kowy bez diod LED.<\/p>\n<p><strong>3. Czy generuje ha\u0142as?<\/strong><\/p>\n<p>Nie. Wi\u0119kszo\u015b\u0107 <a href=\"https:\/\/www.bjultrasonic.com\/pl\/category\/ultrasonic-atomizer-pl\/\">nawil\u017caczy ultrad\u017awi\u0119kowych<\/a> dzia\u0142a ciszej ni\u017c inne modele. Dzieje si\u0119 tak dlatego, \u017ce nie maj\u0105 one wentylatora, kt\u00f3ry zwykle posiadaj\u0105 nawil\u017cacze ewaporacyjne. To utrzymuje niski poziom ha\u0142asu.<\/p>\n<p><strong>4. Czy mo\u017ce doj\u015b\u0107 do wycieku pr\u0105du?<\/strong><\/p>\n<p>Zasada dzia\u0142ania atomizera ultrad\u017awi\u0119kowego polega na tym, \u017ce drgania ultrad\u017awi\u0119kowe generuj\u0105 mgie\u0142k\u0119. Nie dotykaj atomizera r\u0119k\u0105 podczas pracy, mo\u017cesz poczu\u0107 uk\u0142ucie, ale to nie jest pr\u0105d.<\/p>\n<h3>Og\u00f3lne uwagi<\/h3>\n<ol>\n<li>Prosimy nie obraca\u0107 atomizera do g\u00f3ry nogami po w\u0142\u0105czeniu zasilania, poniewa\u017c mo\u017ce to uszkodzi\u0107 atomizer.<\/li>\n<li>Prosimy nie u\u017cywa\u0107 go przez d\u0142ugi czas lub d\u0142u\u017cej ni\u017c 10 godzin.<\/li>\n<li>Nie dotykaj p\u0142yty atomizuj\u0105cej, gdy atomizer pracuje.<\/li>\n<li>Zapewnij jako\u015b\u0107 wody. Prosimy u\u017cywa\u0107 czystej wody wodoci\u0105gowej. (pogorszenie jako\u015bci wody wp\u0142ynie na \u017cywotno\u015b\u0107)<\/li>\n<li>Przed przeniesieniem lub napraw\u0105 od\u0142\u0105cz zasilanie.<\/li>\n<li>Zaatomizowana <a href=\"https:\/\/www.bjultrasonic.com\/pl\/category\/piezoelectric-ceramic-pl\/\">ceramika piezoelektryczna<\/a> nale\u017cy do materia\u0142\u00f3w eksploatacyjnych, kt\u00f3rych \u017cywotno\u015b\u0107 wynosi ponad 3600 godzin. Je\u015bli zdolno\u015b\u0107 wytwarzania mg\u0142y przez atomizer znacznie si\u0119 zmniejszy, wyczy\u015b\u0107 zaatomizowany element piezoelektryczny (bez detergent\u00f3w) patyczkiem kosmetycznym, aby utrzyma\u0107 go w czysto\u015bci. Je\u015bli ilo\u015b\u0107 atomizacji nadal jest ma\u0142a po czyszczeniu, wymie\u0144 element atomizuj\u0105cy. (sugeruje si\u0119 zakup elementu atomizuj\u0105cego razem)<\/li>\n<\/ol>\n<p><img loading=\"lazy\" decoding=\"async\" src=\"https:\/\/www.bjultrasonic.com\/wp-content\/uploads\/2018\/08\/Ultrasonic-Humidifier-with-LED.jpg\" alt=\"Ultrasonic-Humidifier-with-LED\" width=\"670\" height=\"925\" \/><\/p>\n","protected":false},"excerpt":{"rendered":"<p><a href=\"https:\/\/www.bjultrasonic.com\/pl\/category\/ultrasonic-atomizer-pl\/\">Nawil\u017cacz ultrad\u017awi\u0119kowy<\/a> wykorzystuje energi\u0119 ultrad\u017awi\u0119kow\u0105 do przekszta\u0142cania cieczy w cz\u0105steczki podobne do chmury. Nawil\u017cacz ultrad\u017awi\u0119kowy jest r\u00f3wnie\u017c nazywany <a href=\"https:\/\/www.bjultrasonic.com\/pl\/shop\/ultrasonic-atomizing-transducer\/\">atomizerem ultrad\u017awi\u0119kowym<\/a>, generatorem mg\u0142y ultrad\u017awi\u0119kowej, wytwornic\u0105 mg\u0142y ultrad\u017awi\u0119kowej.<\/p>\n","protected":false},"featured_media":19505,"comment_status":"open","ping_status":"closed","template":"","meta":[],"product_brand":[],"product_cat":[6189],"product_tag":[],"class_list":{"0":"post-66862","1":"product","2":"type-product","3":"status-publish","4":"has-post-thumbnail","6":"product_cat-ultrasonic-atomizer-pl","8":"first","9":"instock","10":"shipping-taxable","11":"purchasable","12":"product-type-simple","13":"prodpage-classic"},"aioseo_notices":[],"_links":{"self":[{"href":"https:\/\/www.bjultrasonic.com\/pl\/wp-json\/wp\/v2\/product\/66862","targetHints":{"allow":["GET"]}}],"collection":[{"href":"https:\/\/www.bjultrasonic.com\/pl\/wp-json\/wp\/v2\/product"}],"about":[{"href":"https:\/\/www.bjultrasonic.com\/pl\/wp-json\/wp\/v2\/types\/product"}],"replies":[{"embeddable":true,"href":"https:\/\/www.bjultrasonic.com\/pl\/wp-json\/wp\/v2\/comments?post=66862"}],"wp:featuredmedia":[{"embeddable":true,"href":"https:\/\/www.bjultrasonic.com\/pl\/wp-json\/wp\/v2\/media\/19505"}],"wp:attachment":[{"href":"https:\/\/www.bjultrasonic.com\/pl\/wp-json\/wp\/v2\/media?parent=66862"}],"wp:term":[{"taxonomy":"product_brand","embeddable":true,"href":"https:\/\/www.bjultrasonic.com\/pl\/wp-json\/wp\/v2\/product_brand?post=66862"},{"taxonomy":"product_cat","embeddable":true,"href":"https:\/\/www.bjultrasonic.com\/pl\/wp-json\/wp\/v2\/product_cat?post=66862"},{"taxonomy":"product_tag","embeddable":true,"href":"https:\/\/www.bjultrasonic.com\/pl\/wp-json\/wp\/v2\/product_tag?post=66862"}],"curies":[{"name":"wp","href":"https:\/\/api.w.org\/{rel}","templated":true}]}}