{"id":66882,"date":"2018-08-16T05:29:09","date_gmt":"2018-08-16T10:29:09","guid":{"rendered":"https:\/\/www.bjultrasonic.com\/shop\/ultrasonic-atomizing-transducer-bja-350-1\/"},"modified":"2026-03-28T20:43:53","modified_gmt":"2026-03-29T01:43:53","slug":"ultrasonic-atomizing-transducer-bja-350-1","status":"publish","type":"product","link":"https:\/\/www.bjultrasonic.com\/pl\/shop\/ultrasonic-atomizing-transducer-bja-350-1\/","title":{"rendered":"350ML Wytwornica Mg\u0142y Wodnej Generator Mg\u0142y 1Szt LED"},"content":{"rendered":"<p><iframe loading=\"lazy\" title=\"350ml Ultrasonic Water Mist Maker Fogger 1PCs LED\" width=\"500\" height=\"281\" src=\"https:\/\/www.youtube.com\/embed\/jOEv0dcR458?feature=oembed\" frameborder=\"0\" allow=\"accelerometer; autoplay; clipboard-write; encrypted-media; gyroscope; picture-in-picture; web-share\" referrerpolicy=\"strict-origin-when-cross-origin\" allowfullscreen><\/iframe><\/p>\n<table class=\"table table-striped table-bordered\">\n<tbody>\n<tr>\n<td width=\"273\">Typ<\/td>\n<td width=\"273\">BJA350-1<\/td>\n<\/tr>\n<tr>\n<td width=\"273\">Wydajno\u015b\u0107 atomizacji<\/td>\n<td width=\"273\">&gt;350ML<\/td>\n<\/tr>\n<tr>\n<td width=\"273\">Wymiary<\/td>\n<td width=\"273\">\u015arednica 45mm, wysoko\u015b\u0107 35mm<\/td>\n<\/tr>\n<tr>\n<td width=\"273\">Cz\u0119stotliwo\u015b\u0107 pracy<\/td>\n<td width=\"273\">1700\u00b150(KHZ)<\/td>\n<\/tr>\n<tr>\n<td width=\"273\">Temperatura pracy<\/td>\n<td width=\"273\">5\uff5e45\u2103<\/td>\n<\/tr>\n<tr>\n<td width=\"273\">Poziom wody<\/td>\n<td width=\"273\">40mm&#8211;90mm<\/td>\n<\/tr>\n<tr>\n<td width=\"273\">Moc:<\/td>\n<td width=\"273\">20W<\/td>\n<\/tr>\n<tr>\n<td width=\"273\">LED<\/td>\n<td width=\"273\">1 dioda LED<\/td>\n<\/tr>\n<tr>\n<td width=\"273\">Czujnik poziomu wody<\/td>\n<td width=\"273\">Wysoko\u015b\u0107 12mm<\/td>\n<\/tr>\n<tr>\n<td width=\"273\">Kabel<\/td>\n<td width=\"273\">Czarny PVC 3.8mm, D\u0142ugo\u015b\u0107 1400\u00b120mm<\/td>\n<\/tr>\n<tr>\n<td width=\"273\">\u015arednica ceramiki piezoelektrycznej<\/td>\n<td width=\"273\">20MM<\/td>\n<\/tr>\n<tr>\n<td width=\"273\">Napi\u0119cie robocze<\/td>\n<td width=\"273\">24V AC\/DC 700MA<\/td>\n<\/tr>\n<tr>\n<td width=\"273\">Wtyczka<\/td>\n<td width=\"273\">Gniazdo 5.5*2.5mm<\/td>\n<\/tr>\n<\/tbody>\n<\/table>\n<h3>Wideo<\/h3>\n<p><iframe loading=\"lazy\" title=\"350ml Water Mist Maker Fogger 1PCs LED\" width=\"500\" height=\"281\" src=\"https:\/\/www.youtube.com\/embed\/fShDVgGv04k?feature=oembed\" frameborder=\"0\" allow=\"accelerometer; autoplay; clipboard-write; encrypted-media; gyroscope; picture-in-picture; web-share\" referrerpolicy=\"strict-origin-when-cross-origin\" allowfullscreen><\/iframe><\/p>\n<p><iframe loading=\"lazy\" title=\"Ultrasonic Humidifier\" width=\"500\" height=\"281\" src=\"https:\/\/www.youtube.com\/embed\/videoseries?list=PLLrjMYkO0_NEpofnqW3MnsGQ-KMwpBJul\" frameborder=\"0\" allow=\"accelerometer; autoplay; clipboard-write; encrypted-media; gyroscope; picture-in-picture; web-share\" referrerpolicy=\"strict-origin-when-cross-origin\" allowfullscreen><\/iframe><\/p>\n<h3>Najcz\u0119\u015bciej zadawane pytania<\/h3>\n<p><strong>1. Czy mo\u017cna regulowa\u0107 wydajno\u015b\u0107 atomizacji?<\/strong><\/p>\n<p>Nie, mo\u017cna j\u0105 zmieni\u0107 jedynie poprzez zmian\u0119 poziomu wody.<\/p>\n<p><strong>2. Czy mo\u017cna wy\u0142\u0105czy\u0107 diod\u0119 LED (je\u015bli jest)?<\/strong><\/p>\n<p>Nie. W pomieszczeniach lepiej wybra\u0107 atomizer ultrad\u017awi\u0119kowy bez diody LED.<\/p>\n<p><strong>3. Czy generuje ha\u0142as?<\/strong><\/p>\n<p>Nie. Wi\u0119kszo\u015b\u0107 <a href=\"https:\/\/www.bjultrasonic.com\/pl\/category\/ultrasonic-atomizer-pl\/\">nawil\u017caczy ultrad\u017awi\u0119kowych<\/a> dzia\u0142a ciszej ni\u017c inne modele. Dzieje si\u0119 tak dlatego, \u017ce nie maj\u0105 wentylatora, jak to zwykle bywa w nawil\u017caczach ewaporacyjnych. To utrzymuje niski poziom ha\u0142asu.<\/p>\n<p><strong>4. Czy mo\u017ce nast\u0105pi\u0107 przeciek pr\u0105du?<\/strong><\/p>\n<p>Zasada dzia\u0142ania atomizera ultrad\u017awi\u0119kowego polega na tym, \u017ce drgania ultrad\u017awi\u0119kowe generuj\u0105 mgie\u0142k\u0119. Podczas pracy nie dotykaj atomizera r\u0119k\u0105, poniewa\u017c mo\u017cesz odczu\u0107 mrowienie, ale to nie jest pr\u0105d.<\/p>\n<h3>Og\u00f3lne uwagi<\/h3>\n<ol>\n<li>Po w\u0142\u0105czeniu zasilania nie odwracaj atomizera do g\u00f3ry nogami, poniewa\u017c mo\u017ce to go uszkodzi\u0107.<\/li>\n<li>Nie u\u017cywaj go d\u0142ugotrwale lub d\u0142u\u017cej ni\u017c 10 godzin.<\/li>\n<li>Podczas pracy atomizera nie dotykaj p\u0142yty atomizuj\u0105cej.<\/li>\n<li>Zapewnij odpowiedni\u0105 jako\u015b\u0107 wody. U\u017cywaj czystej wody wodoci\u0105gowej. (Pogorszenie jako\u015bci wody wp\u0142ynie na \u017cywotno\u015b\u0107 urz\u0105dzenia).<\/li>\n<li>Przed przemieszczeniem lub napraw\u0105 od\u0142\u0105cz zasilanie.<\/li>\n<li><a href=\"https:\/\/www.bjultrasonic.com\/pl\/category\/piezoelectric-ceramic-pl\/\">Ceramika piezoelektryczna<\/a> do atomizacji nale\u017cy do materia\u0142\u00f3w eksploatacyjnych, kt\u00f3rych \u017cywotno\u015b\u0107 wynosi ponad 3600 godzin. Je\u015bli wydajno\u015b\u0107 mgielna atomizera znacz\u0105co spadnie, wyczy\u015b\u0107 atomizowan\u0105 p\u0142ytk\u0119 piezoelektryczn\u0105 (bez u\u017cycia detergent\u00f3w) patyczkiem kosmetycznym, aby utrzyma\u0107 j\u0105 w czysto\u015bci. Je\u015bli po czyszczeniu wydajno\u015b\u0107 atomizacji nadal jest ma\u0142a, wymie\u0144 p\u0142ytk\u0119 atomizuj\u0105c\u0105. (Zaleca si\u0119 zakup zapasowej p\u0142ytki atomizuj\u0105cej).<\/li>\n<\/ol>\n<p><img loading=\"lazy\" decoding=\"async\" src=\"https:\/\/www.bjultrasonic.com\/wp-content\/uploads\/2018\/08\/Ultrasonic-Humidifier-with-LED.jpg\" alt=\"Ultrasonic-Humidifier-with-LED\" width=\"670\" height=\"925\" \/><\/p>\n","protected":false},"excerpt":{"rendered":"<p><a href=\"https:\/\/www.bjultrasonic.com\/pl\/category\/ultrasonic-atomizer-pl\/\">Nawil\u017cacz ultrad\u017awi\u0119kowy<\/a> wykorzystuje energi\u0119 ultrad\u017awi\u0119kow\u0105 do przekszta\u0142cania cieczy w cz\u0105stki przypominaj\u0105ce chmur\u0119. Nawil\u017cacz ultrad\u017awi\u0119kowy jest r\u00f3wnie\u017c nazywany <a href=\"https:\/\/www.bjultrasonic.com\/pl\/shop\/ultrasonic-atomizing-transducer\/\">atomizatorem ultrad\u017awi\u0119kowym<\/a>, generatorem mg\u0142y ultrad\u017awi\u0119kowej, mgielnic\u0105 ultrad\u017awi\u0119kow\u0105.<\/p>\n","protected":false},"featured_media":19498,"comment_status":"open","ping_status":"closed","template":"","meta":[],"product_brand":[],"product_cat":[6189],"product_tag":[],"class_list":{"0":"post-66882","1":"product","2":"type-product","3":"status-publish","4":"has-post-thumbnail","6":"product_cat-ultrasonic-atomizer-pl","8":"first","9":"instock","10":"shipping-taxable","11":"purchasable","12":"product-type-simple","13":"prodpage-classic"},"aioseo_notices":[],"_links":{"self":[{"href":"https:\/\/www.bjultrasonic.com\/pl\/wp-json\/wp\/v2\/product\/66882","targetHints":{"allow":["GET"]}}],"collection":[{"href":"https:\/\/www.bjultrasonic.com\/pl\/wp-json\/wp\/v2\/product"}],"about":[{"href":"https:\/\/www.bjultrasonic.com\/pl\/wp-json\/wp\/v2\/types\/product"}],"replies":[{"embeddable":true,"href":"https:\/\/www.bjultrasonic.com\/pl\/wp-json\/wp\/v2\/comments?post=66882"}],"wp:featuredmedia":[{"embeddable":true,"href":"https:\/\/www.bjultrasonic.com\/pl\/wp-json\/wp\/v2\/media\/19498"}],"wp:attachment":[{"href":"https:\/\/www.bjultrasonic.com\/pl\/wp-json\/wp\/v2\/media?parent=66882"}],"wp:term":[{"taxonomy":"product_brand","embeddable":true,"href":"https:\/\/www.bjultrasonic.com\/pl\/wp-json\/wp\/v2\/product_brand?post=66882"},{"taxonomy":"product_cat","embeddable":true,"href":"https:\/\/www.bjultrasonic.com\/pl\/wp-json\/wp\/v2\/product_cat?post=66882"},{"taxonomy":"product_tag","embeddable":true,"href":"https:\/\/www.bjultrasonic.com\/pl\/wp-json\/wp\/v2\/product_tag?post=66882"}],"curies":[{"name":"wp","href":"https:\/\/api.w.org\/{rel}","templated":true}]}}