{"id":66922,"date":"2018-08-16T01:57:27","date_gmt":"2018-08-16T06:57:27","guid":{"rendered":"https:\/\/www.bjultrasonic.com\/shop\/custom-ultrasonic-immersion-array\/"},"modified":"2026-03-28T20:43:26","modified_gmt":"2026-03-29T01:43:26","slug":"custom-ultrasonic-immersion-array","status":"publish","type":"product","link":"https:\/\/www.bjultrasonic.com\/pl\/shop\/custom-ultrasonic-immersion-array\/","title":{"rendered":"Niestandardowy Zanurzeniowy G\u0142owic Ultrad\u017awi\u0119kowy Szyku"},"content":{"rendered":"<ul>\n<li><strong>Moc<\/strong>: zgodnie z rozmiarem zbiornika czyszcz\u0105cego<\/li>\n<li><strong>Cz\u0119stotliwo\u015b\u0107<\/strong>: w zale\u017cno\u015bci od obiekt\u00f3w czyszczenia.<\/li>\n<li><strong>Materia\u0142<\/strong>: stal nierdzewna 304.<\/li>\n<li>Powierzchnia wibracyjna pokryta twardym chromem.<\/li>\n<\/ul>\n<p><img loading=\"lazy\" decoding=\"async\" src=\"https:\/\/www.bjultrasonic.com\/wp-content\/uploads\/2018\/08\/Waterproof-ultrasonic-immersible-transducers.jpg\" alt=\"\" width=\"600\" height=\"600\" \/><\/p>\n<h3>Uwagi<\/h3>\n<ul>\n<li>Zanurzalne przetworniki ultrad\u017awi\u0119kowe s\u0105 produktami na zam\u00f3wienie. W sprawie ceny prosimy o kontakt z naszym Przedstawicielem Handlowym (<a href=\"https:\/\/www.bjultrasonic.com\/contact\/\" target=\"_blank\" rel=\"noopener\">Formularz Kontaktowy<\/a>). Odpowiemy wkr\u00f3tce.<\/li>\n<li>Mo\u017cemy projektowa\u0107 i dostosowywa\u0107 r\u00f3\u017cne zanurzalne przetworniki ultrad\u017awi\u0119kowe zgodnie z wymaganiami.<\/li>\n<\/ul>\n<h3>Film o Zanurzalnych Przetwornikach Ultrad\u017awi\u0119kowych<\/h3>\n<p><iframe loading=\"lazy\" title=\"Immersible Ultrasonic Transducers - Beijing Ultrasonic\" width=\"500\" height=\"281\" src=\"https:\/\/www.youtube.com\/embed\/KFyC5dbLC7Y?feature=oembed\" frameborder=\"0\" allow=\"accelerometer; autoplay; clipboard-write; encrypted-media; gyroscope; picture-in-picture; web-share\" referrerpolicy=\"strict-origin-when-cross-origin\" allowfullscreen><\/iframe><\/p>\n<h3>Cechy Zanurzalnego Przetwornika Ultrad\u017awi\u0119kowego<\/h3>\n<ul>\n<li>Ca\u0142kowita konstrukcja ze stali nierdzewnej: odporna na kwasy i zasady, estetyczna i trwa\u0142a.<\/li>\n<li>Stosuje konstrukcj\u0119 rozszczepialn\u0105: pomi\u0119dzy przetwornikiem a generatorem ultrad\u017awi\u0119k\u00f3w wykorzystywane jest po\u0142\u0105czenie wysokiej cz\u0119stotliwo\u015bci z gniazdem, co jest u\u017cyteczne i u\u0142atwia konserwacj\u0119.<\/li>\n<li>Istnieje wiele sposob\u00f3w monta\u017cu zanurzalnego przetwornika ultrad\u017awi\u0119kowego: mo\u017cna go umie\u015bci\u0107 na <strong>dnie<\/strong>, <strong>powierzchni<\/strong>, <strong>boku<\/strong> lub <strong>g\u00f3rze<\/strong> zbiornika czyszcz\u0105cego zgodnie z potrzebami.\n<div id=\"attachment_853\" style=\"width: 252px\" class=\"wp-caption alignnone\"><img loading=\"lazy\" decoding=\"async\" aria-describedby=\"caption-attachment-853\" class=\"size-full wp-image-853\" title=\"Rodzaje monta\u017cu zanurzalnego przetwornika ultrad\u017awi\u0119kowego\" src=\"\/\/www.bjultrasonic.com\/wp-content\/uploads\/2012\/04\/20124274.jpg\" alt=\"rodzaje monta\u017cu zanurzalnego przetwornika ultrad\u017awi\u0119kowego\" width=\"242\" height=\"155\" \/><p id=\"caption-attachment-853\" class=\"wp-caption-text\">Rodzaje monta\u017cu zanurzalnego przetwornika ultrad\u017awi\u0119kowego<\/p><\/div><\/li>\n<\/ul>\n<h3>Zastosowanie Zanurzalnego Przetwornika Ultrad\u017awi\u0119kowego<\/h3>\n<ul>\n<li>Przedplaterowanie czyszczenia cz\u0119\u015bci do platerowania, usuwanie oleju i brudu z metalowych cz\u0119\u015bci mechanicznych, czyszczenie p\u0142ytek krzemowych p\u00f3\u0142przewodnikowych, opraw okularowych i naczy\u0144 szklanych.<\/li>\n<li>Soczewki, okulary przeciws\u0142oneczne, okulary do kr\u00f3tkowzroczno\u015bci i pryzmaty, mikroskopy, aparaty fotograficzne, sprz\u0119t szklany itp.<\/li>\n<\/ul>\n<h3>Wi\u0119cej zdj\u0119\u0107 Zanurzalnego Przetwornika Ultrad\u017awi\u0119kowego<\/h3>\n<div id=\"attachment_856\" style=\"width: 460px\" class=\"wp-caption alignnone\"><a href=\"https:\/\/www.bjultrasonic.com\/wp-content\/uploads\/2012\/04\/20124272.jpg\" data-lightbox=\"image\"><img loading=\"lazy\" decoding=\"async\" aria-describedby=\"caption-attachment-856\" class=\"size-full wp-image-856 \" title=\"efekty wibracji zanurzalnego przetwornika ultrad\u017awi\u0119kowego\" src=\"\/\/www.bjultrasonic.com\/wp-content\/uploads\/2012\/04\/20124272.jpg\" alt=\"efekty wibracji zanurzalnego przetwornika ultrad\u017awi\u0119kowego\" width=\"450\" height=\"337\" srcset=\"https:\/\/www.bjultrasonic.com\/wp-content\/uploads\/2012\/04\/20124272.jpg 1500w, https:\/\/www.bjultrasonic.com\/wp-content\/uploads\/2012\/04\/20124272-1170x878.jpg 1170w\" sizes=\"auto, (max-width: 450px) 100vw, 450px\" \/><\/a><p id=\"caption-attachment-856\" class=\"wp-caption-text\">efekty wibracji Zanurzalnego Przetwornika Ultrad\u017awi\u0119kowego<\/p><\/div>\n<hr \/>\n<div id=\"attachment_857\" style=\"width: 460px\" class=\"wp-caption alignnone\"><a href=\"https:\/\/www.bjultrasonic.com\/wp-content\/uploads\/2012\/04\/20124273.jpg\" data-lightbox=\"image\"><img loading=\"lazy\" decoding=\"async\" aria-describedby=\"caption-attachment-857\" class=\"size-full wp-image-857 \" title=\"Wn\u0119trze Zanurzalnego Przetwornika Ultrad\u017awi\u0119kowego\" src=\"\/\/www.bjultrasonic.com\/wp-content\/uploads\/2012\/04\/20124273.jpg\" alt=\"Wn\u0119trze Zanurzalnego Przetwornika Ultrad\u017awi\u0119kowego\" width=\"450\" height=\"350\" \/><\/a><p id=\"caption-attachment-857\" class=\"wp-caption-text\">Wn\u0119trze Zanurzalnego Przetwornika Ultrad\u017awi\u0119kowego<\/p><\/div>\n<h3>P\u0142atno\u015b\u0107<\/h3>\n<p>Akceptujemy teraz paypal, przelew T\/T i Western Union.<\/p>\n<h3 class=\"shipping-methods\">Wysy\u0142ka<\/h3>\n<p>Towar zostanie wys\u0142any w ci\u0105gu 48 godzin od otrzymania pe\u0142nej p\u0142atno\u015bci.<\/p>\n<ul>\n<li>Wysy\u0142amy towar na adres podany w p\u0142atno\u015bci PayPal. Prosimy upewni\u0107 si\u0119, \u017ce adres w PayPal jest poprawny.<\/li>\n<li>Podamy numer \u015bledzenia po wys\u0142aniu towaru, zazwyczaj otrzymasz go w ci\u0105gu pi\u0119ciu dni.<\/li>\n<li>Je\u015bli masz jakiekolwiek pytania, skontaktuj si\u0119 z nami mailowo (nasz adres e-mail to <a href=\"mailto:support@bjultrasonic.com\">support@bjultrasonic.com<\/a>)<\/li>\n<\/ul>\n<h3 align=\"left\">Gwarancja Produktu<\/h3>\n<p>Okres gwarancyjny produktu wynosi jeden rok. W okresie gwarancji zakupione produkty mog\u0105 korzysta\u0107 z bezp\u0142atnej naprawy lub wymiany.<\/p>\n","protected":false},"excerpt":{"rendered":"<ul>\n<li>Niestandardowy Zanurzeniowy Czyszczacz Ultrad\u017awi\u0119kowy<\/li>\n<li>Niestandardowa Zanurzeniowa Sonda Falowa<\/li>\n<li>Niestandardowe Zanurzalne Przetworniki Czyszczenia Ultrad\u017awi\u0119kowego<\/li>\n<li>Niestandardowy Zanurzalny System Przetwornik\u00f3w Ultrad\u017awi\u0119kowych<\/li>\n<li>Niestandardowa Sonda Falowa z Fazowan\u0105 Siatk\u0105<\/li>\n<li>Niestandardowy Podwodny Czyszczacz Ultrad\u017awi\u0119kowy<\/li>\n<li>Niestandardowy Zanurzalny Przetwornik Ultrad\u017awi\u0119kowy<\/li>\n<li>Niestandardowy Podwodny Przetwornik Piezoelektryczny Ultrad\u017awi\u0119kowy<\/li>\n<li>Niestandardowa Zanurzona P\u0142yta Przetwornika Ultrad\u017awi\u0119kowego<\/li>\n<li>Niestandardowy Wodoodporny Zanurzalny Przetwornik Ultrad\u017awi\u0119kowy<\/li>\n<li>Niestandardowy Wodoodporny Przetwornik Piezoelektryczny Ultrad\u017awi\u0119kowy<\/li>\n<\/ul>\n","protected":false},"featured_media":19482,"comment_status":"open","ping_status":"closed","template":"","meta":[],"product_brand":[],"product_cat":[5928],"product_tag":[],"class_list":{"0":"post-66922","1":"product","2":"type-product","3":"status-publish","4":"has-post-thumbnail","6":"product_cat-ultrasonic-immersible-transducer-pl","8":"first","9":"instock","10":"featured","11":"shipping-taxable","12":"product-type-external","13":"prodpage-classic"},"aioseo_notices":[],"_links":{"self":[{"href":"https:\/\/www.bjultrasonic.com\/pl\/wp-json\/wp\/v2\/product\/66922","targetHints":{"allow":["GET"]}}],"collection":[{"href":"https:\/\/www.bjultrasonic.com\/pl\/wp-json\/wp\/v2\/product"}],"about":[{"href":"https:\/\/www.bjultrasonic.com\/pl\/wp-json\/wp\/v2\/types\/product"}],"replies":[{"embeddable":true,"href":"https:\/\/www.bjultrasonic.com\/pl\/wp-json\/wp\/v2\/comments?post=66922"}],"wp:featuredmedia":[{"embeddable":true,"href":"https:\/\/www.bjultrasonic.com\/pl\/wp-json\/wp\/v2\/media\/19482"}],"wp:attachment":[{"href":"https:\/\/www.bjultrasonic.com\/pl\/wp-json\/wp\/v2\/media?parent=66922"}],"wp:term":[{"taxonomy":"product_brand","embeddable":true,"href":"https:\/\/www.bjultrasonic.com\/pl\/wp-json\/wp\/v2\/product_brand?post=66922"},{"taxonomy":"product_cat","embeddable":true,"href":"https:\/\/www.bjultrasonic.com\/pl\/wp-json\/wp\/v2\/product_cat?post=66922"},{"taxonomy":"product_tag","embeddable":true,"href":"https:\/\/www.bjultrasonic.com\/pl\/wp-json\/wp\/v2\/product_tag?post=66922"}],"curies":[{"name":"wp","href":"https:\/\/api.w.org\/{rel}","templated":true}]}}