{"id":67062,"date":"2018-08-04T01:32:40","date_gmt":"2018-08-04T06:32:40","guid":{"rendered":"https:\/\/www.bjultrasonic.com\/shop\/900w-ultrasonic-generator-pcb-below-45-khz\/"},"modified":"2026-03-28T20:42:25","modified_gmt":"2026-03-29T01:42:25","slug":"900w-ultrasonic-generator-pcb-below-45-khz","status":"publish","type":"product","link":"https:\/\/www.bjultrasonic.com\/pl\/shop\/900w-ultrasonic-generator-pcb-below-45-khz\/","title":{"rendered":"900W Nap\u0119d Przetwornika Ultrad\u017awi\u0119kowego Poni\u017cej 45 KHz"},"content":{"rendered":"<ul>\n<li>Napi\u0119cie robocze: AC 220V\/110V 50\/60Hz \u00b110%<\/li>\n<li>Pr\u0105d roboczy: nale\u017cy pami\u0119ta\u0107, \u017ce urz\u0105dzenie nie mo\u017ce pracowa\u0107 d\u0142ugotrwale w stanie pracy, gdy jego pr\u0105d jest wi\u0119kszy ni\u017c pr\u0105d znamionowy.<\/li>\n<li>\u015arodowisko pracy: temperatura wynosi 0\u2103- 40 \u2103<\/li>\n<li>Wilgotno\u015b\u0107 pracy: 40%- 90%<\/li>\n<li>Cz\u0119stotliwo\u015b\u0107 pracy: od 17kHz do 135kHz<\/li>\n<li>Czas: 0-59 minut i 59 sekund<\/li>\n<\/ul>\n<p><strong>Uwagi:<\/strong><\/p>\n<ul>\n<li><a href=\"https:\/\/www.bjultrasonic.com\/pl\/category\/ultrasonic-generator-pl\/\">Generator ultrad\u017awi\u0119kowy<\/a> nie mo\u017ce by\u0107 w\u0142\u0105czany w stanie bez obci\u0105\u017cenia<\/li>\n<li>Po zainstalowaniu, nie mo\u017cna w\u0142\u0105cza\u0107 zasilania, dop\u00f3ki nie zostanie wylany p\u0142yn czyszcz\u0105cy<\/li>\n<li><a href=\"https:\/\/www.bjultrasonic.com\/pl\/category\/ultrasonic-transducer-pl\/\">Przetwornik ultrad\u017awi\u0119kowy<\/a> posiada dwa zaciski. Dodatni znajduje si\u0119 po\u015brodku dw\u00f3ch p\u0142ytek ceramicznych. Ujemny znajduje si\u0119 przy dolnym s\u0142upku metalowym. Prosz\u0119 nie pope\u0142ni\u0107 b\u0142\u0119du podczas pod\u0142\u0105czania przewod\u00f3w.<\/li>\n<li>Wi\u0119ksza strona z otworem na \u015brub\u0119 w przetworniku ceramicznym, kt\u00f3ra ma funkcj\u0119 wibracji, mo\u017ce by\u0107 umocowana na dnie urz\u0105dzenia czyszcz\u0105cego. Prosz\u0119 upewni\u0107 si\u0119, \u017ce urz\u0105dzenie czyszcz\u0105ce jest bezpiecznie uziemione.<\/li>\n<li>Przetwornik ceramiczny powinien by\u0107 przyklejony na dnie urz\u0105dzenia czyszcz\u0105cego za pomoc\u0105 specjalistycznego kleju do przetwornik\u00f3w lub za pomoc\u0105 kleju dwusk\u0142adnikowego AB, ale efekt jest nieco gorszy, lub za pomoc\u0105 \u017cywicy epoksydowej w proporcji 10:4.<\/li>\n<li>Napi\u0119cie robocze p\u0142ytki obwodowej wynosi 600V. Napi\u0119cie wyj\u015bciowe do przetwornika wynosi 1100 V. Prosz\u0119 upewni\u0107 si\u0119, \u017ce urz\u0105dzenie czyszcz\u0105ce jest bezpiecznie uziemione. Prosz\u0119 upewni\u0107 si\u0119, \u017ce w zasilaniu zamontowany jest wy\u0142\u0105cznik r\u00f3\u017cnicowopr\u0105dowy w celu zapewnienia bezpiecze\u0144stwa.<\/li>\n<\/ul>\n<h3>Lista odtwarzania: Sterownik przetwornika ultrad\u017awi\u0119kowego<\/h3>\n<p><iframe loading=\"lazy\" width=\"560\" height=\"315\" src=\"https:\/\/www.youtube.com\/embed\/videoseries?list=PLLrjMYkO0_NG56zqmQN9W9F1Xf9eev6dc\" frameborder=\"0\" allow=\"autoplay; encrypted-media\" allowfullscreen><\/iframe><\/p>\n","protected":false},"excerpt":{"rendered":"<p>Obw\u00f3d generatora ultrad\u017awi\u0119kowego, nazywany tak\u017ce obwodem sterownika <a href=\"https:\/\/www.bjultrasonic.com\/pl\/category\/ultrasonic-transducer-pl\/\">przetwornika ultrad\u017awi\u0119kowego<\/a> lub <a href=\"https:\/\/www.bjultrasonic.com\/pl\/category\/ultrasonic-generator-pl\/ultrasonic-generator-circuits-pl\/\">p\u0142yt\u0105 sterownika zasilania do ultrad\u017awi\u0119kowego urz\u0105dzenia czyszcz\u0105cego<\/a>. Dostarcza on <a href=\"https:\/\/www.bjultrasonic.com\/pl\/category\/ultrasonic-generator-pl\/\">cz\u0119stotliwo\u015b\u0107 ultrad\u017awi\u0119kow\u0105<\/a> do nap\u0119dzania przetwornik\u00f3w ultrad\u017awi\u0119kowych wewn\u0105trz <a href=\"https:\/\/www.bjultrasonic.com\/pl\/category\/ultrasonic-cleaning-system-pl\/\">ultrad\u017awi\u0119kowych urz\u0105dze\u0144 czyszcz\u0105cych<\/a>.<\/p>\n","protected":false},"featured_media":19335,"comment_status":"open","ping_status":"closed","template":"","meta":[],"product_brand":[],"product_cat":[6115],"product_tag":[],"class_list":{"0":"post-67062","1":"product","2":"type-product","3":"status-publish","4":"has-post-thumbnail","6":"product_cat-ultrasonic-generator-circuits-pl","8":"first","9":"instock","10":"shipping-taxable","11":"purchasable","12":"product-type-simple","13":"prodpage-classic"},"aioseo_notices":[],"_links":{"self":[{"href":"https:\/\/www.bjultrasonic.com\/pl\/wp-json\/wp\/v2\/product\/67062","targetHints":{"allow":["GET"]}}],"collection":[{"href":"https:\/\/www.bjultrasonic.com\/pl\/wp-json\/wp\/v2\/product"}],"about":[{"href":"https:\/\/www.bjultrasonic.com\/pl\/wp-json\/wp\/v2\/types\/product"}],"replies":[{"embeddable":true,"href":"https:\/\/www.bjultrasonic.com\/pl\/wp-json\/wp\/v2\/comments?post=67062"}],"wp:featuredmedia":[{"embeddable":true,"href":"https:\/\/www.bjultrasonic.com\/pl\/wp-json\/wp\/v2\/media\/19335"}],"wp:attachment":[{"href":"https:\/\/www.bjultrasonic.com\/pl\/wp-json\/wp\/v2\/media?parent=67062"}],"wp:term":[{"taxonomy":"product_brand","embeddable":true,"href":"https:\/\/www.bjultrasonic.com\/pl\/wp-json\/wp\/v2\/product_brand?post=67062"},{"taxonomy":"product_cat","embeddable":true,"href":"https:\/\/www.bjultrasonic.com\/pl\/wp-json\/wp\/v2\/product_cat?post=67062"},{"taxonomy":"product_tag","embeddable":true,"href":"https:\/\/www.bjultrasonic.com\/pl\/wp-json\/wp\/v2\/product_tag?post=67062"}],"curies":[{"name":"wp","href":"https:\/\/api.w.org\/{rel}","templated":true}]}}