{"id":67142,"date":"2018-08-04T01:29:12","date_gmt":"2018-08-04T06:29:12","guid":{"rendered":"https:\/\/www.bjultrasonic.com\/shop\/600w-ultrasonic-generator-pcb-below-45-khz\/"},"modified":"2026-03-28T20:41:30","modified_gmt":"2026-03-29T01:41:30","slug":"600w-ultrasonic-generator-pcb-below-45-khz","status":"publish","type":"product","link":"https:\/\/www.bjultrasonic.com\/pl\/shop\/600w-ultrasonic-generator-pcb-below-45-khz\/","title":{"rendered":"Sterownik przetwornika ultrad\u017awi\u0119kowego 600W poni\u017cej 45 KHz"},"content":{"rendered":"<ul>\n<li>Napi\u0119cie robocze: AC 220V\/110V 50\/60Hz \u00b110%<\/li>\n<li>Pr\u0105d roboczy: nale\u017cy pami\u0119ta\u0107, \u017ce urz\u0105dzenie nie mo\u017ce pracowa\u0107 d\u0142ugotrwale w stanie pracy, gdy jego pr\u0105d przekracza pr\u0105d znamionowy.<\/li>\n<li>\u015arodowisko pracy: temperatura od 0\u2103 do 40 \u2103<\/li>\n<li>Wilgotno\u015b\u0107 pracy: 40% &#8211; 90%<\/li>\n<li>Cz\u0119stotliwo\u015b\u0107 pracy: od 17kHz do 135kHz<\/li>\n<li>Czas: 0-59 minut i 59 sekund<\/li>\n<\/ul>\n<p><strong>Uwagi:<\/strong><\/p>\n<ul>\n<li><a href=\"https:\/\/www.bjultrasonic.com\/pl\/category\/ultrasonic-generator-pl\/\">Generator ultrad\u017awi\u0119kowy<\/a> nie mo\u017ce by\u0107 w\u0142\u0105czany w stanie bez obci\u0105\u017cenia.<\/li>\n<li>Po zamontowaniu nie mo\u017cna w\u0142\u0105cza\u0107 zasilania, dop\u00f3ki nie zostanie wlany p\u0142yn czyszcz\u0105cy.<\/li>\n<li><a href=\"https:\/\/www.bjultrasonic.com\/pl\/category\/ultrasonic-transducer-pl\/\">Przetwornik ultrad\u017awi\u0119kowy<\/a> posiada dwie ko\u0144c\u00f3wki. Dodatnia znajduje si\u0119 po\u015brodku mi\u0119dzy dwoma p\u0142ytkami ceramicznymi. Ujemna znajduje si\u0119 przy dolnym metalowym s\u0142upku. Prosz\u0119 nie pomyli\u0107 przy pod\u0142\u0105czaniu przewod\u00f3w.<\/li>\n<li>Wi\u0119ksza strona przetwornika ceramicznego z otworem na \u015brub\u0119, kt\u00f3ra pe\u0142ni funkcj\u0119 wibracyjn\u0105, mo\u017ce by\u0107 zamocowana w dnie urz\u0105dzenia czyszcz\u0105cego. Nale\u017cy upewni\u0107 si\u0119, \u017ce urz\u0105dzenie czyszcz\u0105ce jest bezpiecznie uziemione.<\/li>\n<li>Przetwornik ceramiczny powinien by\u0107 przyklejony do dna urz\u0105dzenia czyszcz\u0105cego przy u\u017cyciu specjalistycznego kleju do przetwornik\u00f3w lub kleju typu AB, ale efekt jest nieco gorszy. Mo\u017cna r\u00f3wnie\u017c u\u017cy\u0107 \u017cywicy epoksydowej w proporcji 10:4.<\/li>\n<li>Napi\u0119cie na p\u0142ycie obwodu roboczego wynosi 600V. Napi\u0119cie wyj\u015bciowe do przetwornika wynosi 1100V. Nale\u017cy upewni\u0107 si\u0119, \u017ce urz\u0105dzenie czyszcz\u0105ce jest bezpiecznie uziemione. Nale\u017cy upewni\u0107 si\u0119, \u017ce w zasilaniu zamontowany jest wy\u0142\u0105cznik r\u00f3\u017cnicowopr\u0105dowy w celu zapewnienia bezpiecze\u0144stwa.<\/li>\n<\/ul>\n<h3>Lista odtwarzania wideo: Sterownik przetwornika ultrad\u017awi\u0119kowego<\/h3>\n<p><iframe loading=\"lazy\" width=\"560\" height=\"315\" src=\"https:\/\/www.youtube.com\/embed\/videoseries?list=PLLrjMYkO0_NG56zqmQN9W9F1Xf9eev6dc\" frameborder=\"0\" allow=\"autoplay; encrypted-media\" allowfullscreen><\/iframe><\/p>\n","protected":false},"excerpt":{"rendered":"<p>Obw\u00f3d generatora ultrad\u017awi\u0119kowego, nazywany r\u00f3wnie\u017c <a href=\"https:\/\/www.bjultrasonic.com\/pl\/category\/ultrasonic-transducer-pl\/\">obwodem steruj\u0105cym przetwornika ultrad\u017awi\u0119kowego<\/a> lub <a href=\"https:\/\/www.bjultrasonic.com\/pl\/category\/ultrasonic-generator-pl\/ultrasonic-generator-circuits-pl\/\">p\u0142ytk\u0105 sterownika zasilania do czyszczarki ultrad\u017awi\u0119kowej<\/a>. Dostarcza on <a href=\"https:\/\/www.bjultrasonic.com\/pl\/category\/ultrasonic-generator-pl\/\">cz\u0119stotliwo\u015b\u0107 ultrad\u017awi\u0119kow\u0105<\/a> do nap\u0119dzania przetwornik\u00f3w ultrad\u017awi\u0119kowych wewn\u0105trz <a href=\"https:\/\/www.bjultrasonic.com\/pl\/category\/ultrasonic-cleaning-system-pl\/\">czyszczarek ultrad\u017awi\u0119kowych<\/a>.<\/p>\n","protected":false},"featured_media":19330,"comment_status":"open","ping_status":"closed","template":"","meta":[],"product_brand":[],"product_cat":[6115],"product_tag":[],"class_list":{"0":"post-67142","1":"product","2":"type-product","3":"status-publish","4":"has-post-thumbnail","6":"product_cat-ultrasonic-generator-circuits-pl","8":"first","9":"instock","10":"shipping-taxable","11":"purchasable","12":"product-type-simple","13":"prodpage-classic"},"aioseo_notices":[],"_links":{"self":[{"href":"https:\/\/www.bjultrasonic.com\/pl\/wp-json\/wp\/v2\/product\/67142","targetHints":{"allow":["GET"]}}],"collection":[{"href":"https:\/\/www.bjultrasonic.com\/pl\/wp-json\/wp\/v2\/product"}],"about":[{"href":"https:\/\/www.bjultrasonic.com\/pl\/wp-json\/wp\/v2\/types\/product"}],"replies":[{"embeddable":true,"href":"https:\/\/www.bjultrasonic.com\/pl\/wp-json\/wp\/v2\/comments?post=67142"}],"wp:featuredmedia":[{"embeddable":true,"href":"https:\/\/www.bjultrasonic.com\/pl\/wp-json\/wp\/v2\/media\/19330"}],"wp:attachment":[{"href":"https:\/\/www.bjultrasonic.com\/pl\/wp-json\/wp\/v2\/media?parent=67142"}],"wp:term":[{"taxonomy":"product_brand","embeddable":true,"href":"https:\/\/www.bjultrasonic.com\/pl\/wp-json\/wp\/v2\/product_brand?post=67142"},{"taxonomy":"product_cat","embeddable":true,"href":"https:\/\/www.bjultrasonic.com\/pl\/wp-json\/wp\/v2\/product_cat?post=67142"},{"taxonomy":"product_tag","embeddable":true,"href":"https:\/\/www.bjultrasonic.com\/pl\/wp-json\/wp\/v2\/product_tag?post=67142"}],"curies":[{"name":"wp","href":"https:\/\/api.w.org\/{rel}","templated":true}]}}