{"id":67162,"date":"2018-08-04T01:06:57","date_gmt":"2018-08-04T06:06:57","guid":{"rendered":"https:\/\/www.bjultrasonic.com\/shop\/135khz-60w-ultrasonic-pcb-generator\/"},"modified":"2026-03-28T20:41:28","modified_gmt":"2026-03-29T01:41:28","slug":"135khz-60w-ultrasonic-pcb-generator","status":"publish","type":"product","link":"https:\/\/www.bjultrasonic.com\/pl\/shop\/135khz-60w-ultrasonic-pcb-generator\/","title":{"rendered":"135KHz 60W Obw\u00f3d sterownika przetwornika piezoelektrycznego ultrad\u017awi\u0119kowego"},"content":{"rendered":"<h3>Uwaga<\/h3>\n<ul>\n<li><a href=\"https:\/\/www.bjultrasonic.com\/pl\/category\/ultrasonic-generator-pl\/\">Generator ultrad\u017awi\u0119kowy<\/a> nie mo\u017ce by\u0107 w\u0142\u0105czany w stanie bez obci\u0105\u017cenia.<\/li>\n<li>Po instalacji nie mo\u017cna w\u0142\u0105czy\u0107 zasilania, dop\u00f3ki nie zostanie wylana ciecz czyszcz\u0105ca.<\/li>\n<li><a href=\"https:\/\/www.bjultrasonic.com\/pl\/category\/ultrasonic-transducer-pl\/\">Przetwornik ultrad\u017awi\u0119kowy<\/a> posiada dwa zaciski. Zacisk dodatni znajduje si\u0119 pomi\u0119dzy dwoma p\u0142ytkami ceramicznymi. Zacisk ujemny znajduje si\u0119 w pobli\u017cu dolnej metalowej kolumny. Prosz\u0119 nie pope\u0142nia\u0107 b\u0142\u0119d\u00f3w podczas pod\u0142\u0105czania przewod\u00f3w.<\/li>\n<li>Wi\u0119ksza strona przetwornika ceramicznego z otworem na \u015brub\u0119, kt\u00f3ra odpowiada za wibracje, mo\u017ce by\u0107 przymocowana do dna urz\u0105dzenia czyszcz\u0105cego. Prosz\u0119 upewni\u0107 si\u0119, \u017ce urz\u0105dzenie czyszcz\u0105ce jest prawid\u0142owo uziemione.<\/li>\n<li>Przetwornik ceramiczny powinien by\u0107 przyklejony do dna urz\u0105dzenia czyszcz\u0105cego za pomoc\u0105 specjalnego kleju do przetwornik\u00f3w lub kleju dwusk\u0142adnikowego typu AB, chocia\u017c jego skuteczno\u015b\u0107 jest nieco gorsza. Mo\u017cna r\u00f3wnie\u017c u\u017cy\u0107 \u017cywicy epoksydowej w proporcji 10:4.<\/li>\n<li>Napi\u0119cie robocze p\u0142ytki drukowanej wynosi 600V. Napi\u0119cie wyj\u015bciowe do przetwornika wynosi 1100V. Prosz\u0119 upewni\u0107 si\u0119, \u017ce urz\u0105dzenie czyszcz\u0105ce jest prawid\u0142owo uziemione. Prosz\u0119 r\u00f3wnie\u017c upewni\u0107 si\u0119, \u017ce w zasilaniu zamontowany jest wy\u0142\u0105cznik r\u00f3\u017cnicowopr\u0105dowy w celu zapewnienia bezpiecze\u0144stwa.<\/li>\n<\/ul>\n<h3>Jak pod\u0142\u0105czy\u0107 przetwornik ultrad\u017awi\u0119kowy do obwodu generatora ultrad\u017awi\u0119kowego<\/h3>\n<p><img loading=\"lazy\" decoding=\"async\" class=\"alignnone size-full wp-image-19292\" src=\"https:\/\/www.bjultrasonic.com\/wp-content\/uploads\/2012\/12\/Connect-Ultrasonic-Transducer-with-Ultrasonic-Generator-Circuit.jpg\" sizes=\"auto, (max-width: 748px) 100vw, 748px\" srcset=\"https:\/\/www.bjultrasonic.com\/wp-content\/uploads\/2012\/12\/Connect-Ultrasonic-Transducer-with-Ultrasonic-Generator-Circuit.jpg 748w, https:\/\/www.bjultrasonic.com\/wp-content\/uploads\/2012\/12\/Connect-Ultrasonic-Transducer-with-Ultrasonic-Generator-Circuit-40x80.jpg 40w, https:\/\/www.bjultrasonic.com\/wp-content\/uploads\/2012\/12\/Connect-Ultrasonic-Transducer-with-Ultrasonic-Generator-Circuit-150x300.jpg 150w, https:\/\/www.bjultrasonic.com\/wp-content\/uploads\/2012\/12\/Connect-Ultrasonic-Transducer-with-Ultrasonic-Generator-Circuit-93x187.jpg 93w\" alt=\"\" width=\"748\" height=\"1500\" \/><\/p>\n<h3>P\u0142atno\u015b\u0107<\/h3>\n<p>Obecnie akceptujemy p\u0142atno\u015bci przez PayPal, przelew bankowy (T\/T) oraz Western Union.<\/p>\n<h3 class=\"shipping-methods\">Wysy\u0142ka<\/h3>\n<p>Towar zostanie wys\u0142any w ci\u0105gu 48 godzin od otrzymania pe\u0142nej p\u0142atno\u015bci.<\/p>\n<ul>\n<li>Wysy\u0142amy towar na adres podany podczas p\u0142atno\u015bci PayPal. Prosz\u0119 upewni\u0107 si\u0119, \u017ce adres w PayPal jest poprawny.<\/li>\n<li>Po wys\u0142aniu towaru przeka\u017cemy numer \u015bledzenia przesy\u0142ki. Zazwyczaj towar dotrze w ci\u0105gu pi\u0119ciu dni.<\/li>\n<li>W przypadku jakichkolwiek pyta\u0144 prosimy o kontakt mailowy (nasz adres e-mail to <a href=\"mailto:support@bjultrasonic.com\">support@bjultrasonic.com<\/a>).<\/li>\n<\/ul>\n<h3 align=\"left\">Gwarancja na produkt<\/h3>\n<p>Okres gwarancyjny produktu wynosi jeden rok. W okresie gwarancji zakupione produkty mog\u0105 korzysta\u0107 z bezp\u0142atnej naprawy lub wymiany.<\/p>\n<h3>Playlista wideo: Sterownik przetwornika ultrad\u017awi\u0119kowego<\/h3>\n<p><iframe loading=\"lazy\" width=\"560\" height=\"315\" src=\"https:\/\/www.youtube.com\/embed\/videoseries?list=PLLrjMYkO0_NG56zqmQN9W9F1Xf9eev6dc\" frameborder=\"0\" allow=\"autoplay; encrypted-media\" allowfullscreen><\/iframe><\/p>\n","protected":false},"excerpt":{"rendered":"<p>Uk\u0142ad generatora ultrad\u017awi\u0119kowego, znany r\u00f3wnie\u017c jako <a href=\"https:\/\/www.bjultrasonic.com\/pl\/category\/ultrasonic-transducer-pl\/\">obw\u00f3d sterownika przetwornika ultrad\u017awi\u0119kowego<\/a> lub <a href=\"https:\/\/www.bjultrasonic.com\/pl\/category\/ultrasonic-generator-pl\/ultrasonic-generator-circuits-pl\/\">p\u0142yta sterownika mocy do czyszczarki ultrad\u017awi\u0119kowej<\/a>. Dostarcza <a href=\"https:\/\/www.bjultrasonic.com\/pl\/category\/ultrasonic-generator-pl\/\">cz\u0119stotliwo\u015b\u0107 ultrad\u017awi\u0119kow\u0105<\/a> do nap\u0119dzania przetwornik\u00f3w ultrad\u017awi\u0119kowych wewn\u0105trz <a href=\"https:\/\/www.bjultrasonic.com\/pl\/category\/ultrasonic-cleaning-system-pl\/\">czyszczarek ultrad\u017awi\u0119kowych<\/a>.<\/p>\n","protected":false},"featured_media":19321,"comment_status":"open","ping_status":"closed","template":"","meta":[],"product_brand":[],"product_cat":[6115],"product_tag":[],"class_list":{"0":"post-67162","1":"product","2":"type-product","3":"status-publish","4":"has-post-thumbnail","6":"product_cat-ultrasonic-generator-circuits-pl","8":"first","9":"instock","10":"shipping-taxable","11":"purchasable","12":"product-type-simple","13":"prodpage-classic"},"aioseo_notices":[],"_links":{"self":[{"href":"https:\/\/www.bjultrasonic.com\/pl\/wp-json\/wp\/v2\/product\/67162","targetHints":{"allow":["GET"]}}],"collection":[{"href":"https:\/\/www.bjultrasonic.com\/pl\/wp-json\/wp\/v2\/product"}],"about":[{"href":"https:\/\/www.bjultrasonic.com\/pl\/wp-json\/wp\/v2\/types\/product"}],"replies":[{"embeddable":true,"href":"https:\/\/www.bjultrasonic.com\/pl\/wp-json\/wp\/v2\/comments?post=67162"}],"wp:featuredmedia":[{"embeddable":true,"href":"https:\/\/www.bjultrasonic.com\/pl\/wp-json\/wp\/v2\/media\/19321"}],"wp:attachment":[{"href":"https:\/\/www.bjultrasonic.com\/pl\/wp-json\/wp\/v2\/media?parent=67162"}],"wp:term":[{"taxonomy":"product_brand","embeddable":true,"href":"https:\/\/www.bjultrasonic.com\/pl\/wp-json\/wp\/v2\/product_brand?post=67162"},{"taxonomy":"product_cat","embeddable":true,"href":"https:\/\/www.bjultrasonic.com\/pl\/wp-json\/wp\/v2\/product_cat?post=67162"},{"taxonomy":"product_tag","embeddable":true,"href":"https:\/\/www.bjultrasonic.com\/pl\/wp-json\/wp\/v2\/product_tag?post=67162"}],"curies":[{"name":"wp","href":"https:\/\/api.w.org\/{rel}","templated":true}]}}