{"id":67282,"date":"2018-07-27T05:07:58","date_gmt":"2018-07-27T10:07:58","guid":{"rendered":"https:\/\/www.bjultrasonic.com\/shop\/220v-50w-ultrasonic-pcb-generator\/"},"modified":"2026-03-28T20:40:05","modified_gmt":"2026-03-29T01:40:05","slug":"220v-50w-ultrasonic-pcb-generator","status":"publish","type":"product","link":"https:\/\/www.bjultrasonic.com\/pl\/shop\/220v-50w-ultrasonic-pcb-generator\/","title":{"rendered":"Obw\u00f3d steruj\u0105cy przetwornika piezoelektrycznego ultrad\u017awi\u0119kowego 220V 50W"},"content":{"rendered":"<p><strong>P\u0142ytka ultrad\u017awi\u0119kowa do przetwornika ultrad\u017awi\u0119kowego<\/strong><\/p>\n<p><strong>Uwaga: prosz\u0119 poda\u0107, kt\u00f3rej cz\u0119stotliwo\u015bci potrzebujesz.<\/strong><\/p>\n<ul>\n<li><a href=\"https:\/\/www.bjultrasonic.com\/pl\/category\/ultrasonic-generator-pl\/\">Generator ultrad\u017awi\u0119kowy<\/a> nie mo\u017ce by\u0107 w\u0142\u0105czany bez obci\u0105\u017cenia.<\/li>\n<li>Po zainstalowaniu nie mo\u017cna w\u0142\u0105czy\u0107 zasilania, dop\u00f3ki nie zostanie wlany p\u0142yn czyszcz\u0105cy.<\/li>\n<li><a href=\"https:\/\/www.bjultrasonic.com\/pl\/category\/ultrasonic-transducer-pl\/\">Przetwornik ultrad\u017awi\u0119kowy<\/a> ma dwa zaciski. Dodatni znajduje si\u0119 pomi\u0119dzy dwoma p\u0142ytkami ceramicznymi. Ujemny znajduje si\u0119 przy dolnym s\u0142upku metalowym. Prosz\u0119 nie pomyli\u0107 przy pod\u0142\u0105czaniu przewod\u00f3w.<\/li>\n<li>Wi\u0119ksza strona przetwornika ceramicznego z otworem na \u015brub\u0119, kt\u00f3ra odpowiada za wibracje, mo\u017ce by\u0107 zamocowana na dnie urz\u0105dzenia czyszcz\u0105cego. Prosz\u0119 upewni\u0107 si\u0119, \u017ce urz\u0105dzenie czyszcz\u0105ce jest bezpiecznie uziemione.<\/li>\n<li>Przetwornik ceramiczny powinien by\u0107 przyklejony na dnie urz\u0105dzenia czyszcz\u0105cego za pomoc\u0105 specjalistycznego kleju do przetwornik\u00f3w lub kleju typu AB, chocia\u017c jego skuteczno\u015b\u0107 jest nieco gorsza. Mo\u017cna r\u00f3wnie\u017c u\u017cy\u0107 \u017cywicy epoksydowej w proporcji 10:4.<\/li>\n<li>Napi\u0119cie robocze p\u0142ytki wynosi 600V. Napi\u0119cie wyj\u015bciowe do przetwornika to 1100V. Prosz\u0119 upewni\u0107 si\u0119, \u017ce urz\u0105dzenie czyszcz\u0105ce jest bezpiecznie uziemione. Prosz\u0119 r\u00f3wnie\u017c upewni\u0107 si\u0119, \u017ce w zasilaniu zamontowany jest wy\u0142\u0105cznik r\u00f3\u017cnicowopr\u0105dowy w celu zapewnienia bezpiecze\u0144stwa.<\/li>\n<\/ul>\n<h3>P\u0142atno\u015b\u0107<\/h3>\n<p>Obecnie akceptujemy p\u0142atno\u015bci przez PayPal, przelew bankowy T\/T oraz Western Union.<\/p>\n<h3 class=\"shipping-methods\">Wysy\u0142ka<\/h3>\n<p>Towar zostanie wys\u0142any w ci\u0105gu 48 godzin od otrzymania pe\u0142nej p\u0142atno\u015bci.<\/p>\n<ul>\n<li>Wysy\u0142amy towar na adres podany podczas p\u0142atno\u015bci przez PayPal. Prosz\u0119 upewni\u0107 si\u0119, \u017ce adres w PayPal jest poprawny.<\/li>\n<li>Po wys\u0142aniu towaru przeka\u017cemy numer \u015bledzenia przesy\u0142ki. Zazwyczaj towar dotrze w ci\u0105gu pi\u0119ciu dni.<\/li>\n<li>W przypadku jakichkolwiek pyta\u0144 prosimy o kontakt mailowy (nasz adres e-mail to <a href=\"mailto:support@bjultrasonic.com\">support@bjultrasonic.com<\/a>).<\/li>\n<\/ul>\n<h3 align=\"left\">Gwarancja produktu<\/h3>\n<p>Okres gwarancyjny produktu wynosi jeden rok. W tym okresie zakupione produkty mog\u0105 by\u0107 obj\u0119te bezp\u0142atn\u0105 napraw\u0105 lub wymian\u0105.<\/p>\n<h3>Playlista wideo: Sterownik przetwornika ultrad\u017awi\u0119kowego<\/h3>\n<p><iframe loading=\"lazy\" width=\"560\" height=\"315\" src=\"https:\/\/www.youtube.com\/embed\/videoseries?list=PLLrjMYkO0_NG56zqmQN9W9F1Xf9eev6dc\" frameborder=\"0\" allow=\"autoplay; encrypted-media\" allowfullscreen><\/iframe><\/p>\n","protected":false},"excerpt":{"rendered":"<p>Obw\u00f3d generatora ultrad\u017awi\u0119kowego, zwany r\u00f3wnie\u017c obwodem steruj\u0105cym <a href=\"https:\/\/www.bjultrasonic.com\/pl\/category\/ultrasonic-transducer-pl\/\">przetwornika ultrad\u017awi\u0119kowego<\/a> lub <a href=\"https:\/\/www.bjultrasonic.com\/pl\/category\/ultrasonic-generator-pl\/ultrasonic-generator-circuits-pl\/\">p\u0142yt\u0105 sterownika zasilania do czyszczarek ultrad\u017awi\u0119kowych<\/a>. Dostarcza on <a href=\"https:\/\/www.bjultrasonic.com\/pl\/category\/ultrasonic-generator-pl\/\">cz\u0119stotliwo\u015b\u0107 ultrad\u017awi\u0119kow\u0105<\/a> do nap\u0119dzania przetwornik\u00f3w ultrad\u017awi\u0119kowych wewn\u0105trz <a href=\"https:\/\/www.bjultrasonic.com\/pl\/category\/ultrasonic-cleaning-system-pl\/\">czyszczarek ultrad\u017awi\u0119kowych<\/a>.<\/p>\n","protected":false},"featured_media":19271,"comment_status":"open","ping_status":"closed","template":"","meta":[],"product_brand":[],"product_cat":[6115],"product_tag":[],"class_list":{"0":"post-67282","1":"product","2":"type-product","3":"status-publish","4":"has-post-thumbnail","6":"product_cat-ultrasonic-generator-circuits-pl","8":"first","9":"instock","10":"shipping-taxable","11":"purchasable","12":"product-type-simple","13":"prodpage-classic"},"aioseo_notices":[],"_links":{"self":[{"href":"https:\/\/www.bjultrasonic.com\/pl\/wp-json\/wp\/v2\/product\/67282","targetHints":{"allow":["GET"]}}],"collection":[{"href":"https:\/\/www.bjultrasonic.com\/pl\/wp-json\/wp\/v2\/product"}],"about":[{"href":"https:\/\/www.bjultrasonic.com\/pl\/wp-json\/wp\/v2\/types\/product"}],"replies":[{"embeddable":true,"href":"https:\/\/www.bjultrasonic.com\/pl\/wp-json\/wp\/v2\/comments?post=67282"}],"wp:featuredmedia":[{"embeddable":true,"href":"https:\/\/www.bjultrasonic.com\/pl\/wp-json\/wp\/v2\/media\/19271"}],"wp:attachment":[{"href":"https:\/\/www.bjultrasonic.com\/pl\/wp-json\/wp\/v2\/media?parent=67282"}],"wp:term":[{"taxonomy":"product_brand","embeddable":true,"href":"https:\/\/www.bjultrasonic.com\/pl\/wp-json\/wp\/v2\/product_brand?post=67282"},{"taxonomy":"product_cat","embeddable":true,"href":"https:\/\/www.bjultrasonic.com\/pl\/wp-json\/wp\/v2\/product_cat?post=67282"},{"taxonomy":"product_tag","embeddable":true,"href":"https:\/\/www.bjultrasonic.com\/pl\/wp-json\/wp\/v2\/product_tag?post=67282"}],"curies":[{"name":"wp","href":"https:\/\/api.w.org\/{rel}","templated":true}]}}