{"id":67520,"date":"2018-07-27T02:52:18","date_gmt":"2018-07-27T07:52:18","guid":{"rendered":"https:\/\/www.bjultrasonic.com\/shop\/double-frequency-ultrasonic-generator\/"},"modified":"2026-03-28T20:37:45","modified_gmt":"2026-03-29T01:37:45","slug":"double-frequency-ultrasonic-generator","status":"publish","type":"product","link":"https:\/\/www.bjultrasonic.com\/pl\/shop\/double-frequency-ultrasonic-generator\/","title":{"rendered":"Podw\u00f3jny Cz\u0119stotliwo\u015bciowy Generator Ultrad\u017awi\u0119kowy Cyfrowy"},"content":{"rendered":"<p><strong>W przypadku tego typu generatora, dost\u0119pne s\u0105 dwie cz\u0119stotliwo\u015bci. Prosimy o podanie Pa\u0144stwa wymaga\u0144. Nasz in\u017cynier dostosuje je dla Pa\u0144stwa.<\/strong><\/p>\n<h3>Aby dostarczy\u0107 towar na czas:<\/h3>\n<ul>\n<li>Sk\u0142adaj\u0105c zam\u00f3wienie, prosimy poinformowa\u0107 nas, jakiego napi\u0119cia (220V czy 120V) i jakiej cz\u0119stotliwo\u015bci Pa\u0144stwo potrzebuj\u0105.<\/li>\n<li>Prosimy o podanie szczeg\u00f3\u0142owego adresu dostawy, w tym adresu, kodu pocztowego i numeru telefonu.<\/li>\n<li>Je\u015bli waga Pa\u0144stwa zam\u00f3wienia przekracza 21 kg, prosimy o kontakt w celu uzyskania ekonomicznej stawki frachtowej.<\/li>\n<\/ul>\n<h3>Uwagi<\/h3>\n<ul>\n<li><a href=\"https:\/\/www.bjultrasonic.com\/pl\/category\/ultrasonic-generator-pl\/\">Generatory ultrad\u017awi\u0119kowe<\/a> s\u0105 produktami wykonywanymi na zam\u00f3wienie. W zwi\u0105zku z cen\u0105, prosimy o <a href=\"https:\/\/www.bjultrasonic.com\/contact\/\">kontakt z naszym przedstawicielem handlowym<\/a>. Odpiszemy wkr\u00f3tce.<\/li>\n<li>Mo\u017cemy projektowa\u0107 i wykonywa\u0107 na zam\u00f3wienie r\u00f3\u017cne generatory ultrad\u017awi\u0119kowe w oparciu o <strong>cz\u0119stotliwo\u015b\u0107<\/strong> i <strong>napi\u0119cie<\/strong>.<\/li>\n<\/ul>\n<p>Generator ultrad\u017awi\u0119kowy jest niezb\u0119dn\u0105 cz\u0119\u015bci\u0105 <a href=\"https:\/\/www.bjultrasonic.com\/pl\/category\/ultrasonic-cleaning-system-pl\/\">urz\u0105dzenia do czyszczenia ultrad\u017awi\u0119kowego<\/a>. Jako\u015b\u0107 generatora ultrad\u017awi\u0119kowego bezpo\u015brednio decyduje o efekcie czyszczenia systemu ultrad\u017awi\u0119kowego. Cyfrowe generatory ultrad\u017awi\u0119kowe s\u0105 samodzielnie opracowywane i badane przez Beijing Ultrasonic.<br \/>\n<img loading=\"lazy\" decoding=\"async\" class=\"alignnone wp-image-5021\" title=\"Ultrasonic Signal Generator\" src=\"https:\/\/www.bjultrasonic.com\/wp-content\/uploads\/2012\/05\/Ultrasonic-Signal-Generator.jpg\" alt=\"Ultrasonic Signal Generator\" width=\"600\" height=\"450\" \/><\/p>\n<h3>Wewn\u0119trzna struktura cyfrowego generatora ultrad\u017awi\u0119kowego<\/h3>\n<p><img loading=\"lazy\" decoding=\"async\" src=\"https:\/\/www.bjultrasonic.com\/wp-content\/uploads\/2018\/07\/Internal-Structure-Of-Digital-Ultrasonic-Generator.png\" alt=\"Internal Structure Of Digital Ultrasonic Generator\" width=\"650\" height=\"578\" \/><\/p>\n<h3>Typowe cechy generatora ultrad\u017awi\u0119kowego<\/h3>\n<ul>\n<li>Programowanie przyciskowe z cyfrowym wy\u015bwietlaczem ustawie\u0144; na panelu wy\u015bwietlacza mo\u017cemy obserwowa\u0107 warunki pracy (takie jak cz\u0119stotliwo\u015b\u0107 robocza, pr\u0105d roboczy).<\/li>\n<li>Zastosowanie technologii sterowania cyfrowego, doskona\u0142y projekt obwod\u00f3w, stabilno\u015b\u0107 mocy wyj\u015bciowej.<\/li>\n<li>Zabezpieczenie przed przeci\u0105\u017ceniem pr\u0105dowym, przegrzaniem, przepi\u0119ciem.<\/li>\n<li>Obwody wysokiego i niskiego napi\u0119cia s\u0105 ca\u0142kowicie rozdzielone, bezpiecze\u0144stwo operacyjne.<\/li>\n<li>Moc ultrad\u017awi\u0119kowa, timer i cz\u0119stotliwo\u015b\u0107 mo\u017cna regulowa\u0107 zgodnie z wymaganiami, aby sprosta\u0107 czyszczeniu r\u00f3\u017cnych produkt\u00f3w.<br \/>\n(Kontrola czasu: 0-59&#8217;59&#8221;)<br \/>\n(Zakres regulacji mocy: 0-100%)<\/li>\n<li>Wydajny system ch\u0142odzenia.<\/li>\n<li>Funkcja przemiatania cz\u0119stotliwo\u015bci.<\/li>\n<\/ul>\n<h3>Film o generatorze cz\u0119stotliwo\u015bci ultrad\u017awi\u0119kowej<\/h3>\n<p><iframe loading=\"lazy\" title=\"Ultrasonic Signal Generator Circuit - Beijing Ultrasonic\" width=\"500\" height=\"281\" src=\"https:\/\/www.youtube.com\/embed\/A9JdQN5e5G8?feature=oembed\" frameborder=\"0\" allow=\"accelerometer; autoplay; clipboard-write; encrypted-media; gyroscope; picture-in-picture; web-share\" referrerpolicy=\"strict-origin-when-cross-origin\" allowfullscreen><\/iframe><\/p>\n","protected":false},"excerpt":{"rendered":"<p>Cyfrowy <a href=\"https:\/\/www.bjultrasonic.com\/pl\/category\/ultrasonic-generator-pl\/\">generator ultrad\u017awi\u0119kowy<\/a>, zwany tak\u017ce zestawem generatora ultrad\u017awi\u0119kowego, wykorzystuje zaawansowan\u0105 technologi\u0119 sterowania mikrokomputerowego oraz now\u0105 geometri\u0119 obwodu, umo\u017cliwiaj\u0105c dostosowanie cz\u0119stotliwo\u015bci ultrad\u017awi\u0119kowej, timera i mocy zgodnie z wymaganiami.<\/p>\n","protected":false},"featured_media":19238,"comment_status":"open","ping_status":"closed","template":"","meta":[],"product_brand":[],"product_cat":[6045],"product_tag":[],"class_list":{"0":"post-67520","1":"product","2":"type-product","3":"status-publish","4":"has-post-thumbnail","6":"product_cat-ultrasonic-digital-generator-pl","8":"first","9":"instock","10":"shipping-taxable","11":"product-type-external","12":"prodpage-classic"},"aioseo_notices":[],"_links":{"self":[{"href":"https:\/\/www.bjultrasonic.com\/pl\/wp-json\/wp\/v2\/product\/67520","targetHints":{"allow":["GET"]}}],"collection":[{"href":"https:\/\/www.bjultrasonic.com\/pl\/wp-json\/wp\/v2\/product"}],"about":[{"href":"https:\/\/www.bjultrasonic.com\/pl\/wp-json\/wp\/v2\/types\/product"}],"replies":[{"embeddable":true,"href":"https:\/\/www.bjultrasonic.com\/pl\/wp-json\/wp\/v2\/comments?post=67520"}],"wp:featuredmedia":[{"embeddable":true,"href":"https:\/\/www.bjultrasonic.com\/pl\/wp-json\/wp\/v2\/media\/19238"}],"wp:attachment":[{"href":"https:\/\/www.bjultrasonic.com\/pl\/wp-json\/wp\/v2\/media?parent=67520"}],"wp:term":[{"taxonomy":"product_brand","embeddable":true,"href":"https:\/\/www.bjultrasonic.com\/pl\/wp-json\/wp\/v2\/product_brand?post=67520"},{"taxonomy":"product_cat","embeddable":true,"href":"https:\/\/www.bjultrasonic.com\/pl\/wp-json\/wp\/v2\/product_cat?post=67520"},{"taxonomy":"product_tag","embeddable":true,"href":"https:\/\/www.bjultrasonic.com\/pl\/wp-json\/wp\/v2\/product_tag?post=67520"}],"curies":[{"name":"wp","href":"https:\/\/api.w.org\/{rel}","templated":true}]}}