{"id":67580,"date":"2014-03-17T10:10:57","date_gmt":"2014-03-17T15:10:57","guid":{"rendered":"https:\/\/www.bjultrasonic.com\/shop\/40khz-60w-ultrasonic-transducer-40khz-60w-ultrasonic-generator\/"},"modified":"2026-03-28T20:37:19","modified_gmt":"2026-03-29T01:37:19","slug":"40khz-60w-ultrasonic-transducer-40khz-60w-ultrasonic-generator","status":"publish","type":"product","link":"https:\/\/www.bjultrasonic.com\/pl\/shop\/40khz-60w-ultrasonic-transducer-40khz-60w-ultrasonic-generator\/","title":{"rendered":"[100-120 V] Przetwornik ultrad\u017awi\u0119kowy 40 kHz 60 W i uk\u0142ad steruj\u0105cy przetwornika piezoelektrycznego 40 kHz 60 W"},"content":{"rendered":"<h3>Przetwornik ultrad\u017awi\u0119kowy 40kHz 60W 100V-120V oraz generator PCB ultrad\u017awi\u0119kowy 40kHz 60W<\/h3>\n<p><strong>Uwaga: Podczas sk\u0142adania zam\u00f3wienia.<\/strong><\/p>\n<ol>\n<li>Prosz\u0119 zostawi\u0107 wiadomo\u015b\u0107 dotycz\u0105c\u0105 dok\u0142adnego standardu napi\u0119cia.<\/li>\n<li>Prosz\u0119 poda\u0107 nam dok\u0142adny adres dostawy i numer telefonu kontaktowego.<\/li>\n<li>Prosz\u0119 poinformowa\u0107 nas, czy chce Pan\/Pani, aby\u015bmy zadeklarowali nisk\u0105 warto\u015b\u0107 dla cel\u00f3w celnych.<\/li>\n<li>Prosz\u0119 zostawi\u0107 nam wa\u017cny adres e-mail. Prze\u015blemy Panu\/Pani numer \u015bledzenia przesy\u0142ki e-mailem, jak tylko wy\u015blemy towar.<\/li>\n<\/ol>\n<p><strong>Specyfikacja:<\/strong><\/p>\n<table class=\"table table-striped table-bordered\" border=\"1\" cellspacing=\"0\" cellpadding=\"0\">\n<tbody>\n<tr>\n<td colspan=\"2\" width=\"568\">Jeden generator PCB ultrad\u017awi\u0119kowy 40kHz 60W zasila jeden przetwornik ultrad\u017awi\u0119kowy 40kHz 60W<\/td>\n<\/tr>\n<tr>\n<td colspan=\"2\" valign=\"top\" width=\"568\">\n<p align=\"left\"><strong>Przetwornik ultrad\u017awi\u0119kowy:<\/strong><\/p>\n<\/td>\n<\/tr>\n<tr>\n<td valign=\"top\" width=\"163\">\n<p align=\"left\">Cz\u0119stotliwo\u015b\u0107<\/p>\n<\/td>\n<td valign=\"top\" width=\"405\">\n<p align=\"left\">40kHz1 KHz<\/p>\n<\/td>\n<\/tr>\n<tr>\n<td valign=\"top\" width=\"163\">\n<p align=\"left\">Moc<\/p>\n<\/td>\n<td valign=\"top\" width=\"405\">\n<p align=\"left\">60W<\/p>\n<\/td>\n<\/tr>\n<tr>\n<td valign=\"top\" width=\"163\">\n<p align=\"left\">Pojemno\u015b\u0107<\/p>\n<\/td>\n<td valign=\"top\" width=\"405\">\n<p align=\"left\">5400pF (pzt4)<\/p>\n<\/td>\n<\/tr>\n<tr>\n<td valign=\"top\" width=\"163\">\n<p align=\"left\">Powierzchnia promieniowania<\/p>\n<\/td>\n<td valign=\"top\" width=\"405\">\n<p align=\"left\">48mm<\/p>\n<\/td>\n<\/tr>\n<tr>\n<td valign=\"top\" width=\"163\">\n<p align=\"left\">Rezystancja rezonansowa<\/p>\n<\/td>\n<td valign=\"top\" width=\"405\">\n<p align=\"left\">10-20<\/p>\n<\/td>\n<\/tr>\n<tr>\n<td valign=\"top\" width=\"163\">\n<p align=\"left\">Rozmiar ceramiki piezoelektrycznej<\/p>\n<\/td>\n<td valign=\"top\" width=\"405\">\n<p align=\"left\">38*15*5<\/p>\n<\/td>\n<\/tr>\n<tr>\n<td valign=\"top\" width=\"163\">\n<p align=\"left\">D\u0142ugo\u015b\u0107<\/p>\n<\/td>\n<td valign=\"top\" width=\"405\">\n<p align=\"left\">56mm<\/p>\n<\/td>\n<\/tr>\n<tr>\n<td colspan=\"2\" valign=\"top\" width=\"568\">\n<p align=\"left\"><strong>Generator PCB ultrad\u017awi\u0119kowy<\/strong><\/p>\n<\/td>\n<\/tr>\n<tr>\n<td valign=\"top\" width=\"163\">\n<p align=\"left\">Zasilanie<\/p>\n<\/td>\n<td valign=\"top\" width=\"405\">\n<p align=\"left\">Wej\u015bcie: 100V-120V<\/p>\n<\/td>\n<\/tr>\n<tr>\n<td valign=\"top\" width=\"163\">\n<p align=\"left\">Cz\u0119stotliwo\u015b\u0107<\/p>\n<\/td>\n<td valign=\"top\" width=\"405\">\n<p align=\"left\">40kHz1 KHz<\/p>\n<\/td>\n<\/tr>\n<tr>\n<td valign=\"top\" width=\"163\">\n<p align=\"left\">Moc<\/p>\n<\/td>\n<td valign=\"top\" width=\"405\">\n<p align=\"left\">60W<\/p>\n<\/td>\n<\/tr>\n<tr>\n<td valign=\"top\" width=\"163\">\n<p align=\"left\">Pojemno\u015b\u0107<\/p>\n<\/td>\n<td valign=\"top\" width=\"405\">\n<p align=\"left\">5400pF (pzt4)<\/p>\n<\/td>\n<\/tr>\n<tr>\n<td valign=\"top\" width=\"163\">\n<p align=\"left\">Wymiary<\/p>\n<\/td>\n<td valign=\"top\" width=\"405\">\n<p align=\"left\">52cm*34.5cm*17cm (d\u0142ugo\u015b\u0107*szeroko\u015b\u0107*wysoko\u015b\u0107)<\/p>\n<\/td>\n<\/tr>\n<tr>\n<td colspan=\"2\" valign=\"top\" width=\"568\">\n<p align=\"left\">Ca\u0142kowita waga brutto: 1.5kg<\/p>\n<\/td>\n<\/tr>\n<\/tbody>\n<\/table>\n<p>Poni\u017csze zdj\u0119cia pokazuj\u0105, jak je po\u0142\u0105czy\u0107:<\/p>\n<p><a href=\"https:\/\/www.bjultrasonic.com\/wp-content\/uploads\/2014\/03\/40kHz-Ultrasonic-Transducer-and-40kHz-Ultrasonic-PCB-Generator-2.jpg\"><img loading=\"lazy\" decoding=\"async\" class=\"alignnone wp-image-5480\" src=\"\/\/www.bjultrasonic.com\/wp-content\/uploads\/2014\/03\/40kHz-Ultrasonic-Transducer-and-40kHz-Ultrasonic-PCB-Generator-2.jpg\" alt=\"Przetwornik ultrad\u017awi\u0119kowy 40kHz i generator PCB ultrad\u017awi\u0119kowy 40kHz\" width=\"631\" height=\"413\" \/><\/a><\/p>\n<p><a href=\"https:\/\/www.bjultrasonic.com\/wp-content\/uploads\/2014\/03\/40kHz-Ultrasonic-Transducer-and-40kHz-Ultrasonic-PCB-Generator-3.jpg\"><img loading=\"lazy\" decoding=\"async\" class=\"alignnone size-full wp-image-5481\" src=\"\/\/www.bjultrasonic.com\/wp-content\/uploads\/2014\/03\/40kHz-Ultrasonic-Transducer-and-40kHz-Ultrasonic-PCB-Generator-3.jpg\" alt=\"Przetwornik ultrad\u017awi\u0119kowy 40kHz i generator PCB ultrad\u017awi\u0119kowy 40kHz\" width=\"631\" height=\"413\" \/><\/a><\/p>\n<p><a href=\"https:\/\/www.bjultrasonic.com\/wp-content\/uploads\/2014\/03\/40kHz-Ultrasonic-Transducer-and-40kHz-Ultrasonic-PCB-Generator-5.jpg\"><img loading=\"lazy\" decoding=\"async\" class=\"alignnone size-full wp-image-5482\" src=\"\/\/www.bjultrasonic.com\/wp-content\/uploads\/2014\/03\/40kHz-Ultrasonic-Transducer-and-40kHz-Ultrasonic-PCB-Generator-5.jpg\" alt=\"Przetwornik ultrad\u017awi\u0119kowy 40kHz i generator PCB ultrad\u017awi\u0119kowy 40kHz\" width=\"631\" height=\"413\" \/><\/a><\/p>\n<p><a href=\"https:\/\/www.bjultrasonic.com\/wp-content\/uploads\/2014\/03\/40kHz-Ultrasonic-Transducer-and-40kHz-Ultrasonic-PCB-Generator-6.jpg\"><img loading=\"lazy\" decoding=\"async\" class=\"alignnone size-full wp-image-5483\" src=\"\/\/www.bjultrasonic.com\/wp-content\/uploads\/2014\/03\/40kHz-Ultrasonic-Transducer-and-40kHz-Ultrasonic-PCB-Generator-6.jpg\" alt=\"Przetwornik ultrad\u017awi\u0119kowy 40kHz i generator PCB ultrad\u017awi\u0119kowy 40kHz\" width=\"631\" height=\"413\" \/><\/a><\/p>\n","protected":false},"excerpt":{"rendered":"<p>Pakiety wysokiej jako\u015bci 100-120V <a href=\"https:\/\/www.bjultrasonic.com\/pl\/category\/ultrasonic-generator-pl\/ultrasonic-generator-circuits-pl\/\">p\u0142yty sterownika mocy do ultrad\u017awi\u0119kowych czy\u015bcide\u0142<\/a> &amp; <a href=\"https:\/\/www.bjultrasonic.com\/pl\/category\/ultrasonic-transducer-pl\/\">przetworniki ultrad\u017awi\u0119kowe do czyszczenia<\/a>.<\/p>\n","protected":false},"featured_media":24648,"comment_status":"open","ping_status":"closed","template":"","meta":[],"product_brand":[],"product_cat":[6163],"product_tag":[],"class_list":{"0":"post-67580","1":"product","2":"type-product","3":"status-publish","4":"has-post-thumbnail","6":"product_cat-100-120v-ultrasonic-generator-transducer-pl","8":"first","9":"instock","10":"shipping-taxable","11":"purchasable","12":"product-type-simple","13":"prodpage-classic"},"aioseo_notices":[],"_links":{"self":[{"href":"https:\/\/www.bjultrasonic.com\/pl\/wp-json\/wp\/v2\/product\/67580","targetHints":{"allow":["GET"]}}],"collection":[{"href":"https:\/\/www.bjultrasonic.com\/pl\/wp-json\/wp\/v2\/product"}],"about":[{"href":"https:\/\/www.bjultrasonic.com\/pl\/wp-json\/wp\/v2\/types\/product"}],"replies":[{"embeddable":true,"href":"https:\/\/www.bjultrasonic.com\/pl\/wp-json\/wp\/v2\/comments?post=67580"}],"wp:featuredmedia":[{"embeddable":true,"href":"https:\/\/www.bjultrasonic.com\/pl\/wp-json\/wp\/v2\/media\/24648"}],"wp:attachment":[{"href":"https:\/\/www.bjultrasonic.com\/pl\/wp-json\/wp\/v2\/media?parent=67580"}],"wp:term":[{"taxonomy":"product_brand","embeddable":true,"href":"https:\/\/www.bjultrasonic.com\/pl\/wp-json\/wp\/v2\/product_brand?post=67580"},{"taxonomy":"product_cat","embeddable":true,"href":"https:\/\/www.bjultrasonic.com\/pl\/wp-json\/wp\/v2\/product_cat?post=67580"},{"taxonomy":"product_tag","embeddable":true,"href":"https:\/\/www.bjultrasonic.com\/pl\/wp-json\/wp\/v2\/product_tag?post=67580"}],"curies":[{"name":"wp","href":"https:\/\/api.w.org\/{rel}","templated":true}]}}