{"id":67640,"date":"2014-03-17T10:10:56","date_gmt":"2014-03-17T15:10:56","guid":{"rendered":"https:\/\/www.bjultrasonic.com\/shop\/28khz-50w-ultrasonic-transducer-28khz-50w-ultrasonic-generator\/"},"modified":"2026-03-28T20:36:51","modified_gmt":"2026-03-29T01:36:51","slug":"28khz-50w-ultrasonic-transducer-28khz-50w-ultrasonic-generator","status":"publish","type":"product","link":"https:\/\/www.bjultrasonic.com\/pl\/shop\/28khz-50w-ultrasonic-transducer-28khz-50w-ultrasonic-generator\/","title":{"rendered":"[100-120V] 28kHz 50W Przetwornik ultrad\u017awi\u0119kowy &#038; Obw\u00f3d steruj\u0105cy przetwornika piezoelektrycznego 28kHz 50W"},"content":{"rendered":"<h3>Przetwornik ultrad\u017awi\u0119kowy 100V-120V 28kHz 50W oraz generator PCB ultrad\u017awi\u0119kowy 28kHz 50W<\/h3>\n<p><strong>Uwaga: Podczas sk\u0142adania zam\u00f3wienia.<\/strong><\/p>\n<ol>\n<li>Prosz\u0119 zostawi\u0107 wiadomo\u015b\u0107 dotycz\u0105c\u0105 dok\u0142adnego standardu napi\u0119cia<\/li>\n<li>Prosz\u0119 poda\u0107 nam dok\u0142adny adres dostawy i numer telefonu kontaktowego.<\/li>\n<li>Prosz\u0119 poinformowa\u0107 nas, czy chcecie Pa\u0144stwo, aby\u015bmy zadeklarowali celnikom nisk\u0105 warto\u015b\u0107.<\/li>\n<li>Prosz\u0119 zostawi\u0107 nam prawid\u0142owy adres e-mail. Prze\u015blemy Pa\u0144stwu numer przesy\u0142ki e-mailem, jak tylko wy\u015blemy towar.<\/li>\n<\/ol>\n<p><strong>Specyfikacja:<\/strong><\/p>\n<table class=\"table table-striped table-bordered\" border=\"1\" cellspacing=\"0\" cellpadding=\"0\">\n<tbody>\n<tr>\n<td colspan=\"2\" valign=\"top\" width=\"568\">\n<p align=\"left\">Jeden generator PCB ultrad\u017awi\u0119kowy 50W zasila 1 szt. przetwornika ultrad\u017awi\u0119kowego 28kHz 50W<\/p>\n<\/td>\n<\/tr>\n<tr>\n<td colspan=\"2\" valign=\"top\" width=\"568\">\n<p align=\"left\"><strong>Przetwornik ultrad\u017awi\u0119kowy:<\/strong><\/p>\n<\/td>\n<\/tr>\n<tr>\n<td valign=\"top\" width=\"163\">\n<p align=\"left\">Cz\u0119stotliwo\u015b\u0107<\/p>\n<\/td>\n<td valign=\"top\" width=\"405\">\n<p align=\"left\">28kHz \u00b11 kHz<\/p>\n<\/td>\n<\/tr>\n<tr>\n<td valign=\"top\" width=\"163\">\n<p align=\"left\">Moc<\/p>\n<\/td>\n<td valign=\"top\" width=\"405\">\n<p align=\"left\">50W<\/p>\n<\/td>\n<\/tr>\n<tr>\n<td valign=\"top\" width=\"163\">\n<p align=\"left\">Pojemno\u015b\u0107<\/p>\n<\/td>\n<td valign=\"top\" width=\"405\">\n<p align=\"left\">4100pf (pzt4)<\/p>\n<\/td>\n<\/tr>\n<tr>\n<td valign=\"top\" width=\"163\">\n<p align=\"left\">Powierzchnia promieniowania<\/p>\n<\/td>\n<td valign=\"top\" width=\"405\">\n<p align=\"left\">45mm<\/p>\n<\/td>\n<\/tr>\n<tr>\n<td valign=\"top\" width=\"163\">\n<p align=\"left\">Rezystancja rezonansowa<\/p>\n<\/td>\n<td valign=\"top\" width=\"405\">\n<p align=\"left\">10-20 \u03a9<\/p>\n<\/td>\n<\/tr>\n<tr>\n<td valign=\"top\" width=\"163\">\n<p align=\"left\">Rozmiar ceramiki piezoelektrycznej<\/p>\n<\/td>\n<td valign=\"top\" width=\"405\">\n<p align=\"left\">35*15*5 mm<\/p>\n<\/td>\n<\/tr>\n<tr>\n<td valign=\"top\" width=\"163\">\n<p align=\"left\">D\u0142ugo\u015b\u0107<\/p>\n<\/td>\n<td valign=\"top\" width=\"405\">\n<p align=\"left\">82mm<\/p>\n<\/td>\n<\/tr>\n<tr>\n<td colspan=\"2\" valign=\"top\" width=\"568\">\n<p align=\"left\"><strong>Generator PCB ultrad\u017awi\u0119kowy<\/strong><\/p>\n<\/td>\n<\/tr>\n<tr>\n<td valign=\"top\" width=\"163\">\n<p align=\"left\">Zasilanie<\/p>\n<\/td>\n<td valign=\"top\" width=\"405\">\n<p align=\"left\">Wej\u015bcie: 100V-120V<\/p>\n<\/td>\n<\/tr>\n<tr>\n<td valign=\"top\" width=\"163\">\n<p align=\"left\">Cz\u0119stotliwo\u015b\u0107<\/p>\n<\/td>\n<td valign=\"top\" width=\"405\">\n<p align=\"left\">28kHz \u00b11 kHz<\/p>\n<\/td>\n<\/tr>\n<tr>\n<td valign=\"top\" width=\"163\">\n<p align=\"left\">Moc<\/p>\n<\/td>\n<td valign=\"top\" width=\"405\">\n<p align=\"left\">50W<\/p>\n<\/td>\n<\/tr>\n<tr>\n<td valign=\"top\" width=\"163\">\n<p align=\"left\">Pojemno\u015b\u0107<\/p>\n<\/td>\n<td valign=\"top\" width=\"405\">\n<p align=\"left\">4100pf (pzt4)<\/p>\n<\/td>\n<\/tr>\n<tr>\n<td valign=\"top\" width=\"163\">\n<p align=\"left\">Wymiary<\/p>\n<\/td>\n<td valign=\"top\" width=\"405\">\n<p align=\"left\">52cm*34.5cm*17cm(d\u0142ugo\u015b\u0107*szeroko\u015b\u0107*wysoko\u015b\u0107)<\/p>\n<\/td>\n<\/tr>\n<tr>\n<td colspan=\"2\" valign=\"top\" width=\"568\">\n<p align=\"left\">Ca\u0142kowita waga brutto: 1.5kg<\/p>\n<\/td>\n<\/tr>\n<\/tbody>\n<\/table>\n<p>Poni\u017csze zdj\u0119cia pokazuj\u0105, jak je po\u0142\u0105czy\u0107.<\/p>\n<p><a href=\"https:\/\/www.bjultrasonic.com\/wp-content\/uploads\/2014\/03\/28kHz-Ultrasonic-Transducer-and-28kHz-Ultrasonic-PCB-Generator-2.jpg\"><img loading=\"lazy\" decoding=\"async\" class=\"alignnone wp-image-5474\" src=\"\/\/www.bjultrasonic.com\/wp-content\/uploads\/2014\/03\/28kHz-Ultrasonic-Transducer-and-28kHz-Ultrasonic-PCB-Generator-2.jpg\" alt=\"Przetwornik ultrad\u017awi\u0119kowy 28kHz i generator PCB ultrad\u017awi\u0119kowy 28kHz\" width=\"631\" height=\"413\" \/><\/a><\/p>\n<p><a href=\"https:\/\/www.bjultrasonic.com\/wp-content\/uploads\/2014\/03\/28kHz-Ultrasonic-Transducer-and-28kHz-Ultrasonic-PCB-Generator-3.jpg\"><img loading=\"lazy\" decoding=\"async\" class=\"alignnone size-full wp-image-5475\" src=\"\/\/www.bjultrasonic.com\/wp-content\/uploads\/2014\/03\/28kHz-Ultrasonic-Transducer-and-28kHz-Ultrasonic-PCB-Generator-3.jpg\" alt=\"Przetwornik ultrad\u017awi\u0119kowy 28kHz i generator PCB ultrad\u017awi\u0119kowy 28kHz\" width=\"631\" height=\"413\" \/><\/a><\/p>\n<p><a href=\"https:\/\/www.bjultrasonic.com\/wp-content\/uploads\/2014\/03\/28kHz-Ultrasonic-Transducer-and-28kHz-Ultrasonic-PCB-Generator-4.jpg\"><img loading=\"lazy\" decoding=\"async\" class=\"alignnone size-full wp-image-5476\" src=\"\/\/www.bjultrasonic.com\/wp-content\/uploads\/2014\/03\/28kHz-Ultrasonic-Transducer-and-28kHz-Ultrasonic-PCB-Generator-4.jpg\" alt=\"Przetwornik ultrad\u017awi\u0119kowy 28kHz i generator PCB ultrad\u017awi\u0119kowy 28kHz\" width=\"631\" height=\"413\" \/><\/a><\/p>\n<p><a href=\"https:\/\/www.bjultrasonic.com\/wp-content\/uploads\/2014\/03\/28kHz-Ultrasonic-Transducer-and-28kHz-Ultrasonic-PCB-Generator-5.jpg\"><img loading=\"lazy\" decoding=\"async\" class=\"alignnone size-full wp-image-5477\" src=\"\/\/www.bjultrasonic.com\/wp-content\/uploads\/2014\/03\/28kHz-Ultrasonic-Transducer-and-28kHz-Ultrasonic-PCB-Generator-5.jpg\" alt=\"Przetwornik ultrad\u017awi\u0119kowy 28kHz i generator PCB ultrad\u017awi\u0119kowy 28kHz\" width=\"631\" height=\"413\" \/><\/a><\/p>\n","protected":false},"excerpt":{"rendered":"<p>Zestawy wysokiej jako\u015bci p\u0142yt nap\u0119dowych do czyszczenia ultrad\u017awi\u0119kowego 100-120V <a href=\"https:\/\/www.bjultrasonic.com\/pl\/category\/ultrasonic-generator-pl\/ultrasonic-generator-circuits-pl\/\">ultrasonic cleaner power driver board<\/a> &amp; <a href=\"https:\/\/www.bjultrasonic.com\/pl\/category\/ultrasonic-transducer-pl\/\">ultrasonic cleaning transducers<\/a>.<\/p>\n","protected":false},"featured_media":24648,"comment_status":"open","ping_status":"closed","template":"","meta":[],"product_brand":[],"product_cat":[6163],"product_tag":[],"class_list":{"0":"post-67640","1":"product","2":"type-product","3":"status-publish","4":"has-post-thumbnail","6":"product_cat-100-120v-ultrasonic-generator-transducer-pl","8":"first","9":"instock","10":"shipping-taxable","11":"purchasable","12":"product-type-simple","13":"prodpage-classic"},"aioseo_notices":[],"_links":{"self":[{"href":"https:\/\/www.bjultrasonic.com\/pl\/wp-json\/wp\/v2\/product\/67640","targetHints":{"allow":["GET"]}}],"collection":[{"href":"https:\/\/www.bjultrasonic.com\/pl\/wp-json\/wp\/v2\/product"}],"about":[{"href":"https:\/\/www.bjultrasonic.com\/pl\/wp-json\/wp\/v2\/types\/product"}],"replies":[{"embeddable":true,"href":"https:\/\/www.bjultrasonic.com\/pl\/wp-json\/wp\/v2\/comments?post=67640"}],"wp:featuredmedia":[{"embeddable":true,"href":"https:\/\/www.bjultrasonic.com\/pl\/wp-json\/wp\/v2\/media\/24648"}],"wp:attachment":[{"href":"https:\/\/www.bjultrasonic.com\/pl\/wp-json\/wp\/v2\/media?parent=67640"}],"wp:term":[{"taxonomy":"product_brand","embeddable":true,"href":"https:\/\/www.bjultrasonic.com\/pl\/wp-json\/wp\/v2\/product_brand?post=67640"},{"taxonomy":"product_cat","embeddable":true,"href":"https:\/\/www.bjultrasonic.com\/pl\/wp-json\/wp\/v2\/product_cat?post=67640"},{"taxonomy":"product_tag","embeddable":true,"href":"https:\/\/www.bjultrasonic.com\/pl\/wp-json\/wp\/v2\/product_tag?post=67640"}],"curies":[{"name":"wp","href":"https:\/\/api.w.org\/{rel}","templated":true}]}}