{"id":67800,"date":"2013-07-21T03:55:05","date_gmt":"2013-07-21T08:55:05","guid":{"rendered":"https:\/\/www.bjultrasonic.com\/shop\/130khz-50w-ultrasonic-transducer-135khz-50w-digital-ultrasonic-pcb-generator\/"},"modified":"2026-03-28T20:35:24","modified_gmt":"2026-03-29T01:35:24","slug":"130khz-50w-ultrasonic-transducer-135khz-50w-digital-ultrasonic-pcb-generator","status":"publish","type":"product","link":"https:\/\/www.bjultrasonic.com\/pl\/shop\/130khz-50w-ultrasonic-transducer-135khz-50w-digital-ultrasonic-pcb-generator\/","title":{"rendered":"135kHz 50W Przetwornik Ultrad\u017awi\u0119kowy &#038; 135kHz 50W Cyfrowy Sterownik Przetwornika Ultrad\u017awi\u0119kowego"},"content":{"rendered":"<p><strong>Uwaga: Sk\u0142adaj\u0105c zam\u00f3wienie.<\/strong><\/p>\n<ol>\n<li>Prosz\u0119 poda\u0107 dok\u0142adny standard napi\u0119cia.<\/li>\n<li>Prosz\u0119 poda\u0107 dok\u0142adny adres dostawy i numer telefonu kontaktowego.<\/li>\n<li>Prosz\u0119 poinformowa\u0107 nas, czy mamy zadeklarowa\u0107 nisk\u0105 warto\u015b\u0107 dla cel\u00f3w celnych.<\/li>\n<li>Prosz\u0119 poda\u0107 nam wa\u017cny adres e-mail. Wy\u015blemy numer \u015bledzenia e-mailem zaraz po wys\u0142aniu towaru.<\/li>\n<\/ol>\n<p><strong>Specyfikacja:<\/strong><\/p>\n<table class=\"table table-striped table-bordered\">\n<tbody>\n<tr>\n<td colspan=\"2\" width=\"568\">Jeden cyfrowy generator ultrad\u017awi\u0119kowy PCB 135kHz 50W obs\u0142uguje jeden przetwornik ultrad\u017awi\u0119kowy 135kHz 50W<\/td>\n<\/tr>\n<tr>\n<td colspan=\"2\" width=\"568\">Przetwornik ultrad\u017awi\u0119kowy:<\/td>\n<\/tr>\n<tr>\n<td width=\"163\">Cz\u0119stotliwo\u015b\u0107<\/td>\n<td width=\"405\">135kHz \u00b11 kHz<\/td>\n<\/tr>\n<tr>\n<td width=\"163\">Moc<\/td>\n<td width=\"405\">50W<\/td>\n<\/tr>\n<tr>\n<td width=\"163\">Pojemno\u015b\u0107<\/td>\n<td width=\"405\">4200pF (PZT4)<\/td>\n<\/tr>\n<tr>\n<td width=\"163\">Powierzchnia promieniuj\u0105ca<\/td>\n<td width=\"405\">36mm<\/td>\n<\/tr>\n<tr>\n<td width=\"163\">Rezystancja rezonansowa<\/td>\n<td width=\"405\">10-20\u03a9<\/td>\n<\/tr>\n<tr>\n<td width=\"163\">Rozmiar ceramiki piezoelektrycznej<\/td>\n<td width=\"405\">35*15*5mm<\/td>\n<\/tr>\n<tr>\n<td width=\"163\">D\u0142ugo\u015b\u0107<\/td>\n<td width=\"405\">54mm<\/td>\n<\/tr>\n<tr>\n<td colspan=\"2\" width=\"568\">Cyfrowy generator ultrad\u017awi\u0119kowy PCB<\/td>\n<\/tr>\n<tr>\n<td width=\"163\">Zasilanie<\/td>\n<td width=\"405\">Wej\u015bcie: 200V-240V \/ 100V-120V<\/td>\n<\/tr>\n<tr>\n<td width=\"163\">Cz\u0119stotliwo\u015b\u0107<\/td>\n<td width=\"405\">135kHz \u00b11 kHz<\/td>\n<\/tr>\n<tr>\n<td width=\"163\">Moc<\/td>\n<td width=\"405\">50W<\/td>\n<\/tr>\n<tr>\n<td width=\"163\">Pojemno\u015b\u0107<\/td>\n<td width=\"405\">4200pF<\/td>\n<\/tr>\n<tr>\n<td width=\"163\">Wymiary<\/td>\n<td width=\"405\">18cm*13cm*6cm (d\u0142ugo\u015b\u0107*szeroko\u015b\u0107*wysoko\u015b\u0107)<\/td>\n<\/tr>\n<tr>\n<td colspan=\"2\" width=\"568\">Waga brutto ca\u0142kowita: 4kg<\/td>\n<\/tr>\n<tr>\n<td colspan=\"2\" width=\"568\">Uwaga: czas i moc cyfrowego generatora ultrad\u017awi\u0119kowego PCB mo\u017cna regulowa\u0107 zgodnie z potrzebami.<\/td>\n<\/tr>\n<\/tbody>\n<\/table>\n<p>Poni\u017csze zdj\u0119cia pokazuj\u0105, jak je po\u0142\u0105czy\u0107:<\/p>\n<p><a href=\"https:\/\/www.bjultrasonic.com\/wp-content\/uploads\/2014\/05\/130kHz-50W-Ultrasonic-Transducer-135kHz-50W-Digital-Ultrasonic-PCB-Generator-1.jpg\"><img loading=\"lazy\" decoding=\"async\" class=\"alignnone wp-image-5668\" src=\"\/\/www.bjultrasonic.com\/wp-content\/uploads\/2014\/05\/130kHz-50W-Ultrasonic-Transducer-135kHz-50W-Digital-Ultrasonic-PCB-Generator-1.jpg\" alt=\"Przetwornik ultrad\u017awi\u0119kowy 130kHz 50W &amp; Cyfrowy generator ultrad\u017awi\u0119kowy PCB 135kHz 50W (1)\" width=\"589\" height=\"326\" \/><\/a> <a href=\"https:\/\/www.bjultrasonic.com\/wp-content\/uploads\/2014\/05\/130kHz-50W-Ultrasonic-Transducer-135kHz-50W-Digital-Ultrasonic-PCB-Generator-2.jpg\"><img loading=\"lazy\" decoding=\"async\" class=\"alignnone wp-image-5669\" src=\"\/\/www.bjultrasonic.com\/wp-content\/uploads\/2014\/05\/130kHz-50W-Ultrasonic-Transducer-135kHz-50W-Digital-Ultrasonic-PCB-Generator-2.jpg\" alt=\"Przetwornik ultrad\u017awi\u0119kowy 130kHz 50W &amp; Cyfrowy generator ultrad\u017awi\u0119kowy PCB 135kHz 50W (2)\" width=\"589\" height=\"533\" \/><\/a> <a href=\"https:\/\/www.bjultrasonic.com\/wp-content\/uploads\/2014\/05\/130kHz-50W-Ultrasonic-Transducer-135kHz-50W-Digital-Ultrasonic-PCB-Generator-3.jpg\"><img loading=\"lazy\" decoding=\"async\" class=\"alignnone wp-image-5670\" src=\"\/\/www.bjultrasonic.com\/wp-content\/uploads\/2014\/05\/130kHz-50W-Ultrasonic-Transducer-135kHz-50W-Digital-Ultrasonic-PCB-Generator-3.jpg\" alt=\"Przetwornik ultrad\u017awi\u0119kowy 130kHz 50W &amp; Cyfrowy generator ultrad\u017awi\u0119kowy PCB 135kHz 50W (3)\" width=\"591\" height=\"298\" \/><\/a> <a href=\"https:\/\/www.bjultrasonic.com\/wp-content\/uploads\/2014\/05\/130kHz-50W-Ultrasonic-Transducer-135kHz-50W-Digital-Ultrasonic-PCB-Generator-4.jpg\"><img loading=\"lazy\" decoding=\"async\" class=\"alignnone wp-image-5671\" src=\"\/\/www.bjultrasonic.com\/wp-content\/uploads\/2014\/05\/130kHz-50W-Ultrasonic-Transducer-135kHz-50W-Digital-Ultrasonic-PCB-Generator-4.jpg\" alt=\"Przetwornik ultrad\u017awi\u0119kowy 130kHz 50W &amp; Cyfrowy generator ultrad\u017awi\u0119kowy PCB 135kHz 50W (4)\" width=\"594\" height=\"329\" \/><\/a> <a href=\"https:\/\/www.bjultrasonic.com\/wp-content\/uploads\/2014\/05\/130kHz-50W-Ultrasonic-Transducer-135kHz-50W-Digital-Ultrasonic-PCB-Generator-5.jpg\"><img loading=\"lazy\" decoding=\"async\" class=\"alignnone wp-image-5672\" src=\"\/\/www.bjultrasonic.com\/wp-content\/uploads\/2014\/05\/130kHz-50W-Ultrasonic-Transducer-135kHz-50W-Digital-Ultrasonic-PCB-Generator-5.jpg\" alt=\"Przetwornik ultrad\u017awi\u0119kowy 130kHz 50W &amp; Cyfrowy generator ultrad\u017awi\u0119kowy PCB 135kHz 50W (5)\" width=\"594\" height=\"329\" \/><\/a> <a href=\"https:\/\/www.bjultrasonic.com\/wp-content\/uploads\/2014\/05\/130kHz-50W-Ultrasonic-Transducer-135kHz-50W-Digital-Ultrasonic-PCB-Generator-6.jpg\"><img loading=\"lazy\" decoding=\"async\" class=\"alignnone wp-image-5673\" src=\"\/\/www.bjultrasonic.com\/wp-content\/uploads\/2014\/05\/130kHz-50W-Ultrasonic-Transducer-135kHz-50W-Digital-Ultrasonic-PCB-Generator-6.jpg\" alt=\"Przetwornik ultrad\u017awi\u0119kowy 130kHz 50W &amp; Cyfrowy generator ultrad\u017awi\u0119kowy PCB 135kHz 50W (6)\" width=\"593\" height=\"328\" \/><\/a><\/p>\n","protected":false},"excerpt":{"rendered":"<p>Zestawy <a href=\"https:\/\/www.bjultrasonic.com\/pl\/category\/ultrasonic-generator-pl\/ultrasonic-generator-circuits-pl\/\">p\u0142yty nap\u0119dowej mocy do czyszczenia ultrad\u017awi\u0119kowego<\/a> z wy\u015bwietlaczem cyfrowym i <a href=\"https:\/\/www.bjultrasonic.com\/pl\/category\/ultrasonic-transducer-pl\/\">przetwornikami do czyszczenia ultrad\u017awi\u0119kowego<\/a>.<\/p>\n","protected":false},"featured_media":24654,"comment_status":"open","ping_status":"closed","template":"","meta":[],"product_brand":[],"product_cat":[6091],"product_tag":[],"class_list":{"0":"post-67800","1":"product","2":"type-product","3":"status-publish","4":"has-post-thumbnail","6":"product_cat-digital-ultrasonic-pcb-generator-transducer-pl","8":"first","9":"instock","10":"shipping-taxable","11":"purchasable","12":"product-type-simple","13":"prodpage-classic"},"aioseo_notices":[],"_links":{"self":[{"href":"https:\/\/www.bjultrasonic.com\/pl\/wp-json\/wp\/v2\/product\/67800","targetHints":{"allow":["GET"]}}],"collection":[{"href":"https:\/\/www.bjultrasonic.com\/pl\/wp-json\/wp\/v2\/product"}],"about":[{"href":"https:\/\/www.bjultrasonic.com\/pl\/wp-json\/wp\/v2\/types\/product"}],"replies":[{"embeddable":true,"href":"https:\/\/www.bjultrasonic.com\/pl\/wp-json\/wp\/v2\/comments?post=67800"}],"wp:featuredmedia":[{"embeddable":true,"href":"https:\/\/www.bjultrasonic.com\/pl\/wp-json\/wp\/v2\/media\/24654"}],"wp:attachment":[{"href":"https:\/\/www.bjultrasonic.com\/pl\/wp-json\/wp\/v2\/media?parent=67800"}],"wp:term":[{"taxonomy":"product_brand","embeddable":true,"href":"https:\/\/www.bjultrasonic.com\/pl\/wp-json\/wp\/v2\/product_brand?post=67800"},{"taxonomy":"product_cat","embeddable":true,"href":"https:\/\/www.bjultrasonic.com\/pl\/wp-json\/wp\/v2\/product_cat?post=67800"},{"taxonomy":"product_tag","embeddable":true,"href":"https:\/\/www.bjultrasonic.com\/pl\/wp-json\/wp\/v2\/product_tag?post=67800"}],"curies":[{"name":"wp","href":"https:\/\/api.w.org\/{rel}","templated":true}]}}