{"id":67860,"date":"2013-07-21T03:55:00","date_gmt":"2013-07-21T08:55:00","guid":{"rendered":"https:\/\/www.bjultrasonic.com\/shop\/68khz-60w-ultrasonic-transducer-54khz-60w-digital-ultrasonic-pcb-generator\/"},"modified":"2026-03-28T20:34:53","modified_gmt":"2026-03-29T01:34:53","slug":"68khz-60w-ultrasonic-transducer-54khz-60w-digital-ultrasonic-pcb-generator","status":"publish","type":"product","link":"https:\/\/www.bjultrasonic.com\/pl\/shop\/68khz-60w-ultrasonic-transducer-54khz-60w-digital-ultrasonic-pcb-generator\/","title":{"rendered":"68kHz 60W Przetwornik Ultrad\u017awi\u0119kowy &#038; 54kHz 60W Cyfrowy Sterownik Przetwornika Ultrad\u017awi\u0119kowego"},"content":{"rendered":"<p><strong>Uwaga: Podczas sk\u0142adania zam\u00f3wienia.<\/strong><\/p>\n<ol>\n<li>Prosz\u0119 zostawi\u0107 wiadomo\u015b\u0107 dotycz\u0105c\u0105 dok\u0142adnego standardu napi\u0119cia<\/li>\n<li>Prosz\u0119 poda\u0107 nam dok\u0142adny adres dostawy i numer telefonu kontaktowego<\/li>\n<li>Prosz\u0119 poinformowa\u0107 nas, czy chce Pan\/Pani, aby\u015bmy zadeklarowali nisk\u0105 warto\u015b\u0107 celn\u0105<\/li>\n<li>Prosz\u0119 zostawi\u0107 nam wa\u017cny adres e-mail. Prze\u015blemy numer \u015bledzenia e-mailem natychmiast po wys\u0142aniu towaru<\/li>\n<\/ol>\n<p><strong>Specyfikacja:<\/strong><\/p>\n<table class=\"table table-striped table-bordered\">\n<tbody>\n<tr>\n<td colspan=\"2\" width=\"568\">Jeden generator PCB ultrad\u017awi\u0119kowy 68kHz 60W nap\u0119dza jeden przetwornik ultrad\u017awi\u0119kowy 68kHz 60W<\/td>\n<\/tr>\n<tr>\n<td colspan=\"2\" width=\"568\">Przetwornik ultrad\u017awi\u0119kowy:<\/td>\n<\/tr>\n<tr>\n<td width=\"163\">Cz\u0119stotliwo\u015b\u0107<\/td>\n<td width=\"405\">68kHz \u00b11 kHz<\/td>\n<\/tr>\n<tr>\n<td width=\"163\">Moc<\/td>\n<td width=\"405\">60W<\/td>\n<\/tr>\n<tr>\n<td width=\"163\">Pojemno\u015b\u0107<\/td>\n<td width=\"405\">3800pF (PZT4)<\/td>\n<\/tr>\n<tr>\n<td width=\"163\">Powierzchnia promieniowania<\/td>\n<td width=\"405\">49mm<\/td>\n<\/tr>\n<tr>\n<td width=\"163\">Rezystancja rezonansowa<\/td>\n<td width=\"405\">10-20 \u03a9<\/td>\n<\/tr>\n<tr>\n<td width=\"163\">Wymiary ceramiki piezoelektrycznej<\/td>\n<td width=\"405\">38*15*5 mm<\/td>\n<\/tr>\n<tr>\n<td width=\"163\">D\u0142ugo\u015b\u0107<\/td>\n<td width=\"405\">80mm<\/td>\n<\/tr>\n<tr>\n<td colspan=\"2\" width=\"568\">Generator PCB ultrad\u017awi\u0119kowy<\/td>\n<\/tr>\n<tr>\n<td width=\"163\">Zasilanie<\/td>\n<td width=\"405\">Wej\u015bcie: 200V-240V \/ 100V-120V<\/td>\n<\/tr>\n<tr>\n<td width=\"163\">Cz\u0119stotliwo\u015b\u0107<\/td>\n<td width=\"405\">68kHz \u00b11 kHz<\/td>\n<\/tr>\n<tr>\n<td width=\"163\">Moc<\/td>\n<td width=\"405\">60W<\/td>\n<\/tr>\n<tr>\n<td width=\"163\">Pojemno\u015b\u0107<\/td>\n<td width=\"405\">3800pF<\/td>\n<\/tr>\n<tr>\n<td width=\"163\">Wymiary<\/td>\n<td width=\"405\">18cm * 13cm * 6cm (d\u0142ugo\u015b\u0107 * szeroko\u015b\u0107 * wysoko\u015b\u0107)<\/td>\n<\/tr>\n<tr>\n<td colspan=\"2\" width=\"568\">Ca\u0142kowita waga brutto: 4kg<\/td>\n<\/tr>\n<\/tbody>\n<\/table>\n<p>Poni\u017csze zdj\u0119cia pokazuj\u0105, jak je po\u0142\u0105czy\u0107:<\/p>\n<p><a href=\"https:\/\/www.bjultrasonic.com\/wp-content\/uploads\/2014\/05\/68kHz-60W-Ultrasonic-Transducer-54kHz-60W-Ultrasonic-PCB-Generator-1.jpg\"><img loading=\"lazy\" decoding=\"async\" class=\"alignnone wp-image-5650\" src=\"\/\/www.bjultrasonic.com\/wp-content\/uploads\/2014\/05\/68kHz-60W-Ultrasonic-Transducer-54kHz-60W-Ultrasonic-PCB-Generator-1.jpg\" alt=\"Przetwornik ultrad\u017awi\u0119kowy 68kHz 60W &amp; Generator PCB ultrad\u017awi\u0119kowy 54kHz 60W (1)\" width=\"583\" height=\"294\" \/><\/a> <a href=\"https:\/\/www.bjultrasonic.com\/wp-content\/uploads\/2014\/05\/68kHz-60W-Ultrasonic-Transducer-54kHz-60W-Ultrasonic-PCB-Generator-2.jpg\"><img loading=\"lazy\" decoding=\"async\" class=\"alignnone wp-image-5651\" src=\"\/\/www.bjultrasonic.com\/wp-content\/uploads\/2014\/05\/68kHz-60W-Ultrasonic-Transducer-54kHz-60W-Ultrasonic-PCB-Generator-2.jpg\" alt=\"Przetwornik ultrad\u017awi\u0119kowy 68kHz 60W &amp; Generator PCB ultrad\u017awi\u0119kowy 54kHz 60W (2)\" width=\"584\" height=\"323\" \/><\/a> <a href=\"https:\/\/www.bjultrasonic.com\/wp-content\/uploads\/2014\/05\/68kHz-60W-Ultrasonic-Transducer-54kHz-60W-Ultrasonic-PCB-Generator-3.jpg\"><img loading=\"lazy\" decoding=\"async\" class=\"alignnone wp-image-5652\" src=\"\/\/www.bjultrasonic.com\/wp-content\/uploads\/2014\/05\/68kHz-60W-Ultrasonic-Transducer-54kHz-60W-Ultrasonic-PCB-Generator-3.jpg\" alt=\"Przetwornik ultrad\u017awi\u0119kowy 68kHz 60W &amp; Generator PCB ultrad\u017awi\u0119kowy 54kHz 60W (3)\" width=\"582\" height=\"322\" \/><\/a> <a href=\"https:\/\/www.bjultrasonic.com\/wp-content\/uploads\/2014\/05\/68kHz-60W-Ultrasonic-Transducer-54kHz-60W-Ultrasonic-PCB-Generator-4.jpg\"><img loading=\"lazy\" decoding=\"async\" class=\"alignnone wp-image-5653\" src=\"\/\/www.bjultrasonic.com\/wp-content\/uploads\/2014\/05\/68kHz-60W-Ultrasonic-Transducer-54kHz-60W-Ultrasonic-PCB-Generator-4.jpg\" alt=\"Przetwornik ultrad\u017awi\u0119kowy 68kHz 60W &amp; Generator PCB ultrad\u017awi\u0119kowy 54kHz 60W (4)\" width=\"580\" height=\"321\" \/><\/a> <a href=\"https:\/\/www.bjultrasonic.com\/wp-content\/uploads\/2014\/05\/68kHz-60W-Ultrasonic-Transducer-54kHz-60W-Ultrasonic-PCB-Generator-5.jpg\"><img loading=\"lazy\" decoding=\"async\" class=\"alignnone wp-image-5654\" src=\"\/\/www.bjultrasonic.com\/wp-content\/uploads\/2014\/05\/68kHz-60W-Ultrasonic-Transducer-54kHz-60W-Ultrasonic-PCB-Generator-5.jpg\" alt=\"Przetwornik ultrad\u017awi\u0119kowy 68kHz 60W &amp; Generator PCB ultrad\u017awi\u0119kowy 54kHz 60W (5)\" width=\"578\" height=\"320\" \/><\/a> <a href=\"https:\/\/www.bjultrasonic.com\/wp-content\/uploads\/2014\/05\/68kHz-60W-Ultrasonic-Transducer-54kHz-60W-Ultrasonic-PCB-Generator-6.jpg\"><img loading=\"lazy\" decoding=\"async\" class=\"alignnone wp-image-5655\" src=\"\/\/www.bjultrasonic.com\/wp-content\/uploads\/2014\/05\/68kHz-60W-Ultrasonic-Transducer-54kHz-60W-Ultrasonic-PCB-Generator-6.jpg\" alt=\"Przetwornik ultrad\u017awi\u0119kowy 68kHz 60W &amp; Generator PCB ultrad\u017awi\u0119kowy 54kHz 60W (6)\" width=\"577\" height=\"291\" \/><\/a><\/p>\n","protected":false},"excerpt":{"rendered":"<p>Pakiety <a href=\"https:\/\/www.bjultrasonic.com\/pl\/category\/ultrasonic-generator-pl\/ultrasonic-generator-circuits-pl\/\">p\u0142yty sterownika mocy do czyszczenia ultrad\u017awi\u0119kowego<\/a> z wy\u015bwietlaczem cyfrowym i <a href=\"https:\/\/www.bjultrasonic.com\/pl\/category\/ultrasonic-transducer-pl\/\">przetwornikami do czyszczenia ultrad\u017awi\u0119kowego<\/a>.<\/p>\n","protected":false},"featured_media":24655,"comment_status":"open","ping_status":"closed","template":"","meta":[],"product_brand":[],"product_cat":[6091],"product_tag":[],"class_list":{"0":"post-67860","1":"product","2":"type-product","3":"status-publish","4":"has-post-thumbnail","6":"product_cat-digital-ultrasonic-pcb-generator-transducer-pl","8":"first","9":"instock","10":"shipping-taxable","11":"purchasable","12":"product-type-simple","13":"prodpage-classic"},"aioseo_notices":[],"_links":{"self":[{"href":"https:\/\/www.bjultrasonic.com\/pl\/wp-json\/wp\/v2\/product\/67860","targetHints":{"allow":["GET"]}}],"collection":[{"href":"https:\/\/www.bjultrasonic.com\/pl\/wp-json\/wp\/v2\/product"}],"about":[{"href":"https:\/\/www.bjultrasonic.com\/pl\/wp-json\/wp\/v2\/types\/product"}],"replies":[{"embeddable":true,"href":"https:\/\/www.bjultrasonic.com\/pl\/wp-json\/wp\/v2\/comments?post=67860"}],"wp:featuredmedia":[{"embeddable":true,"href":"https:\/\/www.bjultrasonic.com\/pl\/wp-json\/wp\/v2\/media\/24655"}],"wp:attachment":[{"href":"https:\/\/www.bjultrasonic.com\/pl\/wp-json\/wp\/v2\/media?parent=67860"}],"wp:term":[{"taxonomy":"product_brand","embeddable":true,"href":"https:\/\/www.bjultrasonic.com\/pl\/wp-json\/wp\/v2\/product_brand?post=67860"},{"taxonomy":"product_cat","embeddable":true,"href":"https:\/\/www.bjultrasonic.com\/pl\/wp-json\/wp\/v2\/product_cat?post=67860"},{"taxonomy":"product_tag","embeddable":true,"href":"https:\/\/www.bjultrasonic.com\/pl\/wp-json\/wp\/v2\/product_tag?post=67860"}],"curies":[{"name":"wp","href":"https:\/\/api.w.org\/{rel}","templated":true}]}}