{"id":67880,"date":"2013-07-21T03:54:56","date_gmt":"2013-07-21T08:54:56","guid":{"rendered":"https:\/\/www.bjultrasonic.com\/shop\/54khz-30w-ultrasonic-transducer-54khz-30w-digital-ultrasonic-pcb-generator\/"},"modified":"2026-03-28T20:34:29","modified_gmt":"2026-03-29T01:34:29","slug":"54khz-30w-ultrasonic-transducer-54khz-30w-digital-ultrasonic-pcb-generator","status":"publish","type":"product","link":"https:\/\/www.bjultrasonic.com\/pl\/shop\/54khz-30w-ultrasonic-transducer-54khz-30w-digital-ultrasonic-pcb-generator\/","title":{"rendered":"54kHz 30W Przetwornik Ultrad\u017awi\u0119kowy &#038; 54kHz 30W Cyfrowy Sterownik Przetwornika Ultrad\u017awi\u0119kowego"},"content":{"rendered":"<p><strong>Uwaga: Sk\u0142adaj\u0105c zam\u00f3wienie.<\/strong><\/p>\n<ol>\n<li>Prosimy o podanie dok\u0142adnego standardu napi\u0119cia.<\/li>\n<li>Prosimy o podanie dok\u0142adnego adresu dostawy i numeru telefonu kontaktowego.<\/li>\n<li>Prosimy o poinformowanie, czy mamy zadeklarowa\u0107 celnikom nisk\u0105 warto\u015b\u0107.<\/li>\n<li>Prosimy o pozostawienie nam wa\u017cnego adresu e-mail. Prze\u015blemy numer \u015bledzenia e-mailem zaraz po wys\u0142aniu towaru.<\/li>\n<\/ol>\n<p><strong>Specyfikacja:<\/strong><\/p>\n<table class=\"table table-striped table-bordered\">\n<tbody>\n<tr>\n<td colspan=\"2\" width=\"568\">Jeden cyfrowy generator ultrad\u017awi\u0119kowy PCB 54kHz 30W zasila jeden przetwornik ultrad\u017awi\u0119kowy 54kHz 30W<\/td>\n<\/tr>\n<tr>\n<td colspan=\"2\" width=\"568\">Przetwornik ultrad\u017awi\u0119kowy:<\/td>\n<\/tr>\n<tr>\n<td width=\"163\">Cz\u0119stotliwo\u015b\u0107<\/td>\n<td width=\"405\">54kHz \u00b11 kHz<\/td>\n<\/tr>\n<tr>\n<td width=\"163\">Moc<\/td>\n<td width=\"405\">30W<\/td>\n<\/tr>\n<tr>\n<td width=\"163\">Pojemno\u015b\u0107<\/td>\n<td width=\"405\">3100pF (PZT4)<\/td>\n<\/tr>\n<tr>\n<td width=\"163\">Powierzchnia promieniowania<\/td>\n<td width=\"405\">30mm<\/td>\n<\/tr>\n<tr>\n<td width=\"163\">Rezystancja rezonansowa<\/td>\n<td width=\"405\">10-20 \u03a9<\/td>\n<\/tr>\n<tr>\n<td width=\"163\">Wymiary piezoceramiki<\/td>\n<td width=\"405\">38*15*5 mm<\/td>\n<\/tr>\n<tr>\n<td width=\"163\">D\u0142ugo\u015b\u0107<\/td>\n<td width=\"405\">36mm<\/td>\n<\/tr>\n<tr>\n<td colspan=\"2\" width=\"568\">Generator ultrad\u017awi\u0119kowy PCB<\/td>\n<\/tr>\n<tr>\n<td width=\"163\">Zasilanie<\/td>\n<td width=\"405\">Wej\u015bcie: 200V-240V \/ 100V-120V<\/td>\n<\/tr>\n<tr>\n<td width=\"163\">Cz\u0119stotliwo\u015b\u0107<\/td>\n<td width=\"405\">54kHz \u00b11 kHz<\/td>\n<\/tr>\n<tr>\n<td width=\"163\">Moc<\/td>\n<td width=\"405\">30W<\/td>\n<\/tr>\n<tr>\n<td width=\"163\">Pojemno\u015b\u0107<\/td>\n<td width=\"405\">3100pF<\/td>\n<\/tr>\n<tr>\n<td width=\"163\">Wymiary<\/td>\n<td width=\"405\">18cm * 13cm * 6cm (d\u0142ugo\u015b\u0107 * szeroko\u015b\u0107 * wysoko\u015b\u0107)<\/td>\n<\/tr>\n<tr>\n<td colspan=\"2\" width=\"568\">Ca\u0142kowita waga brutto: 4kg<\/td>\n<\/tr>\n<tr>\n<td colspan=\"2\" width=\"568\">Uwaga: czas i moc cyfrowego generatora ultrad\u017awi\u0119kowego PCB mo\u017cna regulowa\u0107 zgodnie z potrzebami.<\/td>\n<\/tr>\n<\/tbody>\n<\/table>\n<p>Poni\u017csze zdj\u0119cia pokazuj\u0105, jak je pod\u0142\u0105czy\u0107:<\/p>\n<p><a href=\"https:\/\/www.bjultrasonic.com\/wp-content\/uploads\/2014\/05\/54kHz-30W-Ultrasonic-Transducer-54kHz-30W-Digital-Ultrasonic-PCB-Generator-1.jpg\"><img loading=\"lazy\" decoding=\"async\" class=\"alignnone wp-image-5645\" src=\"\/\/www.bjultrasonic.com\/wp-content\/uploads\/2014\/05\/54kHz-30W-Ultrasonic-Transducer-54kHz-30W-Digital-Ultrasonic-PCB-Generator-1.jpg\" alt=\"Przetwornik ultrad\u017awi\u0119kowy 54kHz 30W &amp; Cyfrowy generator ultrad\u017awi\u0119kowy PCB 54kHz 30W (1)\" width=\"583\" height=\"294\" \/><\/a> <a href=\"https:\/\/www.bjultrasonic.com\/wp-content\/uploads\/2014\/05\/54kHz-30W-Ultrasonic-Transducer-54kHz-30W-Digital-Ultrasonic-PCB-Generator-2.jpg\"><img loading=\"lazy\" decoding=\"async\" class=\"alignnone wp-image-5646\" src=\"\/\/www.bjultrasonic.com\/wp-content\/uploads\/2014\/05\/54kHz-30W-Ultrasonic-Transducer-54kHz-30W-Digital-Ultrasonic-PCB-Generator-2.jpg\" alt=\"Przetwornik ultrad\u017awi\u0119kowy 54kHz 30W &amp; Cyfrowy generator ultrad\u017awi\u0119kowy PCB 54kHz 30W (2)\" width=\"580\" height=\"321\" \/><\/a> <a href=\"https:\/\/www.bjultrasonic.com\/wp-content\/uploads\/2014\/05\/54kHz-30W-Ultrasonic-Transducer-54kHz-30W-Digital-Ultrasonic-PCB-Generator-3.jpg\"><img loading=\"lazy\" decoding=\"async\" class=\"alignnone wp-image-5647\" src=\"\/\/www.bjultrasonic.com\/wp-content\/uploads\/2014\/05\/54kHz-30W-Ultrasonic-Transducer-54kHz-30W-Digital-Ultrasonic-PCB-Generator-3.jpg\" alt=\"Przetwornik ultrad\u017awi\u0119kowy 54kHz 30W &amp; Cyfrowy generator ultrad\u017awi\u0119kowy PCB 54kHz 30W (3)\" width=\"582\" height=\"322\" \/><\/a> <a href=\"https:\/\/www.bjultrasonic.com\/wp-content\/uploads\/2014\/05\/54kHz-30W-Ultrasonic-Transducer-54kHz-30W-Digital-Ultrasonic-PCB-Generator-4.jpg\"><img loading=\"lazy\" decoding=\"async\" class=\"alignnone wp-image-5648\" src=\"\/\/www.bjultrasonic.com\/wp-content\/uploads\/2014\/05\/54kHz-30W-Ultrasonic-Transducer-54kHz-30W-Digital-Ultrasonic-PCB-Generator-4.jpg\" alt=\"Przetwornik ultrad\u017awi\u0119kowy 54kHz 30W &amp; Cyfrowy generator ultrad\u017awi\u0119kowy PCB 54kHz 30W (4)\" width=\"577\" height=\"340\" \/><\/a> <a href=\"https:\/\/www.bjultrasonic.com\/wp-content\/uploads\/2014\/05\/54kHz-30W-Ultrasonic-Transducer-54kHz-30W-Digital-Ultrasonic-PCB-Generator-5.jpg\"><img loading=\"lazy\" decoding=\"async\" class=\"alignnone wp-image-5649\" src=\"\/\/www.bjultrasonic.com\/wp-content\/uploads\/2014\/05\/54kHz-30W-Ultrasonic-Transducer-54kHz-30W-Digital-Ultrasonic-PCB-Generator-5.jpg\" alt=\"Przetwornik ultrad\u017awi\u0119kowy 54kHz 30W &amp; Cyfrowy generator ultrad\u017awi\u0119kowy PCB 54kHz 30W (5)\" width=\"577\" height=\"427\" \/><\/a><\/p>\n","protected":false},"excerpt":{"rendered":"<p>Zestawy <a href=\"https:\/\/www.bjultrasonic.com\/pl\/category\/ultrasonic-generator-pl\/ultrasonic-generator-circuits-pl\/\">p\u0142yty nap\u0119dowej zasilacza ultrad\u017awi\u0119kowego do czyszczenia<\/a> z wy\u015bwietlaczem cyfrowym oraz <a href=\"https:\/\/www.bjultrasonic.com\/pl\/category\/ultrasonic-transducer-pl\/\">przetwornik\u00f3w ultrad\u017awi\u0119kowych do czyszczenia<\/a>.<\/p>\n","protected":false},"featured_media":24654,"comment_status":"open","ping_status":"closed","template":"","meta":[],"product_brand":[],"product_cat":[6091],"product_tag":[],"class_list":{"0":"post-67880","1":"product","2":"type-product","3":"status-publish","4":"has-post-thumbnail","6":"product_cat-digital-ultrasonic-pcb-generator-transducer-pl","8":"first","9":"instock","10":"shipping-taxable","11":"purchasable","12":"product-type-simple","13":"prodpage-classic"},"aioseo_notices":[],"_links":{"self":[{"href":"https:\/\/www.bjultrasonic.com\/pl\/wp-json\/wp\/v2\/product\/67880","targetHints":{"allow":["GET"]}}],"collection":[{"href":"https:\/\/www.bjultrasonic.com\/pl\/wp-json\/wp\/v2\/product"}],"about":[{"href":"https:\/\/www.bjultrasonic.com\/pl\/wp-json\/wp\/v2\/types\/product"}],"replies":[{"embeddable":true,"href":"https:\/\/www.bjultrasonic.com\/pl\/wp-json\/wp\/v2\/comments?post=67880"}],"wp:featuredmedia":[{"embeddable":true,"href":"https:\/\/www.bjultrasonic.com\/pl\/wp-json\/wp\/v2\/media\/24654"}],"wp:attachment":[{"href":"https:\/\/www.bjultrasonic.com\/pl\/wp-json\/wp\/v2\/media?parent=67880"}],"wp:term":[{"taxonomy":"product_brand","embeddable":true,"href":"https:\/\/www.bjultrasonic.com\/pl\/wp-json\/wp\/v2\/product_brand?post=67880"},{"taxonomy":"product_cat","embeddable":true,"href":"https:\/\/www.bjultrasonic.com\/pl\/wp-json\/wp\/v2\/product_cat?post=67880"},{"taxonomy":"product_tag","embeddable":true,"href":"https:\/\/www.bjultrasonic.com\/pl\/wp-json\/wp\/v2\/product_tag?post=67880"}],"curies":[{"name":"wp","href":"https:\/\/api.w.org\/{rel}","templated":true}]}}