{"id":67920,"date":"2013-07-21T03:54:51","date_gmt":"2013-07-21T08:54:51","guid":{"rendered":"https:\/\/www.bjultrasonic.com\/shop\/20khz-100w-ultrasonic-transducer-20khz-100w-digital-ultrasonic-pcb-generator\/"},"modified":"2026-03-28T20:34:04","modified_gmt":"2026-03-29T01:34:04","slug":"20khz-100w-ultrasonic-transducer-20khz-100w-digital-ultrasonic-pcb-generator","status":"publish","type":"product","link":"https:\/\/www.bjultrasonic.com\/pl\/shop\/20khz-100w-ultrasonic-transducer-20khz-100w-digital-ultrasonic-pcb-generator\/","title":{"rendered":"20kHz 100W Przetwornik Ultrad\u017awi\u0119kowy &#038; 20kHz 100W Cyfrowy Sterownik Przetwornika Ultrad\u017awi\u0119kowego"},"content":{"rendered":"<p><strong>Uwaga: Podczas sk\u0142adania zam\u00f3wienia.<\/strong><\/p>\n<ol>\n<li>Prosz\u0119 zostawi\u0107 wiadomo\u015b\u0107 dotycz\u0105c\u0105 dok\u0142adnego standardu napi\u0119cia<\/li>\n<li>Prosz\u0119 poda\u0107 nam dok\u0142adny adres dostawy i numer telefonu kontaktowego<\/li>\n<li>Prosz\u0119 poinformowa\u0107 nas, je\u015bli chcesz, aby\u015bmy zadeklarowali nisk\u0105 warto\u015b\u0107 dla cel\u00f3w celnych<\/li>\n<li>Prosz\u0119 zostawi\u0107 nam wa\u017cny adres e-mail. Prze\u015blemy Ci numer przesy\u0142ki e-mailem, jak tylko wy\u015blemy towar<\/li>\n<\/ol>\n<p><strong>Specyfikacja:<\/strong><\/p>\n<table class=\"table table-striped table-bordered\">\n<tbody>\n<tr>\n<td colspan=\"2\" width=\"568\">Jeden generator ultrad\u017awi\u0119kowy PCB 20kHz 100W cyfrowy nap\u0119dza jeden przetwornik ultrad\u017awi\u0119kowy 20kHz 100W<\/td>\n<\/tr>\n<tr>\n<td colspan=\"2\" width=\"568\">Przetwornik ultrad\u017awi\u0119kowy:<\/td>\n<\/tr>\n<tr>\n<td width=\"163\">Cz\u0119stotliwo\u015b\u0107<\/td>\n<td width=\"405\">20kHz \u00b11 kHz<\/td>\n<\/tr>\n<tr>\n<td width=\"163\">Moc<\/td>\n<td width=\"405\">100W<\/td>\n<\/tr>\n<tr>\n<td width=\"163\">Pojemno\u015b\u0107<\/td>\n<td width=\"405\">5100pF (PZT85)<\/td>\n<\/tr>\n<tr>\n<td width=\"163\">Powierzchnia promieniowania<\/td>\n<td width=\"405\">68mm<\/td>\n<\/tr>\n<tr>\n<td width=\"163\">Rezystancja rezonansowa<\/td>\n<td width=\"405\">10-20\u03a9<\/td>\n<\/tr>\n<tr>\n<td width=\"163\">Rozmiar piezoceramiki<\/td>\n<td width=\"405\">45*15*5mm<\/td>\n<\/tr>\n<tr>\n<td width=\"163\">D\u0142ugo\u015b\u0107<\/td>\n<td width=\"405\">95mm<\/td>\n<\/tr>\n<tr>\n<td colspan=\"2\" width=\"568\">Generator ultrad\u017awi\u0119kowy PCB<\/td>\n<\/tr>\n<tr>\n<td width=\"163\">Zasilanie<\/td>\n<td width=\"405\">Wej\u015bcie: 200V-240V \/ 100V-120V<\/td>\n<\/tr>\n<tr>\n<td width=\"163\">Cz\u0119stotliwo\u015b\u0107<\/td>\n<td width=\"405\">20kHz \u00b11 kHz<\/td>\n<\/tr>\n<tr>\n<td width=\"163\">Moc<\/td>\n<td width=\"405\">100W<\/td>\n<\/tr>\n<tr>\n<td width=\"163\">Pojemno\u015b\u0107<\/td>\n<td width=\"405\">5100pF<\/td>\n<\/tr>\n<tr>\n<td width=\"163\">Wymiary<\/td>\n<td width=\"405\">18cm * 13cm * 6cm (d\u0142ugo\u015b\u0107 * szeroko\u015b\u0107 * wysoko\u015b\u0107)<\/td>\n<\/tr>\n<tr>\n<td colspan=\"2\" width=\"568\">Ca\u0142kowita waga brutto: 4kg<\/td>\n<\/tr>\n<tr>\n<td colspan=\"2\" width=\"568\">Uwaga: czas i moc cyfrowego generatora ultrad\u017awi\u0119kowego PCB mo\u017cna regulowa\u0107 zgodnie z potrzebami<\/td>\n<\/tr>\n<\/tbody>\n<\/table>\n<p>Poni\u017csze zdj\u0119cia pokazuj\u0105, jak je po\u0142\u0105czy\u0107:<\/p>\n<p><a href=\"https:\/\/www.bjultrasonic.com\/wp-content\/uploads\/2014\/05\/20kHz-100W-Ultrasonic-Transducer-20kHz-100W-Digital-Ultrasonic-PCB-Generator-5.jpg\"><img loading=\"lazy\" decoding=\"async\" class=\"alignnone wp-image-5639\" src=\"\/\/www.bjultrasonic.com\/wp-content\/uploads\/2014\/05\/20kHz-100W-Ultrasonic-Transducer-20kHz-100W-Digital-Ultrasonic-PCB-Generator-5.jpg\" alt=\"Przetwornik ultrad\u017awi\u0119kowy 20kHz 100W &amp; Cyfrowy generator ultrad\u017awi\u0119kowy PCB 20kHz 100W (5)\" width=\"585\" height=\"324\" \/><\/a> <a href=\"https:\/\/www.bjultrasonic.com\/wp-content\/uploads\/2014\/05\/20kHz-100W-Ultrasonic-Transducer-20kHz-100W-Digital-Ultrasonic-PCB-Generator-4.jpg\"><img loading=\"lazy\" decoding=\"async\" class=\"alignnone wp-image-5638\" src=\"\/\/www.bjultrasonic.com\/wp-content\/uploads\/2014\/05\/20kHz-100W-Ultrasonic-Transducer-20kHz-100W-Digital-Ultrasonic-PCB-Generator-4.jpg\" alt=\"Przetwornik ultrad\u017awi\u0119kowy 20kHz 100W &amp; Cyfrowy generator ultrad\u017awi\u0119kowy PCB 20kHz 100W (4)\" width=\"585\" height=\"324\" \/><\/a> <a href=\"https:\/\/www.bjultrasonic.com\/wp-content\/uploads\/2014\/05\/20kHz-100W-Ultrasonic-Transducer-20kHz-100W-Digital-Ultrasonic-PCB-Generator-3.jpg\"><img loading=\"lazy\" decoding=\"async\" class=\"alignnone wp-image-5637\" src=\"\/\/www.bjultrasonic.com\/wp-content\/uploads\/2014\/05\/20kHz-100W-Ultrasonic-Transducer-20kHz-100W-Digital-Ultrasonic-PCB-Generator-3.jpg\" alt=\"Przetwornik ultrad\u017awi\u0119kowy 20kHz 100W &amp; Cyfrowy generator ultrad\u017awi\u0119kowy PCB 20kHz 100W (3)\" width=\"582\" height=\"322\" \/><\/a> <a href=\"https:\/\/www.bjultrasonic.com\/wp-content\/uploads\/2014\/05\/20kHz-100W-Ultrasonic-Transducer-20kHz-100W-Digital-Ultrasonic-PCB-Generator-2.jpg\"><img loading=\"lazy\" decoding=\"async\" class=\"alignnone wp-image-5636\" src=\"\/\/www.bjultrasonic.com\/wp-content\/uploads\/2014\/05\/20kHz-100W-Ultrasonic-Transducer-20kHz-100W-Digital-Ultrasonic-PCB-Generator-2.jpg\" alt=\"Przetwornik ultrad\u017awi\u0119kowy 20kHz 100W &amp; Cyfrowy generator ultrad\u017awi\u0119kowy PCB 20kHz 100W (2)\" width=\"587\" height=\"296\" \/><\/a> <a href=\"https:\/\/www.bjultrasonic.com\/wp-content\/uploads\/2014\/05\/20kHz-100W-Ultrasonic-Transducer-20kHz-100W-Digital-Ultrasonic-PCB-Generator-1.jpg\"><img loading=\"lazy\" decoding=\"async\" class=\"alignnone wp-image-5635\" src=\"\/\/www.bjultrasonic.com\/wp-content\/uploads\/2014\/05\/20kHz-100W-Ultrasonic-Transducer-20kHz-100W-Digital-Ultrasonic-PCB-Generator-1.jpg\" alt=\"Przetwornik ultrad\u017awi\u0119kowy 20kHz 100W &amp; Cyfrowy generator ultrad\u017awi\u0119kowy PCB 20kHz 100W (1)\" width=\"584\" height=\"323\" \/><\/a><\/p>\n<p>&nbsp;<\/p>\n","protected":false},"excerpt":{"rendered":"<p>Zestawy <a href=\"https:\/\/www.bjultrasonic.com\/pl\/category\/ultrasonic-generator-pl\/ultrasonic-generator-circuits-pl\/\">p\u0142yty nap\u0119dowej mocy do czyszczenia ultrad\u017awi\u0119kowego<\/a> z wy\u015bwietlaczem cyfrowym &amp; <a href=\"https:\/\/www.bjultrasonic.com\/pl\/category\/ultrasonic-transducer-pl\/\">przetwornikami do czyszczenia ultrad\u017awi\u0119kowego<\/a>.<\/p>\n","protected":false},"featured_media":24651,"comment_status":"open","ping_status":"closed","template":"","meta":[],"product_brand":[],"product_cat":[6091],"product_tag":[],"class_list":{"0":"post-67920","1":"product","2":"type-product","3":"status-publish","4":"has-post-thumbnail","6":"product_cat-digital-ultrasonic-pcb-generator-transducer-pl","8":"first","9":"instock","10":"shipping-taxable","11":"purchasable","12":"product-type-simple","13":"prodpage-classic"},"aioseo_notices":[],"_links":{"self":[{"href":"https:\/\/www.bjultrasonic.com\/pl\/wp-json\/wp\/v2\/product\/67920","targetHints":{"allow":["GET"]}}],"collection":[{"href":"https:\/\/www.bjultrasonic.com\/pl\/wp-json\/wp\/v2\/product"}],"about":[{"href":"https:\/\/www.bjultrasonic.com\/pl\/wp-json\/wp\/v2\/types\/product"}],"replies":[{"embeddable":true,"href":"https:\/\/www.bjultrasonic.com\/pl\/wp-json\/wp\/v2\/comments?post=67920"}],"wp:featuredmedia":[{"embeddable":true,"href":"https:\/\/www.bjultrasonic.com\/pl\/wp-json\/wp\/v2\/media\/24651"}],"wp:attachment":[{"href":"https:\/\/www.bjultrasonic.com\/pl\/wp-json\/wp\/v2\/media?parent=67920"}],"wp:term":[{"taxonomy":"product_brand","embeddable":true,"href":"https:\/\/www.bjultrasonic.com\/pl\/wp-json\/wp\/v2\/product_brand?post=67920"},{"taxonomy":"product_cat","embeddable":true,"href":"https:\/\/www.bjultrasonic.com\/pl\/wp-json\/wp\/v2\/product_cat?post=67920"},{"taxonomy":"product_tag","embeddable":true,"href":"https:\/\/www.bjultrasonic.com\/pl\/wp-json\/wp\/v2\/product_tag?post=67920"}],"curies":[{"name":"wp","href":"https:\/\/api.w.org\/{rel}","templated":true}]}}