{"id":67940,"date":"2013-06-21T02:03:29","date_gmt":"2013-06-21T07:03:29","guid":{"rendered":"https:\/\/www.bjultrasonic.com\/shop\/130khz-50w-ultrasonic-transducer-135khz-50w-ultrasonic-pcb-generator\/"},"modified":"2026-03-28T20:34:03","modified_gmt":"2026-03-29T01:34:03","slug":"130khz-50w-ultrasonic-transducer-135khz-50w-ultrasonic-pcb-generator","status":"publish","type":"product","link":"https:\/\/www.bjultrasonic.com\/pl\/shop\/130khz-50w-ultrasonic-transducer-135khz-50w-ultrasonic-pcb-generator\/","title":{"rendered":"130kHz 50W Przetwornik ultrad\u017awi\u0119kowy &#038; Sterownik przetwornika ultrad\u017awi\u0119kowego 135kHz 50W"},"content":{"rendered":"<p><strong>Uwaga: Sk\u0142adaj\u0105c zam\u00f3wienie.<\/strong><\/p>\n<ol>\n<li>Prosz\u0119 zostawi\u0107 wiadomo\u015b\u0107 dotycz\u0105c\u0105 dok\u0142adnego standardu napi\u0119cia<\/li>\n<li>Prosz\u0119 poda\u0107 nam dok\u0142adny adres dostawy i numer telefonu kontaktowego<\/li>\n<li>Prosz\u0119 poinformowa\u0107 nas, czy chcecie Pa\u0144stwo, aby\u015bmy zadeklarowali na celnicy nisk\u0105 warto\u015b\u0107<\/li>\n<li>Prosz\u0119 zostawi\u0107 nam wa\u017cny adres e-mail. Prze\u015blemy numer \u015bledzenia e-mailem zaraz po wys\u0142aniu towaru.<\/li>\n<\/ol>\n<p><strong>Specyfikacja:<\/strong><\/p>\n<table class=\"table table-striped table-bordered\">\n<tbody>\n<tr>\n<td colspan=\"2\" width=\"568\">Jeden generator PCB ultrad\u017awi\u0119kowy 135kHz 50W zasila jeden przetwornik ultrad\u017awi\u0119kowy 135kHz 50W<\/td>\n<\/tr>\n<tr>\n<td colspan=\"2\" width=\"568\"><strong>Przetwornik ultrad\u017awi\u0119kowy:<\/strong><\/td>\n<\/tr>\n<tr>\n<td width=\"163\">Cz\u0119stotliwo\u015b\u0107<\/td>\n<td width=\"405\">135kHz \u00b11 kHz<\/td>\n<\/tr>\n<tr>\n<td width=\"163\">Moc<\/td>\n<td width=\"405\">50W<\/td>\n<\/tr>\n<tr>\n<td width=\"163\">Pojemno\u015b\u0107<\/td>\n<td width=\"405\">4200pF (PZT4)<\/td>\n<\/tr>\n<tr>\n<td width=\"163\">Powierzchnia promieniowania<\/td>\n<td width=\"405\">36mm<\/td>\n<\/tr>\n<tr>\n<td width=\"163\">Rezystancja rezonansowa<\/td>\n<td width=\"405\">10-20 \u03a9<\/td>\n<\/tr>\n<tr>\n<td width=\"163\">Rozmiar ceramiki piezoelektrycznej<\/td>\n<td width=\"405\">35*15*5 mm<\/td>\n<\/tr>\n<tr>\n<td width=\"163\">D\u0142ugo\u015b\u0107<\/td>\n<td width=\"405\">54mm<\/td>\n<\/tr>\n<tr>\n<td colspan=\"2\" width=\"568\"><strong>Generator PCB ultrad\u017awi\u0119kowy<\/strong><\/td>\n<\/tr>\n<tr>\n<td width=\"163\">Zasilanie<\/td>\n<td width=\"405\">Wej\u015bcie: 200V-240V \/ 100V-120V<\/td>\n<\/tr>\n<tr>\n<td width=\"163\">Cz\u0119stotliwo\u015b\u0107<\/td>\n<td width=\"405\">135kHz \u00b11 kHz<\/td>\n<\/tr>\n<tr>\n<td width=\"163\">Moc<\/td>\n<td width=\"405\">50W<\/td>\n<\/tr>\n<tr>\n<td width=\"163\">Pojemno\u015b\u0107<\/td>\n<td width=\"405\">4200pF<\/td>\n<\/tr>\n<tr>\n<td width=\"163\">Wymiary<\/td>\n<td width=\"405\">18cm * 13cm * 6cm (d\u0142ugo\u015b\u0107 * szeroko\u015b\u0107 * wysoko\u015b\u0107)<\/td>\n<\/tr>\n<tr>\n<td colspan=\"2\" width=\"568\">Ca\u0142kowita waga brutto: 4kg<\/td>\n<\/tr>\n<\/tbody>\n<\/table>\n<p>Poni\u017csze zdj\u0119cia pokazuj\u0105, jak je po\u0142\u0105czy\u0107:<\/p>\n<p><a href=\"https:\/\/www.bjultrasonic.com\/wp-content\/uploads\/2013\/06\/130kHz-50W-Ultrasonic-Transducer-135kHz-50W-Ultrasonic-PCB-Generator-1.jpg\"><img loading=\"lazy\" decoding=\"async\" class=\"alignnone  wp-image-5623\" src=\"\/\/www.bjultrasonic.com\/wp-content\/uploads\/2013\/06\/130kHz-50W-Ultrasonic-Transducer-135kHz-50W-Ultrasonic-PCB-Generator-1.jpg\" alt=\"130kHz 50W Ultrasonic Transducer &amp; 135kHz 50W Ultrasonic PCB Generator (1)\" width=\"591\" height=\"298\" \/><\/a> <a href=\"https:\/\/www.bjultrasonic.com\/wp-content\/uploads\/2013\/06\/130kHz-50W-Ultrasonic-Transducer-135kHz-50W-Ultrasonic-PCB-Generator-2.jpg\"><img loading=\"lazy\" decoding=\"async\" class=\"alignnone  wp-image-5624\" src=\"\/\/www.bjultrasonic.com\/wp-content\/uploads\/2013\/06\/130kHz-50W-Ultrasonic-Transducer-135kHz-50W-Ultrasonic-PCB-Generator-2.jpg\" alt=\"130kHz 50W Ultrasonic Transducer &amp; 135kHz 50W Ultrasonic PCB Generator (2)\" width=\"593\" height=\"328\" \/><\/a> <a href=\"https:\/\/www.bjultrasonic.com\/wp-content\/uploads\/2013\/06\/130kHz-50W-Ultrasonic-Transducer-135kHz-50W-Ultrasonic-PCB-Generator-3.jpg\"><img loading=\"lazy\" decoding=\"async\" class=\"alignnone  wp-image-5625\" src=\"\/\/www.bjultrasonic.com\/wp-content\/uploads\/2013\/06\/130kHz-50W-Ultrasonic-Transducer-135kHz-50W-Ultrasonic-PCB-Generator-3.jpg\" alt=\"130kHz 50W Ultrasonic Transducer &amp; 135kHz 50W Ultrasonic PCB Generator (3)\" width=\"596\" height=\"330\" \/><\/a> <a href=\"https:\/\/www.bjultrasonic.com\/wp-content\/uploads\/2013\/06\/130kHz-50W-Ultrasonic-Transducer-135kHz-50W-Ultrasonic-PCB-Generator-4.jpg\"><img loading=\"lazy\" decoding=\"async\" class=\"alignnone  wp-image-5626\" src=\"\/\/www.bjultrasonic.com\/wp-content\/uploads\/2013\/06\/130kHz-50W-Ultrasonic-Transducer-135kHz-50W-Ultrasonic-PCB-Generator-4.jpg\" alt=\"130kHz 50W Ultrasonic Transducer &amp; 135kHz 50W Ultrasonic PCB Generator (4)\" width=\"597\" height=\"441\" \/><\/a> <a href=\"https:\/\/www.bjultrasonic.com\/wp-content\/uploads\/2013\/06\/130kHz-50W-Ultrasonic-Transducer-135kHz-50W-Ultrasonic-PCB-Generator-5.jpg\"><img loading=\"lazy\" decoding=\"async\" class=\"alignnone  wp-image-5627\" src=\"\/\/www.bjultrasonic.com\/wp-content\/uploads\/2013\/06\/130kHz-50W-Ultrasonic-Transducer-135kHz-50W-Ultrasonic-PCB-Generator-5.jpg\" alt=\"130kHz 50W Ultrasonic Transducer &amp; 135kHz 50W Ultrasonic PCB Generator (5)\" width=\"596\" height=\"539\" \/><\/a><\/p>\n","protected":false},"excerpt":{"rendered":"<p>Zestawy wysokiej jako\u015bci <a href=\"https:\/\/www.bjultrasonic.com\/pl\/category\/ultrasonic-generator-pl\/ultrasonic-generator-circuits-pl\/\">p\u0142yty sterownika mocy do czyszczenia ultrad\u017awi\u0119kowego<\/a> [100-120V\/200-240V] oraz <a href=\"https:\/\/www.bjultrasonic.com\/pl\/category\/ultrasonic-transducer-pl\/\">przetworniki ultrad\u017awi\u0119kowe do czyszczenia<\/a>.<\/p>\n","protected":false},"featured_media":42293,"comment_status":"open","ping_status":"closed","template":"","meta":[],"product_brand":[],"product_cat":[6126],"product_tag":[],"class_list":{"0":"post-67940","1":"product","2":"type-product","3":"status-publish","4":"has-post-thumbnail","6":"product_cat-100-120v-200-240v-ultrasonic-generator-transducer-pl","8":"first","9":"instock","10":"shipping-taxable","11":"purchasable","12":"product-type-simple","13":"prodpage-classic"},"aioseo_notices":[],"_links":{"self":[{"href":"https:\/\/www.bjultrasonic.com\/pl\/wp-json\/wp\/v2\/product\/67940","targetHints":{"allow":["GET"]}}],"collection":[{"href":"https:\/\/www.bjultrasonic.com\/pl\/wp-json\/wp\/v2\/product"}],"about":[{"href":"https:\/\/www.bjultrasonic.com\/pl\/wp-json\/wp\/v2\/types\/product"}],"replies":[{"embeddable":true,"href":"https:\/\/www.bjultrasonic.com\/pl\/wp-json\/wp\/v2\/comments?post=67940"}],"wp:featuredmedia":[{"embeddable":true,"href":"https:\/\/www.bjultrasonic.com\/pl\/wp-json\/wp\/v2\/media\/42293"}],"wp:attachment":[{"href":"https:\/\/www.bjultrasonic.com\/pl\/wp-json\/wp\/v2\/media?parent=67940"}],"wp:term":[{"taxonomy":"product_brand","embeddable":true,"href":"https:\/\/www.bjultrasonic.com\/pl\/wp-json\/wp\/v2\/product_brand?post=67940"},{"taxonomy":"product_cat","embeddable":true,"href":"https:\/\/www.bjultrasonic.com\/pl\/wp-json\/wp\/v2\/product_cat?post=67940"},{"taxonomy":"product_tag","embeddable":true,"href":"https:\/\/www.bjultrasonic.com\/pl\/wp-json\/wp\/v2\/product_tag?post=67940"}],"curies":[{"name":"wp","href":"https:\/\/api.w.org\/{rel}","templated":true}]}}